{"id":5073,"date":"2023-07-17T20:46:38","date_gmt":"2023-07-17T18:46:38","guid":{"rendered":"https:\/\/www.magnolio.at\/doterra-intro-kit-6-pack\/"},"modified":"2025-05-06T10:57:45","modified_gmt":"2025-05-06T08:57:45","slug":"doterra-intro-kit-6x","status":"publish","type":"product","link":"https:\/\/www.magnolioworld.com\/green-ro\/doterra-intro-kit-6x\/","title":{"rendered":"doTERRA Intro Kit 6x"},"content":{"rendered":"<p>Setul mic de ini\u021biere (5 ml) &#8211; Aici \u00eentr-un pachet de 6 la un pre\u021b avantajos<\/p>\n<p><strong>doTERRA Intro Kit 6x<\/strong>\u00a0este setul ideal pentru \u00eencep\u0103tori. Este un mod simplu, dar bine fundamentat de a intra \u00een lumea uleiurilor.<\/p>\n<p>Cu uleiurile esen\u021biale de lev\u0103n\u021bic\u0103, l\u0103m\u00e2ie \u0219i ment\u0103 din doTERRA Intro Kit Trio, ave\u021bi o baz\u0103 de mare eficacitate pentru diferite afec\u021biuni. Uleiurile pot fi utilizate \u00een arom\u0103 sau aplicate direct (diluate) pe piele. Cu 1-2 pic\u0103turi de l\u0103m\u00e2ie, apa de b\u0103ut poate fi \u0219i ea minunat aromat\u0103 \u0219i organismul detoxificat \u00een acela\u0219i timp.<\/p>\n<p>Cu doar c\u00e2teva pic\u0103turi din aceste amestecuri parfumate, complexe \u0219i naturale, pute\u021bi evoca r\u0103spunsuri emo\u021bionale profunde pentru a v\u0103 elibera de stres, pentru a g\u0103si alinare \u0219i \u00eencurajare sau pentru a v\u0103 inspira s\u0103 visa\u021bi din nou cu pasiune.<\/p>\n<p>Aceast\u0103 combina\u021bie, \u00een special, v\u0103 ofer\u0103 oportunitatea ideal\u0103 de a traversa anotimpurile f\u0103r\u0103 griji \u0219i ofer\u0103, de asemenea, un sprijin optim pentru \u00eenv\u0103\u021bare.<\/p>\n<p><strong>doTERRA Intro Kit 6x <\/strong>un set ieftin pentru a oferi cadou celor dragi sau pentru a-i introduce \u00een lumea uleiurilor.<\/p>\n<p>Dac\u0103 dori\u021bi setul pentru \u00eencep\u0103tori sub form\u0103 de trio de 15 ml, pute\u021bi alege Trioul pentru \u00eencep\u0103tori aici, \u00een magazin.<\/p>\n<p><strong>Recomandare<\/strong><br \/>\nRe\u021bine\u021bi recomand\u0103rile pentru fiecare produs \u00een parte.<\/p>\n<p><strong>Utilizare sigur\u0103<br \/>\n<\/strong>Respecta\u021bi instruc\u021biunile pentru fiecare produs \u00een parte.<\/p>\n","protected":false},"excerpt":{"rendered":"<h2 style=\"font-size: 28px;\">Trio pentru \u00eencep\u0103tori (5 ml) &#8211; pachet de 6 buc\u0103\u021bi<\/h2>\n<p style=\"font-size: 28px; color: #e20000; font-weight: bold;\">Salva\u021bi 28 %<\/p>\n<p><strong>doTERRA Intro Kit 6x<\/strong> &#8211;\u00a0 este setul mic ideal pentru \u00eencep\u0103tori. Este un mod simplu, dar bine fundamentat de a intra \u00een lumea uleiurilor. Sunt incluse cele mai frecvent utilizate uleiuri esen\u021biale, cum ar fi l\u0103m\u00e2ia, lavanda \u0219i menta, care ofer\u0103 o gam\u0103 larg\u0103 \u0219i simpl\u0103 de aplica\u021bii. Aici, \u00eentr-un pachet ieftin de 6 buc\u0103\u021bi,<\/p>\n","protected":false},"featured_media":5079,"template":"","meta":{"_et_pb_use_builder":"","_et_pb_old_content":"","_et_gb_content_width":""},"product_cat":[15,1921,36,37,46,1957],"product_tag":[411],"_links":{"self":[{"href":"https:\/\/www.magnolioworld.com\/green-ro\/wp-json\/wp\/v2\/product\/5073"}],"collection":[{"href":"https:\/\/www.magnolioworld.com\/green-ro\/wp-json\/wp\/v2\/product"}],"about":[{"href":"https:\/\/www.magnolioworld.com\/green-ro\/wp-json\/wp\/v2\/types\/product"}],"wp:featuredmedia":[{"embeddable":true,"href":"https:\/\/www.magnolioworld.com\/green-ro\/wp-json\/wp\/v2\/media\/5079"}],"wp:attachment":[{"href":"https:\/\/www.magnolioworld.com\/green-ro\/wp-json\/wp\/v2\/media?parent=5073"}],"wp:term":[{"taxonomy":"product_cat","embeddable":true,"href":"https:\/\/www.magnolioworld.com\/green-ro\/wp-json\/wp\/v2\/product_cat?post=5073"},{"taxonomy":"product_tag","embeddable":true,"href":"https:\/\/www.magnolioworld.com\/green-ro\/wp-json\/wp\/v2\/product_tag?post=5073"}],"curies":[{"name":"wp","href":"https:\/\/api.w.org\/{rel}","templated":true}]}}