{"id":5057,"date":"2023-07-03T14:12:11","date_gmt":"2023-07-03T12:12:11","guid":{"rendered":"https:\/\/www.magnolio.at\/doterra-turmeric-caps\/"},"modified":"2025-11-17T13:51:24","modified_gmt":"2025-11-17T12:51:24","slug":"doterra-turmeric-caps","status":"publish","type":"product","link":"https:\/\/www.magnolioworld.com\/green-ro\/doterra-turmeric-caps\/","title":{"rendered":"doTERRA Turmeric Caps"},"content":{"rendered":"<p><strong>doTERRA Turmeric Caps <\/strong>&#8211; Noua capsul\u0103 inovatoare cu dou\u0103 camere pentru bun\u0103stare complet\u0103 \u0219i anti-\u00eemb\u0103tr\u00e2nire<\/p>\n<p>Cu Turmeric Caps, doTERRA este singura companie care a reu\u0219it s\u0103 combine dou\u0103 ingrediente active valoroase din planta de turmeric. At\u00e2t uleiul esen\u021bial de turmeric, c\u00e2t \u0219i extractul de turmeric sunt ob\u021binute din tulpinile plantei prin distilare u\u0219oar\u0103 cu aburi.  <br \/>\nAcestea combin\u0103 beneficiile curcuminoidelor cu cele ale tumeronelor \u0219i, astfel, maximizeaz\u0103 eficacitatea componentelor individuale ale produsului.<\/p>\n<p>Curcuminoidele au propriet\u0103\u021bi antioxidante ridicate \u0219i pot sus\u021bine \u00een mod optim procesele inflamatorii din organism. Turmeronele sunt neuroprotectoare \u0219i ajut\u0103 la protejarea celulelor \u00eempotriva deterior\u0103rii \u0219i la men\u021binerea s\u0103n\u0103t\u0103\u021bii celulelor.<\/p>\n<p>Datorit\u0103 acestei combina\u021bii unice, doTERRA Turmeric Caps poate contribui la un ten s\u0103n\u0103tos, men\u021bine s\u0103n\u0103tatea articula\u021biilor \u0219i a oaselor \u0219i promoveaz\u0103 calitatea celulelor \u0219i a s\u00e2ngelui. Acestea contribuie, de asemenea, la circula\u021bia s\u00e2ngelui \u0219i la o func\u021bionare s\u0103n\u0103toas\u0103 a inimii, precum \u0219i la func\u021bionarea optim\u0103 a tractului digestiv. Acestea au un efect de echilibrare asupra metabolismului colesterolului, sus\u021bin rezisten\u021ba la alergii \u0219i men\u021bin \u0219i \u00eent\u0103resc sistemul imunitar. \u00cen concluzie, doTERRA Turmeric Caps con\u021bin tot ceea ce ave\u021bi nevoie pentru a contracara efectele \u00eemb\u0103tr\u00e2nirii \u0219i pentru a asigura o calitate ridicat\u0103 a vie\u021bii la orice v\u00e2rst\u0103.<br \/>\n.  <br \/>\n\u00cen naturismul indonezian, uleiul esen\u021bial de turmeric este folosit pentru a \u00eent\u0103ri sistemul imunitar \u0219i tractul respirator. De asemenea, are un efect de refacere \u0219i regenerare celular\u0103.<\/p>\n<p>Din punct de vedere emo\u021bional, acest ulei de turmeric are un efect de \u00eent\u0103rire \u0219i \u00een\u0103l\u021bare \u0219i ne ofer\u0103 siguran\u021b\u0103 \u0219i \u00eencredere \u00een noi \u00een\u0219ine, mai ales \u00een perioadele dificile.<\/p>\n<p>Fiecare capsul\u0103 con\u021bine 2 pic\u0103turi de ulei de turmeric \u0219i extract de turmeric.<\/p>\n<p><strong>Recomandare<\/strong><br \/>\n2 capsule pe zi<\/p>\n<p><strong>Utilizare sigur\u0103<\/strong><br \/>\nA nu se p\u0103stra la \u00eendem\u00e2na copiilor. Ave\u021bi grij\u0103 s\u0103 nu dep\u0103\u0219i\u021bi doza zilnic\u0103 recomandat\u0103. V\u0103 rug\u0103m s\u0103 re\u021bine\u021bi c\u0103 suplimentele alimentare nu pot \u00eenlocui o diet\u0103 complet\u0103 \u0219i echilibrat\u0103 \u0219i un stil de via\u021b\u0103 s\u0103n\u0103tos. Femeile \u00eens\u0103rcinate \u0219i care al\u0103pteaz\u0103, precum \u0219i persoanele cu probleme de s\u0103n\u0103tate cunoscute trebuie s\u0103 solicite sfatul medicului \u00eenainte de a lua acest produs. Depozita\u021bi \u00eentr-un loc r\u0103coros \u0219i uscat. V\u0103 rug\u0103m s\u0103 re\u021bine\u021bi data limit\u0103 de consum (a se vedea partea de jos a sticlei).<\/p>\n","protected":false},"excerpt":{"rendered":"<h2 style=\"font-size: 28px;\">Turmeric &#8211; capsule cu dou\u0103 camere &#8211; NOU!<\/h2>\n<p>doTERRA Turmeric Caps &#8211; anti-\u00eemb\u0103tr\u00e2nire pur\u0103 &#8211; Noile capsule de turmeric combin\u0103 beneficiile complete dovedite ale uleiului de turmeric cu extractul de turmeric \u00eentr-un sistem inovator. \u00cempreun\u0103, acestea ofer\u0103 o stare de bine complet\u0103 pentru trup \u0219i suflet. Optim\u0103 pentru sus\u021binerea s\u0103n\u0103t\u0103\u021bii celulelor \u0219i a unui r\u0103spuns inflamator s\u0103n\u0103tos, precum \u0219i pentru un sistem imunitar optim, pentru sus\u021binerea s\u0103n\u0103t\u0103\u021bii buc\u0103t\u0103riei \u0219i a articula\u021biilor \u0219i pentru un comportament echilibrat \u00een cazul alergiilor.<\/p>\n","protected":false},"featured_media":5058,"template":"","meta":{"_et_pb_use_builder":"","_et_pb_old_content":"","_et_gb_content_width":""},"product_cat":[15,50,52],"product_tag":[269,268],"_links":{"self":[{"href":"https:\/\/www.magnolioworld.com\/green-ro\/wp-json\/wp\/v2\/product\/5057"}],"collection":[{"href":"https:\/\/www.magnolioworld.com\/green-ro\/wp-json\/wp\/v2\/product"}],"about":[{"href":"https:\/\/www.magnolioworld.com\/green-ro\/wp-json\/wp\/v2\/types\/product"}],"wp:featuredmedia":[{"embeddable":true,"href":"https:\/\/www.magnolioworld.com\/green-ro\/wp-json\/wp\/v2\/media\/5058"}],"wp:attachment":[{"href":"https:\/\/www.magnolioworld.com\/green-ro\/wp-json\/wp\/v2\/media?parent=5057"}],"wp:term":[{"taxonomy":"product_cat","embeddable":true,"href":"https:\/\/www.magnolioworld.com\/green-ro\/wp-json\/wp\/v2\/product_cat?post=5057"},{"taxonomy":"product_tag","embeddable":true,"href":"https:\/\/www.magnolioworld.com\/green-ro\/wp-json\/wp\/v2\/product_tag?post=5057"}],"curies":[{"name":"wp","href":"https:\/\/api.w.org\/{rel}","templated":true}]}}