{"id":4974,"date":"2023-06-22T17:42:44","date_gmt":"2023-06-22T15:42:44","guid":{"rendered":"https:\/\/www.magnolio.at\/doterra-metapwr-kit\/"},"modified":"2025-12-19T17:53:40","modified_gmt":"2025-12-19T16:53:40","slug":"doterra-metapwr-kit","status":"publish","type":"product","link":"https:\/\/www.magnolioworld.com\/green-ro\/doterra-metapwr-kit\/","title":{"rendered":"doTERRA MetaPWR Kit"},"content":{"rendered":"<p><strong>doTERRA MetaPWR Kit &#8211; <\/strong>Pachetul complet de putere pentru a sus\u021bine un metabolism optim, gestionarea greut\u0103\u021bii \u0219i anti-\u00eemb\u0103tr\u00e2nire<strong><\/p>\n<p><\/strong><span style=\"text-decoration: underline;\">doTERRA MetaPWR Kit con\u021bine toate componentele puternicului sistem MetaPWR:<\/span><strong><\/p>\n<p><\/strong>1. doTERRA MetaPWR: MetaPWR System 1 &#8211; Amestecul metabolic puternic pentru a sus\u021bine o greutate optim\u0103 de bine-dispozi\u021bie<br \/>\n2. doTERRA MetaPWR Assist; doTERRA MetaPWR System 2 &#8211; Gestionarea optim\u0103 a greut\u0103\u021bii, sus\u021binerea unui nivel echilibrat al zah\u0103rului din s\u00e2nge pentru un stil de via\u021b\u0103 u\u0219or.<br \/>\n3. doTERRA MetaPWR Advantage &#8211; MetaPWR System 3 &#8211; Amestecul anti-\u00eemb\u0103tr\u00e2nire pentru o vitalitate tinereasc\u0103 \u0219i o calitate ridicat\u0103 a vie\u021bii.<br \/>\n<strong><br \/>\n<\/strong>Cu noul sistem MetaPWR, doTERRA a creat o gam\u0103 de produse puternice \u0219i inovatoare pentru a sus\u021bine un metabolism optim. Pentru c\u0103, cu c\u00e2t metabolismul este mai puternic \u0219i mai eficient, cu at\u00e2t mai bun\u0103 este starea ta de bine din interior spre exterior.<\/p>\n<p>\u00cempreun\u0103 cu o diet\u0103 de \u00eenalt\u0103 calitate, exerci\u021bii fizice zilnice, un somn adecvat \u0219i odihnitor \u0219i un mediu pozitiv \u0219i hr\u0103nitor, MetaPWR v\u0103 poate ajuta s\u0103 ob\u021bine\u021bi rezultate maxime pentru bun\u0103starea dumneavoastr\u0103 personal\u0103, o greutate optim\u0103 \u0219i un aspect radiant \u0219i tineresc.<\/p>\n<p>MetaPWR \u00eenseamn\u0103 Meta, adic\u0103 metabolism, \u0219i PWR (Personal Wellness Realised), adic\u0103 putere. Numele spune totul.<\/p>\n<p>Face\u021bi primul pas cu doTERRA MetaPWR. \u00cen acest amestec metabolic, uleiuri esen\u021biale valoroase, cum ar fi grapefruit, l\u0103m\u00e2ie, ment\u0103, ghimbir \u0219i scoar\u021b\u0103 de scor\u021bi\u0219oar\u0103, au fost recompuse \u00eentr-o compozi\u021bie puternic\u0103.<br \/>\nAceste uleiuri au un efect energizant \u0219i activator asupra metabolismului \u0219i digestiei.<\/p>\n<p>doTERRA MetaPWR stimuleaz\u0103 metabolismul, sus\u021bine digestia, reduce senza\u021bia de foame \u0219i, astfel, promoveaz\u0103 activitatea \u0219i bun\u0103starea, precum \u0219i o greutate optim\u0103 de bun-sim\u021b.<\/p>\n<p>Se recomand\u0103 administrarea amestecului de ulei diminea\u021ba, pe stomacul gol, cu 2-3 pic\u0103turi \u00een 240 ml de ap\u0103 c\u0103ldu\u021b\u0103. De asemenea, poate fi b\u0103ut de mai multe ori pe parcursul zilei, la nevoie sau dac\u0103 ave\u021bi poft\u0103 de m\u00e2ncare.<\/p>\n<p>Consumul u\u0219or de utilizat al MetaPWR Beadlets \u0219i MetaPWR Softgels este ideal pentru atunci c\u00e2nd sunte\u021bi \u00een mi\u0219care \u0219i ave\u021bi un apetit \u00eenfometat.<\/p>\n<p>Pentru a ob\u021bine efecte optime pentru bun\u0103starea \u0219i starea dumneavoastr\u0103 de bine, este recomandabil s\u0103 utiliza\u021bi \u00eentregul sistem MetaPWR, deoarece toate produsele sunt coordonate \u00een mod ideal. Aici ca un kit doTERRA MetaPWR Kit doTERRA MetaPWR eficient din punct de vedere al costurilor.<\/p>\n<p><span style=\"text-decoration: underline;\">doTERRA MetaPWR System &#8211; Conceptul inovator de metabolism \u0219i anti-\u00eemb\u0103tr\u00e2nire<br \/>\n<\/span><br \/>\n<strong>Pasul 1: MetaPWR &#8211;<\/strong> Amestecul pentru un metabolism puternic \u0219i o greutate optim\u0103 pentru o stare de bine (inclus \u00een toate produsele MetaPWR)<br \/>\n&#8211; MetaPWR Beadlets &#8211; Amestec sub form\u0103 de m\u0103rgele pentru a fi folosit \u00een mi\u0219care<br \/>\n&#8211; MetaPWR Softgels &#8211; Amestec sub form\u0103 de softgels pentru o ingestie u\u0219or de utilizat<\/p>\n<p><strong>Pasul 2: MetaPWR Assist<\/strong> &#8211; Capsula pentru a sus\u021bine digestia optim\u0103, metabolismul \u0219i greutatea optim\u0103 de bun\u0103 dispozi\u021bie.<\/p>\n<p><strong>Pasul 3: MetaPWR Advantage<\/strong> &#8211; Amestecul anti-\u00eemb\u0103tr\u00e2nire pentru o vitalitate tinereasc\u0103 \u0219i o calitate ridicat\u0103 a vie\u021bii<\/p>\n<p><strong>Efectul sistemului MetaPWR<\/strong><br \/>\n&#8211; Sprijin\u0103 optimizarea metabolismului<br \/>\n&#8211; Reducerea celulelor adipoase<br \/>\n&#8211; Evitarea atacurilor de foame<br \/>\n&#8211; Optimizarea managementului greut\u0103\u021bii \u0219i sprijin pentru atingerea unei greut\u0103\u021bi de bine<br \/>\n&#8211; Reducerea stresului oxidativ<br \/>\n&#8211; \u00cembun\u0103t\u0103\u021bi\u021bi rezisten\u021ba \u0219i energia<br \/>\n&#8211; Cre\u0219terea bun\u0103st\u0103rii<br \/>\n&#8211; Promovarea somnului odihnitor<br \/>\n&#8211; Piele ferm\u0103 \u0219i t\u00e2n\u0103r\u0103<br \/>\n&#8211; Promoveaz\u0103 articula\u021biile suple \u0219i elastice<br \/>\n&#8211; \u00cencetinirea procesului de \u00eemb\u0103tr\u00e2nire<br \/>\n&#8211; \u00cembun\u0103t\u0103\u021birea calit\u0103\u021bii vie\u021bii (\u00een special la b\u0103tr\u00e2ne\u021be)<\/p>\n<p>Cu kitul doTERRA MetaPWR, oferi\u021bi-v\u0103 un pachet complet \u0219i eficient din punct de vedere al costurilor pentru o stare de bine optim\u0103, o greutate ideal\u0103 \u0219i un aspect t\u00e2n\u0103r \u0219i proasp\u0103t.<\/p>\n<p><strong>Utilizare recomandat\u0103 pentru MetaPWR System<br \/>\n<\/strong>Lua\u021bi 2-3 pic\u0103turi de MetaPWR Blend diminea\u021ba, pe stomacul gol, cu 240 ml de ap\u0103 c\u0103ldu\u021b\u0103. De mai multe ori pe zi, dac\u0103 este necesar \u0219i pentru a evita poftele. De asemenea, ideal ca suport \u00eenainte de sport sau de antrenament.<br \/>\nOp\u021bional, MetaPWR softgels poate fi administrat \u00een plus sau \u00een loc.<\/p>\n<p>Pentru a sus\u021bine un efect optim al stilului de via\u021b\u0103, care se concentreaz\u0103 pe cre\u0219terea vitalit\u0103\u021bii, pe \u00eembun\u0103t\u0103\u021birea obiceiurilor alimentare \u0219i pe men\u021binerea st\u0103rii de bine, se recomand\u0103 s\u0103 utiliza\u021bi sistemul MetaPWR complet \u0219i s\u0103 acorda\u021bi aten\u021bie unei diete echilibrate.<\/p>\n<ul>\n<li>MetaPWR Beadlets poate fi luat cu p\u00e2n\u0103 la 4 Beadlets\/zi \u00een timpul atacurilor de foame \u00een timpul c\u0103l\u0103toriilor.<\/li>\n<li>\u00cencorpora\u021bi 1-3 MetaPWR Softgels \u00een rutina dvs. zilnic\u0103 de wellness.<\/li>\n<li>Lua\u021bi o capsul\u0103 de MetaPWR Assist cu 15-30 de minute \u00eenainte de masa principal\u0103 sau de o mas\u0103 bogat\u0103 \u00een carbohidra\u021bi. De p\u00e2n\u0103 la 3 ori pe zi.<\/li>\n<li>Un plicule\u021b de MetaPWR Advantage poate fi \u00eencorporat \u00een rutina zilnic\u0103 anti-\u00eemb\u0103tr\u00e2nire. Pur \u0219i simplu amesteca\u021bi un plicule\u021b cu 150 &#8211; 240 ml de ap\u0103 \u0219i be\u021bi. Ideal diminea\u021ba sau ca \u00eenlocuitor de mas\u0103 la pr\u00e2nz.<\/li>\n<li>Ideal este s\u0103 lua\u021bi doTERRA Terrazyme la 2 ore dup\u0103 masa principal\u0103.<\/li>\n<\/ul>\n<p>\n<strong>Utilizare sigur\u0103<\/strong><br \/>\nA nu se p\u0103stra la \u00eendem\u00e2na copiilor. Ave\u021bi grij\u0103 s\u0103 nu dep\u0103\u0219i\u021bi doza zilnic\u0103 recomandat\u0103. V\u0103 rug\u0103m s\u0103 re\u021bine\u021bi c\u0103 suplimentele alimentare nu pot \u00eenlocui o diet\u0103 complet\u0103 \u0219i echilibrat\u0103 \u0219i un stil de via\u021b\u0103 s\u0103n\u0103tos. Femeile \u00eens\u0103rcinate \u0219i cele care al\u0103pteaz\u0103, precum \u0219i persoanele cu probleme de s\u0103n\u0103tate cunoscute trebuie s\u0103 solicite sfatul medicului \u00eenainte de a lua acest produs. A se p\u0103stra \u00eentr-un loc r\u0103coros \u0219i uscat. V\u0103 rug\u0103m s\u0103 re\u021bine\u021bi data limit\u0103 de consum (a se vedea partea de jos a sticlei). Consulta\u021bi detaliile pentru produsele MetaPWR individuale.<\/p>\n","protected":false},"excerpt":{"rendered":"<h2 style=\"font-size: 28px;\">Pachetul de putere pentru metabolism, controlul greut\u0103\u021bii \u0219i anti-\u00eemb\u0103tr\u00e2nire<\/h2>\n<p style=\"font-size: 28px; color: #e20000; font-weight: bold;\">Economisi\u021bi 34 %<\/p>\n<p><strong>doTERRA MetaPWR Kit &#8211; <\/strong>Pachetul complet de putere pentru un metabolism optim, gestionarea greut\u0103\u021bii \u0219i anti-\u00eemb\u0103tr\u00e2nire<strong>. <\/strong>Acest kit con\u021bine toate componentele puternicului sistem MetaPWR: MetaPWR Blend, Beadlets \u0219i Softgels. MetaPWR Assist \u0219i MetaPWR Advantage. <br \/>\nCu kitul doTERRA MetaPWR, oferi\u021bi-v\u0103 un pachet complet \u0219i eficient din punct de vedere al costurilor pentru o stare de bine optim\u0103, o greutate ideal\u0103 \u0219i un aspect t\u00e2n\u0103r \u0219i proasp\u0103t.<strong><br \/>\n<\/strong><\/p>\n","protected":false},"featured_media":4973,"template":"","meta":{"_et_pb_use_builder":"","_et_pb_old_content":"","_et_gb_content_width":""},"product_cat":[15,2107,1921,2082,1945,1946,1950,1952,1953,1961,1965,1972,1985,1989],"product_tag":[],"_links":{"self":[{"href":"https:\/\/www.magnolioworld.com\/green-ro\/wp-json\/wp\/v2\/product\/4974"}],"collection":[{"href":"https:\/\/www.magnolioworld.com\/green-ro\/wp-json\/wp\/v2\/product"}],"about":[{"href":"https:\/\/www.magnolioworld.com\/green-ro\/wp-json\/wp\/v2\/types\/product"}],"wp:featuredmedia":[{"embeddable":true,"href":"https:\/\/www.magnolioworld.com\/green-ro\/wp-json\/wp\/v2\/media\/4973"}],"wp:attachment":[{"href":"https:\/\/www.magnolioworld.com\/green-ro\/wp-json\/wp\/v2\/media?parent=4974"}],"wp:term":[{"taxonomy":"product_cat","embeddable":true,"href":"https:\/\/www.magnolioworld.com\/green-ro\/wp-json\/wp\/v2\/product_cat?post=4974"},{"taxonomy":"product_tag","embeddable":true,"href":"https:\/\/www.magnolioworld.com\/green-ro\/wp-json\/wp\/v2\/product_tag?post=4974"}],"curies":[{"name":"wp","href":"https:\/\/api.w.org\/{rel}","templated":true}]}}