{"id":4972,"date":"2023-06-22T16:58:24","date_gmt":"2023-06-22T14:58:24","guid":{"rendered":"https:\/\/www.magnolio.at\/doterra-essential-oil-collection-kit\/"},"modified":"2025-09-02T12:44:23","modified_gmt":"2025-09-02T10:44:23","slug":"doterra-essential-oil-collection-kit","status":"publish","type":"product","link":"https:\/\/www.magnolioworld.com\/green-ro\/doterra-essential-oil-collection-kit\/","title":{"rendered":"doTERRA Essential Oil Collection Kit"},"content":{"rendered":"<p><strong>doTERRA Essential Oil Collection Kit<\/strong> &#8211; Pentru to\u021bi pasiona\u021bii de uleiuri, o experien\u021b\u0103 suprem\u0103 cu toate sim\u021burile<\/p>\n<div class=\"module--translations-translatedtext js-module--translations-translatedtext\" data-size=\"s\">Dac\u0103 iube\u0219ti uleiurile esen\u021biale de cea mai \u00eenalt\u0103 calitate, atunci acest <strong>doTERRA Essential Oil Collection Kit<\/strong> pentru tine<\/div>\n<p>Con\u021bine toate uleiurile \u0219i amestecurile de uleiuri importante de la doTERRA \u0219i v\u0103 ofer\u0103 cea mai bun\u0103 introducere \u00een aventura captivant\u0103 a parfumurilor.<\/p>\n<p>Bucura\u021bi-v\u0103 de acest kit de ultim\u0103 genera\u021bie la un pre\u021b absolut avantajos. De asemenea, ideal ca un cadou special pentru iubitorii de ulei.<\/p>\n<p><strong>Recomandare<\/strong><br \/>\nRe\u021bine\u021bi recomand\u0103rile pentru fiecare produs \u00een parte.<\/p>\n<p><strong>Utilizare sigur\u0103<br \/>\n<\/strong>Respecta\u021bi instruc\u021biunile pentru fiecare produs \u00een parte.<\/p>\n","protected":false},"excerpt":{"rendered":"<h2 style=\"font-size: 28px;\">Pachetul &#8220;Toate uleiurile<\/h2>\n<p><span style=\"font-size: 28px; color: #e20000; font-weight: bold;\">Salva\u021bi 41 %<\/span><\/p>\n<p><strong>doTERRA Essential Oil Collection Kit<\/strong> &#8211; Pentru to\u021bi pasiona\u021bii de uleiuri, o experien\u021b\u0103 suprem\u0103 cu toate sim\u021burile. Kitul con\u021bine toate uleiurile \u0219i amestecurile de uleiuri doTERRA importante de \u00eenalt\u0103 calitate \u0219i v\u0103 permite s\u0103 p\u0103trunde\u021bi \u00een lumea esen\u021bial\u0103 a uleiurilor doTERRA.<\/p>\n","protected":false},"featured_media":4971,"template":"","meta":{"_et_pb_use_builder":"","_et_pb_old_content":"","_et_gb_content_width":""},"product_cat":[15,49],"product_tag":[],"_links":{"self":[{"href":"https:\/\/www.magnolioworld.com\/green-ro\/wp-json\/wp\/v2\/product\/4972"}],"collection":[{"href":"https:\/\/www.magnolioworld.com\/green-ro\/wp-json\/wp\/v2\/product"}],"about":[{"href":"https:\/\/www.magnolioworld.com\/green-ro\/wp-json\/wp\/v2\/types\/product"}],"wp:featuredmedia":[{"embeddable":true,"href":"https:\/\/www.magnolioworld.com\/green-ro\/wp-json\/wp\/v2\/media\/4971"}],"wp:attachment":[{"href":"https:\/\/www.magnolioworld.com\/green-ro\/wp-json\/wp\/v2\/media?parent=4972"}],"wp:term":[{"taxonomy":"product_cat","embeddable":true,"href":"https:\/\/www.magnolioworld.com\/green-ro\/wp-json\/wp\/v2\/product_cat?post=4972"},{"taxonomy":"product_tag","embeddable":true,"href":"https:\/\/www.magnolioworld.com\/green-ro\/wp-json\/wp\/v2\/product_tag?post=4972"}],"curies":[{"name":"wp","href":"https:\/\/api.w.org\/{rel}","templated":true}]}}