{"id":4968,"date":"2023-06-20T00:27:48","date_gmt":"2023-06-19T22:27:48","guid":{"rendered":"https:\/\/www.magnolio.at\/doterra-sun-sonnenschutzlotion-fuer-gesicht-und-koerper\/"},"modified":"2025-10-11T13:50:03","modified_gmt":"2025-10-11T11:50:03","slug":"doterra-sun-lotion","status":"publish","type":"product","link":"https:\/\/www.magnolioworld.com\/green-ro\/doterra-sun-lotion\/","title":{"rendered":"doTERRA Sun Lotion"},"content":{"rendered":"<p><strong>doTERRA Sun Lotion<\/strong> &#8211; Here comes the sun &#8211; Bucura\u021bi-v\u0103 de o var\u0103 f\u0103r\u0103 griji cu aceast\u0103 nou\u0103 serie de minerale doTERRA Sun.<\/p>\n<p>Cu aceast\u0103 \u00eengrijire solar\u0103 pur mineral\u0103, doTERRA a creat o piatr\u0103 de hotar \u00een ceea ce prive\u0219te protec\u021bia natural\u0103 \u0219i eficient\u0103 a pielii pentru o \u0219edere f\u0103r\u0103 griji la soare.<\/p>\n<p>Toate produsele solare con\u021bin ingrediente de \u00eenalt\u0103 calitate, cum ar fi oxidul de zinc non-nano, aloe vera, vitamina E \u0219i semin\u021be de zmeur\u0103.<\/p>\n<p>\u00cen plus, toate produsele din linia doTERRA Sun con\u021bin uleiuri esen\u021biale valoroase de \u00eenalt\u0103 calitate dovedit\u0103. Con\u021bine uleiuri esen\u021biale de mandarin\u0103 ro\u0219ie, lemongrass, ylang ylang, helichrysum, frankincense, magnolie \u0219i semin\u021be de morcov.<\/p>\n<p>Ca urmare, pielea s\u0103rutat\u0103 de soare este hidratat\u0103 \u00een mod optim, hr\u0103nit\u0103 \u0219i calm\u0103.<\/p>\n<p>Toate produsele solare au SPF 30 \u0219i un filtru de band\u0103 larg\u0103 UVA\/UVB. Acestea sunt rezistente la ap\u0103 timp de 80 de minute \u0219i sunt, de asemenea, prietenoase cu coralii atunci c\u00e2nd sunt purtate pe mare.<\/p>\n<p><strong>doTERRA Sun Lotion<\/strong> este potrivit\u0103 pentru utilizare pe corp \u0219i pe fa\u021b\u0103. Se absoarbe rapid \u0219i las\u0103 pielea minunat de hidratat\u0103 \u0219i catifelat\u0103.<\/p>\n<p>\u00centreaga gam\u0103 doTERRA Sun este recomandat\u0103 pentru o protec\u021bie solar\u0103 optim\u0103:<br \/>\n&#8211; doTERRA sun Lotion pentru fa\u021b\u0103 \u0219i corp<br \/>\n&#8211; doTERRA sun Stick pentru fa\u021b\u0103 \u0219i corp<br \/>\n&#8211; doTERRA sun Spray pentru corp<br \/>\n&#8211; doTERRA Aftersun Spray pentru corp<\/p>\n<p>Petrecerea timpului la soare poate fi at\u00e2t de minunat de lipsit\u0103 de griji cu doTERRA sun.<\/p>\n<p><strong>Recomandare<\/strong><br \/>\nPentru a proteja \u00een mod optim pielea de razele nocive ale soarelui, lo\u021biunea trebuie aplicat\u0103 cu generozitate pe toate zonele expuse la soare cu 15 minute \u00eenainte de a face plaj\u0103. Pentru a men\u021bine protec\u021bia, se recomand\u0103 reaplicarea lo\u021biunii cel pu\u021bin la fiecare 2 ore. V\u0103 rug\u0103m s\u0103 v\u0103 asigura\u021bi c\u0103 ochii \u0219i urechile interne nu sunt incluse.<\/p>\n<p><strong>Utilizare sigur\u0103<\/strong><br \/>\nPotrivit numai pentru uz extern. Evita\u021bi contactul cu ochii \u0219i zonele sensibile. Nu utiliza\u021bi dac\u0103 apar irita\u021bii sau ro\u0219ea\u021b\u0103. A nu se p\u0103stra la \u00eendem\u00e2na copiilor. Dac\u0103 sunte\u021bi \u00eens\u0103rcinat\u0103 sau urma\u021bi un tratament medical, v\u0103 rug\u0103m s\u0103 solicita\u021bi sfatul medicului.<\/p>\n","protected":false},"excerpt":{"rendered":"<h2 style=\"font-size: 28px;\">Lo\u021biune de protec\u021bie solar\u0103 pentru fa\u021b\u0103 \u0219i corp<\/h2>\n<p><strong>doTERRA Sun Lotion<\/strong> &#8211; Protejeaz\u0103 \u0219i \u00eengrije\u0219te corpul \u00eempotriva razelor UV d\u0103un\u0103toare pe baz\u0103 de minerale. Toate produsele solare con\u021bin ingrediente de \u00eenalt\u0103 calitate, cum ar fi oxidul de zinc non-nano, aloe vera, vitamina E \u0219i semin\u021be de zmeur\u0103. De asemenea, con\u021bine uleiuri esen\u021biale valoroase.<br \/>\nLo\u021biunea are un SPF de 30 \u0219i este rezistent\u0103 la ap\u0103 timp de 80 de minute.<\/p>\n","protected":false},"featured_media":4965,"template":"","meta":{"_et_pb_use_builder":"","_et_pb_old_content":"","_et_gb_content_width":""},"product_cat":[15],"product_tag":[],"_links":{"self":[{"href":"https:\/\/www.magnolioworld.com\/green-ro\/wp-json\/wp\/v2\/product\/4968"}],"collection":[{"href":"https:\/\/www.magnolioworld.com\/green-ro\/wp-json\/wp\/v2\/product"}],"about":[{"href":"https:\/\/www.magnolioworld.com\/green-ro\/wp-json\/wp\/v2\/types\/product"}],"wp:featuredmedia":[{"embeddable":true,"href":"https:\/\/www.magnolioworld.com\/green-ro\/wp-json\/wp\/v2\/media\/4965"}],"wp:attachment":[{"href":"https:\/\/www.magnolioworld.com\/green-ro\/wp-json\/wp\/v2\/media?parent=4968"}],"wp:term":[{"taxonomy":"product_cat","embeddable":true,"href":"https:\/\/www.magnolioworld.com\/green-ro\/wp-json\/wp\/v2\/product_cat?post=4968"},{"taxonomy":"product_tag","embeddable":true,"href":"https:\/\/www.magnolioworld.com\/green-ro\/wp-json\/wp\/v2\/product_tag?post=4968"}],"curies":[{"name":"wp","href":"https:\/\/api.w.org\/{rel}","templated":true}]}}