{"id":4938,"date":"2023-06-15T10:48:39","date_gmt":"2023-06-15T08:48:39","guid":{"rendered":"https:\/\/www.magnolio.at\/doterra-metapwr-beadlets\/"},"modified":"2026-01-12T10:29:03","modified_gmt":"2026-01-12T09:29:03","slug":"doterra-metapwr-beadlets","status":"publish","type":"product","link":"https:\/\/www.magnolioworld.com\/green-ro\/doterra-metapwr-beadlets\/","title":{"rendered":"doTERRA MetaPWR Beadlets"},"content":{"rendered":"<p><strong>doTERRA MetaPWR Beadlets<\/strong> &#8211; MetaPWR System 1 &#8211; Amestecul metabolic puternic pentru sus\u021binerea unei greut\u0103\u021bi optime de bine ca m\u0103rgele practice.<\/p>\n<p>Perlele MetaPWR\u2122 ofer\u0103 o modalitate practic\u0103 de a integra amestecul de uleiuri esen\u021biale MetaPWR\u2122 \u00een rutina zilnic\u0103 de wellness \u0219i sport. <br \/>\n<strong><br \/>\n<\/strong>Cu noul sistem MetaPWR, doTERRA a creat o gam\u0103 de produse puternice \u0219i inovatoare pentru a sus\u021bine un metabolism optim. Pentru c\u0103, cu c\u00e2t metabolismul este mai puternic \u0219i mai eficient, cu at\u00e2t mai bun\u0103 este starea ta de bine din interior spre exterior.<\/p>\n<p>\u00cempreun\u0103 cu o diet\u0103 de \u00eenalt\u0103 calitate, exerci\u021bii fizice zilnice, un somn suficient \u0219i odihnitor \u0219i un mediu pozitiv \u0219i hr\u0103nitor, MetaPWR v\u0103 poate ajuta s\u0103 ob\u021bine\u021bi rezultate maxime pentru bun\u0103starea dumneavoastr\u0103 personal\u0103, o greutate optim\u0103 \u0219i un aspect radiant \u0219i tineresc.<\/p>\n<p>MetaPWR \u00eenseamn\u0103 Meta, adic\u0103 metabolism, \u0219i PWR (Personal Wellness Realised), adic\u0103 putere. Numele spune totul.<\/p>\n<p>Face\u021bi primul pas cu doTERRA MetaPWR. \u00cen acest amestec metabolic, uleiuri esen\u021biale valoroase precum grapefruit, l\u0103m\u00e2ie, ment\u0103, ghimbir \u0219i scor\u021bi\u0219oar\u0103 au fost recompuse \u00eentr-o compozi\u021bie puternic\u0103. Aceste uleiuri au un efect energizant \u0219i activator asupra metabolismului \u0219i digestiei.<\/p>\n<p>doTERRA MetaPWR stimuleaz\u0103 metabolismul, sus\u021bine digestia, reduce senza\u021bia de foame \u0219i, astfel, promoveaz\u0103 activitatea \u0219i bun\u0103starea, precum \u0219i o greutate optim\u0103 de bun-sim\u021b.<\/p>\n<p>Bilele <strong>doTERRA MetaPWR Beadlets<\/strong> con\u021bin puternicul amestec metabolic \u0219i pot fi integrate \u00een rutina zilnic\u0103 de wellness sub form\u0103 de bile practice (p\u00e2n\u0103 la 4 pe zi), dup\u0103 cum este necesar.<\/p>\n<p>doTERRA MetaPWR Beadlets &#8211; puternicul amestec metabolic de dus.<\/p>\n<p>Combina\u021bi beneficiile amestecului cu uleiul pur MetaPWR \u0219i cu gelurile moi MetaPWR u\u0219or de utilizat.<\/p>\n<p>Pentru a ob\u021bine efecte optime pentru bun\u0103starea \u0219i starea dumneavoastr\u0103 de bine, este recomandabil s\u0103 utiliza\u021bi \u00eentregul sistem MetaPWR, deoarece componentele individuale sunt coordonate cu precizie.<\/p>\n<p><span style=\"text-decoration: underline;\">doTERRA MetaPWR System<\/span> &#8211; Conceptul inovator de metabolism \u0219i anti-\u00eemb\u0103tr\u00e2nire<\/p>\n<p><strong>Pasul 1: MetaPWR &#8211;<\/strong> Amestecul pentru un metabolism puternic \u0219i o greutate optim\u0103 pentru o stare de bine (inclus \u00een toate produsele MetaPWR)<br \/>\n&#8211; MetaPWR Beadlets &#8211; Se amestec\u0103 ca m\u0103rgele pentru a fi folosite \u00een mi\u0219care<br \/>\n&#8211; MetaPWR Softgels &#8211; Se amestec\u0103 sub form\u0103 de capsule moi pentru un aport u\u0219or de utilizat<\/p>\n<p><strong>Pasul 2: MetaPWR Assist<\/strong> &#8211; Capsula pentru sus\u021binerea unui metabolism optim, a digestiei \u0219i pentru a ob\u021bine o greutate de bun-sim\u021b <\/p>\n<p><strong>Pasul 3: MetaPWR Advantage<\/strong> &#8211; Amestecul anti-\u00eemb\u0103tr\u00e2nire pentru o vitalitate tinereasc\u0103 \u0219i o calitate ridicat\u0103 a vie\u021bii<\/p>\n<p>Efectul sistemului MetaPWR<\/p>\n<p>&#8211; Sprijin\u0103 optimizarea metabolismului<br \/>\n&#8211; Reducerea celulelor adipoase<br \/>\n&#8211; Evitarea atacurilor de foame<br \/>\n&#8211; Sprijin pentru optimizarea managementului greut\u0103\u021bii \u0219i atingerea unei greut\u0103\u021bi de bun-sim\u021b<br \/>\n&#8211; Reducerea stresului oxidativ<br \/>\n&#8211; \u00cembun\u0103t\u0103\u021bi\u021bi rezisten\u021ba \u0219i energia<br \/>\n&#8211; Cre\u0219terea bun\u0103st\u0103rii<br \/>\n&#8211; Promovarea somnului odihnitor<br \/>\n&#8211; Piele ferm\u0103 \u0219i t\u00e2n\u0103r\u0103<br \/>\n&#8211; Sprijin pentru articula\u021bii suple \u0219i elastice<br \/>\n&#8211; \u00cencetinirea procesului de \u00eemb\u0103tr\u00e2nire<br \/>\n&#8211; \u00cembun\u0103t\u0103\u021birea calit\u0103\u021bii vie\u021bii (\u00een special la b\u0103tr\u00e2ne\u021be)<\/p>\n<p><strong>Recomandare pentru sistemul MetaPWR <br \/>\nPerlele doTERRA MetaPWR Beadlets pot fi administrate cu p\u00e2n\u0103 la 4 perle\/zi \u00een caz de atacuri de foame \u00eenfometare.<\/strong><\/p>\n<p>Pentru a optimiza efectele stilului dumneavoastr\u0103 de via\u021b\u0103, care vizeaz\u0103 cre\u0219terea vitalit\u0103\u021bii, \u00eembun\u0103t\u0103\u021birea obiceiurilor alimentare \u0219i men\u021binerea st\u0103rii de bine, este recomandabil s\u0103 folosi\u021bi sistemul MetaPWR complet \u0219i s\u0103 asigura\u021bi o alimenta\u021bie echilibrat\u0103.<\/p>\n<ul>\n<li>Lua\u021bi 2-3 pic\u0103turi de MetaPWR Blend diminea\u021ba, pe stomacul gol, cu 240 ml de ap\u0103 c\u0103ldu\u021b\u0103. De mai multe ori pe zi, dac\u0103 este necesar \u0219i pentru a evita poftele. De asemenea, ideal ca suport \u00eenainte de sport sau de antrenament.<br \/>\nOp\u021bional, MetaPWR softgels poate fi administrat \u00een plus sau \u00een loc.<\/li>\n<li>\u00cencorpora\u021bi 1-3 MetaPWR Softgels \u00een rutina dvs. zilnic\u0103 de wellness.<\/li>\n<li>Lua\u021bi o capsul\u0103 de MetaPWR Assist cu 15-30 de minute \u00eenainte de masa principal\u0103 sau de o mas\u0103 bogat\u0103 \u00een carbohidra\u021bi. De p\u00e2n\u0103 la 3 ori pe zi.<\/li>\n<li>Un plicule\u021b de MetaPWR Advantage poate fi \u00eencorporat \u00een rutina zilnic\u0103 anti-\u00eemb\u0103tr\u00e2nire. Pur \u0219i simplu amesteca\u021bi un plicule\u021b cu 150 &#8211; 240 ml de ap\u0103 \u0219i be\u021bi. Ideal diminea\u021ba sau ca \u00eenlocuitor de mas\u0103 la pr\u00e2nz.<\/li>\n<li>Lua\u021bi \u00een mod ideal doTERRA Terrazyme la 2 ore dup\u0103 masa principal\u0103.<\/li>\n<\/ul>\n<p>\n<strong>Utilizare sigur\u0103<\/strong><br \/>\nNu dep\u0103\u0219i\u021bi doza zilnic\u0103 recomandat\u0103. A nu se p\u0103stra la \u00eendem\u00e2na copiilor. Suplimentele alimentare nu pot \u00eenlocui o diet\u0103 variat\u0103 \u0219i echilibrat\u0103 \u0219i un stil de via\u021b\u0103 s\u0103n\u0103tos. Femeile \u00eens\u0103rcinate \u0219i care al\u0103pteaz\u0103, precum \u0219i persoanele cu probleme medicale cunoscute trebuie s\u0103 solicite sfatul medicului \u00eenainte de a lua acest produs. Depozita\u021bi produsul \u00eentr-un loc r\u0103coros \u0219i uscat.<\/p>\n","protected":false},"excerpt":{"rendered":"<h2 style=\"font-size: 28px;\">Pelete puternice pentru metabolism<\/h2>\n<p><strong>doTERRA MetaPWR Beadlets<\/strong> &#8211; Con\u021bin un amestec metabolic puternic \u0219i pot fi \u00eencorporate \u00een rutina zilnic\u0103 de wellness sub form\u0103 de m\u0103rgele practice (p\u00e2n\u0103 la 4 pe zi), dac\u0103 este necesar. \u00cempreun\u0103 cu celelalte elemente ale sistemului MetaPWR, acestea ofer\u0103 un sprijin optim pentru bun\u0103starea dvs. \u0219i o nou\u0103 energie din interior, precum \u0219i pentru atingerea unei greut\u0103\u021bi optime de bun\u0103stare.<\/p>\n","protected":false},"featured_media":4937,"template":"","meta":{"_et_pb_use_builder":"","_et_pb_old_content":"","_et_gb_content_width":""},"product_cat":[15,2107,51,44,36,41,43,47,2082,1946,1947,1948,1950,1952,1953],"product_tag":[],"_links":{"self":[{"href":"https:\/\/www.magnolioworld.com\/green-ro\/wp-json\/wp\/v2\/product\/4938"}],"collection":[{"href":"https:\/\/www.magnolioworld.com\/green-ro\/wp-json\/wp\/v2\/product"}],"about":[{"href":"https:\/\/www.magnolioworld.com\/green-ro\/wp-json\/wp\/v2\/types\/product"}],"wp:featuredmedia":[{"embeddable":true,"href":"https:\/\/www.magnolioworld.com\/green-ro\/wp-json\/wp\/v2\/media\/4937"}],"wp:attachment":[{"href":"https:\/\/www.magnolioworld.com\/green-ro\/wp-json\/wp\/v2\/media?parent=4938"}],"wp:term":[{"taxonomy":"product_cat","embeddable":true,"href":"https:\/\/www.magnolioworld.com\/green-ro\/wp-json\/wp\/v2\/product_cat?post=4938"},{"taxonomy":"product_tag","embeddable":true,"href":"https:\/\/www.magnolioworld.com\/green-ro\/wp-json\/wp\/v2\/product_tag?post=4938"}],"curies":[{"name":"wp","href":"https:\/\/api.w.org\/{rel}","templated":true}]}}