{"id":4934,"date":"2023-06-15T10:46:38","date_gmt":"2023-06-15T08:46:38","guid":{"rendered":"https:\/\/www.magnolio.at\/doterra-metapwr\/"},"modified":"2026-04-10T13:26:11","modified_gmt":"2026-04-10T11:26:11","slug":"doterra-metapwr","status":"publish","type":"product","link":"https:\/\/www.magnolioworld.com\/green-ro\/doterra-metapwr\/","title":{"rendered":"doTERRA MetaPWR"},"content":{"rendered":"<p><strong>doTERRA MetaPWR<\/strong> &#8211; MetaPWR System 1 &#8211; Amestecul metabolic puternic pentru a sus\u021bine o greutate optim\u0103 de bun-sim\u021b<br \/>\n<strong><br \/>\n<\/strong>Cu noul sistem MetaPWR, doTERRA a creat o gam\u0103 de produse puternice \u0219i inovatoare pentru a sus\u021bine un metabolism optim. Pentru c\u0103, cu c\u00e2t metabolismul este mai puternic \u0219i mai eficient, cu at\u00e2t mai bun\u0103 este starea ta de bine din interior spre exterior.<\/p>\n<p>\u00cempreun\u0103 cu o diet\u0103 de \u00eenalt\u0103 calitate, exerci\u021bii fizice zilnice, un somn adecvat \u0219i odihnitor \u0219i un mediu pozitiv \u0219i hr\u0103nitor, MetaPWR v\u0103 poate ajuta s\u0103 v\u0103 maximiza\u021bi rezultatele st\u0103rii de bine personale, greutatea optim\u0103 \u0219i un aspect radiant \u0219i tineresc.<\/p>\n<p>MetaPWR \u00eenseamn\u0103 Meta, adic\u0103 metabolism, \u0219i PWR (Personal Wellness Realised), adic\u0103 putere. Numele spune totul.<\/p>\n<p>Face\u021bi primul pas cu doTERRA MetaPWR. \u00cen acest amestec metabolic, uleiuri esen\u021biale valoroase, cum ar fi grapefruit, l\u0103m\u00e2ie, ment\u0103, ghimbir \u0219i scoar\u021b\u0103 de scor\u021bi\u0219oar\u0103, au fost recompuse \u00eentr-o compozi\u021bie puternic\u0103. Aceste uleiuri au un efect energizant \u0219i activator asupra metabolismului \u0219i digestiei.<\/p>\n<p>doTERRA MetaPWR stimuleaz\u0103 metabolismul, sus\u021bine digestia, reduce senza\u021bia de foame \u0219i, astfel, promoveaz\u0103 activitatea \u0219i bun\u0103starea, precum \u0219i o greutate optim\u0103 de bun-sim\u021b.<\/p>\n<p>Se recomand\u0103 administrarea amestecului de ulei diminea\u021ba, pe stomacul gol, cu 2-3 pic\u0103turi \u00een 240 ml de ap\u0103 c\u0103ldu\u021b\u0103. De asemenea, se poate bea de mai multe ori pe parcursul zilei, la nevoie sau dac\u0103 ave\u021bi poft\u0103 de m\u00e2ncare.<\/p>\n<p>Consumul u\u0219or de utilizat al MetaPWR Beadlets \u0219i MetaPWR Softgels este ideal pentru atunci c\u00e2nd sunte\u021bi \u00een mi\u0219care \u0219i ave\u021bi un apetit \u00eenfometat.<\/p>\n<p>Pentru a ob\u021bine efecte optime pentru bun\u0103starea \u0219i starea dumneavoastr\u0103 de bine, se recomand\u0103 utilizarea sistemului MetaPWR complet, deoarece toate produsele se potrivesc \u00een mod ideal \u00eentre ele.<\/p>\n<p><span style=\"text-decoration: underline;\">doTERRA MetaPWR System &#8211; Conceptul inovator de metabolism \u0219i anti-\u00eemb\u0103tr\u00e2nire<\/span><\/p>\n<p><strong>Pasul 1: MetaPWR &#8211;<\/strong> Amestecul pentru un metabolism puternic \u0219i o greutate optim\u0103 pentru o stare de bine (inclus \u00een toate produsele MetaPWR)<br \/>\n&#8211; MetaPWR Beadlets &#8211; Se amestec\u0103 ca m\u0103rgele pentru a fi folosite \u00een mi\u0219care<br \/>\n&#8211; MetaPWR Softgels &#8211; Se amestec\u0103 sub form\u0103 de capsule moi pentru un aport u\u0219or de utilizat<\/p>\n<p><strong>Pasul 2: MetaPWR Assist<\/strong> &#8211; Capsula pentru sus\u021binerea digestiei optime, a metabolismului \u0219i a unei greut\u0103\u021bi ideale pentru a v\u0103 sim\u021bi bine.<\/p>\n<p><strong>Pasul 3: MetaPWR Advantage<\/strong> &#8211; Amestecul anti-\u00eemb\u0103tr\u00e2nire pentru o vitalitate tinereasc\u0103 \u0219i o calitate ridicat\u0103 a vie\u021bii<\/p>\n<p><span style=\"text-decoration: underline;\">Efectul sistemului MetaPWR<br \/>\n<\/span><br \/>\n&#8211; Sprijinirea metabolismului<br \/>\n&#8211; Reducerea celulelor adipoase<br \/>\n&#8211; Evitarea atacurilor de foame<br \/>\n&#8211; Optimizarea managementului greut\u0103\u021bii \u0219i sprijin \u00een atingerea unei greut\u0103\u021bi de bine-pl\u0103cere<br \/>\n&#8211; Reducerea stresului oxidativ<br \/>\n&#8211; \u00cembun\u0103t\u0103\u021bi\u021bi rezisten\u021ba \u0219i energia<br \/>\n&#8211; Cre\u0219terea bun\u0103st\u0103rii<br \/>\n&#8211; Promovarea somnului odihnitor<br \/>\n&#8211; Piele ferm\u0103 \u0219i t\u00e2n\u0103r\u0103<br \/>\n&#8211; Sprijin pentru articula\u021bii suple \u0219i elastice<br \/>\n&#8211; \u00cencetinirea procesului de \u00eemb\u0103tr\u00e2nire<br \/>\n&#8211; \u00cembun\u0103t\u0103\u021birea calit\u0103\u021bii vie\u021bii (\u00een special la b\u0103tr\u00e2ne\u021be)<\/p>\n<p><strong>Recomandare pentru MetaPWR System<br \/>\n<\/strong>Lua\u021bi 2-3 pic\u0103turi de MetaPWR Blend diminea\u021ba, pe stomacul gol, cu 240 ml de ap\u0103 c\u0103ldu\u021b\u0103. De mai multe ori pe zi, dac\u0103 este necesar \u0219i pentru a evita poftele. De asemenea, ideal ca suport \u00eenainte de sport sau de antrenament.<br \/>\nOp\u021bional, MetaPWR softgels poate fi administrat \u00een plus sau \u00een loc.<\/p>\n<p>Pentru a sus\u021bine un efect optim al stilului de via\u021b\u0103, care se concentreaz\u0103 pe cre\u0219terea vitalit\u0103\u021bii, pe \u00eembun\u0103t\u0103\u021birea obiceiurilor alimentare \u0219i pe men\u021binerea st\u0103rii de bine, se recomand\u0103 s\u0103 utiliza\u021bi sistemul MetaPWR complet \u0219i s\u0103 acorda\u021bi aten\u021bie unei diete echilibrate.<\/p>\n<ul>\n<li>MetaPWR Beadlets poate fi luat cu p\u00e2n\u0103 la 4 Beadlets\/zi \u00een timpul atacurilor de foame \u00een timpul c\u0103l\u0103toriilor.<\/li>\n<li>\u00cencorpora\u021bi 1-3 MetaPWR Softgels \u00een rutina dvs. zilnic\u0103 de wellness.<\/li>\n<li>Lua\u021bi o capsul\u0103 de MetaPWR Assist cu 15-30 de minute \u00eenainte de masa principal\u0103 sau de o mas\u0103 bogat\u0103 \u00een carbohidra\u021bi. De p\u00e2n\u0103 la 3 ori pe zi.<\/li>\n<li>Un plicule\u021b de MetaPWR Advantage poate fi \u00eencorporat \u00een rutina zilnic\u0103 anti-\u00eemb\u0103tr\u00e2nire. Pur \u0219i simplu amesteca\u021bi un plicule\u021b cu 150 &#8211; 240 ml de ap\u0103 \u0219i be\u021bi. Ideal diminea\u021ba sau ca \u00eenlocuitor de mas\u0103 la pr\u00e2nz.<\/li>\n<li>Lua\u021bi \u00een mod ideal doTERRA Terrazyme la 2 ore dup\u0103 masa principal\u0103.<\/li>\n<\/ul>\n<p>\n<strong>Utilizare sigur\u0103<br \/>\n<\/strong>Utiliza\u021bi doar diluat. V\u0103 rug\u0103m s\u0103 ave\u021bi grij\u0103 s\u0103 nu folosi\u021bi mai mult de 1 pic\u0103tur\u0103 pe zi pe cale intern\u0103. Poate provoca irita\u021bii ale pielii. A nu se p\u0103stra la \u00eendem\u00e2na copiilor. Dac\u0103 sunte\u021bi \u00eens\u0103rcinat\u0103 sau urma\u021bi un tratament medical, v\u0103 rug\u0103m s\u0103 v\u0103 adresa\u021bi medicului dumneavoastr\u0103. Evita\u021bi contactul cu ochii, urechile interne, fa\u021ba, zonele sensibile \u0219i membranele mucoase. \u00cen cazul contactului cu uleiul pe piele, evita\u021bi soarele \u0219i lumina UV timp de cel pu\u021bin 12 ore dup\u0103 aplicare. Lot\/ Cel mai bun \u00eenainte de: A se vedea partea de jos a flaconului P\u0103stra\u021bi produsul \u00eentr-un loc r\u0103coros \u0219i uscat.<\/p>\n","protected":false},"excerpt":{"rendered":"<h2 style=\"font-size: 28px;\">Amestec metabolic puternic &#8211; MetaPWR System &#8211; Pasul 1<\/h2>\n<p>doTERRA MetaPWR &#8211; Pasul 1 &#8211; Amestecul metabolic puternic din sistemul MetaPWR pentru a sus\u021bine ob\u021binerea unei greut\u0103\u021bi optime de bine-dispozi\u021bie. \u00cen acest amestec, uleiuri esen\u021biale valoroase, cum ar fi grapefruit, l\u0103m\u00e2ie, ment\u0103, ghimbir \u0219i scor\u021bi\u0219oar\u0103, au fost recompuse \u00eentr-o compozi\u021bie puternic\u0103.<br \/>\nAceste uleiuri au un efect energizant \u0219i activator asupra metabolismului \u0219i digestiei.<\/p>\n","protected":false},"featured_media":4933,"template":"","meta":{"_et_pb_use_builder":"","_et_pb_old_content":"","_et_gb_content_width":""},"product_cat":[2107,15,51,44,36,41,2082,1945,1946,1950,2002,1952,1953,1959,1961,1962,1965,1969,1972,1985],"product_tag":[],"_links":{"self":[{"href":"https:\/\/www.magnolioworld.com\/green-ro\/wp-json\/wp\/v2\/product\/4934"}],"collection":[{"href":"https:\/\/www.magnolioworld.com\/green-ro\/wp-json\/wp\/v2\/product"}],"about":[{"href":"https:\/\/www.magnolioworld.com\/green-ro\/wp-json\/wp\/v2\/types\/product"}],"wp:featuredmedia":[{"embeddable":true,"href":"https:\/\/www.magnolioworld.com\/green-ro\/wp-json\/wp\/v2\/media\/4933"}],"wp:attachment":[{"href":"https:\/\/www.magnolioworld.com\/green-ro\/wp-json\/wp\/v2\/media?parent=4934"}],"wp:term":[{"taxonomy":"product_cat","embeddable":true,"href":"https:\/\/www.magnolioworld.com\/green-ro\/wp-json\/wp\/v2\/product_cat?post=4934"},{"taxonomy":"product_tag","embeddable":true,"href":"https:\/\/www.magnolioworld.com\/green-ro\/wp-json\/wp\/v2\/product_tag?post=4934"}],"curies":[{"name":"wp","href":"https:\/\/api.w.org\/{rel}","templated":true}]}}