{"id":4927,"date":"2023-06-15T10:16:47","date_gmt":"2023-06-15T08:16:47","guid":{"rendered":"https:\/\/www.magnolio.at\/doterra-supermint-beadlets\/"},"modified":"2026-01-12T10:27:38","modified_gmt":"2026-01-12T09:27:38","slug":"doterra-supermint-beadlets","status":"publish","type":"product","link":"https:\/\/www.magnolioworld.com\/green-ro\/doterra-supermint-beadlets\/","title":{"rendered":"doTERRA Supermint Beadlets"},"content":{"rendered":"<p><strong>doTERRA Supermint<\/strong> <strong>Beadlets<\/strong> &#8211; Combina\u021bia proasp\u0103t\u0103 a celor mai valoroase uleiuri de ment\u0103 &#8211; sub form\u0103 de m\u0103rgele pentru a merge<\/p>\n<p>SuperMint este o combina\u021bie proasp\u0103t\u0103 \u0219i special\u0103 a celor mai bune uleiuri de ment\u0103 de la d\u014dTERRA. Aroma este mentolat\u0103, dulceag\u0103 \u0219i u\u0219or ierboas\u0103.<br \/>\nAcest amestec special echilibrat este format din uleiuri esen\u021biale de ment\u0103, ment\u0103 japonez\u0103, ment\u0103 bergamot\u0103 \u0219i ment\u0103 verde. <\/p>\n<p>Re\u00eemprosp\u0103teaz\u0103 \u0219i revitalizeaz\u0103 \u00eentr-un mod eficient, dar lini\u0219titor \u0219i delicat. Ideal\u0103 pentru cei c\u0103rora menta li se pare prea picant\u0103.<\/p>\n<p>\u00cen general, acest amestec de uleiuri revitalizeaz\u0103 sim\u021burile \u0219i este o minunat\u0103 re\u00eemprosp\u0103tare \u00eentre mese, atunci c\u00e2nd oboseala ne chinuie la birou, la \u0219coal\u0103 sau acas\u0103. <\/p>\n<p>Perlele sunt mici granule vegetariene foarte puternice \u0219i con\u021bin amestecul brevetat Supermint. Acestea sunt ideale atunci c\u00e2nd c\u0103l\u0103tori\u021bi \u0219i asigur\u0103 o respira\u021bie proasp\u0103t\u0103 \u0219i pl\u0103cut\u0103 \u00een orice moment. De asemenea, calmeaz\u0103 stomacul \u00eentr-un mod delicat, mai ales dup\u0103 mese mari.<\/p>\n<p>Se \u0219tie c\u0103 mentolul con\u021binut \u00een uleiurile de ment\u0103 creeaz\u0103 o senza\u021bie de r\u0103coare \u0219i ofer\u0103 o prospe\u021bime instantanee.<\/p>\n<p>Bucura\u021bi-v\u0103 de acest tratament r\u0103coritor ori de c\u00e2te ori ave\u021bi nevoie, \u00een deplasare, sub form\u0103 de m\u0103rgele practice doTERRA Supermint Beadlets. Pur \u0219i simplu zdrobi\u021bi \u00een gur\u0103 1-2 granule vegetariene mici \u0219i experimenta\u021bi efectul r\u0103coritor unic. Ambalajul este u\u0219or \u0219i la \u00eendem\u00e2n\u0103, con\u021bine 125 de pelete vegetariene \u0219i \u00eencape \u00een orice buzunar.<\/p>\n<p>Din punct de vedere emo\u021bional, acest amestec de uleiuri este uleiul perspectivei. Cine nu ar putea folosi acest lucru \u00een vremuri de schimbare pentru a privi \u00eenainte cu viziune \u0219i vigoare?<\/p>\n<p>Bucur\u0103-te de prospe\u021bime pentru corp \u0219i minte \u0219i ofer\u0103-\u021bi o respira\u021bie proasp\u0103t\u0103 oriunde te-ai afla cu aceste m\u0103rgele doTERRA Supermint Beadlets. <\/p>\n<p><strong>Recomandare<br \/>\n<\/strong>Intern: Se administreaz\u0103 1 &#8211; 3 globule la nevoie. Pentru \u00eemprosp\u0103tarea respira\u021biei, se dizolv\u0103 1 pastil\u0103 \u00een gur\u0103. Lua\u021bi dup\u0103 mese pentru a promova s\u0103n\u0103tatea oral\u0103. <br \/>\nPreg\u0103ti\u021bi-v\u0103 pentru tulbur\u0103ri de stomac \u0219i grea\u021b\u0103 atunci c\u00e2nd c\u0103l\u0103tori\u021bi. De asemenea, este potrivit ca o re\u00eemprosp\u0103tare rapid\u0103 \u0219i o revitalizare a sim\u021burilor oriunde.<br \/>\nMaximum 10 m\u0103rgele pe zi.<\/p>\n<p><strong>Utilizare sigur\u0103<\/strong><br \/>\nA nu se p\u0103stra la \u00eendem\u00e2na copiilor. Doza zilnic\u0103 recomandat\u0103 nu trebuie s\u0103 fie dep\u0103\u0219it\u0103. Dac\u0103 sunte\u021bi \u00eens\u0103rcinat\u0103 sau urma\u021bi un tratament medical, v\u0103 rug\u0103m s\u0103 v\u0103 adresa\u021bi medicului dumneavoastr\u0103. A se p\u0103stra \u00eentr-un loc r\u0103coros \u0219i uscat. V\u0103 rug\u0103m s\u0103 \u00eel p\u0103stra\u021bi \u00eenchis \u00eentr-un loc r\u0103coros.<\/p>\n<div class=\"product-uses__block-list\">\u00a0<\/div>\n","protected":false},"excerpt":{"rendered":"<h2 style=\"font-size: 28px;\">Pelete r\u0103coritoare<\/h2>\n<p><strong>doTERRA Supermint<\/strong> <strong>Beadlets<\/strong> &#8211; Cu compozi\u021bia lor de uleiuri valoroase de ment\u0103, acestea sunt o r\u0103coritoare ideal\u0103 \u00eentre mese \u0219i v\u0103 ofer\u0103 o respira\u021bie proasp\u0103t\u0103 \u0219i pl\u0103cut\u0103 \u0219i un cap limpede oric\u00e2nd \u0219i oriunde. Ambalajul este u\u0219or \u0219i la \u00eendem\u00e2n\u0103, con\u021bine 125 de pelete vegetariene \u0219i \u00eencape \u00een orice buzunar.<\/p>\n","protected":false},"featured_media":4926,"template":"","meta":{"_et_pb_use_builder":"","_et_pb_old_content":"","_et_gb_content_width":""},"product_cat":[15,51,1925,36,43,46],"product_tag":[335,336],"_links":{"self":[{"href":"https:\/\/www.magnolioworld.com\/green-ro\/wp-json\/wp\/v2\/product\/4927"}],"collection":[{"href":"https:\/\/www.magnolioworld.com\/green-ro\/wp-json\/wp\/v2\/product"}],"about":[{"href":"https:\/\/www.magnolioworld.com\/green-ro\/wp-json\/wp\/v2\/types\/product"}],"wp:featuredmedia":[{"embeddable":true,"href":"https:\/\/www.magnolioworld.com\/green-ro\/wp-json\/wp\/v2\/media\/4926"}],"wp:attachment":[{"href":"https:\/\/www.magnolioworld.com\/green-ro\/wp-json\/wp\/v2\/media?parent=4927"}],"wp:term":[{"taxonomy":"product_cat","embeddable":true,"href":"https:\/\/www.magnolioworld.com\/green-ro\/wp-json\/wp\/v2\/product_cat?post=4927"},{"taxonomy":"product_tag","embeddable":true,"href":"https:\/\/www.magnolioworld.com\/green-ro\/wp-json\/wp\/v2\/product_tag?post=4927"}],"curies":[{"name":"wp","href":"https:\/\/api.w.org\/{rel}","templated":true}]}}