{"id":4876,"date":"2023-05-04T12:52:50","date_gmt":"2023-05-04T10:52:50","guid":{"rendered":"https:\/\/www.magnolio.at\/doterra-abode\/"},"modified":"2025-02-10T10:32:06","modified_gmt":"2025-02-10T09:32:06","slug":"doterra-abode","status":"publish","type":"product","link":"https:\/\/www.magnolioworld.com\/green-ro\/doterra-abode\/","title":{"rendered":"doTERRA abode"},"content":{"rendered":"<p><strong>doTERRA abode<\/strong> &#8211; Amestecul r\u0103coritor<strong><\/p>\n<p><\/strong>Oriunde este nevoie de \u00eemprosp\u0103tare \u0219i revitalizare, acest amestec de uleiuri este perfect. Uleiurile esen\u021biale Cassia, Lime, Tea Tree, Litsea, Arborvitae, Lemon Eucalyptus, precum \u0219i Cilantro, Kochii Eucalyptus, Lemonmyrteuajak \u0219i Lavandin au fost combinate pentru a crea un amestec aromatic r\u0103coritor.<\/p>\n<p>doTERRA abode a fost creat\u0103 special pentru \u00eemprosp\u0103tarea la domiciliu. Acest amestec asigur\u0103 un mediu purificat \u00een camer\u0103 \u0219i elimin\u0103 mirosurile nepl\u0103cute \u0219i poluarea din aer. De asemenea, este ideal pentru utilizarea \u00een aspiratoare, usc\u0103toare de rufe, ma\u0219ini de sp\u0103lat, ma\u0219ini de sp\u0103lat vase sau ca deodorizant \u00een frigidere \u0219i co\u0219uri de gunoi.<\/p>\n<p>Pentru un climat ambiental revigorant, v\u0103 recomand\u0103m s\u0103 folosi\u021bi 2-3 pic\u0103turi \u00een difuzor. <\/p>\n<p>Din punct de vedere emo\u021bional, uleiul v\u0103 ajut\u0103 s\u0103 v\u0103 distan\u021ba\u021bi de poverile energetice \u0219i toxice \u0219i s\u0103 dob\u00e2ndi\u021bi o nou\u0103 claritate. Fie inhala\u021bi amestecul direct din flacon, fie \u00eel folosi\u021bi \u00eentr-un difuzor.<\/p>\n<p>Bucura\u021bi-v\u0103 de aceast\u0103 prospe\u021bime acas\u0103.<\/p>\n<p><strong>Recomandare<\/strong><br \/>\nAromatic: Se difuzeaz\u0103 3-4 pic\u0103turi \u00een difuzor.<br \/>\nDatorit\u0103 mirosului s\u0103u proasp\u0103t, abode este, de asemenea, minunat de utilizat \u00een cas\u0103. Pur \u0219i simplu ad\u0103uga\u021bi 1-2 pic\u0103turi \u00een detergentul de uz casnic sau 1 pic\u0103tur\u0103 \u00een punga aspiratorului.<br \/>\nTopic: Pentru masaje, se amestec\u0103 5 pic\u0103turi cu 10 ml de ulei purt\u0103tor. Ca aditiv pentru baie, se amestec\u0103 5 pic\u0103turi cu 5 ml de ulei purt\u0103tor. Pentru a parfuma, se amestec\u0103 1 pic\u0103tur\u0103 cu 10 pic\u0103turi de ulei purt\u0103tor.<\/p>\n<p><strong>Utilizare sigur\u0103<\/strong><br \/>\nEste posibil\u0103 iritarea pielii. A nu se p\u0103stra la \u00eendem\u00e2na copiilor. Dac\u0103 sunte\u021bi \u00eens\u0103rcinat\u0103 sau urma\u021bi un tratament medical, v\u0103 rug\u0103m s\u0103 v\u0103 adresa\u021bi medicului dumneavoastr\u0103. Evita\u021bi contactul cu ochii, urechile interne, fa\u021ba, zonele sensibile \u0219i membranele mucoase. Evita\u021bi lumina soarelui \u0219i razele UV timp de cel pu\u021bin 12 ore dup\u0103 aplicare. Numai pentru uz extern.<\/p>\n","protected":false},"excerpt":{"rendered":"<h2 style=\"font-size: 28px;\">Amestec revigorant &#8211; Uleiul responsabilit\u0103\u021bii \u0219i al deta\u0219\u0103rii emo\u021bionale<\/h2>\n<p>doTERRA abode &#8211; Amestecul a fost creat special pentru \u00eemprosp\u0103tarea \u0219i cur\u0103\u021barea la domiciliu. Acesta creeaz\u0103 un mediu purificat \u00een camer\u0103 \u0219i elimin\u0103 mirosurile nepl\u0103cute \u0219i poluarea din aer.<\/p>\n","protected":false},"featured_media":4877,"template":"","meta":{"_et_pb_use_builder":"","_et_pb_old_content":"","_et_gb_content_width":""},"product_cat":[15,51],"product_tag":[],"_links":{"self":[{"href":"https:\/\/www.magnolioworld.com\/green-ro\/wp-json\/wp\/v2\/product\/4876"}],"collection":[{"href":"https:\/\/www.magnolioworld.com\/green-ro\/wp-json\/wp\/v2\/product"}],"about":[{"href":"https:\/\/www.magnolioworld.com\/green-ro\/wp-json\/wp\/v2\/types\/product"}],"wp:featuredmedia":[{"embeddable":true,"href":"https:\/\/www.magnolioworld.com\/green-ro\/wp-json\/wp\/v2\/media\/4877"}],"wp:attachment":[{"href":"https:\/\/www.magnolioworld.com\/green-ro\/wp-json\/wp\/v2\/media?parent=4876"}],"wp:term":[{"taxonomy":"product_cat","embeddable":true,"href":"https:\/\/www.magnolioworld.com\/green-ro\/wp-json\/wp\/v2\/product_cat?post=4876"},{"taxonomy":"product_tag","embeddable":true,"href":"https:\/\/www.magnolioworld.com\/green-ro\/wp-json\/wp\/v2\/product_tag?post=4876"}],"curies":[{"name":"wp","href":"https:\/\/api.w.org\/{rel}","templated":true}]}}