{"id":4875,"date":"2023-05-04T12:05:21","date_gmt":"2023-05-04T10:05:21","guid":{"rendered":"https:\/\/www.magnolio.at\/doterra-cp-softgels\/"},"modified":"2025-12-09T11:19:32","modified_gmt":"2025-12-09T10:19:32","slug":"doterra-cp-softgels","status":"publish","type":"product","link":"https:\/\/www.magnolioworld.com\/green-ro\/doterra-cp-softgels\/","title":{"rendered":"doTERRA CP+ Softgels"},"content":{"rendered":"<p><strong>doTERRA CP+ Softgels<\/strong> &#8211; Pre\u021biosul ulei de copaiva pentru un aport optim sub form\u0103 de softgel.<\/p>\n<p>Capsulele moi au fost create pentru a putea utiliza beneficiile valoroasei Copaiba doTERRA pentru un consum simplu \u0219i necomplicat \u00een timpul deplas\u0103rii sau \u00eentre mese.<\/p>\n<p>Aceste capsule moi vegetariene doTERRA CP+ au fost concepute pe baz\u0103 de ulei de m\u0103sline \u0219i pot aduce ingredientele direct \u00een tractul digestiv, unde pot utiliza din interior spre exterior gama larg\u0103 de aplica\u021bii ale doTERRA Copaiba. Beta-cariofilenul con\u021binut \u00een capsulele moi poate avea un efect calmant asupra digestiei.  <\/p>\n<p>Datorit\u0103 ingredientelor sale valoroase, uleiul de copaiva ofer\u0103 o gam\u0103 larg\u0103 de aplica\u021bii care pot fi utilizate pentru bun\u0103starea fizic\u0103 general\u0103. \u00cen special, se folose\u0219te efectul calmant, lini\u0219titor \u0219i echilibrant asupra tuturor sistemelor corpului. Cu toate acestea, efectul s\u0103u de regenerare \u0219i re\u00eennoire celular\u0103 poate fi deosebit de valoros pentru regenerarea tuturor sistemelor organismului \u0219i a pielii.<\/p>\n<p>DoTERRA CP+ softgels ofer\u0103 sprijin emo\u021bional pentru o via\u021b\u0103 eliberat\u0103 aici \u0219i acum.<\/p>\n<p><strong>Recomandare<\/strong><br \/>\n1 softgel zilnic<\/p>\n<p><strong>Utilizare sigur\u0103<\/strong><br \/>\nA nu se p\u0103stra la \u00eendem\u00e2na copiilor. Ave\u021bi grij\u0103 s\u0103 nu dep\u0103\u0219i\u021bi doza zilnic\u0103 recomandat\u0103. V\u0103 rug\u0103m s\u0103 re\u021bine\u021bi c\u0103 suplimentele alimentare nu pot \u00eenlocui o diet\u0103 complet\u0103 \u0219i echilibrat\u0103 \u0219i un stil de via\u021b\u0103 s\u0103n\u0103tos. Femeile \u00eens\u0103rcinate \u0219i cele care al\u0103pteaz\u0103, precum \u0219i persoanele cu probleme de s\u0103n\u0103tate cunoscute trebuie s\u0103 solicite sfatul medicului \u00eenainte de a lua acest produs. A se p\u0103stra \u00eentr-un loc r\u0103coros \u0219i uscat. V\u0103 rug\u0103m s\u0103 re\u021bine\u021bi data limit\u0103 de consum (a se vedea partea de jos a cutiei).<\/p>\n","protected":false},"excerpt":{"rendered":"<h2 style=\"font-size: 28px\">Capsule de regenerare<\/h2>\n<p>doTERRA CP+ Softgels &#8211; Aceste capsule moi vegetariene au fost concepute pe baz\u0103 de ulei de m\u0103sline \u0219i pot livra ingredientele direct \u00een tractul digestiv, unde pot fi folosite pentru a utiliza gama larg\u0103 de aplica\u021bii ale doTERRA Copaiba din interior spre exterior. Beta-cariofilenul con\u021binut \u00een capsulele moi poate avea un efect calmant asupra digestiei.  <\/p>\n","protected":false},"featured_media":4879,"template":"","meta":{"_et_pb_use_builder":"","_et_pb_old_content":"","_et_gb_content_width":""},"product_cat":[15,52,47,1987,1988],"product_tag":[387,388],"_links":{"self":[{"href":"https:\/\/www.magnolioworld.com\/green-ro\/wp-json\/wp\/v2\/product\/4875"}],"collection":[{"href":"https:\/\/www.magnolioworld.com\/green-ro\/wp-json\/wp\/v2\/product"}],"about":[{"href":"https:\/\/www.magnolioworld.com\/green-ro\/wp-json\/wp\/v2\/types\/product"}],"wp:featuredmedia":[{"embeddable":true,"href":"https:\/\/www.magnolioworld.com\/green-ro\/wp-json\/wp\/v2\/media\/4879"}],"wp:attachment":[{"href":"https:\/\/www.magnolioworld.com\/green-ro\/wp-json\/wp\/v2\/media?parent=4875"}],"wp:term":[{"taxonomy":"product_cat","embeddable":true,"href":"https:\/\/www.magnolioworld.com\/green-ro\/wp-json\/wp\/v2\/product_cat?post=4875"},{"taxonomy":"product_tag","embeddable":true,"href":"https:\/\/www.magnolioworld.com\/green-ro\/wp-json\/wp\/v2\/product_tag?post=4875"}],"curies":[{"name":"wp","href":"https:\/\/api.w.org\/{rel}","templated":true}]}}