{"id":4874,"date":"2023-05-04T11:19:41","date_gmt":"2023-05-04T09:19:41","guid":{"rendered":"https:\/\/www.magnolio.at\/doterra-calm-harmony-kit\/"},"modified":"2025-05-06T10:59:26","modified_gmt":"2025-05-06T08:59:26","slug":"doterra-calm-and-harmony-kit","status":"publish","type":"product","link":"https:\/\/www.magnolioworld.com\/green-ro\/doterra-calm-and-harmony-kit\/","title":{"rendered":"doTERRA Calm and Harmony Kit"},"content":{"rendered":"<p><strong>doTERRA Calm and Harmony Kit<\/strong> &#8211; Setul ideal pentru pace, echilibru \u0219i armonie<\/p>\n<p>\u00cen prezent, ne confrunt\u0103m cu multe provoc\u0103ri care sunt solicitante pentru trup, minte \u0219i suflet. Acest lucru face cu at\u00e2t mai important\u0103 g\u0103sirea unei baze \u0219i a unui echilibru, o stare de spirit bun\u0103 \u0219i o calitate optim\u0103 a somnului. Numai a\u0219a organismul nu va fi afectat \u00een func\u021bia sa natural\u0103 \u0219i se vor evita afec\u021biunile.<\/p>\n<p>Acest kit ofer\u0103 toate acestea cu uleiuri esen\u021biale pure \u0219i cu puterea naturii:<br \/>\nAmestecul de uleiuri esen\u021biale Balance asigur\u0103 echilibru, iar uleiul de cedru aduce stabilitate. <br \/>\nUleiurile esen\u021biale de petitgrain \u0219i lavand\u0103 calmeaz\u0103 mintea \u0219i sufletul, \u00een timp ce uleiul aromat de portocale are un efect de ridicare a st\u0103rii de spirit. <br \/>\nAmestecul de uleiuri Peace creeaz\u0103 pace interioar\u0103 \u0219i lini\u0219te, iar combina\u021bia amestecului restaurator cu ulei \u0219i softgels asigur\u0103 un somn calm \u0219i odihnitor.<\/p>\n<p>Ofer\u0103-\u021bi <strong>doTERRA Calm and Harmony Kit<\/strong> pentru a te ajuta s\u0103 treci peste aceste vremuri dificile. Aici, \u00eentr-un set la un pre\u021b rezonabil. De asemenea, ideal ca un cadou valoros \u00eempreun\u0103 cu un difuzor pentru un mediu armonios \u00een camer\u0103.<\/p>\n<p><strong>Recomandare<\/strong><br \/>\nRe\u021bine\u021bi recomand\u0103rile pentru fiecare produs \u00een parte.<\/p>\n<p><strong>Utilizare sigur\u0103<br \/>\n<\/strong>Respecta\u021bi instruc\u021biunile pentru fiecare produs \u00een parte.<\/p>\n","protected":false},"excerpt":{"rendered":"<h2 style=\"font-size: 28px;\">Pachetul de armonie complet\u0103<\/h2>\n<p style=\"font-size: 28px; color: #e20000; font-weight: bold;\">Economisi\u021bi 43 %<\/p>\n<p><strong>doTERRA Calm and Harmony Kit<\/strong> &#8211; Setul ideal pentru a ajuta corpul, mintea \u0219i sufletul s\u0103 treac\u0103 prin aceste vremuri dificile, amestecul de uleiuri esen\u021biale Balance ofer\u0103 echilibru, iar uleiul de cedru aduce stabilitate. Uleiurile esen\u021biale de petitgrain \u0219i lavand\u0103 calmeaz\u0103 mintea \u0219i sufletul, \u00een timp ce uleiul aromat de portocale s\u0103lbatice are un efect de ridicare a st\u0103rii de spirit. Amestecul de uleiuri Peace creeaz\u0103 pace interioar\u0103 \u0219i lini\u0219te, iar combina\u021bia amestecului restaurator cu ulei \u0219i softgels asigur\u0103 un somn calm \u0219i odihnitor.<\/p>\n","protected":false},"featured_media":4880,"template":"","meta":{"_et_pb_use_builder":"","_et_pb_old_content":"","_et_gb_content_width":""},"product_cat":[15,1921],"product_tag":[],"_links":{"self":[{"href":"https:\/\/www.magnolioworld.com\/green-ro\/wp-json\/wp\/v2\/product\/4874"}],"collection":[{"href":"https:\/\/www.magnolioworld.com\/green-ro\/wp-json\/wp\/v2\/product"}],"about":[{"href":"https:\/\/www.magnolioworld.com\/green-ro\/wp-json\/wp\/v2\/types\/product"}],"wp:featuredmedia":[{"embeddable":true,"href":"https:\/\/www.magnolioworld.com\/green-ro\/wp-json\/wp\/v2\/media\/4880"}],"wp:attachment":[{"href":"https:\/\/www.magnolioworld.com\/green-ro\/wp-json\/wp\/v2\/media?parent=4874"}],"wp:term":[{"taxonomy":"product_cat","embeddable":true,"href":"https:\/\/www.magnolioworld.com\/green-ro\/wp-json\/wp\/v2\/product_cat?post=4874"},{"taxonomy":"product_tag","embeddable":true,"href":"https:\/\/www.magnolioworld.com\/green-ro\/wp-json\/wp\/v2\/product_tag?post=4874"}],"curies":[{"name":"wp","href":"https:\/\/api.w.org\/{rel}","templated":true}]}}