{"id":4864,"date":"2023-04-27T21:06:44","date_gmt":"2023-04-27T19:06:44","guid":{"rendered":"https:\/\/www.magnolio.at\/doterra-business-leader-kit\/"},"modified":"2025-09-02T12:44:00","modified_gmt":"2025-09-02T10:44:00","slug":"doterra-business-leader-kit","status":"publish","type":"product","link":"https:\/\/www.magnolioworld.com\/green-ro\/doterra-business-leader-kit\/","title":{"rendered":"doTERRA Business Leader Kit"},"content":{"rendered":"<p><strong>doTERRA Business Leader Kit<\/strong> &#8211; Introducerea complet\u0103 \u00een lumea minunat\u0103 a produselor doTERRA<\/p>\n<p>Acest kit con\u021bine cele mai importante uleiuri \u0219i amestecuri de uleiuri doTERRA. Plus cele mai importante produse de \u00eengrijire a fe\u021bei \u0219i a corpului. \u00centreaga gam\u0103 este completat\u0103 de suplimente nutritive valoroase.<\/p>\n<p>Dac\u0103 dori\u021bi s\u0103 intra\u021bi \u00een afacerea doTERRA sau pur \u0219i simplu s\u0103 ob\u021bine\u021bi un pachet complet la un pre\u021b imbatabil, nu pute\u021bi trece peste acest kit.<\/p>\n<div class=\"module--translations-translatedtext js-module--translations-translatedtext\" data-size=\"m\"><strong>doTERRA Business Leader Kit<\/strong> &#8211; Desigur, este \u0219i un cadou valoros pentru persoane \u0219i ocazii speciale.<\/div>\n<p><strong>Recomandare<\/strong><br \/>\nRe\u021bine\u021bi recomand\u0103rile pentru fiecare produs \u00een parte.<\/p>\n<p><strong>Utilizare sigur\u0103<br \/>\n<\/strong>Respecta\u021bi instruc\u021biunile pentru fiecare produs \u00een parte.<\/p>\n","protected":false},"excerpt":{"rendered":"<h2 style=\"font-size: 28px;\">Pachetul complet de afaceri<\/h2>\n<p><span style=\"font-size: 28px; color: #e20000; font-weight: bold;\">Salva\u021bi 42 %<\/span><\/p>\n<p><strong>doTERRA Business Leader Kit<\/strong> &#8211; Introducerea complet\u0103 \u00een minunata lume a produselor doTERRA. Acest kit con\u021bine cele mai importante uleiuri \u0219i amestecuri de uleiuri doTERRA. Plus cele mai importante produse de \u00eengrijire a fe\u021bei \u0219i a corpului. \u00centreaga gam\u0103 este completat\u0103 de suplimente nutritive valoroase.<\/p>\n","protected":false},"featured_media":4863,"template":"","meta":{"_et_pb_use_builder":"","_et_pb_old_content":"","_et_gb_content_width":""},"product_cat":[15,49],"product_tag":[],"_links":{"self":[{"href":"https:\/\/www.magnolioworld.com\/green-ro\/wp-json\/wp\/v2\/product\/4864"}],"collection":[{"href":"https:\/\/www.magnolioworld.com\/green-ro\/wp-json\/wp\/v2\/product"}],"about":[{"href":"https:\/\/www.magnolioworld.com\/green-ro\/wp-json\/wp\/v2\/types\/product"}],"wp:featuredmedia":[{"embeddable":true,"href":"https:\/\/www.magnolioworld.com\/green-ro\/wp-json\/wp\/v2\/media\/4863"}],"wp:attachment":[{"href":"https:\/\/www.magnolioworld.com\/green-ro\/wp-json\/wp\/v2\/media?parent=4864"}],"wp:term":[{"taxonomy":"product_cat","embeddable":true,"href":"https:\/\/www.magnolioworld.com\/green-ro\/wp-json\/wp\/v2\/product_cat?post=4864"},{"taxonomy":"product_tag","embeddable":true,"href":"https:\/\/www.magnolioworld.com\/green-ro\/wp-json\/wp\/v2\/product_tag?post=4864"}],"curies":[{"name":"wp","href":"https:\/\/api.w.org\/{rel}","templated":true}]}}