{"id":4658,"date":"2023-01-18T17:01:20","date_gmt":"2023-01-18T16:01:20","guid":{"rendered":"https:\/\/www.magnolio.at\/doterra-move-diffuser-mit-citrus-spring\/"},"modified":"2024-03-28T13:01:06","modified_gmt":"2024-03-28T12:01:06","slug":"doterra-move-diffuser-cu-citrus-spring","status":"publish","type":"product","link":"https:\/\/www.magnolioworld.com\/green-ro\/doterra-move-diffuser-cu-citrus-spring\/","title":{"rendered":"doTERRA Move Diffuser cu Citrus Spring"},"content":{"rendered":"<p><strong>doTERRA Move Diffuser cu Citrus Spring<\/strong> &#8211; Setul ideal pentru a \u00eenso\u021bi parfumul de prim\u0103var\u0103 Citrus Spring<\/p>\n<p>Cel mai mic \u0219i mai u\u0219or de manevrat difuzor este ideal pentru a v\u0103 bucura de parfumul de prim\u0103var\u0103 Citrus Spring pulverizat, oriunde v-a\u021bi afla. Acesta poate fi utilizat fie \u00een regim de func\u021bionare continu\u0103, fie doar pentru o perioad\u0103 scurt\u0103 de timp, atunci c\u00e2nd este necesar, pentru a v\u0103 bucura rapid de amestecul Citrus Spring, care v\u0103 \u00eenvesele\u0219te \u0219i v\u0103 ridic\u0103 starea de spirit.<br \/>\ndoTERRA Move Diffuser cu Citrus Spring poate fi utilizat fie f\u0103r\u0103 cablu, fie \u00eenc\u0103rcat \u0219i utilizat prin intermediul portului USB.<\/p>\n<p>Las\u0103-te inspirat de aromele prim\u0103verii pe tot parcursul zilei cu amestecul de uleiuri esen\u021biale Citrus Spring din aceast\u0103 combina\u021bie special\u0103. Ideal ca un cadou. Ambele produse sunt oferte cu durat\u0103 limitat\u0103.<\/p>\n<p>Este posibil s\u0103 existe o limit\u0103 de comand\u0103 (2 difuzoare) din cauza reglement\u0103rilor privind transportul aerian pentru bateriile litiu-ion.<\/p>\n<p><strong>Recomandare<\/strong><br \/>\nDifuzor: Respecta\u021bi recomand\u0103rile de aplicare din descrierea produsului.<br \/>\nUleiuri: Urma\u021bi recomand\u0103rile pentru fiecare ulei \u00een parte.<\/p>\n<p><strong>Aplica\u021bie sigur\u0103<\/strong><br \/>\nDifuzor: Respecta\u021bi instruc\u021biunile de siguran\u021b\u0103 din descrierea produsului<br \/>\nUleiuri: Urma\u021bi recomand\u0103rile pentru fiecare ulei \u00een parte.<\/p>\n","protected":false},"excerpt":{"rendered":"<h2 style=\"font-size: 28px;\">Micul difuzor portabil re\u00eenc\u0103rcabil portabil pentru oriunde<\/h2>\n<p>doTERRA Move Diffuser cu Citrus Spring &#8211; Este cel mai mic \u0219i cel mai la \u00eendem\u00e2n\u0103 difuzor de la doTERRA, ideal pentru c\u0103l\u0103torii \u0219i se potrive\u0219te chiar \u0219i \u00een cea mai mic\u0103 geant\u0103 de m\u00e2n\u0103.<\/p>\n","protected":false},"featured_media":4657,"template":"","meta":{"_et_pb_use_builder":"","_et_pb_old_content":"","_et_gb_content_width":""},"product_cat":[15,57],"product_tag":[],"_links":{"self":[{"href":"https:\/\/www.magnolioworld.com\/green-ro\/wp-json\/wp\/v2\/product\/4658"}],"collection":[{"href":"https:\/\/www.magnolioworld.com\/green-ro\/wp-json\/wp\/v2\/product"}],"about":[{"href":"https:\/\/www.magnolioworld.com\/green-ro\/wp-json\/wp\/v2\/types\/product"}],"wp:featuredmedia":[{"embeddable":true,"href":"https:\/\/www.magnolioworld.com\/green-ro\/wp-json\/wp\/v2\/media\/4657"}],"wp:attachment":[{"href":"https:\/\/www.magnolioworld.com\/green-ro\/wp-json\/wp\/v2\/media?parent=4658"}],"wp:term":[{"taxonomy":"product_cat","embeddable":true,"href":"https:\/\/www.magnolioworld.com\/green-ro\/wp-json\/wp\/v2\/product_cat?post=4658"},{"taxonomy":"product_tag","embeddable":true,"href":"https:\/\/www.magnolioworld.com\/green-ro\/wp-json\/wp\/v2\/product_tag?post=4658"}],"curies":[{"name":"wp","href":"https:\/\/api.w.org\/{rel}","templated":true}]}}