{"id":4636,"date":"2023-01-17T17:11:32","date_gmt":"2023-01-17T16:11:32","guid":{"rendered":"https:\/\/www.magnolio.at\/doterra-dawn-diffuser-mit-air-x\/"},"modified":"2025-05-15T17:13:23","modified_gmt":"2025-05-15T15:13:23","slug":"doterra-dawn-diffuser-cu-air-x","status":"publish","type":"product","link":"https:\/\/www.magnolioworld.com\/green-ro\/doterra-dawn-diffuser-cu-air-x\/","title":{"rendered":"doTERRA Dawn Diffuser cu Air X"},"content":{"rendered":"<p><strong>doTERRA Dawn Diffuser cu Air X<\/strong> &#8211; Setul ideal pentru \u00eencep\u0103tori: Umidificatorul pentru o stare de bine suprem\u0103 \u0219i amestecul de uleiuri purificatoare Air X<\/p>\n<p>Acest difuzor poate difuza delicat \u0219i u\u0219or uleiurile dvs. preferate. De asemenea, asigur\u0103 un climat interior s\u0103n\u0103tos, deoarece capacitatea sa de 1,8 litri garanteaz\u0103 \u00eentotdeauna o umiditate optim\u0103 \u0219i previne astfel \u00een mod eficient bolile respiratorii. \u00cen regim de func\u021bionare continu\u0103,\u00a0<strong>doTERRA Dawn Diffuser cu Air X <\/strong>poate func\u021biona timp de p\u00e2n\u0103 la 22 de ore. Pe timp de noapte, suport\u0103 un mod de somn inteligent (Smart Step Mode) pentru o umiditate optim\u0103 \u0219i creeaz\u0103 astfel un mediu optim pentru un somn lini\u0219tit \u0219i s\u0103n\u0103tos.<\/p>\n<p>Sprijin optim pentru s\u0103n\u0103tatea dumneavoastr\u0103, fie c\u0103 v\u0103 afla\u021bi acas\u0103, la birou sau \u00een cabinet. De asemenea, ideal ca un cadou s\u0103n\u0103tos.<\/p>\n<p>Pentru to\u021bi cei care sunt \u00een c\u0103utarea unui set de pornire optim, acest difuzor este disponibil aici \u00een pachet cu amestecul purificator pentru c\u0103ile respiratorii doTERRA Air-X.<\/p>\n<p>Recomandat pentru un maxim de. Camera are o suprafa\u021b\u0103 de 25 de metri p\u0103tra\u021bi. Pentru \u00eenc\u0103peri mai mari, folosi\u021bi mai multe difuzoare.<\/p>\n<p><strong>Recomandare<\/strong><br \/>\nDifuzor: Respecta\u021bi recomand\u0103rile de aplicare din descrierea produsului.<br \/>\nUleiuri: Urma\u021bi recomand\u0103rile pentru fiecare ulei \u00een parte.<\/p>\n<p><strong>Aplica\u021bie sigur\u0103<\/strong><br \/>\nDifuzor: Respecta\u021bi instruc\u021biunile de siguran\u021b\u0103 din descrierea produsului<br \/>\nUleiuri: Urma\u021bi recomand\u0103rile pentru fiecare ulei \u00een parte.<\/p>\n","protected":false},"excerpt":{"rendered":"<h2 style=\"font-size: 28px;\">Umidificatorul DAWN Aroma ca set ideal pentru \u00eenceput de drum<\/h2>\n<p><strong>doTERRA Dawn Diffuser cu Air X<\/strong>\u00a0&#8211; Umidificatorul pentru o stare de bine suprem\u0103. Acest difuzor poate difuza delicat \u0219i u\u0219or uleiurile dvs. preferate. De asemenea, asigur\u0103 un climat interior s\u0103n\u0103tos, deoarece capacitatea sa de 1,8 litri garanteaz\u0103 \u00eentotdeauna o umiditate optim\u0103 \u0219i previne astfel \u00een mod eficient bolile respiratorii. \u00cempreun\u0103 cu amestecul purificator pentru c\u0103ile respiratorii Air-X, acesta este setul ideal pentru \u00eencep\u0103tori.<\/p>\n","protected":false},"featured_media":4635,"template":"","meta":{"_et_pb_use_builder":"","_et_pb_old_content":"","_et_gb_content_width":""},"product_cat":[15,57],"product_tag":[],"_links":{"self":[{"href":"https:\/\/www.magnolioworld.com\/green-ro\/wp-json\/wp\/v2\/product\/4636"}],"collection":[{"href":"https:\/\/www.magnolioworld.com\/green-ro\/wp-json\/wp\/v2\/product"}],"about":[{"href":"https:\/\/www.magnolioworld.com\/green-ro\/wp-json\/wp\/v2\/types\/product"}],"wp:featuredmedia":[{"embeddable":true,"href":"https:\/\/www.magnolioworld.com\/green-ro\/wp-json\/wp\/v2\/media\/4635"}],"wp:attachment":[{"href":"https:\/\/www.magnolioworld.com\/green-ro\/wp-json\/wp\/v2\/media?parent=4636"}],"wp:term":[{"taxonomy":"product_cat","embeddable":true,"href":"https:\/\/www.magnolioworld.com\/green-ro\/wp-json\/wp\/v2\/product_cat?post=4636"},{"taxonomy":"product_tag","embeddable":true,"href":"https:\/\/www.magnolioworld.com\/green-ro\/wp-json\/wp\/v2\/product_tag?post=4636"}],"curies":[{"name":"wp","href":"https:\/\/api.w.org\/{rel}","templated":true}]}}