{"id":4634,"date":"2023-01-17T16:56:10","date_gmt":"2023-01-17T15:56:10","guid":{"rendered":"https:\/\/www.magnolio.at\/doterra-dawn-diffuser\/"},"modified":"2025-05-15T17:14:18","modified_gmt":"2025-05-15T15:14:18","slug":"doterra-dawn-diffuser","status":"publish","type":"product","link":"https:\/\/www.magnolioworld.com\/green-ro\/doterra-dawn-diffuser\/","title":{"rendered":"doTERRA Dawn Diffuser"},"content":{"rendered":"<p><strong>doTERRA Dawn Diffuser<\/strong> &#8211; Umidificatorul pentru o stare de bine suprem\u0103<\/p>\n<p>Acest difuzor poate difuza delicat \u0219i u\u0219or uleiurile dvs. preferate. De asemenea, asigur\u0103 un climat interior s\u0103n\u0103tos, deoarece capacitatea sa de 1,8 litri garanteaz\u0103 \u00eentotdeauna o umiditate optim\u0103 \u0219i previne astfel \u00een mod eficient bolile respiratorii.<br \/>\n\u00cen regim de func\u021bionare continu\u0103,\u00a0<strong>doTERRA Dawn Diffuser <\/strong>poate func\u021biona timp de p\u00e2n\u0103 la 22 de ore. Pe timp de noapte, suport\u0103 un mod de somn inteligent (Smart Step Mode) pentru o umiditate optim\u0103 \u0219i creeaz\u0103 astfel un mediu optim pentru un somn lini\u0219tit \u0219i s\u0103n\u0103tos.<\/p>\n<p>Suportul optim pentru s\u0103n\u0103tatea dumneavoastr\u0103, fie c\u0103 v\u0103 afla\u021bi acas\u0103, la birou sau \u00een cabinet. De asemenea, ideal ca un cadou s\u0103n\u0103tos.<\/p>\n<p>Pentru cei care caut\u0103 un set de pornire ideal, acest difuzor este disponibil \u0219i \u00een pachet cu amestecul purificator pentru c\u0103ile respiratorii doTERRA Air-X.<\/p>\n<p>Recomandat pentru un maxim de. Camera are o suprafa\u021b\u0103 de 25 de metri p\u0103tra\u021bi. Pentru \u00eenc\u0103peri mai mari, folosi\u021bi mai multe difuzoare.<\/p>\n<p><strong>Recomandare<\/strong><br \/>\nRespecta\u021bi recomand\u0103rile de aplicare din descrierea produsului<\/p>\n<p><strong>Aplica\u021bie sigur\u0103<\/strong><br \/>\nRespecta\u021bi instruc\u021biunile de siguran\u021b\u0103 din descrierea produsului<\/p>\n","protected":false},"excerpt":{"rendered":"<h2 style=\"font-size: 28px;\">Umidificator Dawn Aroma<\/h2>\n<p>doTERRA Dawn Diffuser &#8211; Umidificatorul pentru o stare de bine suprem\u0103. Acest difuzor poate difuza delicat \u0219i u\u0219or uleiurile dvs. preferate. De asemenea, asigur\u0103 un climat interior s\u0103n\u0103tos, deoarece capacitatea sa de 1,8 litri garanteaz\u0103 \u00eentotdeauna o umiditate optim\u0103 \u0219i previne astfel \u00een mod eficient bolile respiratorii.<\/p>\n","protected":false},"featured_media":4633,"template":"","meta":{"_et_pb_use_builder":"","_et_pb_old_content":"","_et_gb_content_width":""},"product_cat":[15,57],"product_tag":[],"_links":{"self":[{"href":"https:\/\/www.magnolioworld.com\/green-ro\/wp-json\/wp\/v2\/product\/4634"}],"collection":[{"href":"https:\/\/www.magnolioworld.com\/green-ro\/wp-json\/wp\/v2\/product"}],"about":[{"href":"https:\/\/www.magnolioworld.com\/green-ro\/wp-json\/wp\/v2\/types\/product"}],"wp:featuredmedia":[{"embeddable":true,"href":"https:\/\/www.magnolioworld.com\/green-ro\/wp-json\/wp\/v2\/media\/4633"}],"wp:attachment":[{"href":"https:\/\/www.magnolioworld.com\/green-ro\/wp-json\/wp\/v2\/media?parent=4634"}],"wp:term":[{"taxonomy":"product_cat","embeddable":true,"href":"https:\/\/www.magnolioworld.com\/green-ro\/wp-json\/wp\/v2\/product_cat?post=4634"},{"taxonomy":"product_tag","embeddable":true,"href":"https:\/\/www.magnolioworld.com\/green-ro\/wp-json\/wp\/v2\/product_tag?post=4634"}],"curies":[{"name":"wp","href":"https:\/\/api.w.org\/{rel}","templated":true}]}}