{"id":4600,"date":"2023-01-14T18:13:46","date_gmt":"2023-01-14T17:13:46","guid":{"rendered":"https:\/\/www.magnolio.at\/doterra-on-guard-reinigungstuecher\/"},"modified":"2025-01-05T11:56:45","modified_gmt":"2025-01-05T10:56:45","slug":"doterra-on-guard-servetele-de-curatare","status":"publish","type":"product","link":"https:\/\/www.magnolioworld.com\/green-ro\/doterra-on-guard-servetele-de-curatare\/","title":{"rendered":"doTERRA On Guard \u0218erve\u021bele de cur\u0103\u021bare"},"content":{"rendered":"<div class=\"spotlight__head-item spotlight__head-item--copy\">\n<p class=\"spotlight__head-title\"><strong>doTERRA On Guard \u0218erve\u021bele de cur\u0103\u021bare<\/strong> &#8211; Protec\u021bia ideal\u0103 atunci c\u00e2nd c\u0103l\u0103tori\u021bi<\/p>\n<div class=\"spotlight__head-copy\">\n<p>doTERRA On Guard \u0218erve\u021bele de cur\u0103\u021bare sunt \u00een sf\u00e2r\u0219it disponibile. Cu amestecul protector doTERRA On Guard, acestea asigur\u0103 o cur\u0103\u021benie igienic\u0103 optim\u0103 \u0219i \u00eendep\u0103rteaz\u0103 delicat murd\u0103ria.<\/p>\n<p>Aceste \u0219erve\u021bele de cur\u0103\u021bare, ambalate individual, nu numai c\u0103 \u00eendep\u0103rteaz\u0103 \u00een profunzime toate tipurile de impurit\u0103\u021bi, dar las\u0103 pielea hr\u0103nit\u0103 \u0219i hidratat\u0103.<\/p>\n<p>Deoarece \u00eencap \u00een orice bagaj, sunt ideale pentru c\u0103l\u0103torii. Fie \u00een geant\u0103, \u00een valiz\u0103 sau \u00een ma\u0219in\u0103. De asemenea, este ideal pentru cei care c\u0103l\u0103toresc cu copii sau pentru sport.<\/p>\n<p>\u00cembibate cu amestecul de uleiuri esen\u021biale On Guard \u0219i extract de frunze de aloe, \u0219erve\u021belele v\u0103 cur\u0103\u021b\u0103 delicat m\u00e2inile \u0219i pe cele ale copiilor dumneavoastr\u0103. Acestea con\u021bin alcool etilic 70% pentru a ob\u021bine o cur\u0103\u021bare deosebit de eficient\u0103. \u0218erve\u021belele de cur\u0103\u021bare doTERRA On Guard con\u021bin, de asemenea, amestecul On Guard de uleiuri esen\u021biale de eucalipt, portocal\u0103 s\u0103lbatic\u0103, cui\u0219oare, scor\u021bi\u0219oar\u0103 \u0219i rozmarin.<br \/>\nAcest lucru asigur\u0103 protec\u021bie \u0219i o igien\u0103 optim\u0103 \u00eentre utiliz\u0103ri.<\/p>\n<p>Bucura\u021bi-v\u0103 de senza\u021bia de cur\u0103\u021benie \u0219i protec\u021bie peste tot, cu parfumul minunat al amestecului protector On Guard.<\/p>\n<p><strong>Recomandare<br \/>\n<\/strong> Folosi\u021bi \u0219erve\u021belele pretutindeni pentru a ob\u021bine m\u00e2ini curate din punct de vedere igienic atunci c\u00e2nd nu sunt disponibile facilit\u0103\u021bi de sp\u0103lare \u0219i s\u0103pun. De asemenea, este ideal dup\u0103 vizitarea unor zone frecventate frecvent, cum ar fi zonele de service de pe autostr\u0103zi.<br \/>\nCerere: Cur\u0103\u021ba\u021bi bine m\u00e2inile cu o c\u00e2rp\u0103 \u0219i l\u0103sa\u021bi-le s\u0103 se usuce. Nu v\u0103 sp\u0103la\u021bi dup\u0103 aceea. Nu arunca\u021bi \u0219erve\u021belul \u00een toalet\u0103.<\/p>\n<p><strong>Utilizare sigur\u0103<br \/>\n<\/strong>A nu se l\u0103sa la \u00eendem\u00e2na copiilor. Evita\u021bi contactul cu ochii \u0219i cu pielea sensibil\u0103 din jurul ochilor. \u00cen caz de contact cu ochii, cl\u0103ti\u021bi bine ochiul afectat cu mult\u0103 ap\u0103. Nu utiliza\u021bi produsul \u0219i nu solicita\u021bi sfatul medicului dac\u0103 apar \u0219i persist\u0103 irita\u021bii sau erup\u021bii cutanate. Nu depozita\u021bi la temperaturi mai mari de 38 de grade.<\/p>\n<\/div>\n<\/div>\n","protected":false},"excerpt":{"rendered":"<h2 style=\"font-size: 28px;\">\u0218erve\u021bele de cur\u0103\u021bare cu amestec protector On Guard<\/h2>\n<p>doTERRA On Guard \u0218erve\u021bele de cur\u0103\u021bare &#8211; Bucura\u021bi-v\u0103 de senza\u021bia de cur\u0103\u021benie igienic\u0103 pretutindeni cu parfumul minunat al amestecului protector. Ideal pentru o protec\u021bie igienic\u0103 optim\u0103 \u00een via\u021ba activ\u0103.<\/p>\n","protected":false},"featured_media":4599,"template":"","meta":{"_et_pb_use_builder":"","_et_pb_old_content":"","_et_gb_content_width":""},"product_cat":[15,51,53],"product_tag":[],"_links":{"self":[{"href":"https:\/\/www.magnolioworld.com\/green-ro\/wp-json\/wp\/v2\/product\/4600"}],"collection":[{"href":"https:\/\/www.magnolioworld.com\/green-ro\/wp-json\/wp\/v2\/product"}],"about":[{"href":"https:\/\/www.magnolioworld.com\/green-ro\/wp-json\/wp\/v2\/types\/product"}],"wp:featuredmedia":[{"embeddable":true,"href":"https:\/\/www.magnolioworld.com\/green-ro\/wp-json\/wp\/v2\/media\/4599"}],"wp:attachment":[{"href":"https:\/\/www.magnolioworld.com\/green-ro\/wp-json\/wp\/v2\/media?parent=4600"}],"wp:term":[{"taxonomy":"product_cat","embeddable":true,"href":"https:\/\/www.magnolioworld.com\/green-ro\/wp-json\/wp\/v2\/product_cat?post=4600"},{"taxonomy":"product_tag","embeddable":true,"href":"https:\/\/www.magnolioworld.com\/green-ro\/wp-json\/wp\/v2\/product_tag?post=4600"}],"curies":[{"name":"wp","href":"https:\/\/api.w.org\/{rel}","templated":true}]}}