{"id":4594,"date":"2023-01-14T17:24:42","date_gmt":"2023-01-14T16:24:42","guid":{"rendered":"https:\/\/www.magnolio.at\/doterra-on-guard-seifenspender\/"},"modified":"2024-11-11T10:04:08","modified_gmt":"2024-11-11T09:04:08","slug":"doterra-on-guard-dispenser","status":"publish","type":"product","link":"https:\/\/www.magnolioworld.com\/green-ro\/doterra-on-guard-dispenser\/","title":{"rendered":"doTERRA On Guard dispenser"},"content":{"rendered":"<p><strong>doTERRA On Guard dispenser &#8211; <\/strong>Pentru o spum\u0103 de s\u0103pun minunat de delicat\u0103 \u00eentr-un design elegant<\/p>\n<p>Acest dozator de culoarea chihlimbarului pentru s\u0103punul de m\u00e2ini spumant creeaz\u0103 o spum\u0103 delicat\u0103 \u0219i utilizeaz\u0103 optim con\u021binutul p\u00e2n\u0103 la ultima pic\u0103tur\u0103 din pre\u021biosul s\u0103pun de m\u00e2ini.<\/p>\n<p>Este decorativ, astfel \u00eenc\u00e2t designul s\u0103u special \u0219i elegant se potrive\u0219te perfect \u00een baie sau \u00een orice buc\u0103t\u0103rie. Pute\u021bi umple acest dozator de s\u0103pun cu s\u0103punuri de m\u00e2n\u0103 spumante de la d\u014dTERRA. Capacitatea sa este de 236,5 ml. \u00cendep\u0103rtarea s\u0103punului cu o singur\u0103 m\u00e2n\u0103 este u\u0219oar\u0103 \u0219i igienic\u0103. Foarte practic \u00een sectoarele de \u00eengrijire, cosmetic\u0103, wellness, birouri \u0219i cabinete. Dar este, de asemenea, un ajutor nepre\u021buit acas\u0103.<\/p>\n<p>De asemenea, pute\u021bi utiliza setul economic de 2 s\u0103punuri de m\u00e2ini sau setul de 3 dozatoare pentru a le folosi peste tot.<\/p>\n<p>De asemenea, ideal ca un cadou valoros, ideal \u00eempreun\u0103 cu s\u0103punul de m\u00e2ini asortat.<\/p>\n","protected":false},"excerpt":{"rendered":"<h2 style=\"font-size: 28px;\">Distribuitorul de s\u0103pun elegant<\/h2>\n<p>doTERRA On Guard dispenser &#8211; Acest dozator de s\u0103pun este ideal pentru o spum\u0103 de s\u0103pun minunat de delicat\u0103, \u00eentr-un design elegant. Poate fi umplut cu doTERRA Hand Wash. Are o capacitate de 236,5 ml.<\/p>\n","protected":false},"featured_media":4593,"template":"","meta":{"_et_pb_use_builder":"","_et_pb_old_content":"","_et_gb_content_width":""},"product_cat":[15,57,53],"product_tag":[],"_links":{"self":[{"href":"https:\/\/www.magnolioworld.com\/green-ro\/wp-json\/wp\/v2\/product\/4594"}],"collection":[{"href":"https:\/\/www.magnolioworld.com\/green-ro\/wp-json\/wp\/v2\/product"}],"about":[{"href":"https:\/\/www.magnolioworld.com\/green-ro\/wp-json\/wp\/v2\/types\/product"}],"wp:featuredmedia":[{"embeddable":true,"href":"https:\/\/www.magnolioworld.com\/green-ro\/wp-json\/wp\/v2\/media\/4593"}],"wp:attachment":[{"href":"https:\/\/www.magnolioworld.com\/green-ro\/wp-json\/wp\/v2\/media?parent=4594"}],"wp:term":[{"taxonomy":"product_cat","embeddable":true,"href":"https:\/\/www.magnolioworld.com\/green-ro\/wp-json\/wp\/v2\/product_cat?post=4594"},{"taxonomy":"product_tag","embeddable":true,"href":"https:\/\/www.magnolioworld.com\/green-ro\/wp-json\/wp\/v2\/product_tag?post=4594"}],"curies":[{"name":"wp","href":"https:\/\/api.w.org\/{rel}","templated":true}]}}