{"id":4588,"date":"2023-01-13T20:05:13","date_gmt":"2023-01-13T19:05:13","guid":{"rendered":"https:\/\/www.magnolio.at\/doterra-supermint-touch\/"},"modified":"2025-10-11T13:50:19","modified_gmt":"2025-10-11T11:50:19","slug":"doterra-supermint-touch","status":"publish","type":"product","link":"https:\/\/www.magnolioworld.com\/green-ro\/doterra-supermint-touch\/","title":{"rendered":"doTERRA Supermint Touch"},"content":{"rendered":"<div class=\"spotlight__head-copy\">\n<p><strong>doTERRA Supermint<\/strong> <strong>Touch<\/strong> &#8211; Combina\u021bia proasp\u0103t\u0103 a celor mai valoroase uleiuri de ment\u0103 &#8211; Uleiul perspectivei &#8211; Aici ca o atingere gata de utilizare<\/p>\n<p>SuperMint este o combina\u021bie proasp\u0103t\u0103 \u0219i special\u0103 a celor mai bune uleiuri de ment\u0103 de la d\u014dTERRA. Aroma este mentolat\u0103, dulceag\u0103 \u0219i u\u0219or ierboas\u0103.<br \/>\nAcest amestec special \u0219i puternic este alc\u0103tuit din uleiuri esen\u021biale de ment\u0103, ment\u0103 japonez\u0103, ment\u0103 bergamot\u0103 \u0219i ment\u0103 verde.  <\/p>\n<p>Re\u00eemprosp\u0103teaz\u0103 \u0219i revitalizeaz\u0103 \u00eentr-un mod eficient, dar lini\u0219titor \u0219i delicat. Ideal\u0103 pentru cei c\u0103rora menta li se pare prea picant\u0103.<\/p>\n<p>\u00cen general, doTERRA Supermint Touch revitalizeaz\u0103 sim\u021burile \u0219i este o minunat\u0103 re\u00eemprosp\u0103tare \u00eentre mese, atunci c\u00e2nd oboseala ne chinuie la birou, la \u0219coal\u0103 sau acas\u0103.<\/p>\n<p>Mentolul este, de asemenea, cunoscut pentru faptul c\u0103 produce o senza\u021bie de r\u0103coare, care poate fi folosit\u0103 de minune \u00een tratamentele de wellness.<\/p>\n<p>Din punct de vedere emo\u021bional, ne ajut\u0103 s\u0103 g\u0103sim noi perspective \u0219i \u00eencredere, mai ales \u00een perioadele de schimbare \u0219i transformare.<\/p>\n<p>Aici, ca o atingere gata de utilizare, amestecat\u0103 cu ulei de nuc\u0103 de cocos pentru a fi folosit\u0103 \u00een deplasare. <strong>DoTERRA Supermint Touch <\/strong>este, de asemenea, ideal pentru a v\u0103 re\u00eemprosp\u0103ta atunci c\u00e2nd studia\u021bi, la conferin\u021be lungi sau c\u00e2nd c\u0103l\u0103tori\u021bi cu ma\u0219ina.<\/p>\n<p><strong>Recomandare<br \/>\n<\/strong>Aromatic: Inhala\u021bi pe palmele m\u00e2inilor pentru a crea un efect emo\u021bional optim.<br \/>\nTopical: Aplica\u021bi la atingere pentru un efect de r\u0103cire dup\u0103 plaj\u0103. Bucura\u021bi-v\u0103 de efectul calmant dup\u0103 o sesiune de sport. Aplica\u021bi amestecul revigorant pe ceaf\u0103 sau \u00een palmele m\u00e2inilor pentru o mai mare vigilen\u021b\u0103 mental\u0103 \u0219i o rezisten\u021b\u0103 mai mare la locul de munc\u0103 sau \u00een timpul sportului. \u00cemprosp\u0103ta\u021bi-v\u0103 \u0219i revigora\u021bi-v\u0103 dup\u0103 o zi lung\u0103 cu un masaj.<\/p>\n<p><strong>Utilizare sigur\u0103<\/strong><br \/>\nPoate provoca irita\u021bii ale pielii. A nu se p\u0103stra la \u00eendem\u00e2na copiilor. Dac\u0103 sunte\u021bi \u00eens\u0103rcinat\u0103 sau urma\u021bi un tratament medical, v\u0103 rug\u0103m s\u0103 v\u0103 adresa\u021bi medicului dumneavoastr\u0103. Evita\u021bi contactul cu ochii, urechile interne, fa\u021ba, zonele sensibile \u0219i membranele mucoase.<\/p>\n<\/div>\n","protected":false},"excerpt":{"rendered":"<h2 style=\"font-size: 28px\">Mixtura de ment\u0103 Roll-On<\/h2>\n<p>doTERRA Supermint Touch &#8211; Combina\u021bia proasp\u0103t\u0103 a celor mai valoroase uleiuri de ment\u0103 \u00eentr-o atingere gata de utilizare pentru a fi folosit\u0103 \u00een deplasare. Ideal pentru o lovitur\u0103 de prospe\u021bime \u00eentre timp. Folosi\u021bi uleiul perspectivei pentru a privi \u00eenainte cu \u00eencredere \u0219i creativitate \u00een timpul proceselor de schimbare.<\/p>\n","protected":false},"featured_media":4589,"template":"","meta":{"_et_pb_use_builder":"","_et_pb_old_content":"","_et_gb_content_width":""},"product_cat":[15,51,2103],"product_tag":[],"_links":{"self":[{"href":"https:\/\/www.magnolioworld.com\/green-ro\/wp-json\/wp\/v2\/product\/4588"}],"collection":[{"href":"https:\/\/www.magnolioworld.com\/green-ro\/wp-json\/wp\/v2\/product"}],"about":[{"href":"https:\/\/www.magnolioworld.com\/green-ro\/wp-json\/wp\/v2\/types\/product"}],"wp:featuredmedia":[{"embeddable":true,"href":"https:\/\/www.magnolioworld.com\/green-ro\/wp-json\/wp\/v2\/media\/4589"}],"wp:attachment":[{"href":"https:\/\/www.magnolioworld.com\/green-ro\/wp-json\/wp\/v2\/media?parent=4588"}],"wp:term":[{"taxonomy":"product_cat","embeddable":true,"href":"https:\/\/www.magnolioworld.com\/green-ro\/wp-json\/wp\/v2\/product_cat?post=4588"},{"taxonomy":"product_tag","embeddable":true,"href":"https:\/\/www.magnolioworld.com\/green-ro\/wp-json\/wp\/v2\/product_tag?post=4588"}],"curies":[{"name":"wp","href":"https:\/\/api.w.org\/{rel}","templated":true}]}}