{"id":4584,"date":"2023-01-13T19:09:21","date_gmt":"2023-01-13T18:09:21","guid":{"rendered":"https:\/\/www.magnolio.at\/doterra-on-guard-mist-5er-pack\/"},"modified":"2025-11-17T17:18:02","modified_gmt":"2025-11-17T16:18:02","slug":"doterra-on-guard-mist-5x","status":"publish","type":"product","link":"https:\/\/www.magnolioworld.com\/green-ro\/doterra-on-guard-mist-5x\/","title":{"rendered":"doTERRA On Guard Mist 5x"},"content":{"rendered":"<p><strong>doTERRA On Guard Mist 5x<\/strong> &#8211; Spray-ul dovedit al amestecului de protec\u021bie \u00eentr-un pachet economic de 5 buc\u0103\u021bi<\/p>\n<p>\u00cen aceste vremuri speciale, at\u00e2t de multe lucruri vin spre noi din exterior. De aceea, este cu at\u00e2t mai important s\u0103 ne protej\u0103m sistemul imunitar c\u00e2t mai bine posibil, astfel \u00eenc\u00e2t acesta s\u0103 fie echipat \u00een mod optim \u00eempotriva influen\u021belor externe de orice fel. <\/p>\n<p>Cu toate acestea, perioadele de criz\u0103, stresul \u0219i situa\u021biile stresante din mediul \u00eenconjur\u0103tor sl\u0103besc considerabil acest scut protector. Sistemul nostru imunitar are nevoie de cel mai bun sprijin posibil pe tot parcursul anului. Pentru c\u0103 un sistem imunitar sl\u0103bit v\u0103 poate scoate u\u0219or din circuit \u0219i v\u0103 poate opri pentru s\u0103pt\u0103m\u00e2ni \u00eentregi.<\/p>\n<p><strong>doTERRA On Guard Mist 5x<\/strong> a fost creat special pentru a v\u0103 \u00eent\u0103ri \u0219i sus\u021bine sistemul imunitar \u00een cel mai bun mod posibil. Ingredientul activ derivat natural, alcoolul etilic, dezinfecteaz\u0103 eficient m\u00e2inile, sus\u021bin\u00e2nd efectul de cur\u0103\u021bare al ce\u021bii de pulverizare.<br \/>\nAmestecul este o compozi\u021bie armonizat\u0103 cu precizie a uleiurilor esen\u021biale de portocal\u0103 s\u0103lbatic\u0103, cui\u0219oare, scoar\u021b\u0103 de scor\u021bi\u0219oar\u0103, eucalipt \u0219i rozmarin. Acest amestec energizant \u0219i de ridicare a st\u0103rii de spirit este o necesitate, mai ales \u00een perioada de tranzi\u021bie, dar este, de asemenea, foarte util ca m\u0103sur\u0103 preventiv\u0103 pe tot parcursul anului.<\/p>\n<p>On Guard se \u00eenf\u0103\u0219oar\u0103 \u00een jurul \u00eentregului corp ca un scut protector, ofer\u0103, de asemenea, protec\u021bie energetic\u0103 \u0219i are un efect dezinfectant \u0219i de cur\u0103\u021bare natural\u0103.<\/p>\n<p>Bruma On Guard Mist, prietenoas\u0103 cu pielea \u0219i hidratant\u0103, a fost creat\u0103 pentru o utilizare practic\u0103 \u00een timpul deplas\u0103rii. Cur\u0103\u021b\u0103 m\u00e2inile \u0219i suprafe\u021bele delicat, eficient \u0219i pentru o perioad\u0103 lung\u0103 de timp. Acest lucru \u00eel face ideal pentru a fi utilizat \u00een timpul c\u0103l\u0103toriilor sau \u00een timpul sportului, precum \u0219i \u00een cabinet, studio \u0219i birou.<br \/>\nDe asemenea, poate fi folosit \u00een mod minunat pe plan emo\u021bional ca protec\u021bie energetic\u0103, \u00een special pentru adun\u0103ri mari de oameni.<\/p>\n<p>Cur\u0103\u021barea m\u00e2inilor cu cea\u021ba practic\u0103 de pulverizare este ideal\u0103 pentru protec\u021bia \u00een mi\u0219care. Cu <strong>doTERRA On Guard Mist 5x<\/strong> spray-uri, acesta este \u00eentotdeauna la \u00eendem\u00e2n\u0103.<\/p>\n<p>O varietate de produse de uz casnic On Guard, cum ar fi detergentul On Guard \u0219i detergentul On Guard, asigur\u0103 o protec\u021bie optim\u0103 \u00een cas\u0103.<\/p>\n<p>Face\u021bi cuno\u0219tin\u021b\u0103 cu celelalte produse On Guard pentru uz casnic, pentru \u00eengrijirea dentar\u0103 \u0219i pentru bun\u0103starea dumneavoastr\u0103.<\/p>\n<p><strong>Recomandare<br \/>\n<\/strong> doTERRA On Guard Mist ar trebui s\u0103 fie \u00eentotdeauna la tine atunci c\u00e2nd c\u0103l\u0103tore\u0219ti pentru a-\u021bi p\u0103stra m\u00e2inile curate \u0219i protejate atunci c\u00e2nd este nevoie. Poate fi utilizat \u0219i pentru cur\u0103\u021barea suprafe\u021belor din avioane sau oriunde este necesar. Pulveriza\u021bi \u00een jurul corpului de la o distan\u021b\u0103 de 30 cm pentru protec\u021bie energetic\u0103. Proteja\u021bi-v\u0103 ochii atunci c\u00e2nd face\u021bi acest lucru.<br \/>\nAplicare: Agita\u021bi bine \u00eenainte de utilizare \u0219i aplica\u021bi 1-2 pulveriz\u0103ri pe m\u00e2ini \u0219i freca\u021bi. A\u0219tepta\u021bi p\u00e2n\u0103 c\u00e2nd acestea s-au uscat.<\/p>\n<p><strong>Siguran\u021b\u0103 de utilizare<br \/>\n<\/strong> Numai pentru uz extern. A nu se pune \u00een apropierea ochilor. A nu se p\u0103stra la \u00eendem\u00e2na copiilor. Dac\u0103 apar irita\u021bii sau ro\u0219ea\u021b\u0103, \u00eentrerupe\u021bi utilizarea \u0219i consulta\u021bi un medic. Inflamator. \u021aine\u021bi-l departe de fl\u0103c\u0103ri, sc\u00e2ntei \u0219i temperaturi de peste 40 \u00b0C. Respecta\u021bi instruc\u021biunile de siguran\u021b\u0103 suplimentare de pe etichet\u0103.<\/p>\n","protected":false},"excerpt":{"rendered":"<h2 style=\"font-size: 28px;\">Amestec de protec\u021bie spray de m\u00e2n\u0103 5-pack<\/h2>\n<p><strong>doTERRA On Guard Mist 5x<\/strong> &#8211; Cur\u0103\u021barea m\u00e2inilor cu cea\u021ba practic\u0103 de pulverizare este ideal\u0103 pentru o protec\u021bie igienic\u0103 \u00een deplasare. Cu setul ieftin, acesta este \u00eentotdeauna la \u00eendem\u00e2n\u0103.<\/p>\n","protected":false},"featured_media":4583,"template":"","meta":{"_et_pb_use_builder":"","_et_pb_old_content":"","_et_gb_content_width":""},"product_cat":[15,51,53],"product_tag":[],"_links":{"self":[{"href":"https:\/\/www.magnolioworld.com\/green-ro\/wp-json\/wp\/v2\/product\/4584"}],"collection":[{"href":"https:\/\/www.magnolioworld.com\/green-ro\/wp-json\/wp\/v2\/product"}],"about":[{"href":"https:\/\/www.magnolioworld.com\/green-ro\/wp-json\/wp\/v2\/types\/product"}],"wp:featuredmedia":[{"embeddable":true,"href":"https:\/\/www.magnolioworld.com\/green-ro\/wp-json\/wp\/v2\/media\/4583"}],"wp:attachment":[{"href":"https:\/\/www.magnolioworld.com\/green-ro\/wp-json\/wp\/v2\/media?parent=4584"}],"wp:term":[{"taxonomy":"product_cat","embeddable":true,"href":"https:\/\/www.magnolioworld.com\/green-ro\/wp-json\/wp\/v2\/product_cat?post=4584"},{"taxonomy":"product_tag","embeddable":true,"href":"https:\/\/www.magnolioworld.com\/green-ro\/wp-json\/wp\/v2\/product_tag?post=4584"}],"curies":[{"name":"wp","href":"https:\/\/api.w.org\/{rel}","templated":true}]}}