{"id":4582,"date":"2023-01-13T18:58:14","date_gmt":"2023-01-13T17:58:14","guid":{"rendered":"https:\/\/www.magnolio.at\/doterra-volo-onyx-diffuser-mit-green-mandarine\/"},"modified":"2024-12-16T17:05:11","modified_gmt":"2024-12-16T16:05:11","slug":"doterra-volo-onyx-diffuser-cu-mandarina-verde","status":"publish","type":"product","link":"https:\/\/www.magnolioworld.com\/green-ro\/doterra-volo-onyx-diffuser-cu-mandarina-verde\/","title":{"rendered":"doTERRA Volo Onyx Diffuser cu mandarin\u0103 verde"},"content":{"rendered":"<p><strong>doTERRA Volo Onyx Diffuser cu mandarin\u0103 verde<\/strong> &#8211; O experien\u021b\u0103 de parfumare lini\u0219titoare \u0219i un set de pornire elegant<\/p>\n<p>Cu designul s\u0103u atr\u0103g\u0103tor din punct de vedere vizual, doTERRA Onyx Volo Diffuser cu mandarin\u0103 verde este un accesoriu elegant pentru orice cas\u0103 sau loc de munc\u0103. Poate fi folosit la birou, la recep\u021bie, \u00een s\u0103lile de v\u00e2nz\u0103ri sau, bine\u00een\u021beles, \u00een toate domeniile de \u00eengrijire a frumuse\u021bii. De asemenea, creeaz\u0103 o atmosfer\u0103 pl\u0103cut\u0103 \u00een toate zonele spitalice\u0219ti \u0219i de \u00eengrijire \u0219i poate asigura un mediu de lucru mai relaxat \u0219i mai echilibrat.<\/p>\n<p>Apa \u0219i uleiurile esen\u021biale de \u00eenalt\u0103 calitate sunt pulverizate cu grij\u0103 \u0219i delicate, cu ajutorul unei tehnologii cu ultrasunete dovedite, p\u0103str\u00e2ndu-\u0219i astfel ingredientele valoroase \u0219i puritatea. Spre deosebire de l\u0103mpile cu parfum, \u00eenc\u0103 frecvent r\u0103sp\u00e2ndite, care distrug structurile valoroase ale uleiurilor de \u00eenalt\u0103 calitate \u0219i, prin urmare, limiteaz\u0103 considerabil efectul puternic \u0219i natural al acestora sau, mai r\u0103u, le fac inutilizabile.<\/p>\n<p>\u00cen plus, designul doTERRA Volo Onyx Diffuser cu mandarin\u0103 verde este, de asemenea, foarte atr\u0103g\u0103tor. Suprafa\u021ba este prelucrat\u0103 manual \u00een mod elaborat din polir\u0103\u0219in\u0103 \u0219i, astfel, d\u0103 impresia unui obiect de art\u0103 deosebit de individual \u0219i nu este perceput\u0103 \u00een primul r\u00e2nd ca un dispozitiv pur tehnic.<\/p>\n<p>Dar difuzorul este impresionant \u0219i din punct de vedere al func\u021biei sale: ofer\u0103 3 variante diferite de iluminare: lumin\u0103 alb\u0103 cald\u0103 intens\u0103, lumin\u0103 slab\u0103 sau f\u0103r\u0103 lumin\u0103. De asemenea, dispune de o op\u021biune individual\u0103 de producere a ce\u021bii: fie 1, 3 sau 6 ore la cel mai \u00eenalt nivel. Exist\u0103, de asemenea, op\u021biunea de cea\u021b\u0103 continu\u0103 la cel mai mic nivel, care func\u021bioneaz\u0103 timp de 14 ore. <\/p>\n<p>Ofer\u0103-\u021bi o experien\u021b\u0103 aromatic\u0103 deosebit de elegant\u0103 pentru toate sim\u021burile cu acest\u00a0doTERRA Volo Onyx Diffuser cu mandarin\u0103 verde<\/p>\n<p>Recomandat pentru un maxim de. Camera are o suprafa\u021b\u0103 de 28 de metri p\u0103tra\u021bi. Pentru \u00eenc\u0103peri mai mari, folosi\u021bi mai multe difuzoare.<\/p>\n<p><strong>Recomandare<\/strong><br \/>\nDifuzor: Respecta\u021bi recomand\u0103rile de aplicare din descrierea produsului.<br \/>\nUleiuri: Urma\u021bi recomand\u0103rile pentru fiecare ulei \u00een parte.<\/p>\n<p><strong>Aplica\u021bie sigur\u0103<\/strong><br \/>\nDifuzor: Respecta\u021bi instruc\u021biunile de siguran\u021b\u0103 din descrierea produsului<br \/>\nUleiuri: Urma\u021bi recomand\u0103rile pentru fiecare ulei \u00een parte.<\/p>\n","protected":false},"excerpt":{"rendered":"<h2 style=\"font-size: 28px;\">Setul de pornire elegant<\/h2>\n<p>doTERRA Volo Onyx Diffuser cu mandarin\u0103 verde &#8211; Cu designul s\u0103u vizual atr\u0103g\u0103tor, difuzorul Onyx este un accesoriu elegant pentru orice cas\u0103 sau loc de munc\u0103.<br \/>\nDar difuzorul este impresionant \u0219i prin func\u021biile sale: ofer\u0103 3 variante diferite de iluminare, precum \u0219i intensitatea ce\u021bii de difuzie \u0219i set\u0103ri de timp. <br \/>\nBucura\u021bi-v\u0103 de aceast\u0103 experien\u021b\u0103 de arom\u0103 special\u0103 pentru toate sim\u021burile. \u00cempreun\u0103 cu uleiul de mandarin\u0103 verde, care \u00eenvioreaz\u0103 starea de spirit, este un set de \u00eenceput ideal pentru cas\u0103 sau birou \u0219i pentru cabinet.<\/p>\n","protected":false},"featured_media":4581,"template":"","meta":{"_et_pb_use_builder":"","_et_pb_old_content":"","_et_gb_content_width":""},"product_cat":[15,57],"product_tag":[],"_links":{"self":[{"href":"https:\/\/www.magnolioworld.com\/green-ro\/wp-json\/wp\/v2\/product\/4582"}],"collection":[{"href":"https:\/\/www.magnolioworld.com\/green-ro\/wp-json\/wp\/v2\/product"}],"about":[{"href":"https:\/\/www.magnolioworld.com\/green-ro\/wp-json\/wp\/v2\/types\/product"}],"wp:featuredmedia":[{"embeddable":true,"href":"https:\/\/www.magnolioworld.com\/green-ro\/wp-json\/wp\/v2\/media\/4581"}],"wp:attachment":[{"href":"https:\/\/www.magnolioworld.com\/green-ro\/wp-json\/wp\/v2\/media?parent=4582"}],"wp:term":[{"taxonomy":"product_cat","embeddable":true,"href":"https:\/\/www.magnolioworld.com\/green-ro\/wp-json\/wp\/v2\/product_cat?post=4582"},{"taxonomy":"product_tag","embeddable":true,"href":"https:\/\/www.magnolioworld.com\/green-ro\/wp-json\/wp\/v2\/product_tag?post=4582"}],"curies":[{"name":"wp","href":"https:\/\/api.w.org\/{rel}","templated":true}]}}