{"id":4576,"date":"2023-01-12T19:52:47","date_gmt":"2023-01-12T18:52:47","guid":{"rendered":"https:\/\/www.magnolio.at\/schluesselanhaenger-grau-mit-8-flaeschchen\/"},"modified":"2025-04-24T16:09:33","modified_gmt":"2025-04-24T14:09:33","slug":"breloc-gri-cu-8-sticle","status":"publish","type":"product","link":"https:\/\/www.magnolioworld.com\/green-ro\/breloc-gri-cu-8-sticle\/","title":{"rendered":"Breloc gri cu 8 sticle"},"content":{"rendered":"<p><strong>Breloc gri cu 8 flacoane &#8211; <\/strong>Cele mai importante uleiuri sunt \u00eentotdeauna cu tine \u00een mod elegant<strong><br \/>\n<\/strong><br \/>\nAcest breloc pentru 8 sticle (Keychain grey) este ideal pentru depozitarea sticlelor de ulei de 2 ml, fie c\u0103 sunte\u021bi \u00een deplasare, \u00een vacan\u021b\u0103 sau ca un cadou. Datorit\u0103 pandantivului practic, poate fi folosit foarte u\u0219or \u00een via\u021ba de zi cu zi &#8211; fie ca breloc de chei, fie ca etichet\u0103 pentru geant\u0103. Designul s\u0103u elegant \u00eel face, de asemenea, un minunat punct de atrac\u021bie.<\/p>\n<p>Ave\u021bi \u00eentotdeauna cele mai importante uleiuri la dumneavoastr\u0103 pentru a economisi spa\u021biu, ideal \u00een combina\u021bie cu sticlele de prob\u0103, autocolantele pentru capace \u0219i deschiz\u0103torul de capace. Acestea sunt, de asemenea, disponibile aici, \u00een magazin.<\/p>\n<p>Breloc este, de asemenea, o idee de cadou personalizat \u0219i valoros pentru oricine este interesat de petrol.<\/p>\n","protected":false},"excerpt":{"rendered":"<h2 style=\"font-size: 28px;\">Uleiurile dvs. sunt \u00eentotdeauna cu dvs. cu ajutorul inelului de chei elegant<\/h2>\n<p>Acest <strong>breloc gri cu 8 sticle<\/strong> este ideal pentru depozitarea sticlelor de ulei de 2 ml, fie \u00een deplasare, fie \u00een vacan\u021b\u0103 sau ca un cadou. Cu ajutorul curelei practice de transport, poate fi folosit \u00een mod practic \u0219i \u00een via\u021ba de zi cu zi &#8211; fie ca breloc de chei, fie ca etichet\u0103 pentru geant\u0103. Designul s\u0103u elegant \u00eel face, de asemenea, un minunat punct de atrac\u021bie.<\/p>\n","protected":false},"featured_media":4575,"template":"","meta":{"_et_pb_use_builder":"","_et_pb_old_content":"","_et_gb_content_width":""},"product_cat":[15,57],"product_tag":[],"_links":{"self":[{"href":"https:\/\/www.magnolioworld.com\/green-ro\/wp-json\/wp\/v2\/product\/4576"}],"collection":[{"href":"https:\/\/www.magnolioworld.com\/green-ro\/wp-json\/wp\/v2\/product"}],"about":[{"href":"https:\/\/www.magnolioworld.com\/green-ro\/wp-json\/wp\/v2\/types\/product"}],"wp:featuredmedia":[{"embeddable":true,"href":"https:\/\/www.magnolioworld.com\/green-ro\/wp-json\/wp\/v2\/media\/4575"}],"wp:attachment":[{"href":"https:\/\/www.magnolioworld.com\/green-ro\/wp-json\/wp\/v2\/media?parent=4576"}],"wp:term":[{"taxonomy":"product_cat","embeddable":true,"href":"https:\/\/www.magnolioworld.com\/green-ro\/wp-json\/wp\/v2\/product_cat?post=4576"},{"taxonomy":"product_tag","embeddable":true,"href":"https:\/\/www.magnolioworld.com\/green-ro\/wp-json\/wp\/v2\/product_tag?post=4576"}],"curies":[{"name":"wp","href":"https:\/\/api.w.org\/{rel}","templated":true}]}}