{"id":4572,"date":"2023-01-12T19:06:39","date_gmt":"2023-01-12T18:06:39","guid":{"rendered":"https:\/\/www.magnolio.at\/holzbox-fuer-25-oelflaschen\/"},"modified":"2025-12-19T17:56:02","modified_gmt":"2025-12-19T16:56:02","slug":"cutie-din-lemn-pentru-25-de-sticle-de-ulei","status":"publish","type":"product","link":"https:\/\/www.magnolioworld.com\/green-ro\/cutie-din-lemn-pentru-25-de-sticle-de-ulei\/","title":{"rendered":"Cutie din lemn pentru 25 de sticle de ulei"},"content":{"rendered":"<p><strong>Cutie din lemn pentru 25 de sticle de ulei<\/strong>\u00a0 (Wooden Box) &#8211; Depozitare elegant\u0103 \u0219i organizat\u0103 pentru sticlele dvs. de ulei<\/p>\n<p>Cu aceast\u0103 cutie din lemn, pute\u021bi \u00een sf\u00e2r\u0219it s\u0103 v\u0103 depozita\u021bi uleiurile \u00eentr-un mod organizat \u0219i foarte decorativ. Aceast\u0103 cutie valoroas\u0103 este potrivit\u0103 pentru 25 de sticle de ulei de 5 ml sau 15 ml.<br \/>\nEste, de asemenea, ideal pentru prezent\u0103ri \u00een sectorul cosmeticelor \u0219i al bun\u0103st\u0103rii sau pentru o orientare rapid\u0103 \u00een \u00eengrijirea la birou sau acas\u0103.<\/p>\n<p>Aceast\u0103 cutie din lemn este, de asemenea, un cadou elegant pentru o varietate de ocazii. Cel mai bine este s\u0103 v\u0103 \u00eempacheta\u021bi uleiurile preferate cu catalogul de produse sau cu bro\u0219ura Essentials.<\/p>\n","protected":false},"excerpt":{"rendered":"<h2 style=\"font-size: 28px;\">Depozitarea decorativ\u0103 a uleiurilor dvs. pre\u021bioase<\/h2>\n<p>Cu aceast\u0103 cutie din lemn, pute\u021bi \u00een sf\u00e2r\u0219it s\u0103 v\u0103 depozita\u021bi uleiurile \u00eentr-un mod organizat \u0219i foarte decorativ. Aceast\u0103 cutie din lemn pentru 25 de sticle de ulei este potrivit\u0103 pentru uleiuri de 5 ml sau 15 ml.<br \/>\nEste, de asemenea, ideal pentru prezentarea \u00een sectorul cosmeticelor \u0219i al bun\u0103st\u0103rii sau pentru o orientare rapid\u0103 \u00een sectorul \u00eengrijirii, la birou sau acas\u0103. De asemenea, ideal ca \u0219i cadou.<\/p>\n","protected":false},"featured_media":4571,"template":"","meta":{"_et_pb_use_builder":"","_et_pb_old_content":"","_et_gb_content_width":""},"product_cat":[15,57],"product_tag":[],"_links":{"self":[{"href":"https:\/\/www.magnolioworld.com\/green-ro\/wp-json\/wp\/v2\/product\/4572"}],"collection":[{"href":"https:\/\/www.magnolioworld.com\/green-ro\/wp-json\/wp\/v2\/product"}],"about":[{"href":"https:\/\/www.magnolioworld.com\/green-ro\/wp-json\/wp\/v2\/types\/product"}],"wp:featuredmedia":[{"embeddable":true,"href":"https:\/\/www.magnolioworld.com\/green-ro\/wp-json\/wp\/v2\/media\/4571"}],"wp:attachment":[{"href":"https:\/\/www.magnolioworld.com\/green-ro\/wp-json\/wp\/v2\/media?parent=4572"}],"wp:term":[{"taxonomy":"product_cat","embeddable":true,"href":"https:\/\/www.magnolioworld.com\/green-ro\/wp-json\/wp\/v2\/product_cat?post=4572"},{"taxonomy":"product_tag","embeddable":true,"href":"https:\/\/www.magnolioworld.com\/green-ro\/wp-json\/wp\/v2\/product_tag?post=4572"}],"curies":[{"name":"wp","href":"https:\/\/api.w.org\/{rel}","templated":true}]}}