{"id":4568,"date":"2023-01-12T18:55:03","date_gmt":"2023-01-12T17:55:03","guid":{"rendered":"https:\/\/www.magnolio.at\/pumpe-fuers-kokosnussoel\/"},"modified":"2026-03-11T11:26:31","modified_gmt":"2026-03-11T10:26:31","slug":"pompa-pentru-ulei-de-nuca-de-cocos","status":"publish","type":"product","link":"https:\/\/www.magnolioworld.com\/green-ro\/pompa-pentru-ulei-de-nuca-de-cocos\/","title":{"rendered":"Pomp\u0103 pentru ulei de nuc\u0103 de cocos"},"content":{"rendered":"<p><strong>Pomp\u0103 pentru ulei de nuc\u0103 de cocos<\/strong> &#8211; Indep\u0103rtare u\u0219oar\u0103 garantat\u0103<\/p>\n<div class=\"module--translations-translatedtext js-module--translations-translatedtext\" data-size=\"s\">Pompa frac\u021bionat\u0103 de ulei de nuc\u0103 de cocos este ideal\u0103 pentru \u00eendep\u0103rtarea u\u0219oar\u0103 \u0219i u\u0219oar\u0103 a uleiului de cocos frac\u021bionat cu o singur\u0103 m\u00e2n\u0103. Este destinat sticlei de 115 ml de ulei de cocos frac\u021bionat.<\/p>\n<p>Este foarte util \u00een cazul \u00een care uleiul de nuc\u0103 de cocos este utilizat frecvent \u00een via\u021ba de zi cu zi. \u00cen special \u00een domeniul cosmeticelor, al bun\u0103st\u0103rii \u0219i al \u00eengrijirii, acest lucru faciliteaz\u0103 utilizarea rapid\u0103 \u0219i igienic\u0103 a uleiului.<\/p>\n<p>De asemenea, este ideal pentru \u00eengrijirea copiilor \u0219i a bebelu\u0219ilor. Cel mai bine este s\u0103 ave\u021bi \u00eentotdeauna o rezerv\u0103 disponibil\u0103.<\/p><\/div>\n","protected":false},"excerpt":{"rendered":"<h2 style=\"font-size: 28px;\">Pentru o \u00eendep\u0103rtare u\u0219oar\u0103 a uleiului de cocos<\/h2>\n<p>Pompa pentru ulei de nuc\u0103 de cocos este ideal\u0103 pentru a \u00eendep\u0103rta uleiul de nuc\u0103 de cocos frac\u021bionat simplu \u0219i u\u0219or, cu o singur\u0103 m\u00e2n\u0103.<\/p>\n","protected":false},"featured_media":4567,"template":"","meta":{"_et_pb_use_builder":"","_et_pb_old_content":"","_et_gb_content_width":""},"product_cat":[15,57],"product_tag":[],"_links":{"self":[{"href":"https:\/\/www.magnolioworld.com\/green-ro\/wp-json\/wp\/v2\/product\/4568"}],"collection":[{"href":"https:\/\/www.magnolioworld.com\/green-ro\/wp-json\/wp\/v2\/product"}],"about":[{"href":"https:\/\/www.magnolioworld.com\/green-ro\/wp-json\/wp\/v2\/types\/product"}],"wp:featuredmedia":[{"embeddable":true,"href":"https:\/\/www.magnolioworld.com\/green-ro\/wp-json\/wp\/v2\/media\/4567"}],"wp:attachment":[{"href":"https:\/\/www.magnolioworld.com\/green-ro\/wp-json\/wp\/v2\/media?parent=4568"}],"wp:term":[{"taxonomy":"product_cat","embeddable":true,"href":"https:\/\/www.magnolioworld.com\/green-ro\/wp-json\/wp\/v2\/product_cat?post=4568"},{"taxonomy":"product_tag","embeddable":true,"href":"https:\/\/www.magnolioworld.com\/green-ro\/wp-json\/wp\/v2\/product_tag?post=4568"}],"curies":[{"name":"wp","href":"https:\/\/api.w.org\/{rel}","templated":true}]}}