{"id":4566,"date":"2023-01-12T18:50:30","date_gmt":"2023-01-12T17:50:30","guid":{"rendered":"https:\/\/www.magnolio.at\/oelflaschenoeffner\/"},"modified":"2025-11-02T15:09:33","modified_gmt":"2025-11-02T14:09:33","slug":"deschizator-de-sticle-de-ulei","status":"publish","type":"product","link":"https:\/\/www.magnolioworld.com\/green-ro\/deschizator-de-sticle-de-ulei\/","title":{"rendered":"Deschiz\u0103tor de sticle de ulei"},"content":{"rendered":"<p><strong>Deschiz\u0103tor de sticle de ulei<\/strong> &#8211; Deschiderea sticlelor de ulei este floare la ureche <\/p>\n<p>Acest lucru face ca <strong>Deschiz\u0103tor de sticle de ulei<\/strong> (Oil Cap Remover) s\u0103 fie f\u0103r\u0103 efort. Nu conteaz\u0103 dac\u0103 este de 2 ml, 5 ml sau 15 ml. Este, de asemenea, minunat pentru deschiderea sticlelor roll-on. Oricine a \u00eencercat vreodat\u0103 s\u0103 deschid\u0103 sticle de ulei \u0219tie c\u00e2t de dificil poate fi uneori. <\/p>\n<p>Acest deschiz\u0103tor este un ajutor valoros \u0219i prietenos cu unghiile. Acest lucru faciliteaz\u0103 reciclarea resturilor din sticlele de ulei existente sau umplerea sticlelor existente. Indispensabil \u00een utilizarea zilnic\u0103 a uleiurilor.<\/p>\n","protected":false},"excerpt":{"rendered":"<h2 style=\"font-size: 28px;\">Deschiderea sticlelor de ulei este o joac\u0103 de copii<\/h2>\n<p>Deschiz\u0103torul de sticle de ulei face ca deschiderea sticlelor de ulei s\u0103 se fac\u0103 f\u0103r\u0103 efort. Nu conteaz\u0103 dac\u0103 flacoanele sunt de 2 ml, 5 ml sau 15 ml. De asemenea, este ideal pentru deschiderea sticlelor roll-on.<\/p>\n","protected":false},"featured_media":4565,"template":"","meta":{"_et_pb_use_builder":"","_et_pb_old_content":"","_et_gb_content_width":""},"product_cat":[15,57],"product_tag":[],"_links":{"self":[{"href":"https:\/\/www.magnolioworld.com\/green-ro\/wp-json\/wp\/v2\/product\/4566"}],"collection":[{"href":"https:\/\/www.magnolioworld.com\/green-ro\/wp-json\/wp\/v2\/product"}],"about":[{"href":"https:\/\/www.magnolioworld.com\/green-ro\/wp-json\/wp\/v2\/types\/product"}],"wp:featuredmedia":[{"embeddable":true,"href":"https:\/\/www.magnolioworld.com\/green-ro\/wp-json\/wp\/v2\/media\/4565"}],"wp:attachment":[{"href":"https:\/\/www.magnolioworld.com\/green-ro\/wp-json\/wp\/v2\/media?parent=4566"}],"wp:term":[{"taxonomy":"product_cat","embeddable":true,"href":"https:\/\/www.magnolioworld.com\/green-ro\/wp-json\/wp\/v2\/product_cat?post=4566"},{"taxonomy":"product_tag","embeddable":true,"href":"https:\/\/www.magnolioworld.com\/green-ro\/wp-json\/wp\/v2\/product_tag?post=4566"}],"curies":[{"name":"wp","href":"https:\/\/api.w.org\/{rel}","templated":true}]}}