{"id":4560,"date":"2023-01-12T18:21:05","date_gmt":"2023-01-12T17:21:05","guid":{"rendered":"https:\/\/www.magnolio.at\/doterra-produktkatalog\/"},"modified":"2025-12-19T17:54:24","modified_gmt":"2025-12-19T16:54:24","slug":"catalogul-de-produse-doterra","status":"publish","type":"product","link":"https:\/\/www.magnolioworld.com\/green-ro\/catalogul-de-produse-doterra\/","title":{"rendered":"Catalogul de produse doTERRA"},"content":{"rendered":"<p><strong>Catalogul de produse do<\/strong> TERRA &#8211; O prezentare informativ\u0103 a tuturor produselor doTERRA<\/p>\n<p>Este un loc minunat pentru a naviga \u0219i a descoperi lucruri noi, precum \u0219i pentru a afla totul despre gama larg\u0103 de produse doTERRA.<\/p>\n<p>De asemenea, ideal pentru nou-veni\u021bi sau pentru cei interesa\u021bi \u0219i ca o completare a cadourilor. De asemenea, este adesea folosit\u0103 ca o carte de referin\u021b\u0103 pentru produsele \u0219i aplicarea uleiurilor \u0219i a amestecurilor de uleiuri.<\/p>\n<p>Catalogul de produse doTERRA prezint\u0103 totul \u00eentr-un mod u\u0219or de \u00een\u021beles \u0219i foarte atr\u0103g\u0103tor \u0219i ofer\u0103 o mul\u021bime de inspira\u021bie pentru comenzi viitoare sau pentru a v\u0103 extinde stocul doTERRA \u00eentr-o manier\u0103 orientat\u0103.<\/p>\n","protected":false},"excerpt":{"rendered":"<h2 style=\"font-size: 28px;\">Lumea complet\u0103 a produselor doTERRA<\/h2>\n<p><strong>Catalogul de produse doTERRA<\/strong> &#8211; Ofer\u0103 o prezentare general\u0103 informativ\u0103 a tuturor produselor doTERRA, ideal\u0103 pentru a naviga \u0219i a descoperi lucruri noi.<\/p>\n","protected":false},"featured_media":4559,"template":"","meta":{"_et_pb_use_builder":"","_et_pb_old_content":"","_et_gb_content_width":""},"product_cat":[15,2072],"product_tag":[],"_links":{"self":[{"href":"https:\/\/www.magnolioworld.com\/green-ro\/wp-json\/wp\/v2\/product\/4560"}],"collection":[{"href":"https:\/\/www.magnolioworld.com\/green-ro\/wp-json\/wp\/v2\/product"}],"about":[{"href":"https:\/\/www.magnolioworld.com\/green-ro\/wp-json\/wp\/v2\/types\/product"}],"wp:featuredmedia":[{"embeddable":true,"href":"https:\/\/www.magnolioworld.com\/green-ro\/wp-json\/wp\/v2\/media\/4559"}],"wp:attachment":[{"href":"https:\/\/www.magnolioworld.com\/green-ro\/wp-json\/wp\/v2\/media?parent=4560"}],"wp:term":[{"taxonomy":"product_cat","embeddable":true,"href":"https:\/\/www.magnolioworld.com\/green-ro\/wp-json\/wp\/v2\/product_cat?post=4560"},{"taxonomy":"product_tag","embeddable":true,"href":"https:\/\/www.magnolioworld.com\/green-ro\/wp-json\/wp\/v2\/product_tag?post=4560"}],"curies":[{"name":"wp","href":"https:\/\/api.w.org\/{rel}","templated":true}]}}