{"id":4531,"date":"2023-01-11T18:24:39","date_gmt":"2023-01-11T17:24:39","guid":{"rendered":"https:\/\/www.magnolio.at\/72-probeflaeschchen\/"},"modified":"2025-10-15T18:13:03","modified_gmt":"2025-10-15T16:13:03","slug":"flacoane-de-proba-72-bucati","status":"publish","type":"product","link":"https:\/\/www.magnolioworld.com\/green-ro\/flacoane-de-proba-72-bucati\/","title":{"rendered":"Flacoane de prob\u0103 72 buc\u0103\u021bi"},"content":{"rendered":"<p><strong>Flacoane de prob\u0103 72 de buc\u0103\u021bi <\/strong> &#8211; Un mic r\u0103sf\u0103\u021b pentru cei interesa\u021bi de ulei<\/p>\n<p>Aceste sticlu\u021be frumoase de 2 ml sunt ideale pentru a-i introduce pe al\u021bii \u00een lumea uleiurilor sau pentru a-i face s\u0103 se intereseze de un nou parfum preferat. Bine\u00een\u021beles, culoarea maro ofer\u0103 o protec\u021bie important\u0103 pentru uleiurile valoroase. De asemenea, acestea au un design foarte atr\u0103g\u0103tor, cu logo-ul atractiv doTERRA.<\/p>\n<p><strong>Flacoane de prob\u0103 72 buc\u0103\u021bi<\/strong> (sample vials 5\/8 dram) de organza sau \u00eentr-un alt ambalaj atractiv constituie, de asemenea, un cadou ideal sau o completare a unui cadou. Pentru etichetarea probelor sunt disponibile \u0219i autocolante de capac corespunz\u0103toare. Totul este perfect cu catalogul de produse doTERRA din magazin sau cu bro\u0219ura Essentials. Acestea sunt, de asemenea, disponibile \u00een magazin.<\/p>\n<p>Dac\u0103 dori\u021bi s\u0103 oferi\u021bi un cadou ceva mai mare, pute\u021bi oferi \u0219i cutia de lemn pentru 25 de sticle de ulei din magazin.<\/p>\n","protected":false},"excerpt":{"rendered":"<h2 style=\"font-size: 28px;\">Ideal pentru mostre de parfum sau pentru c\u0103l\u0103torii<\/h2>\n<p><strong>Flacoane de prob\u0103 72 buc\u0103\u021bi<\/strong> &#8211; Un mic r\u0103sf\u0103\u021b pentru cei interesa\u021bi de petrol. Aceste frumoase flacoane de 72 de mostre sunt ideale pentru a-i introduce pe al\u021bii \u00een lumea uleiurilor sau pentru a-i face s\u0103 se intereseze de un nou parfum preferat. Bine\u00een\u021beles, culoarea maro ofer\u0103 o protec\u021bie important\u0103 pentru uleiurile valoroase.<\/p>\n","protected":false},"featured_media":4530,"template":"","meta":{"_et_pb_use_builder":"","_et_pb_old_content":"","_et_gb_content_width":""},"product_cat":[15,57],"product_tag":[],"_links":{"self":[{"href":"https:\/\/www.magnolioworld.com\/green-ro\/wp-json\/wp\/v2\/product\/4531"}],"collection":[{"href":"https:\/\/www.magnolioworld.com\/green-ro\/wp-json\/wp\/v2\/product"}],"about":[{"href":"https:\/\/www.magnolioworld.com\/green-ro\/wp-json\/wp\/v2\/types\/product"}],"wp:featuredmedia":[{"embeddable":true,"href":"https:\/\/www.magnolioworld.com\/green-ro\/wp-json\/wp\/v2\/media\/4530"}],"wp:attachment":[{"href":"https:\/\/www.magnolioworld.com\/green-ro\/wp-json\/wp\/v2\/media?parent=4531"}],"wp:term":[{"taxonomy":"product_cat","embeddable":true,"href":"https:\/\/www.magnolioworld.com\/green-ro\/wp-json\/wp\/v2\/product_cat?post=4531"},{"taxonomy":"product_tag","embeddable":true,"href":"https:\/\/www.magnolioworld.com\/green-ro\/wp-json\/wp\/v2\/product_tag?post=4531"}],"curies":[{"name":"wp","href":"https:\/\/api.w.org\/{rel}","templated":true}]}}