{"id":4528,"date":"2023-01-11T18:17:33","date_gmt":"2023-01-11T17:17:33","guid":{"rendered":"https:\/\/www.magnolio.at\/doterra-laluz-diffuser\/"},"modified":"2026-02-18T14:40:02","modified_gmt":"2026-02-18T13:40:02","slug":"doterra-laluz-diffuser","status":"publish","type":"product","link":"https:\/\/www.magnolioworld.com\/green-ro\/doterra-laluz-diffuser\/","title":{"rendered":"doTERRA Laluz Diffuser"},"content":{"rendered":"<p>doTERRA Laluz Diffuser &#8211; Difuzorul extrem de elegant pentru fiecare camer\u0103<\/p>\n<p>Acest difuzor va \u00eenc\u00e2nta orice \u00eenc\u0103pere cu aspectul s\u0103u elegant \u0219i cea\u021ba de pulverizare ultrafin\u0103. Nu numai c\u0103 v\u0103 nebulizeaz\u0103 delicat uleiurile preferate cu ajutorul tehnologiei cu ultrasunete, dar are \u0219i un design deosebit.<\/p>\n<p>Astfel, fiecare camer\u0103 se transform\u0103 \u00eentr-o experien\u021b\u0103 spa de lux. Fie acas\u0103, la birou sau la cabinet.<\/p>\n<p><strong>doTERRA Laluz Diffuser<\/strong> stabile\u0219te, de asemenea, noi standarde tehnice<strong>. <\/strong>Acesta func\u021bioneaz\u0103 p\u00e2n\u0103 la 8 ore \u0219i se poate adapta perfect la orice camer\u0103 \u0219i la orice stare de spirit, cu 3 niveluri diferite de lumin\u0103.<\/p>\n<p>Difuzorul este, de asemenea, disponibil cu amestecul revigorant Citrus Bliss, ceea ce \u00eel face un set perfect pentru \u00eenceput. De asemenea, ideal ca un cadou valoros.<\/p>\n<p>Recomandat pentru un maxim de. Camera are o suprafa\u021b\u0103 de 30 de metri p\u0103tra\u021bi. Pentru \u00eenc\u0103peri mai mari, folosi\u021bi mai multe difuzoare.<\/p>\n<p><strong>Recomandare<\/strong><br \/>\nRespecta\u021bi recomand\u0103rile de aplicare din descrierea produsului<\/p>\n<p><strong>Aplica\u021bie sigur\u0103<\/strong><br \/>\nRespecta\u021bi instruc\u021biunile de siguran\u021b\u0103 din descrierea produsului<\/p>\n","protected":false},"excerpt":{"rendered":"<h2 style=\"font-size: 28px;\">Difuzorul extrem de elegant pentru fiecare camer\u0103<\/h2>\n<p>doTERRA Laluz Diffuser &#8211; \u00cenc\u00e2nt\u0103 fiecare camer\u0103 cu aspectul s\u0103u elegant \u0219i cea\u021ba de pulverizare ultrafin\u0103. Nu numai c\u0103 v\u0103 nebulizeaz\u0103 delicat uleiurile preferate cu ajutorul tehnologiei cu ultrasunete, dar are \u0219i un design deosebit. Cu cele 3 niveluri de lumin\u0103, se adapteaz\u0103 la orice stare de spirit. De asemenea, ideal ca un cadou valoros.<\/p>\n","protected":false},"featured_media":4527,"template":"","meta":{"_et_pb_use_builder":"","_et_pb_old_content":"","_et_gb_content_width":""},"product_cat":[15,57],"product_tag":[],"_links":{"self":[{"href":"https:\/\/www.magnolioworld.com\/green-ro\/wp-json\/wp\/v2\/product\/4528"}],"collection":[{"href":"https:\/\/www.magnolioworld.com\/green-ro\/wp-json\/wp\/v2\/product"}],"about":[{"href":"https:\/\/www.magnolioworld.com\/green-ro\/wp-json\/wp\/v2\/types\/product"}],"wp:featuredmedia":[{"embeddable":true,"href":"https:\/\/www.magnolioworld.com\/green-ro\/wp-json\/wp\/v2\/media\/4527"}],"wp:attachment":[{"href":"https:\/\/www.magnolioworld.com\/green-ro\/wp-json\/wp\/v2\/media?parent=4528"}],"wp:term":[{"taxonomy":"product_cat","embeddable":true,"href":"https:\/\/www.magnolioworld.com\/green-ro\/wp-json\/wp\/v2\/product_cat?post=4528"},{"taxonomy":"product_tag","embeddable":true,"href":"https:\/\/www.magnolioworld.com\/green-ro\/wp-json\/wp\/v2\/product_tag?post=4528"}],"curies":[{"name":"wp","href":"https:\/\/api.w.org\/{rel}","templated":true}]}}