{"id":4526,"date":"2023-01-11T18:17:03","date_gmt":"2023-01-11T17:17:03","guid":{"rendered":"https:\/\/www.magnolio.at\/doterra-lulaz-diffuser-mit-citrus-bliss\/"},"modified":"2024-10-21T19:21:39","modified_gmt":"2024-10-21T17:21:39","slug":"doterra-laluz-diffuser-cu-citrus-bliss","status":"publish","type":"product","link":"https:\/\/www.magnolioworld.com\/green-ro\/doterra-laluz-diffuser-cu-citrus-bliss\/","title":{"rendered":"doTERRA Laluz Diffuser cu Citrus Bliss"},"content":{"rendered":"<p><strong>doTERRA Laluz Diffuser cu Citrus Bliss<\/strong> &#8211; Difuzorul extrem de elegant pentru fiecare camer\u0103<\/p>\n<p>Acest difuzor va \u00eenc\u00e2nta orice \u00eenc\u0103pere cu aspectul s\u0103u elegant \u0219i cea\u021ba de pulverizare ultrafin\u0103. Nu numai c\u0103 v\u0103 nebulizeaz\u0103 delicat uleiurile preferate cu ajutorul tehnologiei cu ultrasunete, dar are \u0219i un design deosebit.<\/p>\n<p>Astfel, fiecare camer\u0103 se transform\u0103 \u00eentr-o experien\u021b\u0103 spa de lux. Fie acas\u0103, la birou sau \u00een cabinet.<\/p>\n<p>doTERRA Laluz Diffuser cu Citrus Bliss stabile\u0219te, de asemenea, noi standarde tehnice<strong>. <\/strong>Func\u021bioneaz\u0103 p\u00e2n\u0103 la 8 ore \u0219i se poate adapta perfect la orice \u00eenc\u0103pere \u0219i la orice stare de spirit cu 3 niveluri diferite de lumin\u0103.<\/p>\n<p>Recomandat pentru un maxim de. Camera are o suprafa\u021b\u0103 de 30 de metri p\u0103tra\u021bi. Pentru \u00eenc\u0103peri mai mari, folosi\u021bi mai multe difuzoare.<\/p>\n<p><strong>Recomandare<\/strong><br \/>\nDifuzor: Respecta\u021bi recomand\u0103rile de aplicare din descrierea produsului.<br \/>\nUleiuri: Urma\u021bi recomand\u0103rile pentru fiecare ulei \u00een parte.<\/p>\n<p><strong>Aplica\u021bie sigur\u0103<\/strong><br \/>\nDifuzor: Respecta\u021bi instruc\u021biunile de siguran\u021b\u0103 din descrierea produsului<br \/>\nUleiuri: Urma\u021bi recomand\u0103rile pentru fiecare ulei \u00een parte.<\/p>\n","protected":false},"excerpt":{"rendered":"<h2 style=\"font-size: 28px;\">Difuzorul extrem de elegant din setul ideal pentru \u00eencep\u0103tori<\/h2>\n<p><strong>doTERRA Laluz Diffuser cu Citrus Bliss<\/strong> &#8211; \u00cenc\u00e2nt\u0103 fiecare camer\u0103 cu aspectul s\u0103u elegant \u0219i cea\u021ba de pulverizare ultrafin\u0103. Nu numai c\u0103 v\u0103 nebulizeaz\u0103 delicat uleiurile preferate cu ajutorul tehnologiei cu ultrasunete, dar are \u0219i un design deosebit. Cu cele 3 niveluri de lumin\u0103, se adapteaz\u0103 la orice stare de spirit.<\/p>\n","protected":false},"featured_media":4525,"template":"","meta":{"_et_pb_use_builder":"","_et_pb_old_content":"","_et_gb_content_width":""},"product_cat":[15,57],"product_tag":[],"_links":{"self":[{"href":"https:\/\/www.magnolioworld.com\/green-ro\/wp-json\/wp\/v2\/product\/4526"}],"collection":[{"href":"https:\/\/www.magnolioworld.com\/green-ro\/wp-json\/wp\/v2\/product"}],"about":[{"href":"https:\/\/www.magnolioworld.com\/green-ro\/wp-json\/wp\/v2\/types\/product"}],"wp:featuredmedia":[{"embeddable":true,"href":"https:\/\/www.magnolioworld.com\/green-ro\/wp-json\/wp\/v2\/media\/4525"}],"wp:attachment":[{"href":"https:\/\/www.magnolioworld.com\/green-ro\/wp-json\/wp\/v2\/media?parent=4526"}],"wp:term":[{"taxonomy":"product_cat","embeddable":true,"href":"https:\/\/www.magnolioworld.com\/green-ro\/wp-json\/wp\/v2\/product_cat?post=4526"},{"taxonomy":"product_tag","embeddable":true,"href":"https:\/\/www.magnolioworld.com\/green-ro\/wp-json\/wp\/v2\/product_tag?post=4526"}],"curies":[{"name":"wp","href":"https:\/\/api.w.org\/{rel}","templated":true}]}}