{"id":4504,"date":"2023-01-09T20:37:30","date_gmt":"2023-01-09T19:37:30","guid":{"rendered":"https:\/\/www.magnolio.at\/doterra-pilot-diffuser-pfefferminzoel\/"},"modified":"2024-03-27T16:52:12","modified_gmt":"2024-03-27T15:52:12","slug":"doterra-pilot-diffuser-cu-ulei-de-menta","status":"publish","type":"product","link":"https:\/\/www.magnolioworld.com\/green-ro\/doterra-pilot-diffuser-cu-ulei-de-menta\/","title":{"rendered":"doTERRA Pilot Diffuser cu ulei de ment\u0103"},"content":{"rendered":"<p><strong>doTERRA Pilot Diffuser cu ulei de ment\u0103 &#8211; <\/strong>Setul portabil mic de pornire pentru c\u0103l\u0103torii<\/p>\n<p>\u00cen sf\u00e2r\u0219it, exist\u0103 un difuzor mic \u0219i la \u00eendem\u00e2n\u0103, pe care \u00eel pute\u021bi lua cu dumneavoastr\u0103 oriunde merge\u021bi. Acest lucru v\u0103 permite s\u0103 beneficia\u021bi de avantajele unui difuzor pentru a v\u0103 difuza parfumul preferat oriunde a\u021bi merge. Fie la locul de munc\u0103, pentru a merge \u00een geant\u0103 sau \u00een ma\u0219in\u0103. Acest mic difuzor este u\u0219or \u0219i simplu de utilizat. De asemenea, este ideal pentru camere mici.<\/p>\n<p>doTERRA Pilot Diffuser cu ulei de ment\u0103 func\u021bioneaz\u0103 timp de 4 ore \u00een modul continuu \u0219i chiar 8 ore \u00een modul intermitent. Pilot este re\u00eenc\u0103rcabil\u0103 \u0219i se potrive\u0219te \u00een orice mediu cu designul s\u0103u neutru \u0219i de \u00eenalt\u0103 calitate. Este prev\u0103zut cu un adaptor auto USB cu dou\u0103 porturi de 2,4 A pentru o \u00eenc\u0103rcare u\u0219oar\u0103 \u0219i o hus\u0103 de transport pentru c\u0103l\u0103torii. <\/p>\n<p>Pilotul este disponibil \u0219i sub form\u0103 de set \u00eempreun\u0103 cu uleiul de ment\u0103. Ideal ca set de \u00eenceput \u0219i cadou.<\/p>\n<p>Recomandat pentru imediata vecin\u0103tate la nivel local.<\/p>\n<p><strong>Recomandare<\/strong><br \/>\nDifuzor: Respecta\u021bi recomand\u0103rile de aplicare din descrierea produsului.<br \/>\nUleiuri: Urma\u021bi recomand\u0103rile pentru fiecare ulei \u00een parte.<\/p>\n<p><strong>Aplica\u021bie sigur\u0103<\/strong><br \/>\nDifuzor: Respecta\u021bi instruc\u021biunile de siguran\u021b\u0103 din descrierea produsului<br \/>\nUleiuri: Urma\u021bi recomand\u0103rile pentru fiecare ulei \u00een parte.<\/p>\n","protected":false},"excerpt":{"rendered":"<h2 style=\"font-size: 28px;\">Difuzorul mic \u0219i la \u00eendem\u00e2n\u0103 pentru c\u0103l\u0103torii<\/h2>\n<p><strong>doTERRA Pilot Diffuser cu ulei de ment\u0103 &#8211; <\/strong>Difuzorul ideal pentru a merge. \u00cen cele din urm\u0103, ve\u021bi avea \u00eentotdeauna la dumneavoastr\u0103 difuzorul \u0219i efectele sale benefice. Fie \u00een geant\u0103, fie \u00een ma\u0219in\u0103. Bine\u00een\u021beles, poate fi \u00eenc\u0103rcat printr-un adaptor auto USB cu dou\u0103 porturi de 2,4 A. Func\u021bioneaz\u0103 timp de 4 ore \u00een modul continuu \u0219i 8 ore \u00een modul intermitent. \u00cempreun\u0103 cu uleiul r\u0103coritor de ment\u0103, este setul ideal pentru \u00eencep\u0103tori.<\/p>\n","protected":false},"featured_media":4638,"template":"","meta":{"_et_pb_use_builder":"","_et_pb_old_content":"","_et_gb_content_width":""},"product_cat":[15,57],"product_tag":[],"_links":{"self":[{"href":"https:\/\/www.magnolioworld.com\/green-ro\/wp-json\/wp\/v2\/product\/4504"}],"collection":[{"href":"https:\/\/www.magnolioworld.com\/green-ro\/wp-json\/wp\/v2\/product"}],"about":[{"href":"https:\/\/www.magnolioworld.com\/green-ro\/wp-json\/wp\/v2\/types\/product"}],"wp:featuredmedia":[{"embeddable":true,"href":"https:\/\/www.magnolioworld.com\/green-ro\/wp-json\/wp\/v2\/media\/4638"}],"wp:attachment":[{"href":"https:\/\/www.magnolioworld.com\/green-ro\/wp-json\/wp\/v2\/media?parent=4504"}],"wp:term":[{"taxonomy":"product_cat","embeddable":true,"href":"https:\/\/www.magnolioworld.com\/green-ro\/wp-json\/wp\/v2\/product_cat?post=4504"},{"taxonomy":"product_tag","embeddable":true,"href":"https:\/\/www.magnolioworld.com\/green-ro\/wp-json\/wp\/v2\/product_tag?post=4504"}],"curies":[{"name":"wp","href":"https:\/\/api.w.org\/{rel}","templated":true}]}}