{"id":3856,"date":"2022-08-20T12:13:54","date_gmt":"2022-08-20T10:13:54","guid":{"rendered":"https:\/\/www.magnolio.at\/?post_type=product&#038;p=3856"},"modified":"2024-05-18T00:37:06","modified_gmt":"2024-05-17T22:37:06","slug":"doterra-on-guard-dental-floss","status":"publish","type":"product","link":"https:\/\/www.magnolioworld.com\/green-ro\/doterra-on-guard-dental-floss\/","title":{"rendered":"doTERRA On Guard Dental Floss"},"content":{"rendered":"<p><strong>doTERRA On Guard Dental Floss<\/strong> &#8211; Cur\u0103\u021barea temeinic\u0103 a spa\u021biilor interdentare cu protec\u021bia imunitar\u0103 a amestecului protector OnGuard.<\/p>\n<p>A\u021ba dentar\u0103 doTERRA On Guard Dental Floss este un accesoriu minunat pentru o \u00eengrijire dentar\u0103 complet\u0103 \u0219i o protec\u021bie optim\u0103 pentru din\u021bi bine \u00eengriji\u021bi \u0219i proteja\u021bi. <\/p>\n<p>\u00cempreun\u0103 cu apa de gur\u0103 On Guard Mouthwash \u0219i a\u021ba dentar\u0103 On Guard Floss, acestea formeaz\u0103 un trio perfect de \u00eengrijire dentar\u0103 pentru din\u021bi radian\u021bi \u0219i s\u0103n\u0103to\u0219i.<\/p>\n<p>Ceea ce au toate \u00een comun este amestecul protector doTERRA On Guard, care ofer\u0103 o protec\u021bie optim\u0103 pentru sistemul imunitar. Mai ales \u00een aceste vremuri dificile, este cu at\u00e2t mai important s\u0103 ne protej\u0103m c\u00e2t mai bine sistemul imunitar, astfel \u00eenc\u00e2t acesta s\u0103 fie echipat \u00een mod optim \u00eempotriva agen\u021bilor patogeni de orice fel. Acest lucru se datoreaz\u0103 faptului c\u0103 sistemul imunitar este unul dintre cele mai complexe sisteme din corpul nostru, care trebuie s\u0103 fie \u00een permanen\u021b\u0103 preg\u0103tit s\u0103 ac\u021bioneze pentru a putea interveni imediat pentru a se proteja \u00eempotriva bacteriilor, viru\u0219ilor, toxinelor \u0219i ciupercilor. Cavitatea noastr\u0103 bucal\u0103, \u00een special, este o poart\u0103 de intrare ideal\u0103 pentru agen\u021bii patogeni de toate felurile \u0219i, prin urmare, necesit\u0103 o protec\u021bie special\u0103 din partea noastr\u0103. A\u021ba dentar\u0103 doTERRA On Guard este un ajutor indispensabil, deoarece este \u00eenmuiat\u0103 de dou\u0103 ori \u00een amestecul On Guard.<\/p>\n<p>Sprijin\u0103-\u021bi din\u021bii cu puterea pur\u0103 a naturii cu <strong>a\u021ba dentar\u0103 doTERRA On Guard <\/strong>\u0219i men\u021bine-i s\u0103n\u0103to\u0219i \u0219i radian\u021bi pentru mult timp. Ideal \u00een combina\u021bie cu celelalte produse de \u00eengrijire dentar\u0103 On Guard.<\/p>\n<p>Face\u021bi cuno\u0219tin\u021b\u0103 cu celelalte produse de protec\u021bie On Guard.<\/p>\n<p><strong>Recomandare<\/strong><br \/>\nAromat: Folosi\u021bi a\u021ba dentar\u0103 On Guard Dental Floss \u00een rutina de periaj de diminea\u021b\u0103 \u0219i de sear\u0103 pentru o \u00eengrijire optim\u0103 a din\u021bilor. Ideal \u00een combina\u021bie cu pasta de din\u021bi \u0219i apa de gur\u0103 On Guard. De asemenea, atunci c\u00e2nd este nevoie dup\u0103 o mas\u0103 \u00een mi\u0219care.<br \/>\nAplicare: T\u0103ia\u021bi 30-40 cm de a\u021b\u0103 dentar\u0103 \u0219i \u00eenf\u0103\u0219ura\u021bi capetele \u00een jurul degetelor ar\u0103t\u0103toare. Mi\u0219ca\u021bi u\u0219or a\u021ba dentar\u0103 \u00eentre din\u021bi \u0219i de-a lungul liniei gingivale pentru a \u00eendep\u0103rta placa bacterian\u0103 \u0219i resturile alimentare. Sp\u0103la\u021bi-v\u0103 pe din\u021bi cu pasta de din\u021bi On Guard \u00eenainte. <\/p>\n<p><strong>Utilizare sigur\u0103<br \/>\n<\/strong>Utiliza\u021bi numai conform specifica\u021biilor. A nu se p\u0103stra la \u00eendem\u00e2na copiilor.<\/p>\n","protected":false},"excerpt":{"rendered":"<h2 style=\"font-size: 28px;\">A\u021b\u0103 dentar\u0103<\/h2>\n<p>doTERRA On Guard Dental Floss &#8211; Cur\u0103\u021barea temeinic\u0103 a spa\u021biilor interdentare cu protec\u021bia imunitar\u0103 a amestecului protector On Guard. A\u021ba dentar\u0103 este un accesoriu minunat pentru o \u00eengrijire dentar\u0103 complet\u0103 \u0219i o protec\u021bie optim\u0103 pentru din\u021bi bine \u00eengriji\u021bi \u0219i proteja\u021bi. \u00cempreun\u0103 cu apa de gur\u0103 On Guard \u0219i pasta de din\u021bi On Guard, acestea formeaz\u0103 un trio perfect de \u00eengrijire dentar\u0103 pentru din\u021bi radian\u021bi \u0219i s\u0103n\u0103to\u0219i.<\/p>\n","protected":false},"featured_media":3952,"template":"","meta":{"_et_pb_use_builder":"","_et_pb_old_content":"","_et_gb_content_width":""},"product_cat":[15,1925,53],"product_tag":[],"_links":{"self":[{"href":"https:\/\/www.magnolioworld.com\/green-ro\/wp-json\/wp\/v2\/product\/3856"}],"collection":[{"href":"https:\/\/www.magnolioworld.com\/green-ro\/wp-json\/wp\/v2\/product"}],"about":[{"href":"https:\/\/www.magnolioworld.com\/green-ro\/wp-json\/wp\/v2\/types\/product"}],"wp:featuredmedia":[{"embeddable":true,"href":"https:\/\/www.magnolioworld.com\/green-ro\/wp-json\/wp\/v2\/media\/3952"}],"wp:attachment":[{"href":"https:\/\/www.magnolioworld.com\/green-ro\/wp-json\/wp\/v2\/media?parent=3856"}],"wp:term":[{"taxonomy":"product_cat","embeddable":true,"href":"https:\/\/www.magnolioworld.com\/green-ro\/wp-json\/wp\/v2\/product_cat?post=3856"},{"taxonomy":"product_tag","embeddable":true,"href":"https:\/\/www.magnolioworld.com\/green-ro\/wp-json\/wp\/v2\/product_tag?post=3856"}],"curies":[{"name":"wp","href":"https:\/\/api.w.org\/{rel}","templated":true}]}}