{"id":3853,"date":"2022-08-28T10:35:30","date_gmt":"2022-08-28T08:35:30","guid":{"rendered":"https:\/\/www.magnolio.at\/?post_type=product&#038;p=3853"},"modified":"2025-02-10T10:32:26","modified_gmt":"2025-02-10T09:32:26","slug":"ulei-de-busuioc-sfant-doterra-tulsi","status":"publish","type":"product","link":"https:\/\/www.magnolioworld.com\/green-ro\/ulei-de-busuioc-sfant-doterra-tulsi\/","title":{"rendered":"Ulei de busuioc sf\u00e2nt &#8211; doTERRA Tulsi"},"content":{"rendered":"<p><strong>doTERRA Tulsi<\/strong>&#8211; Ulei de busuioc sf\u00e2nt &#8211; Regina uleiurilor, ideal pentru bun\u0103starea fizic\u0103 \u0219i puritatea spiritual\u0103<\/p>\n<p>Aceast\u0103 plant\u0103 special\u0103, care provine din Asia de Sud-Est, este folosit\u0103 de multe secole ca ulei pentru afec\u021biuni fizice, dar mai ales pentru practica spiritual\u0103:<br \/>\ndoTERRA Tulsi apar\u021bine familiei de plante medicinale de ment\u0103. Miroase a busuioc proasp\u0103t, cu o mic\u0103 not\u0103 de cui\u0219oare. Frunzele \u0219i mugurii de flori sunt folosite \u00een principal pentru a extrage uleiul.<\/p>\n<p>doTERRA Tulsi are un puternic efect de cur\u0103\u021bare \u0219i echilibrare a sistemelor organismului, \u00een special asupra glicemiei \u0219i tensiunii arteriale. De asemenea, poate fi folosit pentru a sus\u021bine problemele respiratorii \u0219i articulare.  <br \/>\nPromoveaz\u0103 vitalitatea \u0219i bun\u0103starea \u0219i are un efect de echilibrare asupra nervilor, reduc\u00e2nd astfel stresul.<\/p>\n<p>Diluat\u0103 extern, poate preveni impurit\u0103\u021bile pielii \u0219i poate asigura un ten clar \u0219i radiant.<\/p>\n<p>Ca ulei spiritual, doTERRA Tulsi poate fi deosebit de util \u00een practica yoga, Tai Chi, Qi Gong sau, bine\u00een\u021beles, \u00een medita\u021bie \u0219i \u00een procesele energetice. Aplica\u021bia aromatic\u0103 \u00een difuzor este preferabil\u0103 aici.<\/p>\n<p><strong>doTERRA Tulsi<\/strong> sprijin\u0103 munca cu chakrele, deoarece ofer\u0103 ochiului al treilea mai mult\u0103 claritate, amploare \u0219i perspectiv\u0103.<\/p>\n<p>Din punct de vedere emo\u021bional, Tulsi ajut\u0103 la eliberarea blocajelor energetice, la eliminarea tensiunilor \u0219i blocajelor emo\u021bionale \u0219i la g\u0103sirea clarit\u0103\u021bii privind alinierea interioar\u0103. \u00cen plus, eugenolul pe care \u00eel con\u021bine poate oferi o barier\u0103 emo\u021bional\u0103 mai bun\u0103. \u00cen acest sens, este comparabil cu uleiul de cui\u0219oare (doTERRA Clove Bud).<br \/>\nPrin urmare, acest ulei este deosebit de util \u00een perioadele de mari provoc\u0103ri, permi\u021b\u00e2ndu-ne s\u0103 le st\u0103p\u00e2nim cu putere, cu o viziune pozitiv\u0103 asupra viitorului.<\/p>\n<p>\u00cempreun\u0103 cu uleiurile de citrice care \u00eembun\u0103t\u0103\u021besc starea de spirit, o combina\u021bie minunat\u0103 pentru via\u021ba de zi cu zi \u00een vremuri tulburi.<\/p>\n<p><strong>Recomandare<\/strong><br \/>\nAromatic: Pentru bun\u0103stare \u0219i puritate spiritual\u0103, ad\u0103uga\u021bi 3-4 pic\u0103turi \u00een difuzor sau inhala\u021bi ad\u00e2nc prin \u00eencheieturi. Ideal pentru practica spiritual\u0103.  <br \/>\nTopic: Folosi\u021bi propriet\u0103\u021bile calmante ale uleiului pentru \u00eengrijirea zilnic\u0103 a pielii. Masa\u021bi 5 pic\u0103turi de ulei \u00eempreun\u0103 cu 10 ml de ulei purt\u0103tor \u0219i scufunda\u021bi-v\u0103 \u00eentr-o lume a relax\u0103rii.<br \/>\nAd\u0103uga\u021bi 5 pic\u0103turi la o baie de relaxare lini\u0219titoare cu ulei purt\u0103tor, lapte de migdale sau crem\u0103.<br \/>\nParfum: Crea\u021bi un amestec de parfum distinctiv cu uleiuri de salvie, geraniu \u0219i neroli.  <\/p>\n<p><strong>Utilizare sigur\u0103<\/strong><br \/>\nPoate provoca irita\u021bii ale pielii. A nu se p\u0103stra la \u00eendem\u00e2na copiilor. Dac\u0103 sunte\u021bi \u00eens\u0103rcinat\u0103 sau urma\u021bi un tratament medical, v\u0103 rug\u0103m s\u0103 v\u0103 adresa\u021bi medicului dumneavoastr\u0103. Evita\u021bi contactul cu ochii, urechile interne, fa\u021ba, zonele sensibile \u0219i membranele mucoase. Pentru uz topic, v\u0103 rug\u0103m s\u0103 dilua\u021bi \u00eentotdeauna uleiurile cu un ulei purt\u0103tor (de exemplu, ulei de cocos frac\u021bionat).\n <\/p>\n","protected":false},"excerpt":{"rendered":"<h2 style=\"font-size: 28px\">Regin\u0103 a purit\u0103\u021bii spirituale (integrare)<\/h2>\n<p><strong>doTERRA Tulsi<\/strong> &#8211; Este ideal\u0103 pentru bun\u0103starea fizic\u0103 \u0219i puritatea spiritual\u0103, precum \u0219i pentru putere \u00een vremuri turbulente. Uleiul de busuioc sf\u00e2nt este recomandat \u00een special pentru practica spiritual\u0103, yoga, mediere \u0219i munca energetic\u0103.<\/p>\n","protected":false},"featured_media":5294,"template":"","meta":{"_et_pb_use_builder":"","_et_pb_old_content":"","_et_gb_content_width":""},"product_cat":[15,50],"product_tag":[],"_links":{"self":[{"href":"https:\/\/www.magnolioworld.com\/green-ro\/wp-json\/wp\/v2\/product\/3853"}],"collection":[{"href":"https:\/\/www.magnolioworld.com\/green-ro\/wp-json\/wp\/v2\/product"}],"about":[{"href":"https:\/\/www.magnolioworld.com\/green-ro\/wp-json\/wp\/v2\/types\/product"}],"wp:featuredmedia":[{"embeddable":true,"href":"https:\/\/www.magnolioworld.com\/green-ro\/wp-json\/wp\/v2\/media\/5294"}],"wp:attachment":[{"href":"https:\/\/www.magnolioworld.com\/green-ro\/wp-json\/wp\/v2\/media?parent=3853"}],"wp:term":[{"taxonomy":"product_cat","embeddable":true,"href":"https:\/\/www.magnolioworld.com\/green-ro\/wp-json\/wp\/v2\/product_cat?post=3853"},{"taxonomy":"product_tag","embeddable":true,"href":"https:\/\/www.magnolioworld.com\/green-ro\/wp-json\/wp\/v2\/product_tag?post=3853"}],"curies":[{"name":"wp","href":"https:\/\/api.w.org\/{rel}","templated":true}]}}