{"id":3844,"date":"2022-08-20T12:01:42","date_gmt":"2022-08-20T10:01:42","guid":{"rendered":"https:\/\/www.magnolio.at\/?post_type=product&#038;p=3844"},"modified":"2025-07-02T12:23:35","modified_gmt":"2025-07-02T10:23:35","slug":"ulei-de-copaiva-roll-on-doterra-copaiba-touch","status":"publish","type":"product","link":"https:\/\/www.magnolioworld.com\/green-ro\/ulei-de-copaiva-roll-on-doterra-copaiba-touch\/","title":{"rendered":"Ulei de Copaiva Roll-On &#8211; doTERRA Copaiba Touch"},"content":{"rendered":"<p><strong>doTERRA Copaiba Touch<\/strong> &#8211; Un ulei important pentru transformare<\/p>\n<p>\u00cen\u021belepciunea b\u0103\u0219tina\u0219ilor din America de Sud pentru putere fizic\u0103 \u0219i energie vital\u0103 \u00een lumea de ast\u0103zi, precum \u0219i pentru claritate \u0219i curaj pentru viitor.<\/p>\n<p>Uleiul esen\u021bial din r\u0103\u0219ina copacului Copaiba, originar din p\u0103durea tropical\u0103 amazonian\u0103, a fost timp de secole unul dintre cele mai importante \u0219i valoroase uleiuri ale nativilor din America de Sud.<br \/>\nNu e de mirare &#8211; acest copac reprezint\u0103 puterea \u0219i energia vital\u0103. Arborele de copaiba poate cre\u0219te p\u00e2n\u0103 la 120 de metri \u00een\u0103l\u021bime \u0219i poate tr\u0103i p\u00e2n\u0103 la 400 de ani, iar r\u0103\u0219ina sa con\u021bine cantit\u0103\u021bi mari de ulei esen\u021bial de copaiba, care este recoltat cu grij\u0103 de c\u0103tre produc\u0103torii regionali \u0219i extras prin distilare cu aburi. <\/p>\n<p>Datorit\u0103 ingredientelor sale valoroase, acest ulei ofer\u0103 o gam\u0103 larg\u0103 de aplica\u021bii care pot fi utilizate pentru bun\u0103starea fizic\u0103 general\u0103. \u00cen special, se folose\u0219te efectul s\u0103u calmant, lini\u0219titor \u0219i echilibrant asupra tuturor sistemelor corpului. Cu toate acestea, efectul s\u0103u de regenerare \u0219i re\u00eennoire celular\u0103 poate fi deosebit de valoros pentru regenerarea tuturor sistemelor organismului \u0219i a pielii.<\/p>\n<p>Uleiul esen\u021bial dulce de copaiva este utilizat \u00een principal \u00een s\u0103punuri, creme, lo\u021biuni \u0219i parfumuri. Este adesea nebulizat sau aplicat pe piele pentru relaxare \u0219i promoveaz\u0103 un ten neted \u0219i uniform.<\/p>\n<p>Poate fi aplicat extern pe p\u0103r\u021bile dorite ale corpului sau \u00een zonele chakrei inimii sau \u00een punctele reflexe ale pulsului \u0219i picioarelor.<br \/>\n<strong>doTERRA Copaiba Touch<\/strong> este gata de utilizare \u0219i este ideal pentru a fi folosit \u00een deplasare.<\/p>\n<p>Dar uleiul de copaiva are \u0219i un efect emo\u021bional deosebit. La fel este \u0219i uleiul revela\u021biei \u0219i al adev\u0103rului. Acest lucru v\u0103 ajut\u0103 s\u0103 v\u0103 \u00eemp\u0103ca\u021bi cu trecutul, s\u0103 v\u0103 ierta\u021bi gre\u0219elile, s\u0103 v\u0103 ierta\u021bi \u0219i s\u0103 \u00eenv\u0103\u021ba\u021bi din ele. Acest lucru poate aduce claritate, curaj \u0219i putere pentru a modela viitorul cu \u00eencredere. Acest lucru face ca Copaiba s\u0103 fie, din punct de vedere emo\u021bional, unul dintre cele mai importante uleiuri pentru transformare. \u00cen acela\u0219i timp, are un puternic efect calmant \u0219i de ameliorare a anxiet\u0103\u021bii.<\/p>\n<p>Pentru un efect emo\u021bional optim, v\u0103 recomand\u0103m s\u0103 aplica\u021bi doTERRA Copaiba Touch \u00een punctele de puls sau s\u0103 inhala\u021bi ad\u00e2nc prin palmele m\u00e2inilor.<\/p>\n<p><strong>Recomandare<\/strong><br \/>\nAromatic: Inhala\u021bi uleiul pe punctele de puls sau \u00een palmele m\u00e2inilor pentru a calma \u0219i ameliora anxietatea.<br \/>\nTopic: Aplica\u021bi doTERRA Copaiba Touch pe zonele afectate ale pielii sau pe zonele reflexe ale picioarelor \u0219i pe chakrele dorite.<\/p>\n<p><strong>Utilizare sigur\u0103<\/strong><br \/>\nA nu se p\u0103stra la \u00eendem\u00e2na copiilor. Dac\u0103 sunte\u021bi \u00eens\u0103rcinat\u0103 sau urma\u021bi un tratament medical, v\u0103 rug\u0103m s\u0103 v\u0103 adresa\u021bi medicului dumneavoastr\u0103. Evita\u021bi contactul cu ochii, urechile interne, fa\u021ba, zonele sensibile \u0219i membranele mucoase.<\/p>\n","protected":false},"excerpt":{"rendered":"<h2>Uleiul revela\u021biei<\/h2>\n<p>doTERRA Copaiba Touch &#8211; \u00cen\u021belepciunea b\u0103\u0219tina\u0219ilor din America de Sud pentru putere fizic\u0103 \u0219i energie vital\u0103, precum \u0219i pentru claritate \u0219i curaj pentru viitor. Este un ulei important pentru transformare \u0219i pentru a privi \u00een spatele scenei. De asemenea, este ideal pentru irita\u021biile pielii \u0219i \u00eempotriva panicii \u0219i anxiet\u0103\u021bii. Aici, sub form\u0103 de Kopaiva Roll-On gata de utilizare.<\/p>\n","protected":false},"featured_media":3954,"template":"","meta":{"_et_pb_use_builder":"","_et_pb_old_content":"","_et_gb_content_width":""},"product_cat":[15,50],"product_tag":[],"_links":{"self":[{"href":"https:\/\/www.magnolioworld.com\/green-ro\/wp-json\/wp\/v2\/product\/3844"}],"collection":[{"href":"https:\/\/www.magnolioworld.com\/green-ro\/wp-json\/wp\/v2\/product"}],"about":[{"href":"https:\/\/www.magnolioworld.com\/green-ro\/wp-json\/wp\/v2\/types\/product"}],"wp:featuredmedia":[{"embeddable":true,"href":"https:\/\/www.magnolioworld.com\/green-ro\/wp-json\/wp\/v2\/media\/3954"}],"wp:attachment":[{"href":"https:\/\/www.magnolioworld.com\/green-ro\/wp-json\/wp\/v2\/media?parent=3844"}],"wp:term":[{"taxonomy":"product_cat","embeddable":true,"href":"https:\/\/www.magnolioworld.com\/green-ro\/wp-json\/wp\/v2\/product_cat?post=3844"},{"taxonomy":"product_tag","embeddable":true,"href":"https:\/\/www.magnolioworld.com\/green-ro\/wp-json\/wp\/v2\/product_tag?post=3844"}],"curies":[{"name":"wp","href":"https:\/\/api.w.org\/{rel}","templated":true}]}}