{"id":3650,"date":"2022-06-22T20:30:05","date_gmt":"2022-06-22T18:30:05","guid":{"rendered":"https:\/\/at.magnolio.shop\/?post_type=product&#038;p=3650"},"modified":"2025-05-06T11:02:49","modified_gmt":"2025-05-06T09:02:49","slug":"doterra-together-kit","status":"publish","type":"product","link":"https:\/\/www.magnolioworld.com\/green-ro\/doterra-together-kit\/","title":{"rendered":"doTERRA Together Kit"},"content":{"rendered":"<p><strong>doTERRA Together Kit<\/strong> &#8211; setul ideal pentru toate echipele, fie c\u0103 se afl\u0103 la birou, la cabinet, \u00een magazine sau acas\u0103.<\/p>\n<p>Acesta con\u021bine uleiuri esen\u021biale pentru minte, suflet \u0219i corp &#8211; un adev\u0103rat pachet de lucru \u00een echip\u0103. Con\u021bine ulei de lev\u0103n\u021bic\u0103, ulei de ment\u0103, ulei de l\u0103m\u00e2ie, ulei de eucalipt \u0219i ulei de lemongrass. \u00cen plus, uleiul de portocale, uleiul de mandarine verzi \u0219i amestecul revitalizant doTERRA Citrus Bliss. Amestecurile doTERRA Adaptiv, doTERRA Balance \u0219i doTERRA Motivate sunt incluse pentru \u00eemp\u0103m\u00e2ntare, echilibrare \u0219i motivare.<\/p>\n<p>P\u0103stra\u021bi-v\u0103 echipa \u00een bun\u0103 dispozi\u021bie \u0219i motivat\u0103 cu acest kit.<\/p>\n<p><strong>Recomandare<\/strong><br \/>\nRe\u021bine\u021bi recomand\u0103rile pentru fiecare produs \u00een parte.<\/p>\n<p><strong>Utilizare sigur\u0103<br \/>\n<\/strong>Respecta\u021bi instruc\u021biunile pentru fiecare produs \u00een parte.<\/p>\n","protected":false},"excerpt":{"rendered":"<h2 style=\"font-size: 28px;\">Pachet de lucru \u00een echip\u0103<\/h2>\n<p><span style=\"font-size: 28px; color: #e20000; font-weight: bold;\">Economisi\u021bi 33 %<\/span><\/p>\n<p><strong>doTERRA Together Kit<\/strong> &#8211; setul ideal pentru toate echipele, fie c\u0103 se afl\u0103 la birou, la cabinet, \u00een magazine sau acas\u0103.<\/p>\n","protected":false},"featured_media":4445,"template":"","meta":{"_et_pb_use_builder":"","_et_pb_old_content":"","_et_gb_content_width":""},"product_cat":[15,1921],"product_tag":[],"_links":{"self":[{"href":"https:\/\/www.magnolioworld.com\/green-ro\/wp-json\/wp\/v2\/product\/3650"}],"collection":[{"href":"https:\/\/www.magnolioworld.com\/green-ro\/wp-json\/wp\/v2\/product"}],"about":[{"href":"https:\/\/www.magnolioworld.com\/green-ro\/wp-json\/wp\/v2\/types\/product"}],"wp:featuredmedia":[{"embeddable":true,"href":"https:\/\/www.magnolioworld.com\/green-ro\/wp-json\/wp\/v2\/media\/4445"}],"wp:attachment":[{"href":"https:\/\/www.magnolioworld.com\/green-ro\/wp-json\/wp\/v2\/media?parent=3650"}],"wp:term":[{"taxonomy":"product_cat","embeddable":true,"href":"https:\/\/www.magnolioworld.com\/green-ro\/wp-json\/wp\/v2\/product_cat?post=3650"},{"taxonomy":"product_tag","embeddable":true,"href":"https:\/\/www.magnolioworld.com\/green-ro\/wp-json\/wp\/v2\/product_tag?post=3650"}],"curies":[{"name":"wp","href":"https:\/\/api.w.org\/{rel}","templated":true}]}}