{"id":3648,"date":"2022-06-22T20:26:52","date_gmt":"2022-06-22T18:26:52","guid":{"rendered":"https:\/\/at.magnolio.shop\/?post_type=product&#038;p=3648"},"modified":"2025-03-19T11:43:59","modified_gmt":"2025-03-19T10:43:59","slug":"ulei-de-imortele-roll-on-doterra-helichrysum-touch","status":"publish","type":"product","link":"https:\/\/www.magnolioworld.com\/green-ro\/ulei-de-imortele-roll-on-doterra-helichrysum-touch\/","title":{"rendered":"Ulei de imortele Roll-On &#8211; doTERRA Helichrysum Touch"},"content":{"rendered":"<p><strong>doTERRA Helichrysum Touch <\/strong>&#8211; Uleiul florii nemuritoare &#8211; Doar ce este mai bun este suficient de bun pentru bun\u0103starea ta.<\/p>\n<p>Privind imortelele discrete, nu ai ghici niciodat\u0103 ce comoar\u0103 de\u021bine aceast\u0103 floare galben-aurie pentru bun\u0103starea noastr\u0103. <br \/>\nNumai numele sugereaz\u0103 ceva special: Heli = aur \u0219i chrysum = cer. Pentru mine, uleiul luminii de aur a cerului. Datorit\u0103 specialit\u0103\u021bii sale, a fost folosit \u0219i \u00een Grecia antic\u0103. Acest lucru \u00eenseamn\u0103 c\u0103 florile r\u0103m\u00e2n intacte pentru o perioad\u0103 lung\u0103 de timp, chiar \u0219i dup\u0103 ce au fost t\u0103iate, motiv pentru care sunt denumite flori nemuritoare. Acest lucru face ca doTERRA Helichrysum Touch s\u0103 fie un ulei deosebit de valoros.<\/p>\n<p>Helichrysum italicum este un semiarbust peren de p\u00e2n\u0103 la 60 cm \u00een\u0103l\u021bime. Frunzele argintii sunt \u00eenguste, iar florile \u00een form\u0103 de bil\u0103 sunt galben-aurii.<br \/>\nExtrac\u021bia acestui ulei necesit\u0103 foarte mult\u0103 munc\u0103 \u0219i trebuie recoltat manual. Acesta este motivul pentru care majoritatea uleiurilor de imortele con\u021bin foarte pu\u021bin material vegetal. Cu toate acestea, calitatea depinde de o recoltare atent\u0103, de cea mai bun\u0103 calitate organic\u0103 \u0219i de condi\u021bii optime de cre\u0219tere \u0219i de via\u021b\u0103. Numai atunci c\u00e2nd plantele au cea mai mare poten\u021b\u0103 \u0219i c\u00e2nd se utilizeaz\u0103 suficient material vegetal se ob\u021bine efectul optim pentru corp, minte \u0219i suflet. <br \/>\nPentru a ob\u021bine 5 ml de ulei de imortele, <strong>doTERRA<\/strong> folose\u0219te 1,8 kg de flori. <strong>doTERRA Helichrysum Touch<\/strong> este, de asemenea, amestecat cu ulei de cocos frac\u021bionat gata de utilizare.<\/p>\n<p>Uleiul esen\u021bial din aceast\u0103 floare nemuritoare este folosit pentru \u00eengrijirea regeneratoare a pielii \u0219i este, de asemenea, ideal pentru \u00eengrijirea dup\u0103 expunerea la soare. \u00cempreun\u0103 cu ulei de cocos frac\u021bionat, lavand\u0103, mironosi\u021b\u0103 \u0219i m\u0103ce\u0219e, ob\u021bine\u021bi un produs de \u00eengrijire solar\u0103 minunat de natural.<\/p>\n<p>Uleiul esen\u021bial de imortele este cunoscut \u00een naturopatie pentru propriet\u0103\u021bile sale de regenerare a pielii. De exemplu, uleiul esen\u021bial de imortele este folosit \u00een amestecul de frumuse\u021be doTERRA Salubelle pentru efectul s\u0103u de \u00eentinerire a pielii. De asemenea, scopul este de a reduce impurit\u0103\u021bile pielii \u0219i de a ob\u021bine un aspect radiant, tineresc. De asemenea, poate ajuta la reducerea petelor de pe piele.<\/p>\n<p><strong>Roll-on-ul de floarea c\u0103p\u0219unilor<\/strong> poate fi folosit \u0219i pentru v\u00e2n\u0103t\u0103i \u0219i leziuni fizice de orice fel, datorit\u0103 efectului s\u0103u de sus\u021binere a circula\u021biei. De asemenea, ajut\u0103 la activarea metabolismului \u0219i la sus\u021binerea diferitelor sisteme ale organismului. De asemenea, este ideal pentru c\u0103l\u0103torii \u0219i perioade lungi de \u0219edere.<\/p>\n<p>Fiind un <strong>doTERRA Helichrysum Touch<\/strong> gata de utilizare, acest ulei valoros poate fi folosit \u00een mod convenabil \u0219i \u00een timpul c\u0103l\u0103toriilor.<\/p>\n<p><strong>Recomandare<\/strong><br \/>\nAromatic: Inhala\u021bi <strong>doTERRA Helichrysum Touch<\/strong> peste \u00eencheieturi sau palme pentru calmare \u0219i bun\u0103stare general\u0103.<br \/>\nTopic: Aplica\u021bi pe zonele afectate ale pielii \u0219i pe zonele cu probleme sau pe zonele reflexe ale picioarelor \u0219i pe chakrele dorite.<\/p>\n<p><strong>Utilizare sigur\u0103<\/strong><br \/>\nA nu se p\u0103stra la \u00eendem\u00e2na copiilor. Dac\u0103 sunte\u021bi \u00eens\u0103rcinat\u0103 sau urma\u021bi un tratament medical, v\u0103 rug\u0103m s\u0103 v\u0103 adresa\u021bi medicului dumneavoastr\u0103. Evita\u021bi contactul cu ochii, urechile interne, fa\u021ba, zonele sensibile \u0219i membranele mucoase.<\/p>\n","protected":false},"excerpt":{"rendered":"<h2>Uleiul \u00eempotriva durerii<\/h2>\n<p>doTERRA Helichrysum Touch &#8211; Poate fi folosit \u00eempotriva disconfortului fizic. Se aplic\u0103 pe zonele stresate pentru a sus\u021bine regenerarea pielii \u0219i circula\u021bia s\u00e2ngelui. Uleiul de imortele &#8211; uleiul de floare nemuritoare &#8211; Doar ce este mai bun este suficient de bun pentru bun\u0103starea dumneavoastr\u0103 &#8211; fizic \u0219i emo\u021bional. Aici sub form\u0103 de roll-on de flori de c\u0103p\u0219uni gata de utilizare.<\/p>\n","protected":false},"featured_media":3957,"template":"","meta":{"_et_pb_use_builder":"","_et_pb_old_content":"","_et_gb_content_width":""},"product_cat":[15,50],"product_tag":[],"_links":{"self":[{"href":"https:\/\/www.magnolioworld.com\/green-ro\/wp-json\/wp\/v2\/product\/3648"}],"collection":[{"href":"https:\/\/www.magnolioworld.com\/green-ro\/wp-json\/wp\/v2\/product"}],"about":[{"href":"https:\/\/www.magnolioworld.com\/green-ro\/wp-json\/wp\/v2\/types\/product"}],"wp:featuredmedia":[{"embeddable":true,"href":"https:\/\/www.magnolioworld.com\/green-ro\/wp-json\/wp\/v2\/media\/3957"}],"wp:attachment":[{"href":"https:\/\/www.magnolioworld.com\/green-ro\/wp-json\/wp\/v2\/media?parent=3648"}],"wp:term":[{"taxonomy":"product_cat","embeddable":true,"href":"https:\/\/www.magnolioworld.com\/green-ro\/wp-json\/wp\/v2\/product_cat?post=3648"},{"taxonomy":"product_tag","embeddable":true,"href":"https:\/\/www.magnolioworld.com\/green-ro\/wp-json\/wp\/v2\/product_tag?post=3648"}],"curies":[{"name":"wp","href":"https:\/\/api.w.org\/{rel}","templated":true}]}}