{"id":2426,"date":"2020-12-01T19:14:23","date_gmt":"2020-12-01T18:14:23","guid":{"rendered":"https:\/\/at.magnolio.shop\/?post_type=product&#038;p=2426"},"modified":"2025-12-19T17:53:50","modified_gmt":"2025-12-19T16:53:50","slug":"doterra-holiday-peace","status":"publish","type":"product","link":"https:\/\/www.magnolioworld.com\/green-ro\/doterra-holiday-peace\/","title":{"rendered":"doTERRA Holiday Peace"},"content":{"rendered":"<p><strong>doTERRA Holiday Peace-<\/strong> Amestecul lini\u0219tit este \u00eenso\u021bitorul potrivit pentru un sezon de Advent calm \u0219i contemplativ \u0219i un Cr\u0103ciun plin de bucurie &#8211; aici cu un pandantiv decorativ din lemn de molid negru.<\/p>\n<p>Acest amestec lini\u0219tit de Cr\u0103ciun, cu uleiuri esen\u021biale de \u00eemp\u0103m\u00e2ntare \u0219i de ameliorare a anxiet\u0103\u021bii, cum ar fi t\u0103m\u00e2ie, iarb\u0103 dulce haitian\u0103, molid \u0219i brad, asigur\u0103 un sezon festiv echilibrat. \u00cen acela\u0219i timp, uleiul de grapefruit pe care \u00eel con\u021bine v\u0103 ajut\u0103 s\u0103 v\u0103 asculta\u021bi propriul corp \u0219i s\u0103 v\u0103 con\u0219tientiza\u021bi. Acest amestec special doTERRA festiv sus\u021bine emo\u021bional \u0219i promoveaz\u0103 pacea \u00een perioada Cr\u0103ciunului. Ajut\u0103 la \u00eencheierea vechilor tipare familiale \u0219i la sus\u021binerea sezonului festiv \u00een pace, lini\u0219te \u0219i contemplare. Acest lucru asigur\u0103 lini\u0219tea sezonului festiv.<\/p>\n<p>Acest lucru face din Cr\u0103ciun o s\u0103rb\u0103toare pa\u0219nic\u0103 a \u00eent\u00e2lnirilor armonioase.<\/p>\n<p>Ideal \u00een difuzor sau \u00een baia de wellness de Cr\u0103ciun. Dar <strong>doTERRA Holiday Peace <\/strong>este, de asemenea, un adaos minunat la pr\u0103jiturile de Cr\u0103ciun sau la punci.<\/p>\n<p>R\u0103sf\u0103\u021ba\u021bi-v\u0103 cu acest mix lini\u0219tit de Cr\u0103ciun. De asemenea, ideal ca \u0219i cadou special \u00eempreun\u0103 cu pandantivul din lemn \u00een form\u0103 de copac.<\/p>\n","protected":false},"excerpt":{"rendered":"<h2 style=\"font-size: 28px\">Mix de Cr\u0103ciun lini\u0219tit &#8211; Cu etichet\u0103 din lemn<\/h2>\n<p>doTERRA Holiday Peace &#8211; Acest amestec festiv special doTERRA sus\u021bine emo\u021bional \u0219i promoveaz\u0103 pacea \u00een perioada Cr\u0103ciunului. Ajut\u0103 la \u00eencheierea vechilor tipare familiale \u0219i la sus\u021binerea sezonului festiv \u00een pace, lini\u0219te \u0219i contemplare. Acest lucru asigur\u0103 lini\u0219tea sezonului festiv. Prezentat aici \u00eempreun\u0103 cu un pandantiv decorativ \u00een form\u0103 de lemn din molid negru. De asemenea, ideal ca un cadou special.<\/p>\n","protected":false},"featured_media":3961,"template":"","meta":{"_et_pb_use_builder":"","_et_pb_old_content":"","_et_gb_content_width":""},"product_cat":[15,1937],"product_tag":[],"_links":{"self":[{"href":"https:\/\/www.magnolioworld.com\/green-ro\/wp-json\/wp\/v2\/product\/2426"}],"collection":[{"href":"https:\/\/www.magnolioworld.com\/green-ro\/wp-json\/wp\/v2\/product"}],"about":[{"href":"https:\/\/www.magnolioworld.com\/green-ro\/wp-json\/wp\/v2\/types\/product"}],"wp:featuredmedia":[{"embeddable":true,"href":"https:\/\/www.magnolioworld.com\/green-ro\/wp-json\/wp\/v2\/media\/3961"}],"wp:attachment":[{"href":"https:\/\/www.magnolioworld.com\/green-ro\/wp-json\/wp\/v2\/media?parent=2426"}],"wp:term":[{"taxonomy":"product_cat","embeddable":true,"href":"https:\/\/www.magnolioworld.com\/green-ro\/wp-json\/wp\/v2\/product_cat?post=2426"},{"taxonomy":"product_tag","embeddable":true,"href":"https:\/\/www.magnolioworld.com\/green-ro\/wp-json\/wp\/v2\/product_tag?post=2426"}],"curies":[{"name":"wp","href":"https:\/\/api.w.org\/{rel}","templated":true}]}}