{"id":2294,"date":"2020-09-14T12:33:24","date_gmt":"2020-09-14T10:33:24","guid":{"rendered":"https:\/\/at.magnolio.shop\/?post_type=product&#038;p=2294"},"modified":"2025-02-05T19:43:42","modified_gmt":"2025-02-05T18:43:42","slug":"doterra-tamer","status":"publish","type":"product","link":"https:\/\/www.magnolioworld.com\/green-ro\/doterra-tamer\/","title":{"rendered":"doTERRA Tamer"},"content":{"rendered":"<p><strong>doTERRA Tamer <\/strong>&#8211; O digestie mai bun\u0103 a vie\u021bii de zi cu zi<\/p>\n<p>Pentru ca cei mici s\u0103 nu fie nevoi\u021bi s\u0103 fure mereu uleiurile de la p\u0103rin\u021bi, a fost alc\u0103tuit\u0103 o colec\u021bie pentru copii, special pentru nevoile lor. Uleiurile picante care nu sunt potrivite pentru copii au fost \u00eenlocuite \u00een amestecurile pentru adul\u021bi cu parfumuri mai u\u0219oare, mai dulci \u0219i mai bl\u00e2nde, cum ar fi Buddha Wood \u0219i Osmanthus, cre\u00e2nd astfel amestecuri ideale pentru cei mici.<br \/>\n\u00cen <strong>doTERRA Tamer<\/strong>, menta mai ascu\u021bit\u0103 din amestecul digestiv ZenGest pentru adul\u021bi a fost \u00eenlocuit\u0103 cu variet\u0103\u021bi mai u\u0219oare de ment\u0103, cum ar fi menta verde.<\/p>\n<p>Amestecurile de uleiuri sunt oferite \u00eentr-un format prietenos pentru copii \u0219i gata de utilizare, ideal pentru a fi folosit \u00een timpul c\u0103l\u0103toriilor \u0219i la \u0219coal\u0103.<\/p>\n<p>Cu amestecul de uleiuri doTERRA Tamer, cei mici au un ajutor digestiv cu ei oriunde merg. Acest lucru \u00eenseamn\u0103 c\u0103 ei pot primi ajutor rapid \u0219i \u00een orice moment dac\u0103 nu se simt bine, dar pot fi ajuta\u021bi \u0219i \u00een caz de stres \u0219i de evenimente dificile pentru sufletele mici.  <strong>doTERRA Tamer<\/strong>  pentru a digera mai bine experien\u021ba, \u00een adev\u0103ratul sens al cuv\u00e2ntului, deoarece un tract digestiv s\u0103n\u0103tos semnaleaz\u0103 creierului c\u0103 totul este \u00een ordine. \u00cen timp ce stresul este semnalat \u00een sens ascendent \u00een cazul unor defec\u021biuni \u0219i este perceput ca atare.<br \/>\nUleiurile esen\u021biale de \u00eenalt\u0103 calitate, cum ar fi menta verde, menta japonez\u0103 \u0219i ghimbirul, au un efect minunat de echilibrare a digestiei.<\/p>\n<p>Se aplic\u0103 \u00een mod ideal \u00een zona digestiv\u0103 \u0219i pe g\u00e2t sau se inhaleaz\u0103 peste \u00eencheieturi.<\/p>\n<p><span style=\"text-decoration: underline\">\u00cen plus, exist\u0103 acum amestecuri de parfumuri pentru toate provoc\u0103rile celor mici.<\/span><\/p>\n<p>Amestec \u00eencurajator &#8211; doTERRA Brave<br \/>\nAmestec calmant &#8211; doTERRA Rescuer  <br \/>\nAmestec de \u00eemp\u0103m\u00e2ntare &#8211; doTERRA Steady<br \/>\nAmestec de protec\u021bie &#8211; doTERRA Stronger  <br \/>\nAmestec pentru focalizare &#8211; doTERRA Thinker<br \/>\nAmestec de relaxare &#8211; doTERRA Calmer<\/p>\n<p>Folosi\u021bi setul de colec\u021bie pentru copii (Kids Collection) ieftin, cu geant\u0103 de transport practic\u0103, c\u00e2rlige colorate \u0219i cartona\u0219e.<\/p>\n<p><span style=\"text-decoration: underline\">Uleiurile sunt clasificate \u00een urm\u0103toarele domenii:<\/span><br \/>\n<u><\/u>&#8211; Minte (doTERRA Thinker &amp; doTERRA Calmer)<br \/>\n&#8211; Corp (doTERRA Stronger &amp; doTERRA Rescuer &amp; doTERRA Tamer)<br \/>\n&#8211; Inim\u0103 (doTERRAS Steady &amp; doTERRA Brave)<\/p>\n<p><strong>Recomandare<br \/>\n<\/strong>Aromatic: Inhala\u021bi amestecul peste \u00eencheieturi pentru a ajuta la digerarea vie\u021bii de zi cu zi. Repeta\u021bi pe parcursul zilei, dac\u0103 este necesar.  <br \/>\nTopic: P\u0103stra\u021bi amestecul la \u00eendem\u00e2n\u0103 \u00een orice moment pentru problemele digestive. Fie c\u0103 sunte\u021bi \u00een c\u0103l\u0103torie, face\u021bi sport sau la \u0219coal\u0103. Se aplic\u0103 pe palme \u0219i pe ceaf\u0103. Dac\u0103 este posibil, se maseaz\u0103 \u0219i pe stomac. De asemenea, este foarte benefic ca masaj abdominal. Destinat utiliz\u0103rii sub supravegherea unui adult.<\/p>\n<div class=\"product-uses__directions-for-use\">\n<div class=\"product-uses__directions-for-use-item\">\n<div class=\"product-uses__directions-for-use-copy\"><strong>Utilizare sigur\u0103<\/strong><br \/>\nEste posibil\u0103 iritarea pielii. A nu se p\u0103stra la \u00eendem\u00e2na copiilor cu v\u00e2rsta sub 3 ani. Dac\u0103 sunte\u021bi \u00eens\u0103rcinat\u0103 sau urma\u021bi un tratament medical, v\u0103 rug\u0103m s\u0103 v\u0103 adresa\u021bi medicului dumneavoastr\u0103. Evita\u021bi contactul cu ochii, urechile interne, fa\u021ba, zonele sensibile \u0219i membranele mucoase. Numai pentru uz extern.<\/div>\n<\/div>\n<\/div>\n","protected":false},"excerpt":{"rendered":"<h2 style=\"font-size: 28px\">Amestec digestiv pentru copii<\/h2>\n<p>doTERRA Tamer &#8211; O digestie mai bun\u0103 a vie\u021bii de zi cu zi. Cu acest amestec, cei mici au un ajutor digestiv cu ei oriunde merg. Acest lucru \u00eenseamn\u0103 c\u0103 ace\u0219tia pot fi u\u0219ura\u021bi rapid \u0219i \u00een orice moment \u00een cazul \u00een care se simt r\u0103u,<\/p>\n","protected":false},"featured_media":4167,"template":"","meta":{"_et_pb_use_builder":"","_et_pb_old_content":"","_et_gb_content_width":""},"product_cat":[51,15,1940],"product_tag":[],"_links":{"self":[{"href":"https:\/\/www.magnolioworld.com\/green-ro\/wp-json\/wp\/v2\/product\/2294"}],"collection":[{"href":"https:\/\/www.magnolioworld.com\/green-ro\/wp-json\/wp\/v2\/product"}],"about":[{"href":"https:\/\/www.magnolioworld.com\/green-ro\/wp-json\/wp\/v2\/types\/product"}],"wp:featuredmedia":[{"embeddable":true,"href":"https:\/\/www.magnolioworld.com\/green-ro\/wp-json\/wp\/v2\/media\/4167"}],"wp:attachment":[{"href":"https:\/\/www.magnolioworld.com\/green-ro\/wp-json\/wp\/v2\/media?parent=2294"}],"wp:term":[{"taxonomy":"product_cat","embeddable":true,"href":"https:\/\/www.magnolioworld.com\/green-ro\/wp-json\/wp\/v2\/product_cat?post=2294"},{"taxonomy":"product_tag","embeddable":true,"href":"https:\/\/www.magnolioworld.com\/green-ro\/wp-json\/wp\/v2\/product_tag?post=2294"}],"curies":[{"name":"wp","href":"https:\/\/api.w.org\/{rel}","templated":true}]}}