{"id":2290,"date":"2020-09-14T12:17:22","date_gmt":"2020-09-14T10:17:22","guid":{"rendered":"https:\/\/at.magnolio.shop\/?post_type=product&#038;p=2290"},"modified":"2025-11-17T13:55:23","modified_gmt":"2025-11-17T12:55:23","slug":"doterra-adaptiv-touch","status":"publish","type":"product","link":"https:\/\/www.magnolioworld.com\/green-ro\/doterra-adaptiv-touch\/","title":{"rendered":"doTERRA Adaptiv Touch"},"content":{"rendered":"<p><strong>doTERRA Adaptiv Touch <\/strong> &#8211; Un amestec de parfumuri minunat de calmant, ideal \u00een aceste vremuri turbulente \u0219i stresante.<\/p>\n<p>Datorit\u0103 compozi\u021biei sale echilibrate de uleiuri, doTERRA Adaptiv Touch are un efect de \u00eemp\u0103m\u00e2ntare, de calmare \u0219i de echilibrare \u0219i ajut\u0103 la dep\u0103\u0219irea celor mai dificile turbulen\u021be. Temerile \u0219i panica, \u00een special, pot fi atenuate \u0219i adesea complet rezolvate cu ajutorul acestui amestec. Pe m\u0103sur\u0103 ce corpul \u0219i mintea sunt calmate, amestecul ajut\u0103 \u0219i \u00een cazul agita\u021biei nervoase \u0219i poate contracara epuizarea mental\u0103. <br \/>\nDe asemenea, poate crea baza pentru un somn echilibrat \u0219i odihnitor, f\u0103r\u0103 a v\u0103 obosi \u00een timpul zilei.<br \/>\nDar acest amestec echilibrant poate, de asemenea, s\u0103 contracareze izbucnirile excesive \u0219i incontrolabile de emo\u021bii, cum ar fi furia, agresivitatea \u0219i frustrarea. De asemenea, este ideal pentru copiii agita\u021bi \u0219i nervo\u0219i.<\/p>\n<p>Amestecul de parfumuri doTERRA Adaptiv Touch este cunoscut \u0219i sub numele de uleiul adaptabilit\u0103\u021bii \u0219i v\u0103 ajut\u0103 s\u0103 trece\u021bi cu calm \u0219i senin\u0103tate prin aceste vremuri dificile \u0219i s\u0103 v\u0103 adapta\u021bi la vremurile \u00een schimbare \u00een cel mai bun mod posibil.<\/p>\n<p>Uleiurile esen\u021biale valoroase con\u021binute \u00een acest amestec special<strong> doTERRA Adaptiv<\/strong> <strong>Touch<\/strong> sunt de ajutor aici: uleiul de lavand\u0103 extras din v\u00e2rfurile florilor de lavand\u0103 are un efect deosebit de calmant \u0219i relaxant \u0219i, ca ulei de comunicare, are, de asemenea, un efect de echilibrare \u0219i de promovare a \u00een\u021belegerii interpersonale. Presat delicat la rece din coaja de portocal\u0103 s\u0103lbatic\u0103, uleiul esen\u021bial de portocale s\u0103lbatice ajut\u0103 la ridicarea st\u0103rii de spirit \u0219i are o arom\u0103 pozitiv\u0103, energizant\u0103. Uleiul de rozmarin este, de asemenea, foarte energizant \u0219i, cu mirosul s\u0103u ierbos, ca ulei de tranzi\u021bie, ajut\u0103 la men\u021binerea echilibrului, \u00een special \u00een perioadele de schimbare. Uleiul extras din frunzele de ment\u0103 s\u0103lbatic\u0103 are un efect revigorant \u0219i revitalizant, ofer\u0103 o nou\u0103 concentrare \u0219i aduce un sentiment de pozitivitate. Neroli este un parfum floral minunat de fermec\u0103tor, care \u00eenc\u00e2nt\u0103, \u00eenc\u0103lze\u0219te \u0219i atinge inima. Acesta este motivul pentru care este adesea numit uleiul parteneriatului \u0219i al obiectivelor comune. Extras\u0103 din copacul Copaiba, Copaiba confer\u0103 putere \u0219i \u00eencredere primar\u0103, ajut\u00e2nd la calmarea \u0219i lini\u0219tirea sentimentelor de anxietate. Ca o not\u0103 de finisare dulce \u0219i suav\u0103 a compozi\u021biei de parfum, magnolia, cu mirosul s\u0103u floral incomparabil, deschide inima \u0219i \u00eenc\u0103lze\u0219te sim\u021burile, f\u0103c\u00e2ndu-\u0219i cinste cu numele s\u0103u de ulei al compasiunii. <\/p>\n<p>Bucura\u021bi-v\u0103 de acest amestec de parfumuri incomparabil echilibrat \u00een via\u021ba de zi cu zi \u0219i crea\u021bi un echilibru u\u0219or \u00een via\u021ba dumneavoastr\u0103. Aici ca o atingere gata de utilizare pentru a merge.<\/p>\n<p><strong>Recomandare<\/strong><br \/>\nAromatic: Pentru un efect emo\u021bional optim, aplica\u021bi amestecul pe punctele de puls \u0219i inhala\u021bi. Aplica\u021bi pe t\u0103lpile picioarelor diminea\u021ba \u0219i petrece\u021bi \u00eentreaga zi \u00een lini\u0219te \u0219i concentrare.<br \/>\nTopic: Se aplic\u0103 pe ceaf\u0103 sau ca parfum \u0219i se maseaz\u0103 pe m\u00e2ini \u0219i palme.<\/p>\n<p><strong>Utilizare sigur\u0103<\/strong><br \/>\nEste posibil\u0103 iritarea pielii. A nu se p\u0103stra la \u00eendem\u00e2na copiilor. Dac\u0103 sunte\u021bi \u00eens\u0103rcinat\u0103 sau urma\u021bi un tratament medical, v\u0103 rug\u0103m s\u0103 v\u0103 adresa\u021bi medicului dumneavoastr\u0103. Evita\u021bi contactul cu ochii, urechile interne, fa\u021ba, zonele sensibile \u0219i membranele mucoase. Evita\u021bi lumina soarelui \u0219i razele UV timp de cel pu\u021bin 12 ore dup\u0103 aplicare. Numai pentru uz extern.<\/p>\n","protected":false},"excerpt":{"rendered":"<h2 style=\"font-size: 28px;\">Soothing Blend Roll-On &#8211; Uleiul adaptabilit\u0103\u021bii<\/h2>\n<p>doTERRA Adaptiv Touch &#8211; este un amestec de parfumuri minunat de calmant, ideal \u00een aceste vremuri turbulente \u0219i stresante. Bucura\u021bi-v\u0103 de acest amestec incomparabil \u00een via\u021ba de zi cu zi \u0219i crea\u021bi un echilibru u\u0219or \u00een via\u021ba dumneavoastr\u0103. Ideal ca o atingere \u00een timpul c\u0103l\u0103toriilor.<\/p>\n","protected":false},"featured_media":4192,"template":"","meta":{"_et_pb_use_builder":"","_et_pb_old_content":"","_et_gb_content_width":""},"product_cat":[51,15],"product_tag":[],"_links":{"self":[{"href":"https:\/\/www.magnolioworld.com\/green-ro\/wp-json\/wp\/v2\/product\/2290"}],"collection":[{"href":"https:\/\/www.magnolioworld.com\/green-ro\/wp-json\/wp\/v2\/product"}],"about":[{"href":"https:\/\/www.magnolioworld.com\/green-ro\/wp-json\/wp\/v2\/types\/product"}],"wp:featuredmedia":[{"embeddable":true,"href":"https:\/\/www.magnolioworld.com\/green-ro\/wp-json\/wp\/v2\/media\/4192"}],"wp:attachment":[{"href":"https:\/\/www.magnolioworld.com\/green-ro\/wp-json\/wp\/v2\/media?parent=2290"}],"wp:term":[{"taxonomy":"product_cat","embeddable":true,"href":"https:\/\/www.magnolioworld.com\/green-ro\/wp-json\/wp\/v2\/product_cat?post=2290"},{"taxonomy":"product_tag","embeddable":true,"href":"https:\/\/www.magnolioworld.com\/green-ro\/wp-json\/wp\/v2\/product_tag?post=2290"}],"curies":[{"name":"wp","href":"https:\/\/api.w.org\/{rel}","templated":true}]}}