{"id":2283,"date":"2020-09-14T10:16:52","date_gmt":"2020-09-14T08:16:52","guid":{"rendered":"https:\/\/at.magnolio.shop\/?post_type=product&#038;p=2283"},"modified":"2025-11-17T18:36:43","modified_gmt":"2025-11-17T17:36:43","slug":"ulei-de-trandafir-doterra-rose","status":"publish","type":"product","link":"https:\/\/www.magnolioworld.com\/green-ro\/ulei-de-trandafir-doterra-rose\/","title":{"rendered":"Ulei de trandafir &#8211; doTERRA Rose"},"content":{"rendered":"<p><strong>doTERRA Rose<\/strong> &#8211; Regina uleiurilor<\/p>\n<p>Trandafirul de Damasc este un tip de trandafir care era deja cultivat \u00een Asia Mic\u0103 \u00een antichitate \u0219i care a ajuns \u00een Europa odat\u0103 cu crucia\u021bii. Planta u\u0219or c\u0103\u021b\u0103r\u0103toare, asem\u0103n\u0103toare unui trandafir, cu flori roz, are un parfum floral dulce \u0219i fermec\u0103tor, cu propriet\u0103\u021bi stimulatoare \u0219i energizante. \u00cen Bulgaria, cea mai mare zon\u0103 de cultivare din lume, unde se distileaz\u0103 anual aproximativ 1,5 tone de ulei esen\u021bial de trandafir, de unde acesta ajunge \u00een parfumerie \u0219i \u00een medicina organic\u0103.<\/p>\n<p>Frunzele de petale de trandafir bulg\u0103resc damasc selectat (22.000) creeaz\u0103 o explozie olfactiv\u0103 incredibil\u0103. Acest lucru face ca <strong>doTERRA Rose<\/strong> s\u0103 fie regina uleiurilor. Este unul dintre uleiurile cu cele mai \u00eenalte frecven\u021be \u0219i ne face s\u0103 vibr\u0103m \u00een alte sfere. Acest efect poate fi folosit \u00een mod minunat \u00een coaching, precum \u0219i \u00een munca spiritual\u0103 \u0219i terapeutic\u0103.<\/p>\n<p>\u00cen mod ideal, uleiul de trandafir este folosit ca o \u00eembog\u0103\u021bire exclusiv\u0103 pentru \u00eengrijirea fe\u021bei, pentru zona de spa sau pur \u0219i simplu pentru bun\u0103stare. Trandafirul este un ulei minunat care face inima s\u0103 vibreze.<\/p>\n<p>doTERRA Rose &#8211; Un cadou special pentru persoanele speciale.<\/p>\n<p><strong>Recomandare<\/strong><br \/>\nAromatic: Ad\u0103uga\u021bi 2-3 pic\u0103turi \u00een difuzor pentru o atmosfer\u0103 pl\u0103cut\u0103 de bun-sim\u021b. Inhala\u021bi uleiul pe \u00eencheieturile m\u00e2inilor sau \u00een palme pentru un efect emo\u021bional optim.<br \/>\nTopic: Folosi\u021bi uleiul de trandafir pentru un ten uniform, \u00eempotriva petelor pigmentare \u0219i a imperfec\u021biunilor \u00een \u00eengrijirea fe\u021bei. Amesteca\u021bi 1 -2 pic\u0103turi \u00een rutina de \u00eengrijire a pielii de sear\u0103 pentru a v\u0103 echilibra \u00een mod optim nivelul de hidratare \u0219i pentru a v\u0103 \u00eenso\u021bi pe parcursul nop\u021bii cu un parfum floral.<br \/>\nPentru un masaj relaxant dup\u0103 o zi lung\u0103, amesteca\u021bi 5 pic\u0103turi cu 10 ml de ulei purt\u0103tor \u0219i savura\u021bi. Se amestec\u0103 2-3 pic\u0103turi cu 5 ml de ulei purt\u0103tor sau lapte sau crem\u0103 de migdale pentru o baie de wellness lini\u0219titoare.<br \/>\nParfum: Aplica\u021bi pe g\u00e2t \u0219i pe \u00eencheieturi pentru un parfum distinctiv dulce \u0219i floral.<\/p>\n<p><strong>Utilizare sigur\u0103<\/strong><br \/>\nPoate provoca irita\u021bii ale pielii. A nu se p\u0103stra la \u00eendem\u00e2na copiilor. Dac\u0103 sunte\u021bi \u00eens\u0103rcinat\u0103 sau urma\u021bi un tratament medical, v\u0103 rug\u0103m s\u0103 v\u0103 adresa\u021bi medicului dumneavoastr\u0103. Evita\u021bi contactul cu ochii, urechile interne, fa\u021ba, zonele sensibile \u0219i membranele mucoase. Pentru uz topic, v\u0103 rug\u0103m s\u0103 dilua\u021bi \u00eentotdeauna uleiurile cu un ulei purt\u0103tor (de exemplu, ulei de cocos frac\u021bionat).<\/p>\n","protected":false},"excerpt":{"rendered":"<h2 style=\"font-size: 28px\">Regina uleiurilor<\/h2>\n<p>doTERRA Rose &#8211; Frunzele de petale de trandafir de Damasc bulg\u0103resc selec\u021bionate (22.000) creeaz\u0103 o explozie olfactiv\u0103 incredibil\u0103. \u00cen mod ideal, uleiul de trandafir este folosit ca o \u00eembog\u0103\u021bire exclusiv\u0103 pentru \u00eengrijirea fe\u021bei, pentru zona de spa sau pur \u0219i simplu pentru bun\u0103stare. Trandafirul este un ulei minunat care face inima s\u0103 vibreze. Un cadou special pentru oameni speciali.<\/p>\n","protected":false},"featured_media":4193,"template":"","meta":{"_et_pb_use_builder":"","_et_pb_old_content":"","_et_gb_content_width":""},"product_cat":[50,15,42,1939,1941,1968],"product_tag":[],"_links":{"self":[{"href":"https:\/\/www.magnolioworld.com\/green-ro\/wp-json\/wp\/v2\/product\/2283"}],"collection":[{"href":"https:\/\/www.magnolioworld.com\/green-ro\/wp-json\/wp\/v2\/product"}],"about":[{"href":"https:\/\/www.magnolioworld.com\/green-ro\/wp-json\/wp\/v2\/types\/product"}],"wp:featuredmedia":[{"embeddable":true,"href":"https:\/\/www.magnolioworld.com\/green-ro\/wp-json\/wp\/v2\/media\/4193"}],"wp:attachment":[{"href":"https:\/\/www.magnolioworld.com\/green-ro\/wp-json\/wp\/v2\/media?parent=2283"}],"wp:term":[{"taxonomy":"product_cat","embeddable":true,"href":"https:\/\/www.magnolioworld.com\/green-ro\/wp-json\/wp\/v2\/product_cat?post=2283"},{"taxonomy":"product_tag","embeddable":true,"href":"https:\/\/www.magnolioworld.com\/green-ro\/wp-json\/wp\/v2\/product_tag?post=2283"}],"curies":[{"name":"wp","href":"https:\/\/api.w.org\/{rel}","templated":true}]}}