{"id":2281,"date":"2020-09-14T10:07:30","date_gmt":"2020-09-14T08:07:30","guid":{"rendered":"https:\/\/at.magnolio.shop\/?post_type=product&#038;p=2281"},"modified":"2026-03-24T12:11:17","modified_gmt":"2026-03-24T11:11:17","slug":"ulei-de-eucalipt-de-lamaie-doterra-lemon-eucalyptus","status":"publish","type":"product","link":"https:\/\/www.magnolioworld.com\/green-ro\/ulei-de-eucalipt-de-lamaie-doterra-lemon-eucalyptus\/","title":{"rendered":"Ulei de eucalipt de l\u0103m\u00e2ie &#8211; doTERRA Lemon Eucalyptus"},"content":{"rendered":"<p><strong>doTERRA Lemon-Eucalyptus<\/strong> &#8211; Pentru un mediu revitalizant \u00eentr-un spa\u021biu protejat<\/p>\n<p>Uleiul de eucalipt de l\u0103m\u00e2ie se ob\u021bine prin distilare bl\u00e2nd\u0103 cu aburi din frunzele plantei de eucalipt de l\u0103m\u00e2ie. Uleiul are multe beneficii \u0219i sus\u021bine pielea \u00eentr-un mod puternic. Deoarece nu este un ulei de citrice, poate fi folosit \u00een siguran\u021b\u0103 \u0219i la lumina soarelui.<\/p>\n<p>Cu aroma sa deosebit de revigorant\u0103, revitalizeaz\u0103 \u00eentr-un mod delicat. De asemenea, are un efect de protec\u021bie emo\u021bional\u0103 \u0219i de izolare energetic\u0103, \u00eempiedic\u00e2nd influen\u021bele externe negative \u0219i d\u0103un\u0103toare &#8211; at\u00e2t fizice, c\u00e2t \u0219i emo\u021bionale &#8211; s\u0103 aib\u0103 efect asupra ta.<\/p>\n<p>doTERRA Lemon Eucalyptus este folosit \u00een mod ideal \u00eentr-un difuzor. Poate fi, de asemenea, diluat \u0219i aplicat pe punctele de puls \u0219i inhalat de mai multe ori pe zi cu 4-5 respira\u021bii profunde \u0219i pulverizat \u00een jurul corpului \u00eentr-un amestec de ulei \u0219i ap\u0103 pentru a proteja aura.<\/p>\n<p>doTERRA Lemon Eucalyptus are o arom\u0103 unic\u0103, care ofer\u0103 o protec\u021bie minunat\u0103 \u00eempotriva influen\u021belor mediului \u0219i ne poart\u0103 cu putere \u0219i siguran\u021b\u0103 prin vremuri turbulente.<\/p>\n<p><strong>Recomandare<\/strong><br \/>\nAromatic: Nebuliza\u021bi 3-4 pic\u0103turi \u00een difuzor pentru a revitaliza \u0219i purifica climatul din \u00eenc\u0103pere. Pentru un efect emo\u021bional intens, inhala\u021bi profund uleiul prin punctele de puls sau prin palme.<br \/>\nTopic: Ad\u0103uga\u021bi 1-2 pic\u0103turi \u00een tonerul facial pentru a revitaliza \u0219i cur\u0103\u021ba pielea. Amesteca\u021bi 5 pic\u0103turi cu 10 ml de ulei purt\u0103tor pentru un masaj calmant \u0219i revitalizant \u0219i savura\u021bi. <br \/>\nCa aditiv pentru baie, se amestec\u0103 5 pic\u0103turi cu 5 ml de ulei purt\u0103tor sau lapte sau crem\u0103 de migdale. <br \/>\nCa parfum: se amestec\u0103 1 pic\u0103tur\u0103 cu 10 pic\u0103turi de ulei purt\u0103tor. <\/p>\n<p><strong>Aplica\u021bie sigur\u0103<\/strong><br \/>\nPoate provoca irita\u021bii ale pielii. A nu se p\u0103stra la \u00eendem\u00e2na copiilor. Dac\u0103 sunte\u021bi \u00eens\u0103rcinat\u0103 sau urma\u021bi un tratament medical, v\u0103 rug\u0103m s\u0103 v\u0103 adresa\u021bi medicului dumneavoastr\u0103. Evita\u021bi contactul cu ochii, urechile interne, fa\u021ba, zonele sensibile \u0219i membranele mucoase. Pentru uz topic, v\u0103 rug\u0103m s\u0103 dilua\u021bi \u00eentotdeauna uleiurile cu un ulei purt\u0103tor (de exemplu, ulei de cocos frac\u021bionat).<\/p>\n","protected":false},"excerpt":{"rendered":"<h2 style=\"font-size: 28px;\">Uleiul de protec\u021bie<\/h2>\n<p>doTERRA Lemon Eucalyptus &#8211; Creeaz\u0103 un mediu revitalizant \u00eentr-un spa\u021biu protejat. Uleiul de eucalipt cu l\u0103m\u00e2ie are o arom\u0103 unic\u0103, care ofer\u0103 o protec\u021bie minunat\u0103 \u00eempotriva influen\u021belor mediului \u0219i ne poart\u0103 cu putere \u0219i siguran\u021b\u0103 prin vremuri tulburi.<\/p>\n","protected":false},"featured_media":4170,"template":"","meta":{"_et_pb_use_builder":"","_et_pb_old_content":"","_et_gb_content_width":""},"product_cat":[50,15],"product_tag":[],"_links":{"self":[{"href":"https:\/\/www.magnolioworld.com\/green-ro\/wp-json\/wp\/v2\/product\/2281"}],"collection":[{"href":"https:\/\/www.magnolioworld.com\/green-ro\/wp-json\/wp\/v2\/product"}],"about":[{"href":"https:\/\/www.magnolioworld.com\/green-ro\/wp-json\/wp\/v2\/types\/product"}],"wp:featuredmedia":[{"embeddable":true,"href":"https:\/\/www.magnolioworld.com\/green-ro\/wp-json\/wp\/v2\/media\/4170"}],"wp:attachment":[{"href":"https:\/\/www.magnolioworld.com\/green-ro\/wp-json\/wp\/v2\/media?parent=2281"}],"wp:term":[{"taxonomy":"product_cat","embeddable":true,"href":"https:\/\/www.magnolioworld.com\/green-ro\/wp-json\/wp\/v2\/product_cat?post=2281"},{"taxonomy":"product_tag","embeddable":true,"href":"https:\/\/www.magnolioworld.com\/green-ro\/wp-json\/wp\/v2\/product_tag?post=2281"}],"curies":[{"name":"wp","href":"https:\/\/api.w.org\/{rel}","templated":true}]}}