{"id":2279,"date":"2020-09-14T10:04:34","date_gmt":"2020-09-14T08:04:34","guid":{"rendered":"https:\/\/at.magnolio.shop\/?post_type=product&#038;p=2279"},"modified":"2026-01-08T17:31:09","modified_gmt":"2026-01-08T16:31:09","slug":"ulei-de-citronella-doterra-citronella","status":"publish","type":"product","link":"https:\/\/www.magnolioworld.com\/green-ro\/ulei-de-citronella-doterra-citronella\/","title":{"rendered":"Ulei de citronella &#8211; doTERRA Citronella"},"content":{"rendered":"<p style=\"text-align: left\"><strong>doTERRA Citronella<\/strong> &#8211; \u00censo\u021bitorul ideal pentru o \u0219edere f\u0103r\u0103 griji \u00een natur\u0103<\/p>\n<p>Uleiul de citronella este ob\u021binut prin distilare bl\u00e2nd\u0103 cu aburi dintr-o iarb\u0103 \u00eenalt\u0103 originar\u0103 din Asia. Prin urmare, nu este, a\u0219a cum sugereaz\u0103 \u0219i numele, un ulei de citrice. De aceea, nu este fotosensibil \u0219i poate fi aplicat diluat la soare f\u0103r\u0103 griji.<br \/>\ndoTERRA Citronella are un parfum puternic, dar proasp\u0103t. Acesta este ideal pentru a v\u0103 face \u0219ederea \u00een aer liber c\u00e2t mai pl\u0103cut\u0103 atunci c\u00e2nd merge\u021bi cu cortul, face\u021bi sport sau alte activit\u0103\u021bi \u00een aer liber.<\/p>\n<p>Pentru a face acest lucru, pur \u0219i simplu dilua\u021bi uleiul (a se vedea recomandarea de mai jos) \u0219i aplica\u021bi-l pe piele sau turna\u021bi-l \u00eentr-un difuzor. Deoarece uleiurile esen\u021biale de \u00eenalt\u0103 calitate nu las\u0103 pete pe haine, un amestec de ulei \u0219i ap\u0103 poate fi pulverizat \u0219i pe corp.<\/p>\n<p>Amestecul are, de asemenea, un efect extrem de calmant asupra pielii \u0219i scalpului \u0219i poate fi diluat \u0219i aplicat pe zonele respective. Un efect secundar minunat este o piele clar\u0103 \u0219i pur\u0103.<\/p>\n<p>doTERRA Citronellal are, de asemenea, un efect emo\u021bional minunat. Deci, este uleiul schimb\u0103rii viziunii \u0219i ne ajut\u0103 s\u0103 privim lucrurile din alte perspective. Ceea ce este extrem de important \u00een actuala transformare. Ajut\u0103, de asemenea, \u00eempotriva iritabilit\u0103\u021bii \u0219i a st\u0103rilor agresive. De asemenea, ne poate elibera de fazele de demotivare \u0219i stagnare \u0219i poate atenua emo\u021biile negative, cum ar fi stresul, triste\u021bea \u0219i anxietatea.<\/p>\n<p>Pur \u0219i simplu ad\u0103uga\u021bi uleiul de citronella \u00een difuzor sau aplica\u021bi-l diluat pe \u00eencheieturi \u0219i inhala\u021bi cu 4-5 respira\u021bii ad\u00e2nci de mai multe ori pe zi.<\/p>\n<p>Citronella, uleiul pentru cunosc\u0103torii iubitori de natur\u0103.<\/p>\n<p><strong>Recomandare<br \/>\n<\/strong>Aromatic: Pentru o \u0219edere proasp\u0103t\u0103 \u0219i netulburat\u0103 \u00een aer liber sau \u00een interior, este suficient s\u0103 ad\u0103uga\u021bi 2-3 pic\u0103turi \u00een difuzor. Poate fi utilizat \u00een mod ideal \u0219i cu amestecul Terrashield.<br \/>\nTopic: Ad\u0103uga\u021bi 1-2 pic\u0103turi \u00een \u0219ampon sau balsam pentru a intensifica efectul de cur\u0103\u021bare. Se dilueaz\u0103 cu ulei purt\u0103tor \u0219i se aplic\u0103 pe zonele de piele dorite atunci c\u00e2nd se afl\u0103 \u00een aer liber (se amestec\u0103 5 pic\u0103turi cu 10 ml de ulei purt\u0103tor).  <\/p>\n<p><strong>Utilizare sigur\u0103<\/strong><br \/>\nA nu se p\u0103stra la \u00eendem\u00e2na copiilor. Dac\u0103 sunte\u021bi gravid\u0103 sau dac\u0103 urma\u021bi un tratament medical. v\u0103 rug\u0103m s\u0103 v\u0103 adresa\u021bi medicului dumneavoastr\u0103. Evita\u021bi contactul cu ochii, urechile interne, fa\u021ba, zonele sensibile \u0219i membranele mucoase. Atunci c\u00e2nd este aplicat extern, uleiul trebuie \u00eentotdeauna diluat (de exemplu, cu ulei de cocos frac\u021bionat).<\/p>\n","protected":false},"excerpt":{"rendered":"<h2 style=\"font-size: 28px\">Uleiul de demarca\u021bie<\/h2>\n<p>doTERRA Citronella este partenerul ideal pentru o \u0219edere f\u0103r\u0103 griji \u00een natur\u0103. Citronella, uleiul pentru cunosc\u0103torii iubitori de natur\u0103. Pur \u0219i simplu indispensabil cu parfumul s\u0103u proasp\u0103t \u0219i limpede. Din punct de vedere emo\u021bional, creeaz\u0103 limite fizice \u0219i emo\u021bionale.<\/p>\n","protected":false},"featured_media":4172,"template":"","meta":{"_et_pb_use_builder":"","_et_pb_old_content":"","_et_gb_content_width":""},"product_cat":[50,15],"product_tag":[],"_links":{"self":[{"href":"https:\/\/www.magnolioworld.com\/green-ro\/wp-json\/wp\/v2\/product\/2279"}],"collection":[{"href":"https:\/\/www.magnolioworld.com\/green-ro\/wp-json\/wp\/v2\/product"}],"about":[{"href":"https:\/\/www.magnolioworld.com\/green-ro\/wp-json\/wp\/v2\/types\/product"}],"wp:featuredmedia":[{"embeddable":true,"href":"https:\/\/www.magnolioworld.com\/green-ro\/wp-json\/wp\/v2\/media\/4172"}],"wp:attachment":[{"href":"https:\/\/www.magnolioworld.com\/green-ro\/wp-json\/wp\/v2\/media?parent=2279"}],"wp:term":[{"taxonomy":"product_cat","embeddable":true,"href":"https:\/\/www.magnolioworld.com\/green-ro\/wp-json\/wp\/v2\/product_cat?post=2279"},{"taxonomy":"product_tag","embeddable":true,"href":"https:\/\/www.magnolioworld.com\/green-ro\/wp-json\/wp\/v2\/product_tag?post=2279"}],"curies":[{"name":"wp","href":"https:\/\/api.w.org\/{rel}","templated":true}]}}