{"id":171,"date":"2020-04-12T11:15:23","date_gmt":"2020-04-12T09:15:23","guid":{"rendered":"https:\/\/www.magnolio.shop\/?post_type=product&#038;p=171"},"modified":"2026-04-20T13:46:01","modified_gmt":"2026-04-20T11:46:01","slug":"clienti-avantajosi-economisiti-25-imediat-timp-de-un-an","status":"publish","type":"product","link":"https:\/\/www.magnolioworld.com\/green-ro\/clienti-avantajosi-economisiti-25-imediat-timp-de-un-an\/","title":{"rendered":"Clien\u021bi avantajo\u0219i &#8211; economisi\u021bi 25% imediat timp de un an"},"content":{"rendered":"<p>Ad\u0103uga\u021bi <strong><br \/>\n  <span class=\"txt-bold\" style=\"color: #c6a51d\">avantaj client <\/span><br \/>\n<\/strong>la co\u0219ul de cump\u0103r\u0103turi. Toate pre\u021burile vor beneficia apoi de reducerea de 25%, inclusiv cele aflate deja \u00een co\u0219ul de cump\u0103r\u0103turi.<\/p>\n<p>Cum s\u0103 economisi\u021bi \u0219i mai mult: Ad\u0103uga\u021bi unul dintre pachetele noastre economice la pre\u021bul de top \u0219i primi\u021bi \u0219i <strong><br \/>\n  <span class=\"txt-bold\" style=\"color: #c6a51d\">avantaj client<\/span><br \/>\n<\/strong> gratuit.<\/p>\n","protected":false},"excerpt":{"rendered":"<p>\u00cen magazinul nostru ave\u021bi avantaje speciale la aproape toate produsele doTERRA:<\/p>\n<p>\u2714 Economisi\u021bi 25 % pe \u00eentreaga gam\u0103 pentru un an \u00eentreg<br \/>\n\u2714 Economisi\u021bi de la prima comand\u0103<br \/>\n\u2714 F\u0103r\u0103 re\u00eennoire automat\u0103<br \/>\n\u2714 F\u0103r\u0103 obliga\u021bii<br \/>\n\u2714 F\u0103r\u0103 costuri ascunse<\/p>\n","protected":false},"featured_media":4639,"template":"","meta":{"_et_pb_use_builder":"","_et_pb_old_content":"","_et_gb_content_width":""},"product_cat":[35,15],"product_tag":[],"_links":{"self":[{"href":"https:\/\/www.magnolioworld.com\/green-ro\/wp-json\/wp\/v2\/product\/171"}],"collection":[{"href":"https:\/\/www.magnolioworld.com\/green-ro\/wp-json\/wp\/v2\/product"}],"about":[{"href":"https:\/\/www.magnolioworld.com\/green-ro\/wp-json\/wp\/v2\/types\/product"}],"wp:featuredmedia":[{"embeddable":true,"href":"https:\/\/www.magnolioworld.com\/green-ro\/wp-json\/wp\/v2\/media\/4639"}],"wp:attachment":[{"href":"https:\/\/www.magnolioworld.com\/green-ro\/wp-json\/wp\/v2\/media?parent=171"}],"wp:term":[{"taxonomy":"product_cat","embeddable":true,"href":"https:\/\/www.magnolioworld.com\/green-ro\/wp-json\/wp\/v2\/product_cat?post=171"},{"taxonomy":"product_tag","embeddable":true,"href":"https:\/\/www.magnolioworld.com\/green-ro\/wp-json\/wp\/v2\/product_tag?post=171"}],"curies":[{"name":"wp","href":"https:\/\/api.w.org\/{rel}","templated":true}]}}