{"id":1392,"date":"2020-05-18T17:47:31","date_gmt":"2020-05-18T15:47:31","guid":{"rendered":"https:\/\/www.magnolio.shop\/?post_type=product&#038;p=1392"},"modified":"2025-05-06T11:04:52","modified_gmt":"2025-05-06T09:04:52","slug":"doterra-athletes-kit","status":"publish","type":"product","link":"https:\/\/www.magnolioworld.com\/green-ro\/doterra-athletes-kit\/","title":{"rendered":"doTERRA Athletes Kit"},"content":{"rendered":"<p><strong>doTERRA Athletes Kit<\/strong> &#8211; Necesarul pentru sportivi<\/p>\n<p>Aceast\u0103 trus\u0103 a fost dezvoltat\u0103 special pentru sportivi \u0219i este perfect\u0103 pentru sus\u021binerea unui stil de via\u021b\u0103 s\u0103n\u0103tos, de la sportivii de agrement la cei de competi\u021bie.<\/p>\n<p>Trusa con\u021bine produse importante pentru persoanele cu un stil de via\u021b\u0103 sportiv: <\/p>\n<p>5 ml amestec pentru c\u0103ile respiratorii doTERRA Air<br \/>\n5 ml Amestec de protec\u021bie doTERRA On Guard<br \/>\n5 ml de ulei de lavand\u0103 lini\u0219titor<br \/>\n5 ml de ulei de arbore de ceai (Tea Tree) de cur\u0103\u021bare \u0219i clarificare <br \/>\n5 ml de ulei de ment\u0103 r\u0103coritoare (Peppermint) \u0219i un<br \/>\nTub de 120 ml de amestec calmant doTERRA Deep Blue Rub \u00eentr-o pung\u0103 compact\u0103, reutilizabil\u0103, cu fermoar.<\/p>\n<p>Cu amestecul calmant doTERRA Deep Blue Rub v\u0103 pute\u021bi preg\u0103ti mu\u0219chii pentru sport, \u00eei pute\u021bi sus\u021bine \u00een timpul exerci\u021biilor fizice \u0219i pute\u021bi pune din nou \u00een form\u0103 oasele \u0219i articula\u021biile obosite. Menta r\u0103coritoare ajut\u0103 \u00eempotriva oboselii, a lipsei de motiva\u021bie sau a c\u0103ldurii prea mari. Lavanda este ideal\u0103 pentru b\u0103\u0219icile mici ale pielii \u0219i pentru relaxare dup\u0103 sport. Arborele de ceai cur\u0103\u021b\u0103 \u0219i clarific\u0103. Amestecul protector doTERRA On Guard sus\u021bine un sistem imunitar puternic. Cu amestecul pentru c\u0103ile respiratorii doTERRA Air, pute\u021bi respira liber \u00een orice moment.<\/p>\n<div class=\"flex flex-grow flex-col gap-3 max-w-full\">\n<div class=\"min-h-[20px] flex flex-col items-start gap-3 whitespace-pre-wrap break-words overflow-x-auto\">\n<div class=\"markdown prose w-full break-words dark:prose-invert dark\">\n<p><strong>doTERRA Athletes Kit<\/strong>, ave\u021bi tot ce v\u0103 trebuie pentru a experimenta activitatea sportiv\u0103 cu u\u0219urin\u021b\u0103, mobilitate optim\u0103 \u0219i motiva\u021bie.<\/p>\n<p><strong>Recomandare<\/strong><br \/>\nRe\u021bine\u021bi recomand\u0103rile pentru fiecare produs \u00een parte.<\/p>\n<p><strong>Utilizare sigur\u0103<br \/>\n<\/strong>Respecta\u021bi instruc\u021biunile pentru fiecare produs \u00een parte.<\/p>\n<\/div>\n<\/div>\n<\/div>\n","protected":false},"excerpt":{"rendered":"<h2 style=\"font-size: 28px;\">Pachetul pentru sportivi &#8211; indispensabil pentru sportivi<\/h2>\n<p style=\"font-size: 28px; color: #e20000; font-weight: bold;\">Salva\u021bi 26 %<\/p>\n<p>doTERRA Athletes Kit a fost creat special pentru sportivi \u0219i este perfect pentru a sus\u021bine un stil de via\u021b\u0103 s\u0103n\u0103tos, de la sportivii de agrement la cei de competi\u021bie. Pentru o mi\u0219care cu motiva\u021bie, lejeritate \u0219i bucurie.<\/p>\n","protected":false},"featured_media":5090,"template":"","meta":{"_et_pb_use_builder":"","_et_pb_old_content":"","_et_gb_content_width":""},"product_cat":[15,1921,36,39,54,1942,1952,1961,1962,1963,1964],"product_tag":[],"_links":{"self":[{"href":"https:\/\/www.magnolioworld.com\/green-ro\/wp-json\/wp\/v2\/product\/1392"}],"collection":[{"href":"https:\/\/www.magnolioworld.com\/green-ro\/wp-json\/wp\/v2\/product"}],"about":[{"href":"https:\/\/www.magnolioworld.com\/green-ro\/wp-json\/wp\/v2\/types\/product"}],"wp:featuredmedia":[{"embeddable":true,"href":"https:\/\/www.magnolioworld.com\/green-ro\/wp-json\/wp\/v2\/media\/5090"}],"wp:attachment":[{"href":"https:\/\/www.magnolioworld.com\/green-ro\/wp-json\/wp\/v2\/media?parent=1392"}],"wp:term":[{"taxonomy":"product_cat","embeddable":true,"href":"https:\/\/www.magnolioworld.com\/green-ro\/wp-json\/wp\/v2\/product_cat?post=1392"},{"taxonomy":"product_tag","embeddable":true,"href":"https:\/\/www.magnolioworld.com\/green-ro\/wp-json\/wp\/v2\/product_tag?post=1392"}],"curies":[{"name":"wp","href":"https:\/\/api.w.org\/{rel}","templated":true}]}}