{"id":7,"date":"2020-04-10T10:30:40","date_gmt":"2020-04-10T08:30:40","guid":{"rendered":"https:\/\/www.magnolio.shop\/shop\/"},"modified":"2024-02-04T16:23:59","modified_gmt":"2024-02-04T15:23:59","slug":"shop-2","status":"publish","type":"page","link":"https:\/\/www.magnolioworld.com\/green-ro\/shop-2\/","title":{"rendered":"Men\u00fc | System | Shop Weiterleitung"},"content":{"rendered":"<p>[et_pb_section fb_built=&#8221;1&#8243; _builder_version=&#8221;4.16&#8243; custom_margin=&#8221;||0px||false|false&#8221; custom_padding=&#8221;||0px||false|false&#8221; global_colors_info=&#8221;{}&#8221;][et_pb_row admin_label=&#8221;Imagine de copert\u0103&#8221; _builder_version=&#8221;4.16&#8243; background_image=&#8221;https:\/\/www.magnolioworld.com\/green-ro\/wp-content\/uploads\/Hintergrund-doTerra-Lime.jpg&#8221; height=&#8221;220px&#8221; custom_margin=&#8221;||0px||false|false&#8221; custom_padding=&#8221;||0px||false|false&#8221; border_width_all=&#8221;10px&#8221; border_color_all=&#8221;#ffffff&#8221; box_shadow_style=&#8221;preset1&#8243; box_shadow_blur=&#8221;10px&#8221; box_shadow_color=&#8221;#9b9b9b&#8221; global_colors_info=&#8221;{}&#8221;][et_pb_column type=&#8221;4_4&#8243; _builder_version=&#8221;4.16&#8243; global_colors_info=&#8221;{}&#8221;][et_pb_image src=&#8221;https:\/\/www.magnolioworld.com\/green-ro\/wp-content\/uploads\/Logo_lg_neu-02.png&#8221; title_text=&#8221;doterra Wellness Advocate&#8221; align=&#8221;right&#8221; _builder_version=&#8221;4.16&#8243; width=&#8221;15%&#8221; custom_margin=&#8221;22px|155px|||false|false&#8221; global_colors_info=&#8221;{}&#8221;][\/et_pb_image][\/et_pb_column][\/et_pb_row][et_pb_row _builder_version=&#8221;4.16&#8243; custom_margin=&#8221;||0px||false|false&#8221; custom_padding=&#8221;||0px||false|false&#8221; global_colors_info=&#8221;{}&#8221;][et_pb_column type=&#8221;4_4&#8243; _builder_version=&#8221;4.16&#8243; global_colors_info=&#8221;{}&#8221;][et_pb_text _builder_version=&#8221;4.16&#8243; custom_margin=&#8221;||-2px|||&#8221; global_colors_info=&#8221;{}&#8221;]<\/p>\n<h1>De ce s\u0103 folosi\u021bi uleiuri esen\u021biale?<\/h1>\n<p>[\/et_pb_text][et_pb_text _builder_version=&#8221;4.16&#8243; custom_margin=&#8221;6px|||||&#8221; global_colors_info=&#8221;{}&#8221;]<\/p>\n<p>\u00cen sistemul nostru de s\u0103n\u0103tate, nu trece o zi f\u0103r\u0103 s\u0103 citim o nou\u0103 \u0219tire negativ\u0103. Farmaci\u0219tii care promoveaz\u0103 medicamente &#8211; Medicii care sunt pl\u0103ti\u021bi de companiile farmaceutice pentru studii creeaz\u0103 <b style=\"color: #8bad37;\">pu\u021bin\u0103 \u00eencredere \u00een medicina tradi\u021bional\u0103<\/b>.<\/p>\n<p>Acesta este motivul pentru care un num\u0103r tot mai mare de oameni \u00ee\u0219i reiau s\u0103n\u0103tatea lor \u0219i a familiilor lor \u00een propriile m\u00e2ini. Ast\u0103zi, nu mai este suficient doar s\u0103 fii s\u0103n\u0103tos, ci \u0219i s\u0103 r\u0103m\u00e2i s\u0103n\u0103tos. Uleiurile esen\u021biale joac\u0103 un rol foarte important aici, deoarece sunt <b><br \/>\n  <span style=\"color: #8bad37;\">una dintre cele mai naturale \u0219i eficiente solu\u021bii<\/span><br \/>\n<\/b> pentru un corp \u0219i o minte s\u0103n\u0103toas\u0103 &#8211; dac\u0103 sunt de calitatea potrivit\u0103.<\/p>\n<p>[\/et_pb_text][et_pb_text _builder_version=&#8221;4.16&#8243; min_height=&#8221;45px&#8221; custom_margin=&#8221;||-15px|||&#8221; custom_padding=&#8221;||0px|||&#8221; global_colors_info=&#8221;{}&#8221;]<\/p>\n<h2>Produse populare<\/h2>\n<p>[\/et_pb_text][\/et_pb_column][\/et_pb_row][et_pb_row _builder_version=&#8221;4.16&#8243; custom_margin=&#8221;|auto|36px|auto||&#8221; custom_padding=&#8221;||0px|||&#8221; global_colors_info=&#8221;{}&#8221;][et_pb_column type=&#8221;4_4&#8243; _builder_version=&#8221;4.16&#8243; global_colors_info=&#8221;{}&#8221;][et_pb_shop type=&#8221;product_category&#8221; posts_number=&#8221;4&#8243; include_categories=&#8221;1904&#8243; columns_number=&#8221;4&#8243; _builder_version=&#8221;4.16&#8243; min_height=&#8221;504px&#8221; custom_margin=&#8221;-13px||-24px|||&#8221; custom_padding=&#8221;||0px|||&#8221; global_colors_info=&#8221;{}&#8221;][\/et_pb_shop][et_pb_text _builder_version=&#8221;4.16&#8243; custom_margin=&#8221;6px|||||&#8221; global_colors_info=&#8221;{}&#8221;]<\/p>\n<h3>\u0218i de ce uleiuri doTERRA?<\/h3>\n<p>Aproape toate uleiurile esen\u021biale pe care le pute\u021bi cump\u0103ra ast\u0103zi sunt 100% naturale (organice). Cu toate acestea, acestea con\u021bin adesea materiale de umplutur\u0103 sintetice sau alte ingrediente \u0219i, prin urmare, \u00ee\u0219i pierd cea mai mare parte a propriet\u0103\u021bilor de promovare a s\u0103n\u0103t\u0103\u021bii. Acest lucru este probabil permis din punct de vedere legal \u00een anumite limite, dar contravine eticii doTERRA.<\/p>\n<p>Deoarece anterior nu exista un standard de calitate definit, doTERRA a dezvoltat CPTG (Certified pure therapeutic grade). Acest standard garanteaz\u0103 o calitate terapeutic\u0103 pur\u0103.<\/p>\n<p>Prin m\u0103suri sustenabile \u00een cultivarea \u0219i recoltarea plantelor, prin asigurarea extern\u0103 a calit\u0103\u021bii \u0219i prin manipularea atent\u0103 \u00een produc\u021bia de uleiuri, doTERRA, <b><br \/>\n  <span style=\"color: #8bad37;\">cele mai sigure \u0219i mai puternice uleiuri esen\u021biale din Germania \u0219i din lume.<\/span><br \/>\n<\/b> \u00een Germania \u0219i \u00een lume.<\/p>\n<p>[\/et_pb_text][\/et_pb_column][\/et_pb_row][et_pb_row _builder_version=&#8221;4.16&#8243; custom_margin=&#8221;0px||0px||false|false&#8221; custom_padding=&#8221;0px||0px||false|false&#8221; global_colors_info=&#8221;{}&#8221;][et_pb_column type=&#8221;4_4&#8243; _builder_version=&#8221;4.16&#8243; global_colors_info=&#8221;{}&#8221;][\/et_pb_column][\/et_pb_row][et_pb_row column_structure=&#8221;1_4,3_4&#8243; _builder_version=&#8221;4.16&#8243; custom_margin=&#8221;|auto|-48px|auto||&#8221; custom_padding=&#8221;||0px|||&#8221; global_colors_info=&#8221;{}&#8221;][et_pb_column type=&#8221;1_4&#8243; _builder_version=&#8221;4.16&#8243; global_colors_info=&#8221;{}&#8221;][et_pb_text _builder_version=&#8221;4.16&#8243; header_4_font_size=&#8221;22px&#8221; header_5_font_size=&#8221;22px&#8221; header_6_font_size=&#8221;22px&#8221; min_height=&#8221;45px&#8221; custom_margin=&#8221;||-15px|||&#8221; custom_padding=&#8221;||0px|||&#8221; global_colors_info=&#8221;{}&#8221;]<\/p>\n<h3>Sistemul imunitar<\/h3>\n<p>[\/et_pb_text][et_pb_text _builder_version=&#8221;4.16&#8243; custom_margin=&#8221;6px|||||&#8221; global_colors_info=&#8221;{}&#8221;]<\/p>\n<p>Unul dintre cele mai populare amestecuri de uleiuri doTERRA, doTERRA On Guard\u00ae, este uleiul perfect pentru a avea la \u00eendem\u00e2n\u0103 atunci c\u00e2nd vremea devine rece \u0219i ploioas\u0103. Amestecul este at\u00e2t de puternic \u00eenc\u00e2t a fost integrat \u00eentr-o \u00eentreag\u0103 gam\u0103 de produse pentru cas\u0103 \u0219i familie.<\/p>\n<p>[\/et_pb_text][\/et_pb_column][et_pb_column type=&#8221;3_4&#8243; _builder_version=&#8221;4.16&#8243; global_colors_info=&#8221;{}&#8221;][et_pb_shop type=&#8221;product_category&#8221; posts_number=&#8221;3&#8243; include_categories=&#8221;1905&#8243; columns_number=&#8221;3&#8243; _builder_version=&#8221;4.16&#8243; global_colors_info=&#8221;{}&#8221;][\/et_pb_shop][\/et_pb_column][\/et_pb_row][et_pb_row _builder_version=&#8221;4.16&#8243; global_colors_info=&#8221;{}&#8221;][et_pb_column type=&#8221;4_4&#8243; _builder_version=&#8221;4.16&#8243; global_colors_info=&#8221;{}&#8221;][et_pb_divider color=&#8221;#8f8f8f&#8221; _builder_version=&#8221;4.16&#8243; global_colors_info=&#8221;{}&#8221;][\/et_pb_divider][\/et_pb_column][\/et_pb_row][et_pb_row column_structure=&#8221;1_4,3_4&#8243; _builder_version=&#8221;4.16&#8243; custom_margin=&#8221;-23px|auto||auto||&#8221; custom_padding=&#8221;||0px|||&#8221; locked=&#8221;off&#8221; global_colors_info=&#8221;{}&#8221;][et_pb_column type=&#8221;1_4&#8243; _builder_version=&#8221;4.16&#8243; global_colors_info=&#8221;{}&#8221;][et_pb_text _builder_version=&#8221;4.16&#8243; header_4_font_size=&#8221;22px&#8221; header_5_font_size=&#8221;22px&#8221; header_6_font_size=&#8221;22px&#8221; min_height=&#8221;45px&#8221; custom_margin=&#8221;||-15px|||&#8221; custom_padding=&#8221;||0px|||&#8221; global_colors_info=&#8221;{}&#8221;]<\/p>\n<h3>Pl\u00e2ngeri sezoniere<\/h3>\n<p>[\/et_pb_text][et_pb_text _builder_version=&#8221;4.16&#8243; custom_margin=&#8221;6px|||||&#8221; global_colors_info=&#8221;{}&#8221;]<\/p>\n<p>Unul dintre cele mai populare amestecuri de uleiuri doTERRA, doTERRA On Guard\u00ae, este uleiul perfect pentru a avea la \u00eendem\u00e2n\u0103 atunci c\u00e2nd vremea devine rece \u0219i ploioas\u0103. Amestecul este at\u00e2t de puternic \u00eenc\u00e2t a fost integrat \u00eentr-o \u00eentreag\u0103 gam\u0103 de produse pentru cas\u0103 \u0219i familie.<\/p>\n<p>[\/et_pb_text][\/et_pb_column][et_pb_column type=&#8221;3_4&#8243; _builder_version=&#8221;4.16&#8243; global_colors_info=&#8221;{}&#8221;][et_pb_shop type=&#8221;product_category&#8221; posts_number=&#8221;3&#8243; include_categories=&#8221;1906&#8243; columns_number=&#8221;3&#8243; _builder_version=&#8221;4.16&#8243; global_colors_info=&#8221;{}&#8221;][\/et_pb_shop][\/et_pb_column][\/et_pb_row][et_pb_row _builder_version=&#8221;4.16&#8243; custom_padding=&#8221;0px|||||&#8221; global_colors_info=&#8221;{}&#8221;][et_pb_column type=&#8221;4_4&#8243; _builder_version=&#8221;4.16&#8243; global_colors_info=&#8221;{}&#8221;][et_pb_divider color=&#8221;#8f8f8f&#8221; _builder_version=&#8221;4.16&#8243; global_colors_info=&#8221;{}&#8221;][\/et_pb_divider][\/et_pb_column][\/et_pb_row][et_pb_row column_structure=&#8221;1_4,3_4&#8243; _builder_version=&#8221;4.16&#8243; custom_margin=&#8221;-23px|auto||auto||&#8221; locked=&#8221;off&#8221; global_colors_info=&#8221;{}&#8221;][et_pb_column type=&#8221;1_4&#8243; _builder_version=&#8221;4.16&#8243; global_colors_info=&#8221;{}&#8221;][et_pb_text _builder_version=&#8221;4.16&#8243; header_4_font_size=&#8221;22px&#8221; header_5_font_size=&#8221;22px&#8221; header_6_font_size=&#8221;22px&#8221; min_height=&#8221;45px&#8221; custom_margin=&#8221;||-15px|||&#8221; custom_padding=&#8221;||0px|||&#8221; global_colors_info=&#8221;{}&#8221;]<\/p>\n<h3>Somnul<\/h3>\n<p>[\/et_pb_text][et_pb_text _builder_version=&#8221;4.16&#8243; custom_margin=&#8221;6px|||||&#8221; global_colors_info=&#8221;{}&#8221;]<\/p>\n<p>Unul dintre cele mai populare amestecuri de uleiuri doTERRA, doTERRA On Guard\u00ae, este uleiul perfect pentru a avea la \u00eendem\u00e2n\u0103 atunci c\u00e2nd vremea devine rece \u0219i ploioas\u0103. Amestecul este at\u00e2t de puternic \u00eenc\u00e2t a fost integrat \u00eentr-o \u00eentreag\u0103 gam\u0103 de produse pentru cas\u0103 \u0219i familie.<\/p>\n<p>[\/et_pb_text][\/et_pb_column][et_pb_column type=&#8221;3_4&#8243; _builder_version=&#8221;4.16&#8243; global_colors_info=&#8221;{}&#8221;][et_pb_shop type=&#8221;product_category&#8221; posts_number=&#8221;3&#8243; include_categories=&#8221;1907&#8243; columns_number=&#8221;3&#8243; _builder_version=&#8221;4.16&#8243; global_colors_info=&#8221;{}&#8221;][\/et_pb_shop][\/et_pb_column][\/et_pb_row][\/et_pb_section]<\/p>\n","protected":false},"excerpt":{"rendered":"<p>De ce s\u0103 folosi\u021bi uleiuri esen\u021biale? \u00cen sistemul nostru de s\u0103n\u0103tate, nu trece o zi f\u0103r\u0103 s\u0103 citim o nou\u0103 \u0219tire negativ\u0103. Farmaci\u0219tii care promoveaz\u0103 medicamente &#8211; Medicii care sunt pl\u0103ti\u021bi de companiile farmaceutice pentru studii creeaz\u0103 pu\u021bin\u0103 \u00eencredere \u00een medicina tradi\u021bional\u0103. Acesta este motivul pentru care un num\u0103r tot mai mare de oameni \u00ee\u0219i [&hellip;]<\/p>\n","protected":false},"author":1,"featured_media":0,"parent":0,"menu_order":0,"comment_status":"closed","ping_status":"closed","template":"","meta":{"_et_pb_use_builder":"on","_et_pb_old_content":"","_et_gb_content_width":"","footnotes":""},"categories":[2008],"_links":{"self":[{"href":"https:\/\/www.magnolioworld.com\/green-ro\/wp-json\/wp\/v2\/pages\/7"}],"collection":[{"href":"https:\/\/www.magnolioworld.com\/green-ro\/wp-json\/wp\/v2\/pages"}],"about":[{"href":"https:\/\/www.magnolioworld.com\/green-ro\/wp-json\/wp\/v2\/types\/page"}],"author":[{"embeddable":true,"href":"https:\/\/www.magnolioworld.com\/green-ro\/wp-json\/wp\/v2\/users\/1"}],"replies":[{"embeddable":true,"href":"https:\/\/www.magnolioworld.com\/green-ro\/wp-json\/wp\/v2\/comments?post=7"}],"version-history":[{"count":1,"href":"https:\/\/www.magnolioworld.com\/green-ro\/wp-json\/wp\/v2\/pages\/7\/revisions"}],"predecessor-version":[{"id":6173,"href":"https:\/\/www.magnolioworld.com\/green-ro\/wp-json\/wp\/v2\/pages\/7\/revisions\/6173"}],"wp:attachment":[{"href":"https:\/\/www.magnolioworld.com\/green-ro\/wp-json\/wp\/v2\/media?parent=7"}],"wp:term":[{"taxonomy":"category","embeddable":true,"href":"https:\/\/www.magnolioworld.com\/green-ro\/wp-json\/wp\/v2\/categories?post=7"}],"curies":[{"name":"wp","href":"https:\/\/api.w.org\/{rel}","templated":true}]}}