{"id":4609,"date":"2023-01-17T07:53:01","date_gmt":"2023-01-17T06:53:01","guid":{"rendered":"https:\/\/www.magnolio.at\/?page_id=4609"},"modified":"2024-03-07T11:38:07","modified_gmt":"2024-03-07T10:38:07","slug":"magazin-produse-de-baza","status":"publish","type":"page","link":"https:\/\/www.magnolioworld.com\/green-ro\/magazin-produse-de-baza\/","title":{"rendered":"Men\u00fc | Shop | Basisprodukte"},"content":{"rendered":"<p>[et_pb_section fb_built=&#8221;1&#8243; _builder_version=&#8221;4.16&#8243; _module_preset=&#8221;default&#8221; custom_margin=&#8221;||||false|false&#8221; custom_margin_tablet=&#8221;&#8221; custom_margin_phone=&#8221;||||false|false&#8221; custom_margin_last_edited=&#8221;on|phone&#8221; custom_padding=&#8221;30px||30px||false|false&#8221; global_colors_info=&#8221;{}&#8221;][et_pb_row column_structure=&#8221;2_3,1_3&#8243; _builder_version=&#8221;4.17.6&#8243; _module_preset=&#8221;bcc5a30a-5a84-4a1f-b9d8-3ba08a587534&#8243; custom_margin=&#8221;24px|auto||auto||&#8221; custom_margin_tablet=&#8221;&#8221; custom_margin_phone=&#8221;12px|auto||auto|false|false&#8221; custom_margin_last_edited=&#8221;on|phone&#8221; custom_padding=&#8221;0px||35px||false|false&#8221; global_colors_info=&#8221;{}&#8221;][et_pb_column type=&#8221;2_3&#8243; _builder_version=&#8221;4.16&#8243; _module_preset=&#8221;default&#8221; global_colors_info=&#8221;{}&#8221;][et_pb_text _builder_version=&#8221;4.16&#8243; _module_preset=&#8221;8deb3a4d-285f-4963-8a1a-f64cbcd2e4e6&#8243; custom_margin=&#8221;||7px|||&#8221; header_font_size_tablet=&#8221;&#8221; header_font_size_phone=&#8221;34px&#8221; header_font_size_last_edited=&#8221;on|phone&#8221; global_colors_info=&#8221;{}&#8221;]<\/p>\n<h1>Magazin de produse de baz\u0103 doTERRA<\/h1>\n<p>[\/et_pb_text][et_pb_text _builder_version=&#8221;4.17.6&#8243; _module_preset=&#8221;8deb3a4d-285f-4963-8a1a-f64cbcd2e4e6&#8243; global_colors_info=&#8221;{}&#8221;]<\/p>\n<p>Nicio gospod\u0103rie nu ar trebui s\u0103 fie lipsit\u0103 de aceste produse. Cu Veggie Caps pute\u021bi ingera \u00een siguran\u021b\u0103 uleiuri picante, cum ar fi oregano. Amesteca\u021bi uleiurile preferate cu lo\u021biunea de corp sau cu uleiul de cocos. Ideal\u0103 pentru o experien\u021b\u0103 de bun-sim\u021b sau pentru aplicarea uleiurilor picante.<\/p>\n<p>[\/et_pb_text][\/et_pb_column][et_pb_column type=&#8221;1_3&#8243; _builder_version=&#8221;4.16&#8243; _module_preset=&#8221;default&#8221; global_colors_info=&#8221;{}&#8221;][et_pb_image src=&#8221;https:\/\/www.magnolioworld.com\/green-ro\/wp-content\/uploads\/20&#215;20.png&#8221; alt=&#8221;Ulei de nuc\u0103 de cocos &#8211; ulei de nuc\u0103 de cocos doTERRA&#8221; title_text=&#8221;Ulei de nuc\u0103 de cocos &#8211; ulei de nuc\u0103 de cocos doTERRA&#8221; force_fullwidth=&#8221;on&#8221; _builder_version=&#8221;4.17.6&#8243; _module_preset=&#8221;default&#8221; background_image=&#8221;https:\/\/www.magnolioworld.com\/green-ro\/wp-content\/uploads\/doterra-oele-bilder-h-1.jpg&#8221; height=&#8221;200px&#8221; border_width_all=&#8221;10px&#8221; border_color_all=&#8221;#ffffff&#8221; box_shadow_style=&#8221;preset1&#8243; box_shadow_blur=&#8221;10px&#8221; box_shadow_color=&#8221;#9b9b9b&#8221; locked=&#8221;off&#8221; global_colors_info=&#8221;{}&#8221;][\/et_pb_image][\/et_pb_column][\/et_pb_row][et_pb_row module_id=&#8221;einzeloel-a-d&#8221; _builder_version=&#8221;4.16&#8243; _module_preset=&#8221;bcc5a30a-5a84-4a1f-b9d8-3ba08a587534&#8243; custom_margin=&#8221;40px|auto|0px|auto|false|false&#8221; custom_padding=&#8221;0px||0px||false|false&#8221; global_colors_info=&#8221;{}&#8221;][et_pb_column type=&#8221;4_4&#8243; _builder_version=&#8221;4.16&#8243; _module_preset=&#8221;default&#8221; global_colors_info=&#8221;{}&#8221;][et_pb_shop type=&#8221;product_category&#8221; posts_number=&#8221;100&#8243; include_categories=&#8221;2096&#8243; columns_number=&#8221;4&#8243; orderby=&#8221;menu_order&#8221; _builder_version=&#8221;4.17.6&#8243; _module_preset=&#8221;default&#8221; title_font_size=&#8221;22px&#8221; price_font_size=&#8221;14px&#8221; min_height=&#8221;504px&#8221; custom_margin=&#8221;||0px||false|false&#8221; custom_padding=&#8221;0px||0px||false|false&#8221; title_font_size_last_edited=&#8221;off|desktop&#8221; pac_drh_column_numbers_phone=&#8221;pac_drh_ph_col_two&#8221; locked=&#8221;off&#8221; global_colors_info=&#8221;{}&#8221;][\/et_pb_shop][\/et_pb_column][\/et_pb_row][\/et_pb_section]<\/p>\n","protected":false},"excerpt":{"rendered":"<p>Magazin de produse de baz\u0103 doTERRANicio gospod\u0103rie nu ar trebui s\u0103 fie lipsit\u0103 de aceste produse. Cu Veggie Caps pute\u021bi ingera \u00een siguran\u021b\u0103 uleiuri picante, cum ar fi oregano. Amesteca\u021bi uleiurile preferate cu lo\u021biunea de corp sau cu uleiul de cocos. Ideal\u0103 pentru o experien\u021b\u0103 de bun-sim\u021b sau pentru aplicarea uleiurilor picante.<\/p>\n","protected":false},"author":1,"featured_media":0,"parent":0,"menu_order":0,"comment_status":"closed","ping_status":"closed","template":"","meta":{"_et_pb_use_builder":"on","_et_pb_old_content":"","_et_gb_content_width":"","footnotes":""},"categories":[2069],"_links":{"self":[{"href":"https:\/\/www.magnolioworld.com\/green-ro\/wp-json\/wp\/v2\/pages\/4609"}],"collection":[{"href":"https:\/\/www.magnolioworld.com\/green-ro\/wp-json\/wp\/v2\/pages"}],"about":[{"href":"https:\/\/www.magnolioworld.com\/green-ro\/wp-json\/wp\/v2\/types\/page"}],"author":[{"embeddable":true,"href":"https:\/\/www.magnolioworld.com\/green-ro\/wp-json\/wp\/v2\/users\/1"}],"replies":[{"embeddable":true,"href":"https:\/\/www.magnolioworld.com\/green-ro\/wp-json\/wp\/v2\/comments?post=4609"}],"version-history":[{"count":1,"href":"https:\/\/www.magnolioworld.com\/green-ro\/wp-json\/wp\/v2\/pages\/4609\/revisions"}],"predecessor-version":[{"id":6362,"href":"https:\/\/www.magnolioworld.com\/green-ro\/wp-json\/wp\/v2\/pages\/4609\/revisions\/6362"}],"wp:attachment":[{"href":"https:\/\/www.magnolioworld.com\/green-ro\/wp-json\/wp\/v2\/media?parent=4609"}],"wp:term":[{"taxonomy":"category","embeddable":true,"href":"https:\/\/www.magnolioworld.com\/green-ro\/wp-json\/wp\/v2\/categories?post=4609"}],"curies":[{"name":"wp","href":"https:\/\/api.w.org\/{rel}","templated":true}]}}