{"id":3050,"date":"2021-10-18T11:23:49","date_gmt":"2021-10-18T09:23:49","guid":{"rendered":"https:\/\/at.magnolio.shop\/?page_id=3050"},"modified":"2024-04-02T22:51:14","modified_gmt":"2024-04-02T20:51:14","slug":"magazin","status":"publish","type":"page","link":"https:\/\/www.magnolioworld.com\/green-ro\/magazin\/","title":{"rendered":"Men\u00fc | Shop"},"content":{"rendered":"<p>[et_pb_section fb_built=&#8221;1&#8243; _builder_version=&#8221;4.16&#8243; _module_preset=&#8221;default&#8221; custom_padding=&#8221;39px||51px|||&#8221; locked=&#8221;off&#8221; global_colors_info=&#8221;{}&#8221;][et_pb_row _builder_version=&#8221;4.22.2&#8243; _module_preset=&#8221;f8d8d83e-37a5-4d55-845e-be500d1f0470&#8243; custom_padding=&#8221;11px||5px||false|false&#8221; global_colors_info=&#8221;{}&#8221;][et_pb_column type=&#8221;4_4&#8243; _builder_version=&#8221;4.19.4&#8243; _module_preset=&#8221;default&#8221; global_colors_info=&#8221;{}&#8221;][et_pb_text _builder_version=&#8221;4.19.4&#8243; _module_preset=&#8221;f2245dbb-5feb-4ca3-9cc3-3f407ccf40bd&#8221; header_text_align=&#8221;center&#8221; custom_margin=&#8221;||-2px|||&#8221; header_font_size_tablet=&#8221;&#8221; header_font_size_phone=&#8221;34px&#8221; header_font_size_last_edited=&#8221;on|phone&#8221; global_colors_info=&#8221;{}&#8221;]<\/p>\n<h1>Descoperi\u021bi gama noastr\u0103 larg\u0103 de produse<\/h1>\n<p>[\/et_pb_text][\/et_pb_column][\/et_pb_row][et_pb_row column_structure=&#8221;1_3,1_3,1_3&#8243; use_custom_gutter=&#8221;on&#8221; gutter_width=&#8221;2&#8243; make_equal=&#8221;on&#8221; custom_padding_last_edited=&#8221;on|phone&#8221; _builder_version=&#8221;4.22.2&#8243; _module_preset=&#8221;5ee7af01-c5e8-4dc0-9e40-87bb55bfb8ea&#8221; custom_padding=&#8221;9px|||||&#8221; custom_padding_tablet=&#8221;9px|||||&#8221; custom_padding_phone=&#8221;||21px||false|false&#8221; pac_drh_column_numbers_tablet=&#8221;pac_drh_tab_col_one&#8221; pac_drh_column_numbers_phone=&#8221;pac_drh_phone_col_one&#8221; locked=&#8221;off&#8221; global_colors_info=&#8221;{}&#8221;][et_pb_column type=&#8221;1_3&#8243; _builder_version=&#8221;4.22.2&#8243; _module_preset=&#8221;default&#8221; global_colors_info=&#8221;{}&#8221;][et_pb_text _builder_version=&#8221;4.24.0&#8243; _module_preset=&#8221;df5f90d1-36a0-4110-a4ef-d3ba8fa23101&#8243; text_text_color=&#8221;#FFFFFF&#8221; text_font_size=&#8221;26px&#8221; background_color=&#8221;#5e5e5e&#8221; background_image=&#8221;https:\/\/www.magnolioworld.com\/green-ro\/wp-content\/uploads\/doterra-oele-lime-small-slices-300&#215;215-1.jpg&#8221; background_blend=&#8221;soft-light&#8221; text_orientation=&#8221;center&#8221; height=&#8221;150px&#8221; custom_padding=&#8221;48px||||false|false&#8221; link_option_url=&#8221;https:\/\/www.magnolioworld.com\/green-ro\/magazin-uleiuri-unice\/&#8221; border_width_all=&#8221;10px&#8221; border_color_all=&#8221;#FFFFFF&#8221; box_shadow_style=&#8221;preset1&#8243; box_shadow_blur=&#8221;10px&#8221; global_colors_info=&#8221;{}&#8221;]<\/p>\n<p>Uleiuri esen\u021biale<\/p>\n<p>[\/et_pb_text][\/et_pb_column][et_pb_column type=&#8221;1_3&#8243; _builder_version=&#8221;4.22.2&#8243; _module_preset=&#8221;default&#8221; global_colors_info=&#8221;{}&#8221;][et_pb_text _builder_version=&#8221;4.24.0&#8243; _module_preset=&#8221;df5f90d1-36a0-4110-a4ef-d3ba8fa23101&#8243; text_text_color=&#8221;#FFFFFF&#8221; text_font_size=&#8221;26px&#8221; background_color=&#8221;#5e5e5e&#8221; background_image=&#8221;https:\/\/www.magnolioworld.com\/green-ro\/wp-content\/uploads\/doTERRA-Aetherische-Oele4-1-683&#215;1024-1.jpg&#8221; background_position=&#8221;top_center&#8221; background_vertical_offset=&#8221;28%&#8221; background_blend=&#8221;soft-light&#8221; text_orientation=&#8221;center&#8221; height=&#8221;150px&#8221; custom_padding=&#8221;48px||||false|false&#8221; link_option_url=&#8221;https:\/\/www.magnolioworld.com\/green-ro\/magazin-stiri\/&#8221; border_width_all=&#8221;10px&#8221; border_color_all=&#8221;#FFFFFF&#8221; box_shadow_style=&#8221;preset1&#8243; box_shadow_blur=&#8221;10px&#8221; global_colors_info=&#8221;{}&#8221;]<\/p>\n<p>Nout\u0103\u021bi<\/p>\n<p>[\/et_pb_text][\/et_pb_column][et_pb_column type=&#8221;1_3&#8243; _builder_version=&#8221;4.22.2&#8243; _module_preset=&#8221;default&#8221; global_colors_info=&#8221;{}&#8221;][et_pb_text _builder_version=&#8221;4.24.0&#8243; _module_preset=&#8221;df5f90d1-36a0-4110-a4ef-d3ba8fa23101&#8243; text_text_color=&#8221;#FFFFFF&#8221; text_font_size=&#8221;26px&#8221; background_color=&#8221;#5e5e5e&#8221; background_image=&#8221;https:\/\/www.magnolioworld.com\/green-ro\/wp-content\/uploads\/NO-Home-Essentials-Kit-Style-11_Web-kleiner.jpg&#8221; background_blend=&#8221;soft-light&#8221; text_orientation=&#8221;center&#8221; height=&#8221;150px&#8221; custom_padding=&#8221;48px||||false|false&#8221; link_option_url=&#8221;https:\/\/www.magnolioworld.com\/green-ro\/pachete-de-economisire\/&#8221; border_width_all=&#8221;10px&#8221; border_color_all=&#8221;#FFFFFF&#8221; box_shadow_style=&#8221;preset1&#8243; box_shadow_blur=&#8221;10px&#8221; global_colors_info=&#8221;{}&#8221;]<\/p>\n<p>Pachete de economisire<\/p>\n<p>[\/et_pb_text][\/et_pb_column][\/et_pb_row][et_pb_row custom_padding_last_edited=&#8221;on|phone&#8221; _builder_version=&#8221;4.22.2&#8243; _module_preset=&#8221;f8d8d83e-37a5-4d55-845e-be500d1f0470&#8243; custom_padding=&#8221;33px||5px||false|false&#8221; custom_padding_tablet=&#8221;33px||5px||false|false&#8221; custom_padding_phone=&#8221;||0px||false|false&#8221; global_colors_info=&#8221;{}&#8221;][et_pb_column type=&#8221;4_4&#8243; _builder_version=&#8221;4.19.4&#8243; _module_preset=&#8221;default&#8221; global_colors_info=&#8221;{}&#8221;][et_pb_text _builder_version=&#8221;4.22.2&#8243; _module_preset=&#8221;f2245dbb-5feb-4ca3-9cc3-3f407ccf40bd&#8221; header_2_text_align=&#8221;center&#8221; header_2_font_size=&#8221;30px&#8221; custom_margin=&#8221;||-2px|||&#8221; header_font_size_tablet=&#8221;&#8221; header_font_size_phone=&#8221;34px&#8221; header_font_size_last_edited=&#8221;on|phone&#8221; global_colors_info=&#8221;{}&#8221;]<\/p>\n<h2>Categorii de produse<\/h2>\n<p>[\/et_pb_text][\/et_pb_column][\/et_pb_row][et_pb_row column_structure=&#8221;1_4,1_4,1_4,1_4&#8243; use_custom_gutter=&#8221;on&#8221; gutter_width=&#8221;2&#8243; make_equal=&#8221;on&#8221; custom_padding_last_edited=&#8221;on|phone&#8221; _builder_version=&#8221;4.22.2&#8243; _module_preset=&#8221;5ee7af01-c5e8-4dc0-9e40-87bb55bfb8ea&#8221; custom_padding=&#8221;9px|||||&#8221; custom_padding_tablet=&#8221;9px|||||&#8221; custom_padding_phone=&#8221;||21px||false|false&#8221; pac_drh_column_numbers_tablet=&#8221;pac_drh_tab_col_one&#8221; pac_drh_column_numbers_phone=&#8221;pac_drh_phone_col_one&#8221; locked=&#8221;off&#8221; global_colors_info=&#8221;{}&#8221;][et_pb_column type=&#8221;1_4&#8243; _builder_version=&#8221;4.22.2&#8243; _module_preset=&#8221;default&#8221; global_colors_info=&#8221;{}&#8221;][et_pb_text _builder_version=&#8221;4.24.0&#8243; _module_preset=&#8221;df5f90d1-36a0-4110-a4ef-d3ba8fa23101&#8243; text_text_color=&#8221;#FFFFFF&#8221; text_font_size=&#8221;26px&#8221; background_color=&#8221;#5e5e5e&#8221; background_image=&#8221;https:\/\/www.magnolioworld.com\/green-ro\/wp-content\/uploads\/doTERRA-Aetherische-Oele3-1-1.jpg&#8221; background_size=&#8221;custom&#8221; background_image_width=&#8221;250px&#8221; background_blend=&#8221;soft-light&#8221; text_orientation=&#8221;center&#8221; height=&#8221;150px&#8221; custom_padding=&#8221;48px||||false|false&#8221; link_option_url=&#8221;https:\/\/www.magnolioworld.com\/green-ro\/magazin-amestecuri-de-ulei\/&#8221; border_width_all=&#8221;10px&#8221; border_color_all=&#8221;#FFFFFF&#8221; box_shadow_style=&#8221;preset1&#8243; box_shadow_blur=&#8221;10px&#8221; global_colors_info=&#8221;{}&#8221;]<\/p>\n<p>Amestecuri<\/p>\n<p>[\/et_pb_text][\/et_pb_column][et_pb_column type=&#8221;1_4&#8243; _builder_version=&#8221;4.22.2&#8243; _module_preset=&#8221;default&#8221; global_colors_info=&#8221;{}&#8221;][et_pb_text _builder_version=&#8221;4.24.0&#8243; _module_preset=&#8221;df5f90d1-36a0-4110-a4ef-d3ba8fa23101&#8243; text_text_color=&#8221;#FFFFFF&#8221; text_font_size=&#8221;26px&#8221; background_color=&#8221;#5e5e5e&#8221; background_image=&#8221;https:\/\/www.magnolioworld.com\/green-ch\/wp-content\/uploads\/doterra_verage-serum.jpg&#8221; background_blend=&#8221;soft-light&#8221; text_orientation=&#8221;center&#8221; height=&#8221;150px&#8221; custom_padding=&#8221;48px||||false|false&#8221; link_option_url=&#8221;https:\/\/www.magnolioworld.com\/green-ro\/magazin-cosmetice\/&#8221; border_width_all=&#8221;10px&#8221; border_color_all=&#8221;#FFFFFF&#8221; box_shadow_style=&#8221;preset1&#8243; box_shadow_blur=&#8221;10px&#8221; global_colors_info=&#8221;{}&#8221;]<\/p>\n<p>Cosmetice<\/p>\n<p>[\/et_pb_text][\/et_pb_column][et_pb_column type=&#8221;1_4&#8243; _builder_version=&#8221;4.22.2&#8243; _module_preset=&#8221;default&#8221; global_colors_info=&#8221;{}&#8221;][et_pb_text _builder_version=&#8221;4.24.0&#8243; _module_preset=&#8221;df5f90d1-36a0-4110-a4ef-d3ba8fa23101&#8243; text_text_color=&#8221;#FFFFFF&#8221; text_font_size=&#8221;26px&#8221; background_color=&#8221;#5e5e5e&#8221; background_image=&#8221;https:\/\/www.magnolioworld.com\/green-ro\/wp-content\/uploads\/Diffuser-Petal-1.jpg&#8221; background_blend=&#8221;soft-light&#8221; text_orientation=&#8221;center&#8221; height=&#8221;150px&#8221; custom_padding=&#8221;48px||||false|false&#8221; link_option_url=&#8221;https:\/\/www.magnolioworld.com\/green-ro\/magazin-difuzor-si-accesorii\/&#8221; border_width_all=&#8221;10px&#8221; border_color_all=&#8221;#FFFFFF&#8221; box_shadow_style=&#8221;preset1&#8243; box_shadow_blur=&#8221;10px&#8221; global_colors_info=&#8221;{}&#8221;]<\/p>\n<p>Difuzor \u0219i accesorii<\/p>\n<p>[\/et_pb_text][\/et_pb_column][et_pb_column type=&#8221;1_4&#8243; _builder_version=&#8221;4.22.2&#8243; _module_preset=&#8221;default&#8221; global_colors_info=&#8221;{}&#8221;][et_pb_text _builder_version=&#8221;4.24.0&#8243; _module_preset=&#8221;df5f90d1-36a0-4110-a4ef-d3ba8fa23101&#8243; text_text_color=&#8221;#FFFFFF&#8221; text_font_size=&#8221;26px&#8221; background_color=&#8221;#5e5e5e&#8221; background_image=&#8221;https:\/\/www.magnolioworld.com\/green-ro\/wp-content\/uploads\/doterra_onguard-zahnpasta.jpg&#8221; background_position=&#8221;bottom_center&#8221; background_blend=&#8221;soft-light&#8221; text_orientation=&#8221;center&#8221; height=&#8221;150px&#8221; custom_padding=&#8221;48px||||false|false&#8221; link_option_url=&#8221;https:\/\/www.magnolioworld.com\/green-ro\/magazin-igiena-orala\/&#8221; border_width_all=&#8221;10px&#8221; border_color_all=&#8221;#FFFFFF&#8221; box_shadow_style=&#8221;preset1&#8243; box_shadow_blur=&#8221;10px&#8221; global_colors_info=&#8221;{}&#8221;]<\/p>\n<p>Igiena oral\u0103<\/p>\n<p>[\/et_pb_text][\/et_pb_column][\/et_pb_row][et_pb_row column_structure=&#8221;1_4,1_4,1_4,1_4&#8243; use_custom_gutter=&#8221;on&#8221; gutter_width=&#8221;2&#8243; make_equal=&#8221;on&#8221; custom_padding_last_edited=&#8221;on|phone&#8221; _builder_version=&#8221;4.22.2&#8243; _module_preset=&#8221;5ee7af01-c5e8-4dc0-9e40-87bb55bfb8ea&#8221; custom_padding=&#8221;9px|||||&#8221; custom_padding_tablet=&#8221;9px|||||&#8221; custom_padding_phone=&#8221;||21px||false|false&#8221; pac_drh_column_numbers_tablet=&#8221;pac_drh_tab_col_one&#8221; pac_drh_column_numbers_phone=&#8221;pac_drh_phone_col_one&#8221; locked=&#8221;off&#8221; global_colors_info=&#8221;{}&#8221;][et_pb_column type=&#8221;1_4&#8243; _builder_version=&#8221;4.22.2&#8243; _module_preset=&#8221;default&#8221; global_colors_info=&#8221;{}&#8221;][et_pb_text _builder_version=&#8221;4.24.0&#8243; _module_preset=&#8221;df5f90d1-36a0-4110-a4ef-d3ba8fa23101&#8243; text_text_color=&#8221;#FFFFFF&#8221; text_font_size=&#8221;26px&#8221; background_color=&#8221;#5e5e5e&#8221; background_image=&#8221;https:\/\/www.magnolioworld.com\/green-ro\/wp-content\/uploads\/14650617_10154618186274314_1334133718811922852_n-e1588959604101-1.jpg&#8221; background_position=&#8221;top_center&#8221; background_vertical_offset=&#8221;59%&#8221; background_blend=&#8221;soft-light&#8221; text_orientation=&#8221;center&#8221; height=&#8221;150px&#8221; custom_padding=&#8221;48px||||false|false&#8221; link_option_url=&#8221;https:\/\/www.magnolioworld.com\/green-ro\/magazin-ingrijire-corporala-si-spa\/&#8221; border_width_all=&#8221;10px&#8221; border_color_all=&#8221;#FFFFFF&#8221; box_shadow_style=&#8221;preset1&#8243; box_shadow_blur=&#8221;10px&#8221; global_colors_info=&#8221;{}&#8221;]<\/p>\n<p>\u00cengrijirea corpului<\/p>\n<p>[\/et_pb_text][\/et_pb_column][et_pb_column type=&#8221;1_4&#8243; _builder_version=&#8221;4.22.2&#8243; _module_preset=&#8221;default&#8221; global_colors_info=&#8221;{}&#8221;][et_pb_text _builder_version=&#8221;4.24.0&#8243; _module_preset=&#8221;df5f90d1-36a0-4110-a4ef-d3ba8fa23101&#8243; text_text_color=&#8221;#FFFFFF&#8221; text_font_size=&#8221;26px&#8221; background_color=&#8221;#5e5e5e&#8221; background_image=&#8221;https:\/\/www.magnolioworld.com\/green-ro\/wp-content\/uploads\/2&#215;3-600&#215;900-hair-perfume-us-en-web-1.jpg&#8221; background_position=&#8221;top_center&#8221; background_vertical_offset=&#8221;40%&#8221; background_blend=&#8221;soft-light&#8221; text_orientation=&#8221;center&#8221; height=&#8221;150px&#8221; custom_padding=&#8221;48px||||false|false&#8221; link_option_url=&#8221;https:\/\/www.magnolioworld.com\/green-ro\/magazin-ingrijirea-parului&#8221; hover_enabled=&#8221;0&#8243; border_width_all=&#8221;10px&#8221; border_color_all=&#8221;#FFFFFF&#8221; box_shadow_style=&#8221;preset1&#8243; box_shadow_blur=&#8221;10px&#8221; global_colors_info=&#8221;{}&#8221; sticky_enabled=&#8221;0&#8243;]<\/p>\n<p>\u00cengrijirea p\u0103rului<\/p>\n<p>[\/et_pb_text][\/et_pb_column][et_pb_column type=&#8221;1_4&#8243; _builder_version=&#8221;4.22.2&#8243; _module_preset=&#8221;default&#8221; global_colors_info=&#8221;{}&#8221;][et_pb_text _builder_version=&#8221;4.24.0&#8243; _module_preset=&#8221;df5f90d1-36a0-4110-a4ef-d3ba8fa23101&#8243; text_text_color=&#8221;#FFFFFF&#8221; text_font_size=&#8221;26px&#8221; background_color=&#8221;#5e5e5e&#8221; background_image=&#8221;https:\/\/www.magnolioworld.com\/green-ro\/wp-content\/uploads\/doterra-oele-bilder-h-1.jpg&#8221; background_position=&#8221;top_center&#8221; background_vertical_offset=&#8221;44%&#8221; background_blend=&#8221;soft-light&#8221; text_orientation=&#8221;center&#8221; height=&#8221;150px&#8221; custom_padding=&#8221;48px||||false|false&#8221; link_option_url=&#8221;https:\/\/www.magnolioworld.com\/green-ro\/magazin-produse-de-baza\/&#8221; border_width_all=&#8221;10px&#8221; border_color_all=&#8221;#FFFFFF&#8221; box_shadow_style=&#8221;preset1&#8243; box_shadow_blur=&#8221;10px&#8221; global_colors_info=&#8221;{}&#8221;]<\/p>\n<p>Produse de baz\u0103<\/p>\n<p>[\/et_pb_text][\/et_pb_column][et_pb_column type=&#8221;1_4&#8243; _builder_version=&#8221;4.22.2&#8243; _module_preset=&#8221;default&#8221; global_colors_info=&#8221;{}&#8221;][et_pb_text _builder_version=&#8221;4.24.0&#8243; _module_preset=&#8221;df5f90d1-36a0-4110-a4ef-d3ba8fa23101&#8243; text_text_color=&#8221;#FFFFFF&#8221; text_font_size=&#8221;26px&#8221; background_color=&#8221;#5e5e5e&#8221; background_image=&#8221;https:\/\/www.magnolioworld.com\/green-ro\/wp-content\/uploads\/doterra-oele-w-e1588942178633-1.jpg&#8221; background_position=&#8221;top_center&#8221; background_vertical_offset=&#8221;27%&#8221; background_blend=&#8221;soft-light&#8221; text_orientation=&#8221;center&#8221; height=&#8221;150px&#8221; custom_padding=&#8221;48px||||false|false&#8221; link_option_url=&#8221;https:\/\/www.magnolioworld.com\/green-ro\/magazin-suplimente-alimentare\/&#8221; border_width_all=&#8221;10px&#8221; border_color_all=&#8221;#FFFFFF&#8221; box_shadow_style=&#8221;preset1&#8243; box_shadow_blur=&#8221;10px&#8221; global_colors_info=&#8221;{}&#8221;]<\/p>\n<p>Supliment alimentar<\/p>\n<p>[\/et_pb_text][\/et_pb_column][\/et_pb_row][et_pb_row custom_padding_last_edited=&#8221;on|phone&#8221; _builder_version=&#8221;4.19.4&#8243; _module_preset=&#8221;f8d8d83e-37a5-4d55-845e-be500d1f0470&#8243; custom_padding=&#8221;33px||5px||false|false&#8221; custom_padding_tablet=&#8221;33px||5px||false|false&#8221; custom_padding_phone=&#8221;||0px||false|false&#8221; global_colors_info=&#8221;{}&#8221;][et_pb_column type=&#8221;4_4&#8243; _builder_version=&#8221;4.19.4&#8243; _module_preset=&#8221;default&#8221; global_colors_info=&#8221;{}&#8221;][et_pb_text _builder_version=&#8221;4.19.4&#8243; _module_preset=&#8221;f2245dbb-5feb-4ca3-9cc3-3f407ccf40bd&#8221; header_2_text_align=&#8221;center&#8221; header_2_font_size=&#8221;30px&#8221; custom_margin=&#8221;||-2px|||&#8221; header_font_size_tablet=&#8221;&#8221; header_font_size_phone=&#8221;34px&#8221; header_font_size_last_edited=&#8221;on|phone&#8221; global_colors_info=&#8221;{}&#8221;]<\/p>\n<h2>game de produse doTERRA<\/h2>\n<p>[\/et_pb_text][\/et_pb_column][\/et_pb_row][et_pb_row column_structure=&#8221;1_4,1_4,1_4,1_4&#8243; use_custom_gutter=&#8221;on&#8221; gutter_width=&#8221;2&#8243; make_equal=&#8221;on&#8221; custom_padding_last_edited=&#8221;on|phone&#8221; _builder_version=&#8221;4.22.2&#8243; _module_preset=&#8221;5ee7af01-c5e8-4dc0-9e40-87bb55bfb8ea&#8221; custom_padding=&#8221;9px|||||&#8221; custom_padding_tablet=&#8221;9px|||||&#8221; custom_padding_phone=&#8221;||21px||false|false&#8221; pac_drh_column_numbers_tablet=&#8221;pac_drh_tab_col_one&#8221; pac_drh_column_numbers_phone=&#8221;pac_drh_phone_col_one&#8221; locked=&#8221;off&#8221; global_colors_info=&#8221;{}&#8221;][et_pb_column type=&#8221;1_4&#8243; _builder_version=&#8221;4.22.2&#8243; _module_preset=&#8221;default&#8221; global_colors_info=&#8221;{}&#8221;][et_pb_text _builder_version=&#8221;4.24.0&#8243; _module_preset=&#8221;df5f90d1-36a0-4110-a4ef-d3ba8fa23101&#8243; text_text_color=&#8221;#FFFFFF&#8221; text_font_size=&#8221;26px&#8221; background_color=&#8221;#5e5e5e&#8221; background_image=&#8221;https:\/\/www.magnolioworld.com\/green-ro\/wp-content\/uploads\/air-lemonfruit-seeds-1.jpg&#8221; background_size=&#8221;custom&#8221; background_image_width=&#8221;400px&#8221; background_position=&#8221;top_center&#8221; background_vertical_offset=&#8221;40%&#8221; background_blend=&#8221;soft-light&#8221; text_orientation=&#8221;center&#8221; height=&#8221;150px&#8221; custom_padding=&#8221;48px||||false|false&#8221; link_option_url=&#8221;https:\/\/www.magnolioworld.com\/green-ro\/magazin-doterra-air\/&#8221; border_width_all=&#8221;10px&#8221; border_color_all=&#8221;#FFFFFF&#8221; box_shadow_style=&#8221;preset1&#8243; box_shadow_blur=&#8221;10px&#8221; global_colors_info=&#8221;{}&#8221;]<\/p>\n<p>Air<\/p>\n<p>[\/et_pb_text][\/et_pb_column][et_pb_column type=&#8221;1_4&#8243; _builder_version=&#8221;4.22.2&#8243; _module_preset=&#8221;default&#8221; global_colors_info=&#8221;{}&#8221;][et_pb_text _builder_version=&#8221;4.24.0&#8243; _module_preset=&#8221;df5f90d1-36a0-4110-a4ef-d3ba8fa23101&#8243; text_text_color=&#8221;#FFFFFF&#8221; text_font_size=&#8221;26px&#8221; background_color=&#8221;#5e5e5e&#8221; background_image=&#8221;https:\/\/www.magnolioworld.com\/green-ro\/wp-content\/uploads\/doterra_deep-blue-5ml.jpg&#8221; background_blend=&#8221;soft-light&#8221; text_orientation=&#8221;center&#8221; height=&#8221;150px&#8221; custom_padding=&#8221;48px||||false|false&#8221; link_option_url=&#8221;https:\/\/www.magnolioworld.com\/green-ro\/magazin-doterra-deep-blue\/&#8221; border_width_all=&#8221;10px&#8221; border_color_all=&#8221;#FFFFFF&#8221; box_shadow_style=&#8221;preset1&#8243; box_shadow_blur=&#8221;10px&#8221; global_colors_info=&#8221;{}&#8221;]<\/p>\n<p>Deep Blue<\/p>\n<p>[\/et_pb_text][\/et_pb_column][et_pb_column type=&#8221;1_4&#8243; _builder_version=&#8221;4.22.2&#8243; _module_preset=&#8221;default&#8221; global_colors_info=&#8221;{}&#8221;][et_pb_text _builder_version=&#8221;4.24.0&#8243; _module_preset=&#8221;df5f90d1-36a0-4110-a4ef-d3ba8fa23101&#8243; text_text_color=&#8221;#FFFFFF&#8221; text_font_size=&#8221;26px&#8221; background_color=&#8221;#5e5e5e&#8221; background_image=&#8221;https:\/\/www.magnolioworld.com\/green-ro\/wp-content\/uploads\/doTERRA-Aetherische-Oele94.jpg&#8221; background_blend=&#8221;soft-light&#8221; text_orientation=&#8221;center&#8221; height=&#8221;150px&#8221; custom_padding=&#8221;48px||||false|false&#8221; link_option_url=&#8221;https:\/\/www.magnolioworld.com\/green-ro\/magazin-doterra-metapwr\/&#8221; border_width_all=&#8221;10px&#8221; border_color_all=&#8221;#FFFFFF&#8221; box_shadow_style=&#8221;preset1&#8243; box_shadow_blur=&#8221;10px&#8221; global_colors_info=&#8221;{}&#8221;]<\/p>\n<p>MetaPWR<\/p>\n<p>[\/et_pb_text][\/et_pb_column][et_pb_column type=&#8221;1_4&#8243; _builder_version=&#8221;4.22.2&#8243; _module_preset=&#8221;default&#8221; global_colors_info=&#8221;{}&#8221;][et_pb_text _builder_version=&#8221;4.24.0&#8243; _module_preset=&#8221;df5f90d1-36a0-4110-a4ef-d3ba8fa23101&#8243; text_text_color=&#8221;#FFFFFF&#8221; text_font_size=&#8221;26px&#8221; background_color=&#8221;#5e5e5e&#8221; background_image=&#8221;https:\/\/www.magnolioworld.com\/green-ro\/wp-content\/uploads\/onguard-orange-plus-plants-e1654809547403.jpg&#8221; background_size=&#8221;custom&#8221; background_image_width=&#8221;300px&#8221; background_blend=&#8221;soft-light&#8221; text_orientation=&#8221;center&#8221; height=&#8221;150px&#8221; custom_padding=&#8221;48px||||false|false&#8221; link_option_url=&#8221;https:\/\/www.magnolioworld.com\/green-ro\/magazin-doterra-onguard\/&#8221; border_width_all=&#8221;10px&#8221; border_color_all=&#8221;#FFFFFF&#8221; box_shadow_style=&#8221;preset1&#8243; box_shadow_blur=&#8221;10px&#8221; global_colors_info=&#8221;{}&#8221;]<\/p>\n<p>On Guard<\/p>\n<p>[\/et_pb_text][\/et_pb_column][\/et_pb_row][et_pb_row custom_padding_last_edited=&#8221;on|phone&#8221; _builder_version=&#8221;4.19.4&#8243; _module_preset=&#8221;f8d8d83e-37a5-4d55-845e-be500d1f0470&#8243; custom_padding=&#8221;33px||5px||false|false&#8221; custom_padding_tablet=&#8221;33px||5px||false|false&#8221; custom_padding_phone=&#8221;||0px||false|false&#8221; global_colors_info=&#8221;{}&#8221;][et_pb_column type=&#8221;4_4&#8243; _builder_version=&#8221;4.19.4&#8243; _module_preset=&#8221;default&#8221; global_colors_info=&#8221;{}&#8221;][et_pb_text _builder_version=&#8221;4.19.4&#8243; _module_preset=&#8221;f2245dbb-5feb-4ca3-9cc3-3f407ccf40bd&#8221; header_2_text_align=&#8221;center&#8221; header_2_font_size=&#8221;30px&#8221; custom_margin=&#8221;||-2px|||&#8221; header_font_size_tablet=&#8221;&#8221; header_font_size_phone=&#8221;34px&#8221; header_font_size_last_edited=&#8221;on|phone&#8221; global_colors_info=&#8221;{}&#8221;]<\/p>\n<h2>Informa\u021bii suplimentare<\/h2>\n<p>[\/et_pb_text][\/et_pb_column][\/et_pb_row][et_pb_row column_structure=&#8221;1_2,1_2&#8243; use_custom_gutter=&#8221;on&#8221; make_equal=&#8221;on&#8221; custom_padding_last_edited=&#8221;on|desktop&#8221; disabled_on=&#8221;off|off|off&#8221; _builder_version=&#8221;4.22.2&#8243; _module_preset=&#8221;f8d8d83e-37a5-4d55-845e-be500d1f0470&#8243; custom_padding=&#8221;9px|300px||300px|false|false&#8221; custom_padding_tablet=&#8221;9px|0px||0px|false|false&#8221; custom_padding_phone=&#8221;|0px|21px|0px|false|false&#8221; pac_drh_column_numbers_tablet=&#8221;pac_drh_tab_col_two&#8221; pac_drh_column_numbers_phone=&#8221;pac_drh_phone_col_one&#8221; global_colors_info=&#8221;{}&#8221;][et_pb_column type=&#8221;1_2&#8243; _builder_version=&#8221;4.22.2&#8243; _module_preset=&#8221;default&#8221; global_colors_info=&#8221;{}&#8221;][et_pb_text _builder_version=&#8221;4.24.0&#8243; _module_preset=&#8221;df5f90d1-36a0-4110-a4ef-d3ba8fa23101&#8243; text_text_color=&#8221;#FFFFFF&#8221; text_font_size=&#8221;26px&#8221; background_color=&#8221;#5e5e5e&#8221; background_image=&#8221;https:\/\/www.magnolioworld.com\/green-ro\/wp-content\/uploads\/Magnolio-Gutscheine-1.jpg&#8221; background_position=&#8221;top_center&#8221; background_vertical_offset=&#8221;69%&#8221; background_blend=&#8221;soft-light&#8221; text_orientation=&#8221;center&#8221; height=&#8221;150px&#8221; custom_padding=&#8221;48px||||false|false&#8221; link_option_url=&#8221;https:\/\/www.magnolioworld.com\/green-ro\/voucher-cadou\/&#8221; border_width_all=&#8221;10px&#8221; border_color_all=&#8221;#FFFFFF&#8221; box_shadow_style=&#8221;preset1&#8243; box_shadow_blur=&#8221;10px&#8221; global_colors_info=&#8221;{}&#8221;]<\/p>\n<p>Vouchere<\/p>\n<p>[\/et_pb_text][\/et_pb_column][et_pb_column type=&#8221;1_2&#8243; _builder_version=&#8221;4.22.2&#8243; _module_preset=&#8221;default&#8221; global_colors_info=&#8221;{}&#8221;][et_pb_text _builder_version=&#8221;4.24.0&#8243; _module_preset=&#8221;df5f90d1-36a0-4110-a4ef-d3ba8fa23101&#8243; text_text_color=&#8221;#FFFFFF&#8221; text_font_size=&#8221;26px&#8221; background_color=&#8221;#5e5e5e&#8221; background_image=&#8221;https:\/\/www.magnolioworld.com\/green-ro\/wp-content\/uploads\/NO-Home-Essentials-Kit-Style-11_Web-kleiner.jpg&#8221; background_blend=&#8221;soft-light&#8221; text_orientation=&#8221;center&#8221; height=&#8221;150px&#8221; custom_padding=&#8221;48px||||false|false&#8221; link_option_url=&#8221;https:\/\/www.magnolioworld.com\/green-ro\/magazin-lectura\/&#8221; border_width_all=&#8221;10px&#8221; border_color_all=&#8221;#FFFFFF&#8221; box_shadow_style=&#8221;preset1&#8243; box_shadow_blur=&#8221;10px&#8221; global_colors_info=&#8221;{}&#8221;]<\/p>\n<p>Citire<\/p>\n<p>[\/et_pb_text][\/et_pb_column][\/et_pb_row][\/et_pb_section]<\/p>\n","protected":false},"excerpt":{"rendered":"<p>Descoperi\u021bi gama noastr\u0103 larg\u0103 de produseUleiuri esen\u021bialeNout\u0103\u021biPachete de economisireCategorii de produseAmestecuriCosmeticeDifuzor \u0219i accesoriiIgiena oral\u0103\u00cengrijirea corpului\u00cengrijirea p\u0103ruluiProduse de baz\u0103Supliment alimentargame de produse doTERRAAirDeep BlueMetaPWROn GuardInforma\u021bii suplimentareVouchereCitire<\/p>\n","protected":false},"author":1,"featured_media":0,"parent":0,"menu_order":0,"comment_status":"closed","ping_status":"closed","template":"","meta":{"_et_pb_use_builder":"on","_et_pb_old_content":"","_et_gb_content_width":"","footnotes":""},"categories":[2069],"_links":{"self":[{"href":"https:\/\/www.magnolioworld.com\/green-ro\/wp-json\/wp\/v2\/pages\/3050"}],"collection":[{"href":"https:\/\/www.magnolioworld.com\/green-ro\/wp-json\/wp\/v2\/pages"}],"about":[{"href":"https:\/\/www.magnolioworld.com\/green-ro\/wp-json\/wp\/v2\/types\/page"}],"author":[{"embeddable":true,"href":"https:\/\/www.magnolioworld.com\/green-ro\/wp-json\/wp\/v2\/users\/1"}],"replies":[{"embeddable":true,"href":"https:\/\/www.magnolioworld.com\/green-ro\/wp-json\/wp\/v2\/comments?post=3050"}],"version-history":[{"count":1,"href":"https:\/\/www.magnolioworld.com\/green-ro\/wp-json\/wp\/v2\/pages\/3050\/revisions"}],"predecessor-version":[{"id":6566,"href":"https:\/\/www.magnolioworld.com\/green-ro\/wp-json\/wp\/v2\/pages\/3050\/revisions\/6566"}],"wp:attachment":[{"href":"https:\/\/www.magnolioworld.com\/green-ro\/wp-json\/wp\/v2\/media?parent=3050"}],"wp:term":[{"taxonomy":"category","embeddable":true,"href":"https:\/\/www.magnolioworld.com\/green-ro\/wp-json\/wp\/v2\/categories?post=3050"}],"curies":[{"name":"wp","href":"https:\/\/api.w.org\/{rel}","templated":true}]}}