{"id":2895,"date":"2021-10-17T21:47:21","date_gmt":"2021-10-17T19:47:21","guid":{"rendered":"https:\/\/at.magnolio.shop\/?page_id=2895"},"modified":"2024-03-07T11:43:39","modified_gmt":"2024-03-07T10:43:39","slug":"aplicatie-stergeti-capul","status":"publish","type":"page","link":"https:\/\/www.magnolioworld.com\/green-ro\/aplicatie-stergeti-capul\/","title":{"rendered":"Men\u00fc | Anwendung | Kopf frei"},"content":{"rendered":"<p>[et_pb_section fb_built=&#8221;1&#8243; _builder_version=&#8221;4.16&#8243; _module_preset=&#8221;default&#8221; custom_margin=&#8221;||||false|false&#8221; custom_margin_tablet=&#8221;&#8221; custom_margin_phone=&#8221;||||false|false&#8221; custom_margin_last_edited=&#8221;on|phone&#8221; custom_padding=&#8221;30px||30px||false|false&#8221; global_colors_info=&#8221;{}&#8221;][et_pb_row column_structure=&#8221;2_3,1_3&#8243; _builder_version=&#8221;4.16&#8243; _module_preset=&#8221;default&#8221; custom_margin=&#8221;24px|auto||auto||&#8221; custom_margin_tablet=&#8221;&#8221; custom_margin_phone=&#8221;12px|auto||auto|false|false&#8221; custom_margin_last_edited=&#8221;on|phone&#8221; custom_padding=&#8221;0px||35px||false|false&#8221; global_colors_info=&#8221;{}&#8221;][et_pb_column type=&#8221;2_3&#8243; _builder_version=&#8221;4.16&#8243; _module_preset=&#8221;default&#8221; global_colors_info=&#8221;{}&#8221;][et_pb_text _builder_version=&#8221;4.16&#8243; _module_preset=&#8221;default&#8221; custom_margin=&#8221;||7px|||&#8221; header_font_size_tablet=&#8221;&#8221; header_font_size_phone=&#8221;34px&#8221; header_font_size_last_edited=&#8221;on|phone&#8221; global_colors_info=&#8221;{}&#8221;]<\/p>\n<h1>Elibera\u021bi-v\u0103 capul cu uleiuri esen\u021biale<\/h1>\n<p>[\/et_pb_text][et_pb_text _builder_version=&#8221;4.16&#8243; _module_preset=&#8221;default&#8221; global_colors_info=&#8221;{}&#8221;]<\/p>\n<p>Nu-\u021bi dore\u0219ti nimic mai mult \u00een unele zile dec\u00e2t un cap liber \u0219i limpede, f\u0103r\u0103 tensiune? Pentru c\u0103 numai cu mintea limpede v\u0103 pute\u021bi bucura de ziua respectiv\u0103 \u0219i pute\u021bi face fa\u021b\u0103 tuturor sarcinilor care v\u0103 a\u0219teapt\u0103.<\/p>\n<p>Dar uneori, din p\u0103cate, acest lucru nu se \u00eent\u00e2mpl\u0103. Este o zi stresant\u0103, e\u0219ti \u00eencordat, vremea te afecteaz\u0103 sau nu faci suficient\u0103 mi\u0219care \u00een aer liber. Atunci capul t\u0103u reac\u021bioneaz\u0103 \u00eentr-o clip\u0103 cu tensiuni \u0219i sensibilit\u0103\u021bi. Pentru unii, acestea sunt at\u00e2t de severe la intervale regulate, \u00eenc\u00e2t sunt chiar complet indisponibile pentru una sau mai multe zile. Uleiurile esen\u021biale \u0219i amestecurile de uleiuri pot oferi un ajutor natural pentru toate aceste afec\u021biuni.<\/p>\n<p>[\/et_pb_text][\/et_pb_column][et_pb_column type=&#8221;1_3&#8243; _builder_version=&#8221;4.16&#8243; _module_preset=&#8221;default&#8221; global_colors_info=&#8221;{}&#8221;][et_pb_image src=&#8221;https:\/\/www.magnolioworld.com\/green-ro\/wp-content\/uploads\/20&#215;20.png&#8221; alt=&#8221;Elibera\u021bi-v\u0103 capul cu uleiuri esen\u021biale&#8221; title_text=&#8221;Elibera\u021bi-v\u0103 capul cu uleiuri esen\u021biale&#8221; force_fullwidth=&#8221;on&#8221; _builder_version=&#8221;4.16&#8243; background_image=&#8221;https:\/\/www.magnolioworld.com\/green-ro\/wp-content\/uploads\/Depositphotos_24932859_xl-2015.jpg&#8221; height=&#8221;200px&#8221; border_width_all=&#8221;10px&#8221; border_color_all=&#8221;#ffffff&#8221; box_shadow_style=&#8221;preset1&#8243; box_shadow_blur=&#8221;10px&#8221; box_shadow_color=&#8221;#9b9b9b&#8221; locked=&#8221;off&#8221; global_colors_info=&#8221;{}&#8221;][\/et_pb_image][\/et_pb_column][\/et_pb_row][et_pb_row _builder_version=&#8221;4.16&#8243; _module_preset=&#8221;default&#8221; background_color=&#8221;#e8e8e8&#8243; custom_margin=&#8221;|auto|24px|auto||&#8221; custom_margin_tablet=&#8221;&#8221; custom_margin_phone=&#8221;|auto|26px|auto|false|false&#8221; custom_margin_last_edited=&#8221;on|phone&#8221; custom_padding=&#8221;20px||20px||false|false&#8221; locked=&#8221;off&#8221; global_colors_info=&#8221;{}&#8221;][et_pb_column type=&#8221;4_4&#8243; _builder_version=&#8221;4.16&#8243; _module_preset=&#8221;default&#8221; global_colors_info=&#8221;{}&#8221;][et_pb_text _builder_version=&#8221;4.16&#8243; _module_preset=&#8221;default&#8221; text_font_size=&#8221;24px&#8221; text_orientation=&#8221;center&#8221; custom_margin=&#8221;||7px|||&#8221; global_colors_info=&#8221;{}&#8221;]<\/p>\n<p>Prezentare general\u0103<\/p>\n<p>[\/et_pb_text][et_pb_text _builder_version=&#8221;4.16&#8243; _module_preset=&#8221;default&#8221; text_orientation=&#8221;center&#8221; custom_margin=&#8221;||10px||false|false&#8221; global_colors_info=&#8221;{}&#8221;]<\/p>\n<p><a href=\"#kopf-aktuell\">Tensiune<\/a> || <a href=\"#kopf-ausgeglichenheit\">Echilibru<\/a> || <a href=\"#kopf-regelmaessig\">Sensibilit\u0103\u021bi obi\u0219nuite<\/a><\/p>\n<p>[\/et_pb_text][et_pb_text _builder_version=&#8221;4.16&#8243; _module_preset=&#8221;default&#8221; text_orientation=&#8221;center&#8221; global_colors_info=&#8221;{}&#8221;]<\/p>\n<p>Sfat: Folosi\u021bi s\u0103geata din dreapta jos pentru a v\u0103 \u00eentoarce la \u00eenceput.<\/p>\n<p>[\/et_pb_text][\/et_pb_column][\/et_pb_row][et_pb_row module_id=&#8221;kopf-aktuell&#8221; _builder_version=&#8221;4.16&#8243; _module_preset=&#8221;default&#8221; custom_margin=&#8221;40px|auto||auto|false|false&#8221; custom_padding=&#8221;0px||0px||false|false&#8221; global_colors_info=&#8221;{}&#8221;][et_pb_column type=&#8221;4_4&#8243; _builder_version=&#8221;4.16&#8243; _module_preset=&#8221;default&#8221; global_colors_info=&#8221;{}&#8221;][et_pb_text _builder_version=&#8221;4.16&#8243; _module_preset=&#8221;default&#8221; custom_margin=&#8221;||7px|||&#8221; global_colors_info=&#8221;{}&#8221;]<\/p>\n<h2>Tensiuni actuale &#8211; o nou\u0103 lejeritate<u><\/u><\/h2>\n<p>[\/et_pb_text][et_pb_text _builder_version=&#8221;4.16&#8243; _module_preset=&#8221;default&#8221; global_colors_info=&#8221;{}&#8221;]<\/p>\n<p>Pentru tensiunea acut\u0103, pute\u021bi experimenta o u\u0219urare rapid\u0103 cu uleiul esen\u021bial de ment\u0103 (ulei de ment\u0103). Datorit\u0103 con\u021binutului s\u0103u ridicat de mentol, uleiul de ment\u0103 are un efect rapid de r\u0103cire \u0219i ajut\u0103 la ameliorarea tensiunii datorit\u0103 efectului s\u0103u circulator.<\/p>\n<p>De asemenea, ajut\u0103 la alungarea oboselii, la limpezirea min\u021bii \u0219i la revitalizarea spiritului. Cel mai bun efect este ob\u021binut atunci c\u00e2nd uleiul esen\u021bial de ment\u0103 este aplicat la primele semne. DoTERRA Peppermint Touch, gata de utilizare, este recomandat pentru atunci c\u00e2nd sunte\u021bi \u00een mi\u0219care, deoarece poate fi luat oriunde \u0219i utilizat imediat dac\u0103 este necesar.<\/p>\n<p>Perlele de ment\u0103 asigur\u0103 \u00eemprosp\u0103tarea \u0219i r\u0103corirea intern\u0103.<\/p>\n<p>SUGESTIE: Aplica\u021bi ulei de ment\u0103 \u00een palmele m\u00e2inilor \u0219i inspira\u021bi ad\u00e2nc. Maseaz\u0103 uleiul de ment\u0103 diluat cu ulei de cocos frac\u021bionat pe ceaf\u0103 \u0219i pe t\u00e2mple. Aplica\u021bi roll-on-ul gata de utilizare pe g\u00e2t, t\u00e2mple, zona pieptului \u0219i punctele de puls.<\/p>\n<p>Pune\u021bi-l \u00een difuzorul auto \u00een timpul c\u0103l\u0103toriilor obositoare cu ma\u0219ina \u0219i ve\u021bi avea parte de o nou\u0103 prospe\u021bime. Ca o lovitur\u0103 r\u0103coritoare \u00eentre timp, l\u0103sa\u021bi 1-2 perle s\u0103 se topeasc\u0103 pe limb\u0103, la nevoie.<\/p>\n<p>[\/et_pb_text][et_pb_shop type=&#8221;product_category&#8221; include_categories=&#8221;1981&#8243; columns_number=&#8221;4&#8243; orderby=&#8221;menu_order&#8221; _builder_version=&#8221;4.16&#8243; title_font_size=&#8221;22px&#8221; price_font_size=&#8221;14px&#8221; min_height=&#8221;504px&#8221; custom_margin=&#8221;||||false|false&#8221; custom_padding=&#8221;25px||0px||false|false&#8221; title_font_size_last_edited=&#8221;off|desktop&#8221; pac_drh_column_numbers_phone=&#8221;pac_drh_ph_col_two&#8221; locked=&#8221;off&#8221; global_colors_info=&#8221;{}&#8221;][\/et_pb_shop][\/et_pb_column][\/et_pb_row][et_pb_row module_id=&#8221;kopf-ausgeglichenheit&#8221; _builder_version=&#8221;4.16&#8243; _module_preset=&#8221;default&#8221; custom_margin_tablet=&#8221;&#8221; custom_margin_phone=&#8221;&#8221; custom_margin_last_edited=&#8221;on|phone&#8221; custom_padding=&#8221;0px||0px||false|false&#8221; global_colors_info=&#8221;{}&#8221;][et_pb_column type=&#8221;4_4&#8243; _builder_version=&#8221;4.16&#8243; _module_preset=&#8221;default&#8221; global_colors_info=&#8221;{}&#8221;][et_pb_text _builder_version=&#8221;4.16&#8243; _module_preset=&#8221;default&#8221; custom_margin=&#8221;||7px|||&#8221; header_font_size_phone=&#8221;42px&#8221; header_font_size_last_edited=&#8221;off|phone&#8221; header_2_font_size_tablet=&#8221;&#8221; header_2_font_size_phone=&#8221;34px&#8221; header_2_font_size_last_edited=&#8221;on|phone&#8221; global_colors_info=&#8221;{}&#8221;]<\/p>\n<h2>Pentru echilibru \u00een minte<\/h2>\n<p>[\/et_pb_text][et_pb_text _builder_version=&#8221;4.16&#8243; _module_preset=&#8221;default&#8221; global_colors_info=&#8221;{}&#8221;]<\/p>\n<p>Solicit\u0103rile excesive \u0219i stresul, \u00een special, sunt factori care pot tensiona zona g\u00e2tului \u0219i a capului \u0219i pot duce la disconfort. De aceea, este important s\u0103 fii relaxat, ancorat \u0219i stabil \u00een timpul zilei. Dac\u0103 e\u0219ti \u00eemp\u0103cat cu tine \u00eensu\u021bi, nu trebuie s\u0103 te \u00eengrijorezi de nelini\u0219tea din capul t\u0103u.<\/p>\n<p>Uleiurile esen\u021biale pot oferi echilibru \u0219i o \u00eemp\u0103m\u00e2ntare lini\u0219titoare pentru a preveni acumularea de tensiune \u00een cap.<\/p>\n<p>Amestecul de uleiuri esen\u021biale echilibrante Balance este ideal pentru acest lucru. Dup\u0103 cum sugereaz\u0103 \u0219i numele, duce la o zi echilibrat\u0103, \u00een pace \u0219i senin\u0103tate.<\/p>\n<p>Parfumul seduc\u0103tor al acestui amestec de uleiuri esen\u021biale din ulei de molid, ulei de lemn de ho, ulei de t\u0103m\u00e2ie, ulei de ferig\u0103 de ploaie albastr\u0103, ulei de mu\u0219e\u021bel roman \u0219i ulei frac\u021bionat de cocos v\u0103 va l\u0103sa o senza\u021bie de calm \u0219i relaxare. Uleiul de molid a fost folosit de indieni din motive spirituale \u0219i de s\u0103n\u0103tate, deoarece armonizeaz\u0103 corpul \u0219i mintea. Lemnul Ho, t\u0103t\u0103neasa albastr\u0103 \u0219i mu\u0219e\u021belul albastru ajut\u0103 \u00eempotriva sentimentelor de anxietate. T\u0103m\u00e2ia are un efect de \u00eemp\u0103m\u00e2ntare \u0219i de echilibrare asupra emo\u021biilor noastre.<\/p>\n<p>Alternativ sau suplimentar, se poate folosi \u0219i amestecul de uleiuri esen\u021biale doTERRA Anchor din Colec\u021bia Yoga. Amestecul stabilizator Anchor v\u0103 ofer\u0103 \u00eencredere ferm\u0103 \u0219i stabilitate \u00een via\u021b\u0103. Astfel, v\u0103 pute\u021bi aborda ziua cu o putere lini\u0219titoare. Conectarea cu sine \u0219i armonia emo\u021bional\u0103 sunt sus\u021binute de uleiurile esen\u021biale de lavand\u0103 (ulei de lavand\u0103), de cedru (ulei de cedru), de santal (ulei de santal), de scor\u021bi\u0219oar\u0103 (ulei de scor\u021bi\u0219oar\u0103), de t\u0103m\u00e2ie (ulei de t\u0103m\u00e2ie), de piper negru (ulei de piper negru) \u0219i de patchouli (ulei de patchouli), \u00eentr-o baz\u0103 de ulei de cocos frac\u021bionat.<\/p>\n<p>Dar \u0219i alte uleiuri yoga Arise \u0219i Align limpezesc mintea. Acestea sunt, de asemenea, disponibile \u00een colec\u021bia doTERRA Yoga Collection, care permite reducerea costurilor.<\/p>\n<p><u>SUGESTIE<\/u>: Aplica\u021bi doTERRA Balance pe t\u0103lpile picioarelor diminea\u021ba, \u00eempreun\u0103 cu ulei de cocos frac\u021bionat. Aplica\u021bi pe palmele m\u00e2inilor de mai multe ori pe zi \u0219i inspira\u021bi ad\u00e2nc. Turna\u021bi amestecul de uleiuri doTERRA Anchor \u00een difuzor \u0219i pur \u0219i simplu relaxa\u021bi-v\u0103. Oferi\u021bi-v\u0103 un spa acas\u0103 seara, ad\u0103ug\u00e2nd 1-2 pic\u0103turi de Balance and Anchor \u00eempreun\u0103 cu s\u0103ruri de baie, lapte de ov\u0103z sau de migdale \u00eentr-o baie relaxant\u0103.<\/p>\n<p><u>SUGESTIE<\/u> DE ECONOMISIRE: Ve\u021bi g\u0103si o compila\u021bie de uleiuri calmante, relaxante \u0219i de \u00eembun\u0103t\u0103\u021bire a st\u0103rii de spirit \u00een kitul doTERRA Mood Mangement Kit.<\/p>\n<p>[\/et_pb_text][et_pb_shop type=&#8221;product_category&#8221; include_categories=&#8221;1982&#8243; columns_number=&#8221;4&#8243; orderby=&#8221;menu_order&#8221; _builder_version=&#8221;4.16&#8243; title_font_size=&#8221;22px&#8221; price_font_size=&#8221;14px&#8221; min_height=&#8221;504px&#8221; custom_margin=&#8221;||||false|false&#8221; custom_padding=&#8221;25px||0px||false|false&#8221; title_font_size_last_edited=&#8221;off|desktop&#8221; pac_drh_column_numbers_phone=&#8221;pac_drh_ph_col_two&#8221; locked=&#8221;off&#8221; global_colors_info=&#8221;{}&#8221;][\/et_pb_shop][\/et_pb_column][\/et_pb_row][et_pb_row module_id=&#8221;kopf-regelmaessig&#8221; _builder_version=&#8221;4.16&#8243; _module_preset=&#8221;default&#8221; custom_padding=&#8221;0px||0px||false|false&#8221; global_colors_info=&#8221;{}&#8221;][et_pb_column type=&#8221;4_4&#8243; _builder_version=&#8221;4.16&#8243; _module_preset=&#8221;default&#8221; global_colors_info=&#8221;{}&#8221;][et_pb_text _builder_version=&#8221;4.16&#8243; _module_preset=&#8221;default&#8221; custom_margin=&#8221;||7px|||&#8221; global_colors_info=&#8221;{}&#8221;]<\/p>\n<h2>Sensibilit\u0103\u021bi obi\u0219nuite &#8211; l\u0103sa\u021bi-v\u0103 mintea s\u0103 se odihneasc\u0103<\/h2>\n<p>[\/et_pb_text][et_pb_text _builder_version=&#8221;4.16&#8243; _module_preset=&#8221;default&#8221; global_colors_info=&#8221;{}&#8221;]<\/p>\n<p>Uneori, tensiunea din zona capului apare \u00een situa\u021bii stresante sau \u00een anumite constela\u021bii meteorologice. Unele sunt afectate chiar s\u0103pt\u0103m\u00e2nal. Aceste simptome sunt adesea at\u00e2t de severe \u00eenc\u00e2t unele persoane nu mai pot merge la serviciu sau s\u0103 se ridice din pat. Adesea, numai un medicament foarte puternic poate ajuta \u00een astfel de situa\u021bii.<\/p>\n<p>Aceste restric\u021bii de mare anvergur\u0103 asupra calit\u0103\u021bii vie\u021bii pot fi u\u0219or contracarate \u0219i ameliorate cu ajutorul uleiurilor esen\u021biale. Acestea ajut\u0103 la reducerea stresului \u0219i la calmarea min\u021bii \u00een adev\u0103ratul sens al cuv\u00e2ntului.<\/p>\n<p>Amestecul de uleiuri esen\u021biale doTERRA PastTense ajut\u0103 \u00een cazul tensiunilor severe din zona capului. V\u0103 odihni\u021bi, corpul \u0219i mintea v\u0103 sunt relaxate. Uleiurile esen\u021biale \u00eemp\u0103m\u00e2ntenitoare \u0219i relaxante Wintergreen oil (Wintergreen oil), Lavender oil (Lavender oil), Peppermint oil (Peppermint oil), Frankincense oil (Frankincense oil), ulei de coriandru (Cilantro oil), ulei de m\u0103ghiran (Marjoram oil), ulei de mu\u0219e\u021bel roman (Roman Chamomille oil), ulei de busuioc (Basil oil), ulei de rozmarin (Rosemary oil), ve\u021bi sim\u021bi rapid o senza\u021bie de relaxare. Amestecul relaxant doTERRA PastTense este \u00eentotdeauna la \u00eendem\u00e2n\u0103 sub form\u0103 de roll-on \u0219i v\u0103 ajut\u0103 la locul de munc\u0103, la \u0219coal\u0103 sau acas\u0103.<\/p>\n<p>Amestecul de uleiuri esen\u021biale Deep Blue are, de asemenea, un efect relaxant ideal. Este combina\u021bia perfect\u0103 de uleiuri esen\u021biale care se maseaz\u0103 pe piele pentru a ob\u021bine un efect pl\u0103cut de r\u0103corire. Deep Blue are un efect calmant \u0219i amelioreaz\u0103 senza\u021bia de tensiune excesiv\u0103. Responsabili de acest lucru sunt uleiul de wintergreen (ulei de wintergreen), uleiul de camfor (ulei de camfor), uleiul de ment\u0103 (ulei de ment\u0103), uleiul de ferig\u0103 de ploaie albastr\u0103 (ulei de ferig\u0103 de ploaie albastr\u0103), uleiul de mu\u0219e\u021bel albastru (ulei de mu\u0219e\u021bel albastru), uleiul de imortele (ulei de helichrysum) \u0219i osmanthus.<\/p>\n<p>Crema Rollon sau Deep Blue Rub, gata de utilizare, poate fi folosit\u0103 \u0219i \u00een timpul c\u0103l\u0103toriilor.<\/p>\n<p>Este important s\u0103 folosi\u021bi amestecurile de uleiuri \u0219i crema imediat la primele semne de apari\u021bie a tensiunii sau s\u0103 le folosi\u021bi ca m\u0103sur\u0103 preventiv\u0103.<\/p>\n<p><u>SUGESTIE<\/u>: Aplica\u021bi ni\u0219te PastTense pe lobul urechilor, pe g\u00e2t sau pe umeri pentru a v\u0103 calma emo\u021biile \u0219i pentru a v\u0103 relaxa capul \u0219i g\u00e2tul.<\/p>\n<p>Aplica\u021bi PastTense sau Deep Blue Rollon pe t\u00e2mple sau pe ceaf\u0103 diminea\u021ba \u0219i seara, la nevoie sau ca m\u0103sur\u0103 preventiv\u0103.<\/p>\n<p>Aplica\u021bi Deep Blue Rub pe ceaf\u0103 la primul semn.<\/p>\n<p>[\/et_pb_text][et_pb_shop type=&#8221;product_category&#8221; include_categories=&#8221;1983&#8243; columns_number=&#8221;4&#8243; orderby=&#8221;menu_order&#8221; _builder_version=&#8221;4.16&#8243; title_font_size=&#8221;22px&#8221; price_font_size=&#8221;14px&#8221; min_height=&#8221;504px&#8221; custom_margin=&#8221;||||false|false&#8221; custom_padding=&#8221;25px||0px||false|false&#8221; title_font_size_last_edited=&#8221;off|desktop&#8221; pac_drh_column_numbers_phone=&#8221;pac_drh_ph_col_two&#8221; locked=&#8221;off&#8221; global_colors_info=&#8221;{}&#8221;][\/et_pb_shop][\/et_pb_column][\/et_pb_row][\/et_pb_section]<\/p>\n","protected":false},"excerpt":{"rendered":"<p>Elibera\u021bi-v\u0103 capul cu uleiuri esen\u021bialeNu-\u021bi dore\u0219ti nimic mai mult \u00een unele zile dec\u00e2t un cap liber \u0219i limpede, f\u0103r\u0103 tensiune? Pentru c\u0103 numai cu mintea limpede v\u0103 pute\u021bi bucura de ziua respectiv\u0103 \u0219i pute\u021bi face fa\u021b\u0103 tuturor sarcinilor care v\u0103 a\u0219teapt\u0103. Dar uneori, din p\u0103cate, acest lucru nu se \u00eent\u00e2mpl\u0103. Este o zi stresant\u0103, e\u0219ti [&hellip;]<\/p>\n","protected":false},"author":1,"featured_media":0,"parent":0,"menu_order":0,"comment_status":"closed","ping_status":"closed","template":"","meta":{"_et_pb_use_builder":"on","_et_pb_old_content":"","_et_gb_content_width":"","footnotes":""},"categories":[2061],"_links":{"self":[{"href":"https:\/\/www.magnolioworld.com\/green-ro\/wp-json\/wp\/v2\/pages\/2895"}],"collection":[{"href":"https:\/\/www.magnolioworld.com\/green-ro\/wp-json\/wp\/v2\/pages"}],"about":[{"href":"https:\/\/www.magnolioworld.com\/green-ro\/wp-json\/wp\/v2\/types\/page"}],"author":[{"embeddable":true,"href":"https:\/\/www.magnolioworld.com\/green-ro\/wp-json\/wp\/v2\/users\/1"}],"replies":[{"embeddable":true,"href":"https:\/\/www.magnolioworld.com\/green-ro\/wp-json\/wp\/v2\/comments?post=2895"}],"version-history":[{"count":1,"href":"https:\/\/www.magnolioworld.com\/green-ro\/wp-json\/wp\/v2\/pages\/2895\/revisions"}],"predecessor-version":[{"id":6414,"href":"https:\/\/www.magnolioworld.com\/green-ro\/wp-json\/wp\/v2\/pages\/2895\/revisions\/6414"}],"wp:attachment":[{"href":"https:\/\/www.magnolioworld.com\/green-ro\/wp-json\/wp\/v2\/media?parent=2895"}],"wp:term":[{"taxonomy":"category","embeddable":true,"href":"https:\/\/www.magnolioworld.com\/green-ro\/wp-json\/wp\/v2\/categories?post=2895"}],"curies":[{"name":"wp","href":"https:\/\/api.w.org\/{rel}","templated":true}]}}