{"id":2885,"date":"2021-10-17T21:40:04","date_gmt":"2021-10-17T19:40:04","guid":{"rendered":"https:\/\/at.magnolio.shop\/?page_id=2885"},"modified":"2024-03-07T11:43:24","modified_gmt":"2024-03-07T10:43:24","slug":"aplicatie-sistemul-imunitar","status":"publish","type":"page","link":"https:\/\/www.magnolioworld.com\/green-ro\/aplicatie-sistemul-imunitar\/","title":{"rendered":"Men\u00fc | Anwendung | Immunsystem"},"content":{"rendered":"<p>[et_pb_section fb_built=&#8221;1&#8243; _builder_version=&#8221;4.16&#8243; _module_preset=&#8221;default&#8221; custom_margin=&#8221;||||false|false&#8221; custom_margin_tablet=&#8221;&#8221; custom_margin_phone=&#8221;||||false|false&#8221; custom_margin_last_edited=&#8221;on|phone&#8221; custom_padding=&#8221;30px||30px||false|false&#8221; global_colors_info=&#8221;{}&#8221;][et_pb_row column_structure=&#8221;2_3,1_3&#8243; _builder_version=&#8221;4.16&#8243; _module_preset=&#8221;default&#8221; custom_margin=&#8221;24px|auto||auto||&#8221; custom_margin_tablet=&#8221;&#8221; custom_margin_phone=&#8221;12px|auto||auto|false|false&#8221; custom_margin_last_edited=&#8221;on|phone&#8221; custom_padding=&#8221;0px||35px||false|false&#8221; global_colors_info=&#8221;{}&#8221;][et_pb_column type=&#8221;2_3&#8243; _builder_version=&#8221;4.16&#8243; _module_preset=&#8221;default&#8221; global_colors_info=&#8221;{}&#8221;][et_pb_text _builder_version=&#8221;4.16&#8243; _module_preset=&#8221;default&#8221; custom_margin=&#8221;||7px|||&#8221; header_font_size_tablet=&#8221;&#8221; header_font_size_phone=&#8221;34px&#8221; header_font_size_last_edited=&#8221;on|phone&#8221; global_colors_info=&#8221;{}&#8221;]<\/p>\n<h1>Sus\u021bine\u021bi sistemul imunitar cu uleiuri esen\u021biale<\/h1>\n<p>[\/et_pb_text][et_pb_text _builder_version=&#8221;4.16&#8243; _module_preset=&#8221;default&#8221; global_colors_info=&#8221;{}&#8221;]<\/p>\n<p>Ce bine ar fi s\u0103 trecem toamna \u0219i iarna f\u0103r\u0103 boli, cu ajutorul unui sistem imunitar puternic. Numai dac\u0103 ap\u0103rarea noastr\u0103 imunitar\u0103 este suficient de puternic\u0103, organismul nostru se poate proteja \u00een mod optim \u00eempotriva bolilor. Un sistem imunitar puternic depinde \u00een mare m\u0103sur\u0103 de mai mul\u021bi factori:<\/p>\n<p>Stresul are un impact deosebit asupra sistemului imunitar. Dar o flor\u0103 intestinal\u0103 s\u0103n\u0103toas\u0103 este, de asemenea, important\u0103, un aport optim de nutrien\u021bi, un echilibru acido-bazic \u0219i un somn s\u0103n\u0103tos \u0219i profund sunt importante pentru un sistem imunitar puternic. Organismul se afl\u0103 \u00een modul de regenerare \u0219i reparare, mai ales noaptea.<\/p>\n<p>Cu ajutorul uleiurilor esen\u021biale doTERRA, sistemul imunitar poate fi \u00eent\u0103rit \u0219i men\u021binut stabil.<\/p>\n<p>[\/et_pb_text][\/et_pb_column][et_pb_column type=&#8221;1_3&#8243; _builder_version=&#8221;4.16&#8243; _module_preset=&#8221;default&#8221; global_colors_info=&#8221;{}&#8221;][et_pb_image src=&#8221;https:\/\/www.magnolioworld.com\/green-ro\/wp-content\/uploads\/20&#215;20.png&#8221; alt=&#8221;Sus\u021bine\u021bi sistemul imunitar cu uleiuri esen\u021biale&#8221; title_text=&#8221;Sus\u021bine\u021bi sistemul imunitar cu uleiuri esen\u021biale&#8221; force_fullwidth=&#8221;on&#8221; _builder_version=&#8221;4.16&#8243; background_image=&#8221;https:\/\/www.magnolioworld.com\/green-ro\/wp-content\/uploads\/Depositphotos_151217672_xl-2015.jpg&#8221; height=&#8221;200px&#8221; border_width_all=&#8221;10px&#8221; border_color_all=&#8221;#ffffff&#8221; box_shadow_style=&#8221;preset1&#8243; box_shadow_blur=&#8221;10px&#8221; box_shadow_color=&#8221;#9b9b9b&#8221; locked=&#8221;off&#8221; global_colors_info=&#8221;{}&#8221;][\/et_pb_image][\/et_pb_column][\/et_pb_row][et_pb_row _builder_version=&#8221;4.16&#8243; _module_preset=&#8221;default&#8221; background_color=&#8221;#e8e8e8&#8243; custom_margin=&#8221;|auto|24px|auto||&#8221; custom_margin_tablet=&#8221;&#8221; custom_margin_phone=&#8221;|auto|26px|auto|false|false&#8221; custom_margin_last_edited=&#8221;on|phone&#8221; custom_padding=&#8221;20px||20px||false|false&#8221; locked=&#8221;off&#8221; global_colors_info=&#8221;{}&#8221;][et_pb_column type=&#8221;4_4&#8243; _builder_version=&#8221;4.16&#8243; _module_preset=&#8221;default&#8221; global_colors_info=&#8221;{}&#8221;][et_pb_text _builder_version=&#8221;4.16&#8243; _module_preset=&#8221;default&#8221; text_font_size=&#8221;24px&#8221; text_orientation=&#8221;center&#8221; custom_margin=&#8221;||7px|||&#8221; global_colors_info=&#8221;{}&#8221;]<\/p>\n<p>Prezentare general\u0103<\/p>\n<p>[\/et_pb_text][et_pb_text _builder_version=&#8221;4.16&#8243; _module_preset=&#8221;default&#8221; text_orientation=&#8221;center&#8221; custom_margin=&#8221;||10px||false|false&#8221; global_colors_info=&#8221;{}&#8221;]<\/p>\n<p><a href=\"#immun-faktoren\">Factori de \u00eent\u0103rire a imunit\u0103\u021bii<\/a> || <a href=\"#immun-stark\">sistem imunitar<\/a> puternic || <a href=\"#immun-kinder\">copii puternici<\/a><\/p>\n<p>[\/et_pb_text][et_pb_text _builder_version=&#8221;4.16&#8243; _module_preset=&#8221;default&#8221; text_orientation=&#8221;center&#8221; global_colors_info=&#8221;{}&#8221;]<\/p>\n<p>Sfat: Folosi\u021bi s\u0103geata din dreapta jos pentru a v\u0103 \u00eentoarce la \u00eenceput.<\/p>\n<p>[\/et_pb_text][\/et_pb_column][\/et_pb_row][et_pb_row module_id=&#8221;immun-faktoren&#8221; _builder_version=&#8221;4.16&#8243; _module_preset=&#8221;default&#8221; custom_margin=&#8221;40px||||false|false&#8221; custom_margin_tablet=&#8221;&#8221; custom_margin_phone=&#8221;&#8221; custom_margin_last_edited=&#8221;on|phone&#8221; custom_padding=&#8221;0px||0px||false|false&#8221; global_colors_info=&#8221;{}&#8221;][et_pb_column type=&#8221;4_4&#8243; _builder_version=&#8221;4.16&#8243; _module_preset=&#8221;default&#8221; global_colors_info=&#8221;{}&#8221;][et_pb_text _builder_version=&#8221;4.16&#8243; _module_preset=&#8221;default&#8221; custom_margin=&#8221;||7px|||&#8221; header_font_size_phone=&#8221;42px&#8221; header_font_size_last_edited=&#8221;off|phone&#8221; header_2_font_size_tablet=&#8221;&#8221; header_2_font_size_phone=&#8221;34px&#8221; header_2_font_size_last_edited=&#8221;on|phone&#8221; global_colors_info=&#8221;{}&#8221;]<\/p>\n<h2>Factori de \u00eent\u0103rire a imunit\u0103\u021bii<u><\/u><\/h2>\n<p>[\/et_pb_text][et_pb_text _builder_version=&#8221;4.16&#8243; _module_preset=&#8221;default&#8221; global_colors_info=&#8221;{}&#8221;]<\/p>\n<p>Este important s\u0103 sprijini\u021bi factorii de stimulare a imunit\u0103\u021bii pentru a v\u0103 \u00eent\u0103ri \u00een mod optim organismul \u0219i a-l face rezistent. Stresul, \u00een special, poate reduce semnificativ ap\u0103rarea imunitar\u0103. V\u0103 pute\u021bi aduce corpul \u00eentr-o relaxare optim\u0103 cu uleiurile esen\u021biale de t\u0103m\u00e2ie sau cu amestecul echilibrant doTERRA Balance.<\/p>\n<p>Dac\u0103 sunte\u021bi \u00een c\u0103utarea lini\u0219tii \u0219i a st\u0103rii de bine, atunci amestecul echilibrant Balance de la doTERRA este cea mai bun\u0103 alegere. Parfumul seduc\u0103tor al amestecului de uleiuri esen\u021biale din ulei de molid, ulei de Ho-Wood, ulei de t\u0103m\u00e2ie, ulei de ferig\u0103 de ploaie albastr\u0103, ulei de mu\u0219e\u021bel roman \u0219i ulei frac\u021bionat de cocos v\u0103 ofer\u0103 pace \u0219i relaxare. Uleiul de molid a fost adesea folosit de indieni din motive spirituale \u0219i de promovare a s\u0103n\u0103t\u0103\u021bii, deoarece armonizeaz\u0103 corpul \u0219i mintea. Lemnul Ho, t\u0103t\u0103neasa albastr\u0103 \u0219i mu\u0219e\u021belul albastru ajut\u0103 \u00eempotriva sentimentelor de anxietate. T\u0103m\u00e2ia are, de asemenea, un efect de \u00eemp\u0103m\u00e2ntare \u0219i de echilibrare asupra emo\u021biilor noastre.<\/p>\n<p>Un organism supraacidificat poate, de asemenea, s\u0103 sl\u0103beasc\u0103 sistemul imunitar. Pentru un echilibru acido-bazic echilibrat, pute\u021bi folosi uleiul de l\u0103m\u00e2ie purificator, care are, de asemenea, un puternic efect detoxifiant \u0219i elimin\u0103 astfel substan\u021bele nocive din organism, \u00eempreun\u0103 cu apa disponibil\u0103 \u00een celule.<\/p>\n<p>Pentru a oferi organismului t\u0103u nutrien\u021bii \u0219i mineralele necesare pe care nu le mai po\u021bi ob\u021bine din alimenta\u021bia zilnic\u0103, se recomand\u0103 s\u0103 folose\u0219ti zilnic produsele din doTERRA Lifelong Vitality Pack. Acest lucru asigur\u0103 c\u0103 celulele dumneavoastr\u0103 sunt alimentate \u00een mod optim cu minerale, vitamine, acizi gra\u0219i omega \u0219i substan\u021be pentru vitalitatea celular\u0103.<\/p>\n<p>Produsele din pachetul Lifelong Vitality Pack \u00een detaliu:<\/p>\n<p><span style=\"text-decoration: underline;\">xEO Mega\u2122 &#8211; Complex de uleiuri esen\u021biale \u0219i omega<\/span><br \/>Acest supliment alimentar combin\u0103 uleiurile esen\u021biale cu uleiuri marine naturale \u0219i uleiuri omega-3 vegetale. Pe l\u00e2ng\u0103 faptul c\u0103 con\u021bin carotenoizi, care promoveaz\u0103 func\u021bionarea s\u0103n\u0103toas\u0103 a multor organe importante din organism. Lua\u021bi 2 capsule moi la micul dejun \u0219i 2 capsule moi la cin\u0103.<\/p>\n<p>Pentru copii: Omega Complex IQ Mega a fost dezvoltat special pentru a r\u0103spunde cerin\u021belor cresc\u00e2nde ale activit\u0103\u021bilor \u0219colare \u0219i de petrecere a timpului liber.<\/p>\n<p><span style=\"text-decoration: underline;\">Microplex VMz\u2122 &#8211; complex nutritiv<\/span><br \/>Acest produs con\u021bine multe vitamine \u0219i minerale biodisponibile. Lua\u021bi 2 capsule la micul dejun \u0219i 2 capsule la cin\u0103.<\/p>\n<p>Pentru copii, sunt disponibile tabletele masticabile doTERRA AZZ cu arom\u0103 de pepene verde pentru un aport optim de vitamine.<br \/><strong><br \/><\/strong><span style=\"text-decoration: underline;\">Alpha CRS\u2122+ &#8211; Vitalitate celular\u0103<\/span><br \/>Acest complex de vitalitate celular\u0103 este \u00eembog\u0103\u021bit cu extracte naturale de plante pentru a sus\u021bine \u00een mod specific func\u021bia celular\u0103 s\u0103n\u0103toas\u0103. Lua\u021bi 2 capsule la micul dejun \u0219i 2 capsule la cin\u0103.<\/p>\n<p>Un intestin s\u0103n\u0103tos este o condi\u021bie prealabil\u0103 fundamental\u0103 pentru un sistem imunitar puternic. Pentru aceasta este necesar\u0103 alimentarea regulat\u0103 a organismului cu culturi probiotice, cum sunt cele con\u021binute \u00een PBAssist.<\/p>\n<p>Un somn s\u0103n\u0103tos \u0219i profund este important pentru ca organismul dumneavoastr\u0103 s\u0103 poat\u0103 efectua procesele necesare de reparare \u0219i re\u00eennoire celular\u0103. \u00cel pute\u021bi sus\u021bine de minune cu ulei esen\u021bial de lavand\u0103 (ulei de lavand\u0103) \u0219i cu amestecul relaxant doTERRA Serenity.<\/p>\n<p>Amestecul de uleiuri doTERRA Serenity are o arom\u0103 lini\u0219titoare \u0219i relaxant\u0103 care amelioreaz\u0103 tensiunea \u0219i v\u0103 permite s\u0103 v\u0103 bucura\u021bi de o odihn\u0103 bine meritat\u0103. \u00cen special, uleiurile esen\u021biale de Ho-Wood \u0219i uleiul de iarb\u0103 dulce haitian\u0103 (ulei de Vetiver) confer\u0103 lui Serenity o arom\u0103 de \u00eemp\u0103m\u00e2ntare care calmeaz\u0103 mintea \u0219i sim\u021burile. \u00cen plus, uleiuri precum uleiul de lemn de cedru, uleiul de lavand\u0103, uleiul de ylang ylang, uleiul de m\u0103ghiran, uleiul de mu\u0219e\u021bel roman, uleiul de santal hawaiian \u0219i boabele de vanilie asigur\u0103 o relaxare optim\u0103.<\/p>\n<p>SFAT: Bea 1-2 pic\u0103turi de ulei de l\u0103m\u00e2ie pe un pahar de ap\u0103 de mai multe ori pe zi. Lua\u021bi Lifelong Vitality Complex \u00een conformitate cu instruc\u021biunile de pe ambalaj. Sus\u021bine\u021bi flora intestinal\u0103 lu\u00e2nd PB-Assist diminea\u021ba \u0219i seara.<\/p>\n<p>\u00cenainte de a merge la culcare, maseaz\u0103-\u021bi picioarele cu Serenity \u0219i ulei de cocos frac\u021bionat \u0219i pune 1-2 pic\u0103turi de ulei de lavand\u0103 pe pern\u0103.<\/p>\n<p>[\/et_pb_text][et_pb_shop type=&#8221;product_category&#8221; include_categories=&#8221;1972&#8243; columns_number=&#8221;4&#8243; _builder_version=&#8221;4.16&#8243; title_font_size=&#8221;22px&#8221; price_font_size=&#8221;14px&#8221; min_height=&#8221;504px&#8221; custom_margin=&#8221;||||false|false&#8221; custom_padding=&#8221;25px||0px||false|false&#8221; title_font_size_last_edited=&#8221;off|desktop&#8221; pac_drh_column_numbers_phone=&#8221;pac_drh_ph_col_two&#8221; locked=&#8221;off&#8221; global_colors_info=&#8221;{}&#8221;][\/et_pb_shop][\/et_pb_column][\/et_pb_row][et_pb_row module_id=&#8221;immun-stark&#8221; _builder_version=&#8221;4.16&#8243; _module_preset=&#8221;default&#8221; custom_margin=&#8221;0px|auto||auto|false|false&#8221; custom_padding=&#8221;0px||0px||false|false&#8221; global_colors_info=&#8221;{}&#8221;][et_pb_column type=&#8221;4_4&#8243; _builder_version=&#8221;4.16&#8243; _module_preset=&#8221;default&#8221; global_colors_info=&#8221;{}&#8221;][et_pb_text _builder_version=&#8221;4.16&#8243; _module_preset=&#8221;default&#8221; custom_margin=&#8221;||7px|||&#8221; global_colors_info=&#8221;{}&#8221;]<\/p>\n<h2>Pentru un sistem imunitar puternic<\/h2>\n<p>[\/et_pb_text][et_pb_text _builder_version=&#8221;4.16&#8243; _module_preset=&#8221;default&#8221; global_colors_info=&#8221;{}&#8221;]<\/p>\n<p>Pentru a sus\u021bine un sistem imunitar puternic, doTERRA ofer\u0103 gama de produse OnGuard. Ave\u021bi impresia c\u0103 sistemul dumneavoastr\u0103 imunitar are nevoie urgent\u0103 de un impuls? Un sistem imunitar compromis poate s\u0103 v\u0103 dea peste cap \u0219i s\u0103 v\u0103 blocheze timp de c\u00e2teva s\u0103pt\u0103m\u00e2ni.  <\/p>\n<p>Produsele OnGuard con\u021bin uleiuri esen\u021biale de ulei de portocale s\u0103lbatice (ulei de portocale s\u0103lbatice), ulei de cui\u0219oare (ulei de cui\u0219oare), ulei din scoar\u021b\u0103 de scor\u021bi\u0219oar\u0103 (ulei de cassia), ulei de eucalipt (ulei de eucalipt) \u0219i ulei de rozmarin (ulei de rozmarin). Acest amestec energizant \u0219i de ridicare a st\u0103rii de spirit nu trebuie ratat, mai ales \u00een perioada de tranzi\u021bie.<\/p>\n<p>Perlele OnGuard Beadleds sunt, de asemenea, ideale pentru c\u0103l\u0103torii. Dac\u0103 este necesar, pute\u021bi l\u0103sa pur \u0219i simplu aceste bilu\u021be s\u0103 se topeasc\u0103 \u00een gur\u0103.<br \/>Pastilele pentru g\u00e2t OnGuard v\u0103 ofer\u0103 o senza\u021bie pl\u0103cut\u0103 \u00een g\u00e2t \u0219i faringe.<\/p>\n<p>Capsulele moi OnGuard sunt ideale pentru preven\u021bie. Acestea se iau zilnic pentru a sprijini organismul \u00een \u00eent\u0103rirea sistemului imunitar.<\/p>\n<p>SFAT DE ECONOMISIRE: Kitul doTERRA Immune Booster cu costuri reduse v\u0103 ofer\u0103 un pachet de produse care este adaptat \u00een mod optim la nevoile dumneavoastr\u0103 pentru un sistem imunitar puternic.<\/p>\n<p><u>SUGESTIE<\/u>: Purifica\u021bi aerul ad\u0103ug\u00e2nd 2-3 pic\u0103turi din amestecul OnGuard \u00een difuzorul dumneavoastr\u0103 \u0219i 1-2 pic\u0103turi \u00eentr-un pahar cu ap\u0103 diminea\u021ba.<br \/>Seara, freca\u021bi-v\u0103 t\u0103lpile picioarelor cu OnGuard \u0219i ulei de cocos frac\u021bionat. Lua\u021bi 1-2 capsule moi OnGuard zilnic ca m\u0103sur\u0103 preventiv\u0103.<\/p>\n<p>[\/et_pb_text][et_pb_shop type=&#8221;product_category&#8221; include_categories=&#8221;1971&#8243; columns_number=&#8221;4&#8243; orderby=&#8221;menu_order&#8221; _builder_version=&#8221;4.16&#8243; title_font_size=&#8221;22px&#8221; price_font_size=&#8221;14px&#8221; min_height=&#8221;504px&#8221; custom_margin=&#8221;||||false|false&#8221; custom_padding=&#8221;25px||0px||false|false&#8221; title_font_size_last_edited=&#8221;off|desktop&#8221; pac_drh_column_numbers_phone=&#8221;pac_drh_ph_col_two&#8221; locked=&#8221;off&#8221; global_colors_info=&#8221;{}&#8221;][\/et_pb_shop][\/et_pb_column][\/et_pb_row][et_pb_row module_id=&#8221;immun-kinder&#8221; _builder_version=&#8221;4.16&#8243; _module_preset=&#8221;default&#8221; custom_padding=&#8221;0px||0px||false|false&#8221; global_colors_info=&#8221;{}&#8221;][et_pb_column type=&#8221;4_4&#8243; _builder_version=&#8221;4.16&#8243; _module_preset=&#8221;default&#8221; global_colors_info=&#8221;{}&#8221;][et_pb_text _builder_version=&#8221;4.16&#8243; _module_preset=&#8221;default&#8221; custom_margin=&#8221;||7px|||&#8221; global_colors_info=&#8221;{}&#8221;]<\/p>\n<h2>Copii puternici<\/h2>\n<p>[\/et_pb_text][et_pb_text _builder_version=&#8221;4.16&#8243; _module_preset=&#8221;default&#8221; global_colors_info=&#8221;{}&#8221;]<\/p>\n<p>Sistemul imunitar al copiilor se \u00eent\u0103re\u0219te doar de-a lungul anilor. \u00cen aceast\u0103 faz\u0103, este deosebit de important s\u0103 le sus\u021binem cu bl\u00e2nde\u021be cu puterea naturii. Mai ales c\u0103 sistemul lor imunitar este deosebit de pus la \u00eencercare de contactul din gr\u0103dini\u021b\u0103 \u0219i \u0219coal\u0103.<\/p>\n<p>Amestecul de uleiuri esen\u021biale OnGuard \u0219i pastilile pentru g\u00e2t OnGuard pot fi folosite pentru a sprijini copiii mai mari \u00een acest proces.<\/p>\n<p>Deoarece amestecul de uleiuri OnGuard poate fi prea puternic pentru copiii mai mici, precum \u0219i pentru copiii \u0219i adul\u021bii sensibili, a fost creat amestecul Stronger, mai bl\u00e2nd \u0219i mai prietenos pentru copii.<\/p>\n<p>Dac\u0103 tu \u0219i copilul t\u0103u trebuie s\u0103 fi\u021bi puternici, dac\u0103 vrei s\u0103-i oferi copilului t\u0103u o protec\u021bie optim\u0103 \u0219i cea mai bun\u0103 rezisten\u021b\u0103 \u0219i ap\u0103rare posibil\u0103, atunci amestecul de uleiuri esen\u021biale doTERRA Stronger din colec\u021bia Kids Collection, \u00eentr-o atingere practic\u0103, este exact ceea ce ai nevoie. R\u0103m\u00e2ne\u021bi s\u0103n\u0103to\u0219i \u0219i puternici datorit\u0103 ingredientului principal, uleiul de litsea. Amestecul de uleiuri din lemn \u0219i flori de \u00eenalt\u0103 calitate, cum ar fi uleiul de t\u0103m\u00e2ie, uleiul de trandafir \u0219i uleiul de cedru, v\u0103 ofer\u0103 aura de care ave\u021bi nevoie \u00een astfel de situa\u021bii, cu aroma sa vesel\u0103 \u0219i \u00een\u0103l\u021b\u0103toare. doTERRA Stronger Touch este amestecul ideal pentru a te \u00eent\u0103ri pe tine \u0219i sistemul t\u0103u imunitar.<\/p>\n<p><u>SUGESTIE:<\/u> Dac\u0103 este necesar, aplica\u021bi Stronger-Touch pe punctele de puls sau l\u0103sa\u021bi copilul s\u0103 inhaleze. De asemenea, \u00eel pute\u021bi masa \u00een zona g\u00e2tului \u0219i a pieptului.<\/p>\n<p>Pentru o preven\u021bie optim\u0103, pute\u021bi freca seara picioarele copilului dumneavoastr\u0103 cu amestecul de uleiuri esen\u021biale doTERRA OnGuard \u0219i ulei frac\u021bionat de cocos. Ad\u0103uga\u021bi 2-3 pic\u0103turi \u00een difuzor \u00een timpul zilei.<\/p>\n<p>[\/et_pb_text][et_pb_shop type=&#8221;product_category&#8221; include_categories=&#8221;1973&#8243; columns_number=&#8221;4&#8243; orderby=&#8221;menu_order&#8221; _builder_version=&#8221;4.16&#8243; title_font_size=&#8221;22px&#8221; price_font_size=&#8221;14px&#8221; min_height=&#8221;504px&#8221; custom_margin=&#8221;||||false|false&#8221; custom_padding=&#8221;25px||0px||false|false&#8221; title_font_size_last_edited=&#8221;off|desktop&#8221; pac_drh_column_numbers_phone=&#8221;pac_drh_ph_col_two&#8221; locked=&#8221;off&#8221; global_colors_info=&#8221;{}&#8221;][\/et_pb_shop][\/et_pb_column][\/et_pb_row][\/et_pb_section]<\/p>\n","protected":false},"excerpt":{"rendered":"<p>Sus\u021bine\u021bi sistemul imunitar cu uleiuri esen\u021bialeCe bine ar fi s\u0103 trecem toamna \u0219i iarna f\u0103r\u0103 boli, cu ajutorul unui sistem imunitar puternic. Numai dac\u0103 ap\u0103rarea noastr\u0103 imunitar\u0103 este suficient de puternic\u0103, organismul nostru se poate proteja \u00een mod optim \u00eempotriva bolilor. Un sistem imunitar puternic depinde \u00een mare m\u0103sur\u0103 de mai mul\u021bi factori: Stresul are [&hellip;]<\/p>\n","protected":false},"author":1,"featured_media":0,"parent":0,"menu_order":0,"comment_status":"closed","ping_status":"closed","template":"","meta":{"_et_pb_use_builder":"on","_et_pb_old_content":"","_et_gb_content_width":"","footnotes":""},"categories":[2061],"_links":{"self":[{"href":"https:\/\/www.magnolioworld.com\/green-ro\/wp-json\/wp\/v2\/pages\/2885"}],"collection":[{"href":"https:\/\/www.magnolioworld.com\/green-ro\/wp-json\/wp\/v2\/pages"}],"about":[{"href":"https:\/\/www.magnolioworld.com\/green-ro\/wp-json\/wp\/v2\/types\/page"}],"author":[{"embeddable":true,"href":"https:\/\/www.magnolioworld.com\/green-ro\/wp-json\/wp\/v2\/users\/1"}],"replies":[{"embeddable":true,"href":"https:\/\/www.magnolioworld.com\/green-ro\/wp-json\/wp\/v2\/comments?post=2885"}],"version-history":[{"count":1,"href":"https:\/\/www.magnolioworld.com\/green-ro\/wp-json\/wp\/v2\/pages\/2885\/revisions"}],"predecessor-version":[{"id":6410,"href":"https:\/\/www.magnolioworld.com\/green-ro\/wp-json\/wp\/v2\/pages\/2885\/revisions\/6410"}],"wp:attachment":[{"href":"https:\/\/www.magnolioworld.com\/green-ro\/wp-json\/wp\/v2\/media?parent=2885"}],"wp:term":[{"taxonomy":"category","embeddable":true,"href":"https:\/\/www.magnolioworld.com\/green-ro\/wp-json\/wp\/v2\/categories?post=2885"}],"curies":[{"name":"wp","href":"https:\/\/api.w.org\/{rel}","templated":true}]}}