{"id":2881,"date":"2021-10-17T21:36:00","date_gmt":"2021-10-17T19:36:00","guid":{"rendered":"https:\/\/at.magnolio.shop\/?page_id=2881"},"modified":"2024-04-04T19:24:26","modified_gmt":"2024-04-04T17:24:26","slug":"aplicatie-probleme-ale-femeilor","status":"publish","type":"page","link":"https:\/\/www.magnolioworld.com\/green-ro\/aplicatie-probleme-ale-femeilor\/","title":{"rendered":"Men\u00fc | Anwendung | Frauenthemen"},"content":{"rendered":"<p>[et_pb_section fb_built=&#8221;1&#8243; _builder_version=&#8221;4.16&#8243; _module_preset=&#8221;default&#8221; custom_margin=&#8221;||||false|false&#8221; custom_margin_tablet=&#8221;&#8221; custom_margin_phone=&#8221;||||false|false&#8221; custom_margin_last_edited=&#8221;on|phone&#8221; custom_padding=&#8221;30px||30px||false|false&#8221; global_colors_info=&#8221;{}&#8221;][et_pb_row column_structure=&#8221;2_3,1_3&#8243; _builder_version=&#8221;4.16&#8243; _module_preset=&#8221;default&#8221; custom_margin=&#8221;24px|auto||auto||&#8221; custom_margin_tablet=&#8221;&#8221; custom_margin_phone=&#8221;12px|auto||auto|false|false&#8221; custom_margin_last_edited=&#8221;on|phone&#8221; custom_padding=&#8221;0px||35px||false|false&#8221; global_colors_info=&#8221;{}&#8221;][et_pb_column type=&#8221;2_3&#8243; _builder_version=&#8221;4.16&#8243; _module_preset=&#8221;default&#8221; global_colors_info=&#8221;{}&#8221;][et_pb_text _builder_version=&#8221;4.16&#8243; _module_preset=&#8221;default&#8221; custom_margin=&#8221;||7px|||&#8221; header_font_size_tablet=&#8221;&#8221; header_font_size_phone=&#8221;34px&#8221; header_font_size_last_edited=&#8221;on|phone&#8221; global_colors_info=&#8221;{}&#8221;]<\/p>\n<h1>Sprijinirea problemelor femeilor cu uleiuri esen\u021biale<\/h1>\n<p>[\/et_pb_text][et_pb_text _builder_version=&#8221;4.16&#8243; _module_preset=&#8221;default&#8221; global_colors_info=&#8221;{}&#8221;]<\/p>\n<p>Nu ar fi minunat s\u0103 po\u021bi trece prin toate fazele vie\u021bii unei femei \u00eentr-o manier\u0103 optimist\u0103, u\u0219oar\u0103 \u0219i lipsit\u0103 de griji? Uleiurile esen\u021biale \u0219i suplimentele alimentare de la doTERRA v\u0103 pot sprijini cu bl\u00e2nde\u021be pe aceast\u0103 cale cu for\u021bele naturii. Fie c\u0103 este lipsit\u0103 de griji la menopauz\u0103, u\u0219oar\u0103 \u00een timpul ciclului menstrual sau tonificat\u0103 \u00een zonele cu probleme feminine &#8211; totul este posibil.<br \/><strong><\/strong><\/p>\n<p><strong>Sfat de economisire<\/strong><br \/>Kitul pentru s\u0103n\u0103tatea femeii, mai eficient din punct de vedere al costurilor, con\u021bine toate produsele care sunt adaptate \u00een mod optim la problemele femeilor.<\/p>\n<p>[\/et_pb_text][\/et_pb_column][et_pb_column type=&#8221;1_3&#8243; _builder_version=&#8221;4.16&#8243; _module_preset=&#8221;default&#8221; global_colors_info=&#8221;{}&#8221;][et_pb_image src=&#8221;https:\/\/www.magnolioworld.com\/green-ro\/wp-content\/uploads\/20&#215;20.png&#8221; alt=&#8221;Sprijinirea problemelor femeilor cu uleiuri esen\u021biale&#8221; title_text=&#8221;Sprijinirea problemelor femeilor cu uleiuri esen\u021biale&#8221; force_fullwidth=&#8221;on&#8221; _builder_version=&#8221;4.16&#8243; background_image=&#8221;https:\/\/www.magnolioworld.com\/green-ro\/wp-content\/uploads\/Depositphotos_75547451_xl-2015.jpg&#8221; height=&#8221;200px&#8221; border_width_all=&#8221;10px&#8221; border_color_all=&#8221;#ffffff&#8221; box_shadow_style=&#8221;preset1&#8243; box_shadow_blur=&#8221;10px&#8221; box_shadow_color=&#8221;#9b9b9b&#8221; locked=&#8221;off&#8221; global_colors_info=&#8221;{}&#8221;][\/et_pb_image][\/et_pb_column][\/et_pb_row][et_pb_row _builder_version=&#8221;4.16&#8243; _module_preset=&#8221;default&#8221; background_color=&#8221;#e8e8e8&#8243; custom_margin=&#8221;|auto|24px|auto||&#8221; custom_margin_tablet=&#8221;&#8221; custom_margin_phone=&#8221;|auto|26px|auto|false|false&#8221; custom_margin_last_edited=&#8221;on|phone&#8221; custom_padding=&#8221;20px||20px||false|false&#8221; locked=&#8221;off&#8221; global_colors_info=&#8221;{}&#8221;][et_pb_column type=&#8221;4_4&#8243; _builder_version=&#8221;4.16&#8243; _module_preset=&#8221;default&#8221; global_colors_info=&#8221;{}&#8221;][et_pb_text _builder_version=&#8221;4.16&#8243; _module_preset=&#8221;default&#8221; text_font_size=&#8221;24px&#8221; text_orientation=&#8221;center&#8221; custom_margin=&#8221;||7px|||&#8221; global_colors_info=&#8221;{}&#8221;]<\/p>\n<p>Prezentare general\u0103<\/p>\n<p>[\/et_pb_text][et_pb_text _builder_version=&#8221;4.16&#8243; _module_preset=&#8221;default&#8221; text_orientation=&#8221;center&#8221; custom_margin=&#8221;||10px||false|false&#8221; global_colors_info=&#8221;{}&#8221;]<\/p>\n<p><a href=\"#frauen-zyklus\">Prin<\/a> <a href=\"#frauen-wechsel\">schimbare<\/a> || <a href=\"#frauen-zyklus\">Prin ciclu<\/a> || <a href=\"#frauen-problem\">Zone cu probleme<\/a><\/p>\n<p>[\/et_pb_text][et_pb_text _builder_version=&#8221;4.16&#8243; _module_preset=&#8221;default&#8221; text_orientation=&#8221;center&#8221; global_colors_info=&#8221;{}&#8221;]<\/p>\n<p>Sfat: Folosi\u021bi s\u0103geata din dreapta jos pentru a v\u0103 \u00eentoarce la \u00eenceput.<\/p>\n<p>[\/et_pb_text][\/et_pb_column][\/et_pb_row][et_pb_row module_id=&#8221;frauen-wechsel&#8221; _builder_version=&#8221;4.16&#8243; _module_preset=&#8221;default&#8221; custom_margin=&#8221;40px|auto||auto|false|false&#8221; custom_padding=&#8221;0px||0px||false|false&#8221; global_colors_info=&#8221;{}&#8221;][et_pb_column type=&#8221;4_4&#8243; _builder_version=&#8221;4.16&#8243; _module_preset=&#8221;default&#8221; global_colors_info=&#8221;{}&#8221;][et_pb_text _builder_version=&#8221;4.16&#8243; _module_preset=&#8221;default&#8221; custom_margin=&#8221;||7px|||&#8221; global_colors_info=&#8221;{}&#8221;]<\/p>\n<h2>F\u0103r\u0103 griji prin schimbare<\/h2>\n<p>[\/et_pb_text][et_pb_text _builder_version=&#8221;4.16&#8243; _module_preset=&#8221;default&#8221; global_colors_info=&#8221;{}&#8221;]<\/p>\n<p>Hormonii sunt dezechilibra\u021bi de schimb\u0103rile din organism, \u00een special \u00een timpul menopauzei. Acest lucru poate duce la o varietate de afec\u021biuni: Este posibil s\u0103 ave\u021bi probleme de adormire sau de somn nocturn, bufeuri sau transpira\u021bii, tensiune \u00een zona capului sau \u00een zona abdominal\u0103, restric\u021bii ale sistemului musculo-scheletic sau tulbur\u0103ri digestive.<\/p>\n<p>Aceast\u0103 schimbare este adesea vizibil\u0103 \u0219i \u00een zona psihologic\u0103, printr-un rollercoaster de emo\u021bii, epuizare rapid\u0103, pierdere de performan\u021b\u0103, dar \u0219i nervozitate \u0219i iritabilitate crescute. Schimbarea este adesea vizibil\u0103 prin cre\u0219terea \u00een greutate \u0219i modific\u0103ri ale texturii pielii, \u00een special \u00een zonele cu probleme.<\/p>\n<p>O plant\u0103 a fost cultivat\u0103 pentru a sus\u021bine toate aceste simptome. Uleiurile esen\u021biale pot \u00eent\u0103ri sentimentul propriei feminit\u0103\u021bi, au un efect de \u00eembun\u0103t\u0103\u021bire a st\u0103rii de spirit \u0219i pot ameliora afec\u021biunile fizice prin echilibrarea hormonilor.<\/p>\n<p>Uleiurile de lavand\u0103 (ulei de lavand\u0103), de chiparos (ulei de chiparos), de ylang ylang \u0219i de geraniu (ulei de geraniu) au un efect deosebit de echilibrant asupra hormonilor \u0219i emo\u021biilor. Uleiurile de flori, cum ar fi uleiul de geraniu, uleiul de lavand\u0103 \u0219i ylang ylang sunt deosebit de bune pentru inim\u0103 \u0219i v\u0103 ajut\u0103 s\u0103 v\u0103 accepta\u021bi pe voi \u00een\u0219iv\u0103 \u0219i corpul vostru \u00een schimbare \u00een timpul acestei faze dificile de tranzi\u021bie. Uleiul esen\u021bial de salvie \u0219i-a dovedit, de asemenea, valoarea atunci c\u00e2nd vine vorba de schimbare. Este unul dintre uleiurile esen\u021biale care are cel mai relaxant, calmant \u0219i echilibrant efect. Ofer\u0103 o ameliorare optim\u0103 a simptomelor de tranzi\u021bie \u0219i amelioreaz\u0103 bufeurile \u0219i schimb\u0103rile de dispozi\u021bie.<\/p>\n<p>Amestecul de uleiuri esen\u021biale Clary Calm s-a dovedit a fi deosebit de eficient pentru menopauz\u0103 \u0219i \u00een timpul ciclului menstrual.<\/p>\n<p>Acest amestec este alc\u0103tuit din ulei de salvie, ulei de lavand\u0103, ulei de bergamot\u0103, ulei de mu\u0219e\u021bel roman, ulei de lemn de cedru, ulei de ylang ylang, ulei de geraniu, ulei de fenicul, semin\u021be de morcov, palmarosa \u0219i vitex.<\/p>\n<p>Uleiul de ment\u0103, r\u0103coritor \u0219i echilibrant, s-a dovedit a fi foarte eficient \u00eempotriva bufeurilor.<\/p>\n<p>Din cauza schimb\u0103rilor hormonale din organism, este deosebit de important acum s\u0103 acord\u0103m aten\u021bie s\u0103n\u0103t\u0103\u021bii oaselor. Bone Nutrient Essential Complex ofer\u0103 un sprijin valoros \u00een acest sens.<\/p>\n<p>Acesta const\u0103 \u00eentr-un amestec de vitamine \u0219i minerale care sunt esen\u021biale pentru s\u0103n\u0103tatea oaselor, \u00een special \u00een timpul menopauzei. Acesta con\u021bine forme biodisponibile de nutrien\u021bi naturali, inclusiv vitaminele C \u0219i D, precum \u0219i calciu, magneziu \u0219i alte oligoelemente care sus\u021bin densitatea osoas\u0103 s\u0103n\u0103toas\u0103 la v\u00e2rste \u00eenaintate.<\/p>\n<p>Femeile ating masa \u0219i densitatea osoas\u0103 maxim\u0103 la sf\u00e2r\u0219itul v\u00e2rstei de 20 de ani. O diet\u0103 bogat\u0103 \u00een nutrien\u021bi esen\u021biali pentru oase este important\u0103 pentru a le oferi suficiente substan\u021be nutritive. Cu toate acestea, studiile privind aportul alimentar arat\u0103 c\u0103 femeile consum\u0103 doar jum\u0103tate din cantit\u0103\u021bile recomandate de calciu \u0219i de al\u021bi nutrien\u021bi pentru oase. Aceast\u0103 deficien\u021b\u0103 este deosebit de pronun\u021bat\u0103 la adolescen\u021bi.<\/p>\n<p>Odat\u0103 cu \u00eenaintarea \u00een v\u00e2rst\u0103, masa \u0219i densitatea osoas\u0103 devin un factor important care influen\u021beaz\u0103 starea general\u0103 de s\u0103n\u0103tate \u0219i calitatea vie\u021bii. Oamenii de \u0219tiin\u021b\u0103 sunt de acord c\u0103 un aport adecvat de calciu \u0219i vitamina D pe parcursul vie\u021bii reduce la minimum riscul de reducere a densit\u0103\u021bii osoase.<\/p>\n<p>Pe l\u00e2ng\u0103 uleiurile noastre esen\u021biale \u0219i Complexul de nutrien\u021bi oso\u0219i, Complexul doTERRA Phytoestrogen Lifetime ofer\u0103, de asemenea, \u00eengrijirea complet\u0103 ideal\u0103 pentru o via\u021b\u0103 relaxat\u0103 \u0219i echilibrat\u0103 \u00een tranzi\u021bie.<\/p>\n<p>Complexul de fitoestrogeni v\u0103 ofer\u0103 un mijloc de echilibrare a nivelurilor hormonale. Acest lucru ofer\u0103 organismului dumneavoastr\u0103 un echilibru emo\u021bional \u0219i relaxare.<\/p>\n<p>Aproape fiecare func\u021bie a corpului unei femei este controlat\u0103 de hormoni. Nivelurile hormonale echilibrate influen\u021beaz\u0103 s\u0103n\u0103tatea \u0219i bun\u0103starea emo\u021bional\u0103 a unei femei, de la \u00eenceputul adolescen\u021bei p\u00e2n\u0103 la menopauz\u0103. doTERRA Phytoestrogen Lifetime Complex este un amestec de fitoestrogeni vegetali standardiza\u021bi care sus\u021bin echilibrul hormonal \u00eentr-un mod delicat \u0219i natural. De asemenea, con\u021bine lignani concentra\u021bi din semin\u021be de in pentru a promova un metabolism s\u0103n\u0103tos. M\u00e2ncatul corect, exerci\u021biile fizice \u0219i echilibrarea hormonilor pot ajuta la reducerea problemelor nepl\u0103cute asociate cu sindromul premenstrual \u0219i tranzi\u021bia la menopauz\u0103. Ofer\u0103 un sprijin suplimentar pentru men\u021binerea s\u0103n\u0103t\u0103\u021bii oaselor, a inimii \u0219i a \u021besutului mamar.<\/p>\n<p>Pentru un ciclu hormonal s\u0103n\u0103tos, trebuie s\u0103 m\u00e2nca\u021bi corect, s\u0103 v\u0103 men\u021bine\u021bi \u00een form\u0103 \u0219i s\u0103 face\u021bi fa\u021b\u0103 sau s\u0103 evita\u021bi stresul. Selec\u021bia de produse de wellness naturale \u0219i complementare ajut\u0103 aici. Ca parte a unei strategii de s\u0103n\u0103tate cuprinz\u0103toare, acestea pot sprijini, de asemenea, bun\u0103starea la b\u0103tr\u00e2ne\u021be. Femeile au nevoi speciale de s\u0103n\u0103tate care necesit\u0103 o diet\u0103 \u0219i un stil de via\u021b\u0103 specifice \u0219i specifice. Dac\u0103 aceste cerin\u021be nu sunt abordate de la o v\u00e2rst\u0103 fraged\u0103, ele pot duce la probleme nepl\u0103cute \u0219i persistente asociate cu ciclurile hormonale \u0219i cu \u00eemb\u0103tr\u00e2nirea.<\/p>\n<p>Aproape toate func\u021biile din corpul unei femei sunt controlate de hormoni. Estrogenul \u0219i progesteronul sunt hormoni deosebit de importan\u021bi. Acestea influen\u021beaz\u0103 s\u0103n\u0103tatea \u0219i bun\u0103starea emo\u021bional\u0103 a unei femei pe tot parcursul vie\u021bii. Produc\u021bia ridicat\u0103 de estrogen la femeile tinere poate duce la probleme considerabile \u00een leg\u0103tur\u0103 cu menstrua\u021bia. \u00cen timp ce produc\u021bia de prea pu\u021bin estrogen pe m\u0103sur\u0103 ce o femeie \u00eemb\u0103tr\u00e2ne\u0219te afecteaz\u0103 multe aspecte ale s\u0103n\u0103t\u0103\u021bii reproductive a femeii. Echilibrarea unui nivel s\u0103n\u0103tos de estrogeni este important\u0103 \u0219i ajut\u0103 la minimizarea fluctua\u021biilor hormonale lunare.<\/p>\n<p>De asemenea, schimbarea provoac\u0103 adesea tulbur\u0103ri de somn. Acestea pot fi reduse de minune cu lavand\u0103 \u0219i cu amestecul relaxant Serenity. Un somn lini\u0219tit, profund \u0219i odihnitor este important pentru echilibrul zilnic.<\/p>\n<p>SUGESTIE: Inhala\u021bi 1-2 pic\u0103turi din uleiurile alese de mai multe ori pe zi. Ad\u0103uga\u021bi p\u00e2n\u0103 la 2 pic\u0103turi de uleiuri \u00een difuzor.<br \/>Aplica\u021bi uleiurile dorite \u00eempreun\u0103 cu un ulei purt\u0103tor pe zonele afectate ale corpului, de exemplu pe picioare, abdomen \u0219i piept. Clary Calm este o atingere minunat\u0103 pentru a fi folosit\u0103 \u00een deplasare.<\/p>\n<p>Cu toate acestea, \u00eel pute\u021bi aplica \u0219i la centrul hormonal al organismului &#8211; glanda tiroid\u0103.<\/p>\n<p>Lua\u021bi Bone Nutrient \u0219i Phytooestrogen Complex zilnic, conform instruc\u021biunilor de pe ambalaj.<\/p>\n<p>Un spray f\u0103cut din 25 de pic\u0103turi de ulei de ment\u0103 \u0219i ap\u0103 distilat\u0103 \u00eentr-un flacon de 50 ml, care se p\u0103streaz\u0103 cel mai bine la frigider, ajut\u0103 \u00eempotriva bufeurilor.<\/p>\n<p>[\/et_pb_text][et_pb_shop type=&#8221;product_category&#8221; include_categories=&#8221;1970&#8243; columns_number=&#8221;4&#8243; orderby=&#8221;menu_order&#8221; _builder_version=&#8221;4.16&#8243; title_font_size=&#8221;22px&#8221; price_font_size=&#8221;14px&#8221; min_height=&#8221;504px&#8221; custom_margin=&#8221;||||false|false&#8221; custom_padding=&#8221;25px||0px||false|false&#8221; title_font_size_last_edited=&#8221;off|desktop&#8221; pac_drh_column_numbers_phone=&#8221;pac_drh_ph_col_two&#8221; locked=&#8221;off&#8221; global_colors_info=&#8221;{}&#8221;][\/et_pb_shop][\/et_pb_column][\/et_pb_row][et_pb_row module_id=&#8221;frauen-zyklus&#8221; _builder_version=&#8221;4.16&#8243; _module_preset=&#8221;default&#8221; custom_padding=&#8221;0px||0px||false|false&#8221; global_colors_info=&#8221;{}&#8221;][et_pb_column type=&#8221;4_4&#8243; _builder_version=&#8221;4.16&#8243; _module_preset=&#8221;default&#8221; global_colors_info=&#8221;{}&#8221;][et_pb_text _builder_version=&#8221;4.16&#8243; _module_preset=&#8221;default&#8221; custom_margin=&#8221;||7px|||&#8221; global_colors_info=&#8221;{}&#8221;]<\/p>\n<h2>U\u0219or prin ciclu<\/h2>\n<p>[\/et_pb_text][et_pb_text _builder_version=&#8221;4.16&#8243; _module_preset=&#8221;default&#8221; global_colors_info=&#8221;{}&#8221;]<\/p>\n<p>Ciclul lunar, \u00een special, este nepl\u0103cut pentru multe femei. Ave\u021bi senza\u021bii de tensiune la nivelul s\u00e2nilor \u0219i al abdomenului, menstrua\u021bie abundent\u0103 sau absent\u0103 \u0219i, adesea, senza\u021bii de disconfort la nivelul abdomenului.<\/p>\n<p>Uleiurile esen\u021biale de salvie, de geraniu, de lavand\u0103, de ment\u0103 \u0219i de chiparos pot fi de mare ajutor \u00een acest caz. Desigur, amestecul de uleiuri esen\u021biale Clary Calm \u00eentr-un recipient practic de tip roll-on este, de asemenea, o necesitate.<\/p>\n<p>\u00cen plus, toate uleiurile florale, care sunt \u0219i uleiuri pentru inim\u0103, pot fi folosite pentru bun\u0103starea mental\u0103. Uleiul de ylang ylang, uleiul de trandafir (ulei de trandafir), uleiul de magnolie (ulei de magnolie) \u0219i uleiul de iasomie (ulei de iasomie) sunt ideale pentru acest lucru.<\/p>\n<p>Complexul doTERRA Phytoestrogen Lifetime este, de asemenea, util. Lua\u021bi-l \u00een conformitate cu prospectul.<\/p>\n<p>SUGESTIE: Pune\u021bi 1-2 pic\u0103turi din uleiul dorit \u00een palmele m\u00e2inilor \u0219i inhala\u021bi sau pune\u021bi 4-5 pic\u0103turi \u00een difuzor.<br \/>Aplica\u021bi Clary Clam Clam Rollon sau alte uleiuri \u00eempreun\u0103 cu ulei de cocos frac\u021bionat pe zonele afectate ale corpului \u0219i, de asemenea, pe glanda tiroid\u0103.<\/p>\n<p>Masa\u021bi uleiul de ment\u0103 pe g\u00e2t \u0219i pe t\u00e2mple pentru a v\u0103 r\u0103cori \u0219i \u00eemprosp\u0103ta.<\/p>\n<p>[\/et_pb_text][et_pb_shop type=&#8221;product_category&#8221; include_categories=&#8221;1968&#8243; columns_number=&#8221;4&#8243; orderby=&#8221;menu_order&#8221; _builder_version=&#8221;4.16&#8243; title_font_size=&#8221;22px&#8221; price_font_size=&#8221;14px&#8221; min_height=&#8221;504px&#8221; custom_margin=&#8221;||||false|false&#8221; custom_padding=&#8221;25px||0px||false|false&#8221; title_font_size_last_edited=&#8221;off|desktop&#8221; pac_drh_column_numbers_phone=&#8221;pac_drh_ph_col_two&#8221; locked=&#8221;off&#8221; global_colors_info=&#8221;{}&#8221;][\/et_pb_shop][\/et_pb_column][\/et_pb_row][et_pb_row module_id=&#8221;frauen-problem&#8221; _builder_version=&#8221;4.16&#8243; _module_preset=&#8221;default&#8221; custom_margin_tablet=&#8221;&#8221; custom_margin_phone=&#8221;&#8221; custom_margin_last_edited=&#8221;on|phone&#8221; custom_padding=&#8221;0px||0px||false|false&#8221; global_colors_info=&#8221;{}&#8221;][et_pb_column type=&#8221;4_4&#8243; _builder_version=&#8221;4.16&#8243; _module_preset=&#8221;default&#8221; global_colors_info=&#8221;{}&#8221;][et_pb_text _builder_version=&#8221;4.16&#8243; _module_preset=&#8221;default&#8221; custom_margin=&#8221;||7px|||&#8221; header_font_size_phone=&#8221;42px&#8221; header_font_size_last_edited=&#8221;off|phone&#8221; header_2_font_size_tablet=&#8221;&#8221; header_2_font_size_phone=&#8221;34px&#8221; header_2_font_size_last_edited=&#8221;on|phone&#8221; global_colors_info=&#8221;{}&#8221;]<\/p>\n<h2>Nici o \u0219ans\u0103 pentru zonele cu probleme<u><\/u><\/h2>\n<p>[\/et_pb_text][et_pb_text _builder_version=&#8221;4.24.0&#8243; _module_preset=&#8221;default&#8221; hover_enabled=&#8221;0&#8243; global_colors_info=&#8221;{}&#8221; sticky_enabled=&#8221;0&#8243;]<\/p>\n<p>Schimbarea este adesea \u00eenso\u021bit\u0103 de schimb\u0103ri \u00een organism, cum ar fi cre\u0219terea \u00een greutate, reten\u021bia de ap\u0103 \u0219i, prin urmare, o cre\u0219tere a zonelor cu probleme. Cu toate acestea, zonele inestetice de pe corp se pot dezvolta \u0219i \u00eenainte.<\/p>\n<p>Uleiurile esen\u021biale, cum ar fi amestecul metabolic MetaPWR, precum \u0219i uleiul de grapefruit (ulei de grapefruit) \u0219i uleiul de l\u0103m\u00e2ie (ulei de l\u0103m\u00e2ie) pot ajuta u\u0219or aici.<\/p>\n<p>Uleiul de grapefruit este uleiul de onoare al corpului. Ajut\u0103 la acceptarea emo\u021bional\u0103 a corpului \u00een schimbare \u0219i la \u00eembr\u0103\u021bi\u0219area acestuia.<\/p>\n<p>doTERRA MetaPWR con\u021bine ulei de ment\u0103, care reduce pofta de m\u00e2ncare \u0219i favorizeaz\u0103 digestia. Uleiul de grapefruit \u0219i cel de l\u0103m\u00e2ie cur\u0103\u021b\u0103 \u0219i purific\u0103 organismul datorit\u0103 con\u021binutului ridicat de l\u0103m\u00e2ie. Uleiul de ghimbir (uleiul de ghimbir) \u0219i uleiul de scor\u021bi\u0219oar\u0103 (uleiul de scor\u021bi\u0219oar\u0103) sunt responsabile de buna func\u021bionare a metabolismului \u0219i de o digestie s\u0103n\u0103toas\u0103.<\/p>\n<p>SUGESTIE: Lua\u021bi 5 pic\u0103turi de MetaPWR \u00een 1 litru de ap\u0103 pe parcursul zilei. Bea diminea\u021ba un pahar de ap\u0103 cu 1-2 pic\u0103turi de ulei de l\u0103m\u00e2ie. Dac\u0103 este necesar, acest lucru se poate repeta de 2-3 ori \u00een timpul zilei, altern\u00e2nd cu ulei de grapefruit.<\/p>\n<p>Maseaz\u0103 1-2 pic\u0103turi de ulei de grapefruit \u0219i MetaPWR \u00eempreun\u0103 cu ulei de cocos frac\u021bionat pe zonele afectate ale corpului \u00een fiecare diminea\u021b\u0103 \u0219i sear\u0103.<\/p>\n<p>[\/et_pb_text][et_pb_shop type=&#8221;product_category&#8221; include_categories=&#8221;1969&#8243; columns_number=&#8221;4&#8243; orderby=&#8221;menu_order&#8221; _builder_version=&#8221;4.16&#8243; title_font_size=&#8221;22px&#8221; price_font_size=&#8221;14px&#8221; min_height=&#8221;504px&#8221; custom_margin=&#8221;||||false|false&#8221; custom_padding=&#8221;25px||0px||false|false&#8221; title_font_size_last_edited=&#8221;off|desktop&#8221; pac_drh_column_numbers_phone=&#8221;pac_drh_ph_col_two&#8221; locked=&#8221;off&#8221; global_colors_info=&#8221;{}&#8221;][\/et_pb_shop][\/et_pb_column][\/et_pb_row][\/et_pb_section]<\/p>\n","protected":false},"excerpt":{"rendered":"<p>Sprijinirea problemelor femeilor cu uleiuri esen\u021bialeNu ar fi minunat s\u0103 po\u021bi trece prin toate fazele vie\u021bii unei femei \u00eentr-o manier\u0103 optimist\u0103, u\u0219oar\u0103 \u0219i lipsit\u0103 de griji? Uleiurile esen\u021biale \u0219i suplimentele alimentare de la doTERRA v\u0103 pot sprijini cu bl\u00e2nde\u021be pe aceast\u0103 cale cu for\u021bele naturii. Fie c\u0103 este lipsit\u0103 de griji la menopauz\u0103, u\u0219oar\u0103 \u00een [&hellip;]<\/p>\n","protected":false},"author":1,"featured_media":0,"parent":0,"menu_order":0,"comment_status":"closed","ping_status":"closed","template":"","meta":{"_et_pb_use_builder":"on","_et_pb_old_content":"","_et_gb_content_width":"","footnotes":""},"categories":[2061],"_links":{"self":[{"href":"https:\/\/www.magnolioworld.com\/green-ro\/wp-json\/wp\/v2\/pages\/2881"}],"collection":[{"href":"https:\/\/www.magnolioworld.com\/green-ro\/wp-json\/wp\/v2\/pages"}],"about":[{"href":"https:\/\/www.magnolioworld.com\/green-ro\/wp-json\/wp\/v2\/types\/page"}],"author":[{"embeddable":true,"href":"https:\/\/www.magnolioworld.com\/green-ro\/wp-json\/wp\/v2\/users\/1"}],"replies":[{"embeddable":true,"href":"https:\/\/www.magnolioworld.com\/green-ro\/wp-json\/wp\/v2\/comments?post=2881"}],"version-history":[{"count":1,"href":"https:\/\/www.magnolioworld.com\/green-ro\/wp-json\/wp\/v2\/pages\/2881\/revisions"}],"predecessor-version":[{"id":6572,"href":"https:\/\/www.magnolioworld.com\/green-ro\/wp-json\/wp\/v2\/pages\/2881\/revisions\/6572"}],"wp:attachment":[{"href":"https:\/\/www.magnolioworld.com\/green-ro\/wp-json\/wp\/v2\/media?parent=2881"}],"wp:term":[{"taxonomy":"category","embeddable":true,"href":"https:\/\/www.magnolioworld.com\/green-ro\/wp-json\/wp\/v2\/categories?post=2881"}],"curies":[{"name":"wp","href":"https:\/\/api.w.org\/{rel}","templated":true}]}}