{"id":2869,"date":"2021-10-17T20:37:09","date_gmt":"2021-10-17T18:37:09","guid":{"rendered":"https:\/\/at.magnolio.shop\/?page_id=2869"},"modified":"2024-03-07T11:42:59","modified_gmt":"2024-03-07T10:42:59","slug":"aplicatie-sistemul-musculo-scheletic","status":"publish","type":"page","link":"https:\/\/www.magnolioworld.com\/green-ro\/aplicatie-sistemul-musculo-scheletic\/","title":{"rendered":"Men\u00fc | Anwendung | Bewegungsapparat"},"content":{"rendered":"<p>[et_pb_section fb_built=&#8221;1&#8243; _builder_version=&#8221;4.16&#8243; _module_preset=&#8221;default&#8221; custom_margin=&#8221;||||false|false&#8221; custom_margin_tablet=&#8221;&#8221; custom_margin_phone=&#8221;||||false|false&#8221; custom_margin_last_edited=&#8221;on|phone&#8221; custom_padding=&#8221;30px||30px||false|false&#8221; global_colors_info=&#8221;{}&#8221;][et_pb_row column_structure=&#8221;2_3,1_3&#8243; _builder_version=&#8221;4.16&#8243; _module_preset=&#8221;default&#8221; custom_margin=&#8221;24px|auto||auto||&#8221; custom_margin_tablet=&#8221;&#8221; custom_margin_phone=&#8221;12px|auto||auto|false|false&#8221; custom_margin_last_edited=&#8221;on|phone&#8221; custom_padding=&#8221;0px||35px||false|false&#8221; global_colors_info=&#8221;{}&#8221;][et_pb_column type=&#8221;2_3&#8243; _builder_version=&#8221;4.16&#8243; _module_preset=&#8221;default&#8221; global_colors_info=&#8221;{}&#8221;][et_pb_text _builder_version=&#8221;4.16&#8243; _module_preset=&#8221;default&#8221; custom_margin=&#8221;||7px|||&#8221; header_font_size_tablet=&#8221;&#8221; header_font_size_phone=&#8221;34px&#8221; header_font_size_last_edited=&#8221;on|phone&#8221; global_colors_info=&#8221;{}&#8221;]<\/p>\n<h1>Sus\u021bine\u021bi sistemul musculo-scheletic cu uleiuri esen\u021biale<\/h1>\n<p>[\/et_pb_text][et_pb_text _builder_version=&#8221;4.16&#8243; _module_preset=&#8221;default&#8221; global_colors_info=&#8221;{}&#8221;]<\/p>\n<p>Cine nu \u0219i-ar dori s\u0103 se deplaseze cu u\u0219urin\u021b\u0103 \u0219i f\u0103r\u0103 s\u0103-\u0219i limiteze mobilitatea? Sistemul nostru musculo-scheletic, de exemplu, este ca o biciclet\u0103: bine lubrifiat\u0103 \u0219i uns\u0103 cu ulei, se deplaseaz\u0103 cel mai u\u0219or. Deci, putem folosi de fapt uleiurile esen\u021biale pentru a ne ajuta articula\u021biile, mu\u0219chii, tendoanele \u0219i ligamentele s\u0103 func\u021bioneze bine lubrifiate cu u\u0219urin\u021b\u0103.<br \/><strong><\/strong><\/p>\n<p><strong>SPARTIPP:<br \/><\/strong>Trusa pentru sportivi, cu costuri reduse, con\u021bine toate produsele utile pentru sistemul musculo-scheletic \u0219i \u00een special pentru sport.<\/p>\n<p>[\/et_pb_text][\/et_pb_column][et_pb_column type=&#8221;1_3&#8243; _builder_version=&#8221;4.16&#8243; _module_preset=&#8221;default&#8221; global_colors_info=&#8221;{}&#8221;][et_pb_image src=&#8221;https:\/\/www.magnolioworld.com\/green-ro\/wp-content\/uploads\/20&#215;20.png&#8221; alt=&#8221;Sus\u021bine\u021bi sistemul musculo-scheletic cu uleiuri esen\u021biale&#8221; title_text=&#8221;Sus\u021bine\u021bi sistemul musculo-scheletic cu uleiuri esen\u021biale&#8221; force_fullwidth=&#8221;on&#8221; _builder_version=&#8221;4.16&#8243; background_image=&#8221;https:\/\/www.magnolioworld.com\/green-ro\/wp-content\/uploads\/Jogger-Rentner_4843175_original.jpg&#8221; height=&#8221;200px&#8221; border_width_all=&#8221;10px&#8221; border_color_all=&#8221;#ffffff&#8221; box_shadow_style=&#8221;preset1&#8243; box_shadow_blur=&#8221;10px&#8221; box_shadow_color=&#8221;#9b9b9b&#8221; locked=&#8221;off&#8221; global_colors_info=&#8221;{}&#8221;][\/et_pb_image][\/et_pb_column][\/et_pb_row][et_pb_row _builder_version=&#8221;4.16&#8243; _module_preset=&#8221;default&#8221; background_color=&#8221;#e8e8e8&#8243; custom_margin=&#8221;|auto|24px|auto||&#8221; custom_margin_tablet=&#8221;&#8221; custom_margin_phone=&#8221;|auto|26px|auto|false|false&#8221; custom_margin_last_edited=&#8221;on|phone&#8221; custom_padding=&#8221;20px||20px||false|false&#8221; locked=&#8221;off&#8221; global_colors_info=&#8221;{}&#8221;][et_pb_column type=&#8221;4_4&#8243; _builder_version=&#8221;4.16&#8243; _module_preset=&#8221;default&#8221; global_colors_info=&#8221;{}&#8221;][et_pb_text _builder_version=&#8221;4.16&#8243; _module_preset=&#8221;default&#8221; text_font_size=&#8221;24px&#8221; text_orientation=&#8221;center&#8221; custom_margin=&#8221;||7px|||&#8221; global_colors_info=&#8221;{}&#8221;]<\/p>\n<p>Prezentare general\u0103<\/p>\n<p>[\/et_pb_text][et_pb_text _builder_version=&#8221;4.16&#8243; _module_preset=&#8221;default&#8221; text_orientation=&#8221;center&#8221; custom_margin=&#8221;||10px||false|false&#8221; global_colors_info=&#8221;{}&#8221;]<\/p>\n<p><a href=\"#bewegung-einschraenkung\">Restric\u021bie de mi\u0219care<\/a> || <a href=\"#bewegung-neuerschwung\">Noul impuls<\/a> || <a href=\"#bewegung-sport\">Sport<\/a> || <a href=\"#bewegung-wachstum\">Probleme de cre\u0219tere<\/a><\/p>\n<p>[\/et_pb_text][et_pb_text _builder_version=&#8221;4.16&#8243; _module_preset=&#8221;default&#8221; text_orientation=&#8221;center&#8221; global_colors_info=&#8221;{}&#8221;]<\/p>\n<p>Sfat: Folosi\u021bi s\u0103geata din dreapta jos pentru a v\u0103 \u00eentoarce la \u00eenceput.<\/p>\n<p>[\/et_pb_text][\/et_pb_column][\/et_pb_row][et_pb_row module_id=&#8221;bewegung-einschraenkung&#8221; _builder_version=&#8221;4.16&#8243; _module_preset=&#8221;default&#8221; custom_margin=&#8221;40px|auto||auto|false|false&#8221; custom_padding=&#8221;0px||0px||false|false&#8221; global_colors_info=&#8221;{}&#8221;][et_pb_column type=&#8221;4_4&#8243; _builder_version=&#8221;4.16&#8243; _module_preset=&#8221;default&#8221; global_colors_info=&#8221;{}&#8221;][et_pb_text _builder_version=&#8221;4.16&#8243; _module_preset=&#8221;default&#8221; custom_margin=&#8221;||7px|||&#8221; global_colors_info=&#8221;{}&#8221;]<\/p>\n<h2>Mi\u0219carea restric\u021bionat\u0103 \u00een via\u021ba de zi cu zi<\/h2>\n<p>[\/et_pb_text][et_pb_text _builder_version=&#8221;4.16&#8243; _module_preset=&#8221;default&#8221; global_colors_info=&#8221;{}&#8221;]<\/p>\n<p>Atunci c\u00e2nd spatele, umerii sau g\u00e2tul \u00eencep s\u0103 v\u0103 doar\u0103 dup\u0103 ce a\u021bi stat mult timp la birou, amestecul de uleiuri esen\u021biale Deep Blue v\u0103 ofer\u0103 relaxare \u0219i u\u0219urare rapid\u0103.<\/p>\n<p>Dar amestecul de uleiuri doTERRA Deep Blue este, de asemenea, ideal pentru a oferi o u\u0219urare rapid\u0103 dac\u0103 ave\u021bi o greutate prea mare sau dac\u0103 v-a\u021bi supra\u00eenc\u0103rcat sistemul musculo-scheletic.<\/p>\n<p>Prin urmare, amestecul lini\u0219titor doTERRA Deep Blue poate fi folosit \u00eentotdeauna dup\u0103 efort fizic. Este combina\u021bia perfect\u0103 de uleiuri esen\u021biale care se maseaz\u0103 pe piele \u0219i apoi are un efect pl\u0103cut de r\u0103cire. Deep Blue are un efect calmant \u0219i amelioreaz\u0103 senza\u021bia de tensiune excesiv\u0103. Responsabili de acest lucru sunt uleiul de wintergreen (ulei de wintergreen), uleiul de camfor (ulei de camfor), uleiul de ment\u0103 (ulei de ment\u0103), uleiul de ferig\u0103 de ploaie albastr\u0103 (ulei de ferig\u0103 de ploaie albastr\u0103), uleiul de mu\u0219e\u021bel albastru (ulei de mu\u0219e\u021bel albastru), uleiul de imortele (ulei de helichrysum) \u0219i osmanthus.<\/p>\n<p>Amestecul de masaj doTERRA Aromatouch poate fi, de asemenea, masat \u00een zonele afectate ale corpului pentru a relaxa profund sistemul musculo-scheletic.<\/p>\n<p>AromaTouch este un amestec care con\u021bine uleiuri esen\u021biale de ulei de chiparos, ulei de ment\u0103 (ulei de ment\u0103), ulei de m\u0103ghiran (ulei de m\u0103ghiran), ulei de busuioc (ulei de busuioc), ulei de grapefruit (ulei de grapefruit) \u0219i ulei de lavand\u0103 (ulei de lavand\u0103). Aduce mari beneficii \u00een ceea ce prive\u0219te efectul relaxant \u0219i calmant pentru diferite tehnici de masaj. Ofer\u0103 corpului o stare de bine profund\u0103, care are, de asemenea, un efect relaxant asupra sufletului.<\/p>\n<p>Uleiul de Wintergreen este un adaos minunat. Este bogat \u00een salicilat de metil, similar cu cel de mesteac\u0103n, \u0219i, prin urmare, are un puternic efect calmant asupra zonelor afectate.<\/p>\n<p>SUGESTIE: Freca\u021bi 1-2 pic\u0103turi de DeepBlue amestecate cu ulei de cocos frac\u021bionat pe g\u00e2t \u0219i umeri. Sau maseaz\u0103-\u021bi picioarele cu amestecul Aromatouch dup\u0103 o zi lung\u0103.<br \/>Folosi\u021bi Deep Blue Touch gata de utilizare pentru birou \u0219i \u00een timpul c\u0103l\u0103toriilor pentru a aplica pe zonele afectate<\/p>\n<p>De asemenea, folosi\u021bi Wintergreen pe zonele deosebit de nepl\u0103cute.<\/p>\n<p>R\u0103sf\u0103\u021ba\u021bi-v\u0103 cu un spa acas\u0103 ad\u0103ug\u00e2nd seara c\u00e2teva pic\u0103turi de Aromatouch \u0219i Wintergreen \u00een apa de baie, \u00eempreun\u0103 cu s\u0103ruri de baie, lapte de ov\u0103z sau de migdale.<\/p>\n<p>[\/et_pb_text][et_pb_shop type=&#8221;product_category&#8221; include_categories=&#8221;1961&#8243; columns_number=&#8221;4&#8243; orderby=&#8221;menu_order&#8221; _builder_version=&#8221;4.16&#8243; title_font_size=&#8221;22px&#8221; price_font_size=&#8221;14px&#8221; min_height=&#8221;504px&#8221; custom_margin=&#8221;||||false|false&#8221; custom_padding=&#8221;25px||0px||false|false&#8221; title_font_size_last_edited=&#8221;off|desktop&#8221; pac_drh_column_numbers_phone=&#8221;pac_drh_ph_col_two&#8221; locked=&#8221;off&#8221; global_colors_info=&#8221;{}&#8221;][\/et_pb_shop][\/et_pb_column][\/et_pb_row][et_pb_row module_id=&#8221;bewegung-neuerschwung&#8221; _builder_version=&#8221;4.16&#8243; _module_preset=&#8221;default&#8221; custom_padding=&#8221;0px||0px||false|false&#8221; global_colors_info=&#8221;{}&#8221;][et_pb_column type=&#8221;4_4&#8243; _builder_version=&#8221;4.16&#8243; _module_preset=&#8221;default&#8221; global_colors_info=&#8221;{}&#8221;][et_pb_text _builder_version=&#8221;4.16&#8243; _module_preset=&#8221;default&#8221; custom_margin=&#8221;||7px|||&#8221; global_colors_info=&#8221;{}&#8221;]<\/p>\n<h2>Un nou impuls pentru pl\u00e2ngeri persistente &#8211; anti-\u00eemb\u0103tr\u00e2nire<\/h2>\n<p>[\/et_pb_text][et_pb_text _builder_version=&#8221;4.16&#8243; _module_preset=&#8221;default&#8221; global_colors_info=&#8221;{}&#8221;]<\/p>\n<p>Din cauza supra\u00eenc\u0103rc\u0103rii sistemului lor musculo-scheletic sau a semnelor de uzur\u0103 pe m\u0103sur\u0103 ce \u00eemb\u0103tr\u00e2nesc, mul\u021bi oameni au afec\u021biuni musculare \u0219i articulare permanente care le limiteaz\u0103 grav mi\u0219carea. Ca urmare, bucuria de a se mi\u0219ca \u0219i de a face activit\u0103\u021bi sportive este adesea foarte limitat\u0103, ceea ce este asociat cu o deteriorare considerabil\u0103 a calit\u0103\u021bii vie\u021bii.<\/p>\n<p>\u00cen plus fa\u021b\u0103 de tratamentul local cu amestecurile de uleiuri doTERRA Deep Blue, Aromatouch \u0219i Wintergreen, complexul de polifenoli Deep Blue poate oferi o mare u\u0219urare \u0219i poate restabili calitatea vie\u021bii.<\/p>\n<p>Deep Blue Polyphenol Complex\u2122 con\u021bine extracte de polifenoli din t\u0103m\u00e2ie, turmeric, ceai verde, ghimbir, rodie \u0219i semin\u021be de struguri \u0219i este conceput pentru a calma mu\u0219chii \u00eencorda\u021bi \u0219i alte dureri ocazionale. Cu toate acestea, poate fi administrat \u0219i zilnic pentru a beneficia de efectele sale pozitive pe termen lung. Deep Blue Polyphenol Complex\u2122 con\u021bine un amestec unic de extracte de t\u0103m\u00e2ie indian\u0103 (Boswellia serrata), turmeric \u0219i ghimbir. T\u0103m\u00e2ia indian\u0103 a fost folosit\u0103 dintotdeauna pentru propriet\u0103\u021bile sale calmante \u0219i este un remediu bine cunoscut \u00een medicina ayurvedic\u0103. Suplimentul alimentar con\u021bine un extract unic, standardizat de Boswellia serrata (nu un ulei esen\u021bial). Studiile clinice au ar\u0103tat c\u0103 promoveaz\u0103 mobilitatea \u0219i func\u021bia s\u0103n\u0103toas\u0103, dar poate contribui, de asemenea, la o u\u0219urare lini\u0219titoare \u00een tot corpul. La fel ca boswellia, turmericul este, de asemenea, un medicament tradi\u021bional ayurvedic \u0219i un ingredient \u00eentr-un amestec popular de curry indian. Efectul benefic al turmericului asupra mu\u0219chilor \u0219i articula\u021biilor \u00eentinse este recunoscut \u0219tiin\u021bific de exper\u021bi din \u00eentreaga lume. R\u0103d\u0103cina de ghimbir a fost, de asemenea, folosit\u0103 de secole \u00een toat\u0103 Asia ca medicament tradi\u021bional \u0219i condiment popular. Ghimbirul a fost unul dintre primele condimente aduse \u00een Lumea Nou\u0103 \u0219i este cunoscut de mult timp pentru propriet\u0103\u021bile sale naturale de calmare. Polifenolii sunt antioxidan\u021bi naturali, puternici \u0219i solubili \u00een ap\u0103. Deep Blue Polyphenol Complex\u2122 con\u021bine un amestec unic de extracte din diverse b\u0103uturi considerate cele mai s\u0103n\u0103toase din lume: ceaiul verde, vinul ro\u0219u, sucul de struguri \u0219i sucul de rodie. Vinul ro\u0219u (resveratol) \u0219i ceaiul verde (catechine) au fost considerate de secole o parte important\u0103 a dietei mediteraneene \u0219i asiatice. \u00cen zilele noastre, acestea sunt subiecte interesante ale cercet\u0103rii \u00een domeniul anti-\u00eemb\u0103tr\u00e2nire \u0219i al bun\u0103st\u0103rii.<\/p>\n<p>Resveratrolul este considerat una dintre cele mai importante componente ale unei diete mediteraneene s\u0103n\u0103toase \u0219i este responsabil pentru &#8220;paradoxul francez&#8221;: explic\u0103 de ce francezii au o inim\u0103 mult mai s\u0103n\u0103toas\u0103 dec\u00e2t ar sugera stilul lor de via\u021b\u0103 \u0219i dieta.<\/p>\n<p>Varietatea larg\u0103 de propriet\u0103\u021bi de promovare a s\u0103n\u0103t\u0103\u021bii pe care le con\u021bine ceaiul verde este cunoscut\u0103 de secole. Cu toate acestea, oamenii de \u0219tiin\u021b\u0103 au reu\u0219it abia recent s\u0103 identifice catechinele pe care le con\u021bine ca fiind moleculele responsabile \u00een primul r\u00e2nd de acest efect, \u00een primul r\u00e2nd EGCG (acidul galic epigallocatechin). Extractul de ceai verde con\u021binut \u00een acest produs concentreaz\u0103 propriet\u0103\u021bile pozitive ale ceaiului verde \u0219i furnizeaz\u0103 cantitatea necesar\u0103 de catechine. Semin\u021bele de struguri sunt cunoscute pentru con\u021binutul lor excep\u021bional de ridicat de polifenoli protectori, \u00een special OPC (procianidine oligomerice), care sunt antioxidan\u021bi puternici. Rodia este un alt ingredient important \u00een acest produs. Acesta este adesea denumit &#8220;fructul sacru&#8221;. Punicalagina a fost identificat\u0103 ca fiind una dintre cele mai importante molecule responsabile de efectele benefice pentru s\u0103n\u0103tate ale rodiilor. Cu toate acestea, cantitatea con\u021binut\u0103 \u00een sucul de rodie sau \u00een alte produse pe baz\u0103 de rodie este rareori declarat\u0103 pe ambalaj. Deep Blue Polyphenol Complex\u2122 con\u021bine un extract unic de rodie care a fost standardizat pentru a furniza cantitatea necesar\u0103 de punicalagin\u0103 pentru a contribui la ob\u021binerea beneficiilor pentru s\u0103n\u0103tate ale acestui fruct puternic. Polifenolii neutralizeaz\u0103 o gam\u0103 larg\u0103 de radicali liberi d\u0103un\u0103tori \u0219i, astfel, sus\u021bin diferite \u021besuturi, organe \u0219i sisteme din organism. Ofer\u0103 o form\u0103 natural\u0103 unic\u0103 de ameliorare a durerii fizice. Formula special\u0103 face posibil\u0103 administrarea acestor molecule naturale excep\u021bional de puternice, f\u0103r\u0103 a consuma alcool, cofein\u0103, zah\u0103r, calorii sau al\u021bi stimulen\u021bi poten\u021bial d\u0103un\u0103tori.<\/p>\n<p>Bucura\u021bi-v\u0103 de acest complex benefic pentru a preveni \u0219i ameliora problemele cu mu\u0219chii \u0219i articula\u021biile, precum \u0219i afec\u021biunile curente, \u0219i bucura\u021bi-v\u0103 de via\u021b\u0103 cu o u\u0219urin\u021b\u0103 minunat\u0103.<\/p>\n<p>SUGESTIE: Lua\u021bi Deep Blue Polyphenol Complex\u2122 zilnic, conform instruc\u021biunilor de pe ambalaj. \u00cen plus, aplica\u021bi amestecul de uleiuri Deep Blue sau crema Deep Blue Rub dup\u0103 un stres deosebit sau oferi\u021bi-v\u0103 un masaj relaxant cu amestecul de uleiuri Aromatouch \u0219i uleiul de wintergreen.<\/p>\n<p>[\/et_pb_text][et_pb_shop type=&#8221;product_category&#8221; include_categories=&#8221;1962&#8243; columns_number=&#8221;4&#8243; orderby=&#8221;menu_order&#8221; _builder_version=&#8221;4.16&#8243; title_font_size=&#8221;22px&#8221; price_font_size=&#8221;14px&#8221; min_height=&#8221;504px&#8221; custom_margin=&#8221;||||false|false&#8221; custom_padding=&#8221;25px||0px||false|false&#8221; title_font_size_last_edited=&#8221;off|desktop&#8221; pac_drh_column_numbers_phone=&#8221;pac_drh_ph_col_two&#8221; locked=&#8221;off&#8221; global_colors_info=&#8221;{}&#8221;][\/et_pb_shop][\/et_pb_column][\/et_pb_row][et_pb_row module_id=&#8221;bewegung-sport&#8221; _builder_version=&#8221;4.16&#8243; _module_preset=&#8221;default&#8221; custom_margin_tablet=&#8221;&#8221; custom_margin_phone=&#8221;&#8221; custom_margin_last_edited=&#8221;on|phone&#8221; custom_padding=&#8221;0px||0px||false|false&#8221; global_colors_info=&#8221;{}&#8221;][et_pb_column type=&#8221;4_4&#8243; _builder_version=&#8221;4.16&#8243; _module_preset=&#8221;default&#8221; global_colors_info=&#8221;{}&#8221;][et_pb_text _builder_version=&#8221;4.16&#8243; _module_preset=&#8221;default&#8221; custom_margin=&#8221;||7px|||&#8221; header_font_size_phone=&#8221;42px&#8221; header_font_size_last_edited=&#8221;off|phone&#8221; header_2_font_size_tablet=&#8221;&#8221; header_2_font_size_phone=&#8221;34px&#8221; header_2_font_size_last_edited=&#8221;on|phone&#8221; global_colors_info=&#8221;{}&#8221;]<\/p>\n<h2>Sportul func\u021bioneaz\u0103 ca un ceas<\/h2>\n<p>[\/et_pb_text][et_pb_text _builder_version=&#8221;4.16&#8243; _module_preset=&#8221;default&#8221; global_colors_info=&#8221;{}&#8221;]<\/p>\n<p>Sistemul musculo-scheletic este pus la \u00eencercare \u00een special \u00een timpul sportului. Acest lucru poate duce rapid la supra\u00eenc\u0103rcare \u0219i la problemele care rezult\u0103 pentru mu\u0219chi \u0219i articula\u021bii.<\/p>\n<p>Amestecul de uleiuri calmante doTERRA deep Blue poate aduce o relaxare \u0219i o u\u0219urare minunat\u0103.<br \/>\u00cen plus fa\u021b\u0103 de amestecul de uleiuri Deep Blue, crema Deep Blue Rub este, de asemenea, foarte potrivit\u0103 pentru ameliorarea \u0219i relaxarea mu\u0219chilor \u0219i articula\u021biilor suprasolicitate.<\/p>\n<p>Se bazeaz\u0103 pe amestecul de uleiuri esen\u021biale Deep Blue \u0219i asigur\u0103 o r\u0103cire \u0219i o relaxare imediat\u0103 \u00een zonele stresate ale corpului.<\/p>\n<p>SUGESTIE: Aplica\u021bi uleiul Deep Blue diluat cu ulei de nuc\u0103 de cocos pe zonele deosebit de sensibile \u0219i stresate ale corpului \u00eenainte de exerci\u021bii fizice. Acest lucru relaxeaz\u0103 mu\u0219chii \u00eenc\u0103 de la \u00eenceput \u0219i poate ajuta la prevenirea suprasolicit\u0103rii.<\/p>\n<p>Aplica\u021bi Deep Blue Rub dup\u0103 sport pe zonele care necesit\u0103 o lubrifiere special\u0103.<br \/>Masa\u021bi Aromatouch \u00een zonele afectate \u0219i, pentru o relaxare optim\u0103, face\u021bi un Spa Relax cu c\u00e2teva pic\u0103turi de Aromatouch \u0219i s\u0103ruri de baie, lapte de ov\u0103z sau de migdale \u00een apa de baie.<\/p>\n<p>[\/et_pb_text][et_pb_shop type=&#8221;product_category&#8221; include_categories=&#8221;1963&#8243; columns_number=&#8221;4&#8243; orderby=&#8221;menu_order&#8221; _builder_version=&#8221;4.16&#8243; title_font_size=&#8221;22px&#8221; price_font_size=&#8221;14px&#8221; min_height=&#8221;504px&#8221; custom_margin=&#8221;||||false|false&#8221; custom_padding=&#8221;25px||0px||false|false&#8221; title_font_size_last_edited=&#8221;off|desktop&#8221; pac_drh_column_numbers_phone=&#8221;pac_drh_ph_col_two&#8221; locked=&#8221;off&#8221; global_colors_info=&#8221;{}&#8221;][\/et_pb_shop][\/et_pb_column][\/et_pb_row][et_pb_row module_id=&#8221;bewegung-wachstum&#8221; _builder_version=&#8221;4.16&#8243; _module_preset=&#8221;default&#8221; custom_padding=&#8221;0px||0px||false|false&#8221; global_colors_info=&#8221;{}&#8221;][et_pb_column type=&#8221;4_4&#8243; _builder_version=&#8221;4.16&#8243; _module_preset=&#8221;default&#8221; global_colors_info=&#8221;{}&#8221;][et_pb_text _builder_version=&#8221;4.16&#8243; _module_preset=&#8221;default&#8221; custom_margin=&#8221;||7px|||&#8221; global_colors_info=&#8221;{}&#8221;]<\/p>\n<h2>Probleme de cre\u0219tere la copii sau mobilitate limitat\u0103<\/h2>\n<p>[\/et_pb_text][et_pb_text _builder_version=&#8221;4.16&#8243; _module_preset=&#8221;default&#8221; global_colors_info=&#8221;{}&#8221;]<\/p>\n<p>Mai bl\u00e2ndul Rescuer a fost dezvoltat special pentru copii. Sprijin\u0103 copiii cu dureri de cre\u0219tere \u0219i dureri ale sistemului musculo-scheletal. Fiind un produs gata de utilizare, poate fi aplicat pe zonele afectate \u00een orice moment \u00een timpul c\u0103l\u0103toriei. Dar \u0219i adul\u021bii sensibili prefer\u0103 acest amestec \u00een locul celui mai intens parfumat, Deep Blue.<\/p>\n<p>Amestecul lini\u0219titor doTERRA Rescuer calmeaz\u0103 \u0219i calmeaz\u0103 mu\u0219chii copiilor dumneavoastr\u0103 dup\u0103 o zi obositoare. Rezilien\u021ba este promovat\u0103 \u0219i exist\u0103 o relaxare lini\u0219titoare pentru problemele de cre\u0219tere. Amestecul de uleiuri esen\u021biale din ulei de copaiba (ulei de copaiba), ulei de lavand\u0103 (ulei de lavand\u0103), ulei de ment\u0103 verde (ulei de ment\u0103 verde) \u0219i zanthoxylum are cel mai bun efect \u00een acest caz.<\/p>\n<p>SUGESTIE: Aplica\u021bi doTERRA Rescuer din colec\u021bia Kids Collection pe picioarele, m\u00e2inile \u0219i umerii copiilor dumneavoastr\u0103 dup\u0103 o zi de sport sau o zi obositoare.<\/p>\n<p>[\/et_pb_text][et_pb_shop type=&#8221;product_category&#8221; include_categories=&#8221;1964&#8243; columns_number=&#8221;4&#8243; orderby=&#8221;menu_order&#8221; _builder_version=&#8221;4.16&#8243; title_font_size=&#8221;22px&#8221; price_font_size=&#8221;14px&#8221; min_height=&#8221;504px&#8221; custom_margin=&#8221;||||false|false&#8221; custom_padding=&#8221;25px||0px||false|false&#8221; title_font_size_last_edited=&#8221;off|desktop&#8221; pac_drh_column_numbers_phone=&#8221;pac_drh_ph_col_two&#8221; locked=&#8221;off&#8221; global_colors_info=&#8221;{}&#8221;][\/et_pb_shop][\/et_pb_column][\/et_pb_row][\/et_pb_section]<\/p>\n","protected":false},"excerpt":{"rendered":"<p>Sus\u021bine\u021bi sistemul musculo-scheletic cu uleiuri esen\u021bialeCine nu \u0219i-ar dori s\u0103 se deplaseze cu u\u0219urin\u021b\u0103 \u0219i f\u0103r\u0103 s\u0103-\u0219i limiteze mobilitatea? Sistemul nostru musculo-scheletic, de exemplu, este ca o biciclet\u0103: bine lubrifiat\u0103 \u0219i uns\u0103 cu ulei, se deplaseaz\u0103 cel mai u\u0219or. Deci, putem folosi de fapt uleiurile esen\u021biale pentru a ne ajuta articula\u021biile, mu\u0219chii, tendoanele \u0219i ligamentele [&hellip;]<\/p>\n","protected":false},"author":1,"featured_media":0,"parent":0,"menu_order":0,"comment_status":"closed","ping_status":"closed","template":"","meta":{"_et_pb_use_builder":"on","_et_pb_old_content":"","_et_gb_content_width":"","footnotes":""},"categories":[2061],"_links":{"self":[{"href":"https:\/\/www.magnolioworld.com\/green-ro\/wp-json\/wp\/v2\/pages\/2869"}],"collection":[{"href":"https:\/\/www.magnolioworld.com\/green-ro\/wp-json\/wp\/v2\/pages"}],"about":[{"href":"https:\/\/www.magnolioworld.com\/green-ro\/wp-json\/wp\/v2\/types\/page"}],"author":[{"embeddable":true,"href":"https:\/\/www.magnolioworld.com\/green-ro\/wp-json\/wp\/v2\/users\/1"}],"replies":[{"embeddable":true,"href":"https:\/\/www.magnolioworld.com\/green-ro\/wp-json\/wp\/v2\/comments?post=2869"}],"version-history":[{"count":1,"href":"https:\/\/www.magnolioworld.com\/green-ro\/wp-json\/wp\/v2\/pages\/2869\/revisions"}],"predecessor-version":[{"id":6402,"href":"https:\/\/www.magnolioworld.com\/green-ro\/wp-json\/wp\/v2\/pages\/2869\/revisions\/6402"}],"wp:attachment":[{"href":"https:\/\/www.magnolioworld.com\/green-ro\/wp-json\/wp\/v2\/media?parent=2869"}],"wp:term":[{"taxonomy":"category","embeddable":true,"href":"https:\/\/www.magnolioworld.com\/green-ro\/wp-json\/wp\/v2\/categories?post=2869"}],"curies":[{"name":"wp","href":"https:\/\/api.w.org\/{rel}","templated":true}]}}