{"id":2855,"date":"2021-10-17T20:21:16","date_gmt":"2021-10-17T18:21:16","guid":{"rendered":"https:\/\/at.magnolio.shop\/?page_id=2855"},"modified":"2024-03-07T11:42:41","modified_gmt":"2024-03-07T10:42:41","slug":"aplicatie-bunastare-generala","status":"publish","type":"page","link":"https:\/\/www.magnolioworld.com\/green-ro\/aplicatie-bunastare-generala\/","title":{"rendered":"Men\u00fc | Anwendung | Allgemeines Wohlbefinden"},"content":{"rendered":"<p>[et_pb_section fb_built=&#8221;1&#8243; _builder_version=&#8221;4.16&#8243; _module_preset=&#8221;default&#8221; custom_margin=&#8221;||||false|false&#8221; custom_margin_tablet=&#8221;&#8221; custom_margin_phone=&#8221;||||false|false&#8221; custom_margin_last_edited=&#8221;on|phone&#8221; custom_padding=&#8221;30px||30px||false|false&#8221; global_colors_info=&#8221;{}&#8221;][et_pb_row column_structure=&#8221;2_3,1_3&#8243; _builder_version=&#8221;4.16&#8243; _module_preset=&#8221;default&#8221; custom_margin=&#8221;24px|auto||auto||&#8221; custom_margin_tablet=&#8221;&#8221; custom_margin_phone=&#8221;12px|auto||auto|false|false&#8221; custom_margin_last_edited=&#8221;on|phone&#8221; custom_padding=&#8221;0px||35px||false|false&#8221; global_colors_info=&#8221;{}&#8221;][et_pb_column type=&#8221;2_3&#8243; _builder_version=&#8221;4.16&#8243; _module_preset=&#8221;default&#8221; global_colors_info=&#8221;{}&#8221;][et_pb_text _builder_version=&#8221;4.16&#8243; _module_preset=&#8221;default&#8221; custom_margin=&#8221;||7px|||&#8221; header_font_size_tablet=&#8221;&#8221; header_font_size_phone=&#8221;34px&#8221; header_font_size_last_edited=&#8221;on|phone&#8221; global_colors_info=&#8221;{}&#8221;]<\/p>\n<h1>Cre\u0219te\u021bi starea general\u0103 de bine cu ajutorul uleiurilor esen\u021biale<\/h1>\n<p>[\/et_pb_text][et_pb_text _builder_version=&#8221;4.16&#8243; _module_preset=&#8221;default&#8221; global_colors_info=&#8221;{}&#8221;]<\/p>\n<p>Uleiurile esen\u021biale v\u0103 pot oferi un sprijin minunat pentru a v\u0103 \u00eent\u0103ri bun\u0103starea fizic\u0103 \u0219i mental\u0103. \u00cencepe\u021bi ziua cu energie, for\u021b\u0103 \u0219i u\u0219urin\u021b\u0103. \u00cen timpul zilei, bucura\u021bi-v\u0103 de relaxare \u0219i revitalizare. Transforma\u021bi-v\u0103 casa \u00eentr-o oaz\u0103 de wellness \u0219i o pauz\u0103 valoroas\u0103 de spa ori de c\u00e2te ori ave\u021bi chef.<\/p>\n<p>[\/et_pb_text][\/et_pb_column][et_pb_column type=&#8221;1_3&#8243; _builder_version=&#8221;4.16&#8243; _module_preset=&#8221;default&#8221; global_colors_info=&#8221;{}&#8221;][et_pb_image src=&#8221;https:\/\/www.magnolioworld.com\/green-ro\/wp-content\/uploads\/20&#215;20.png&#8221; alt=&#8221;Stare de bine cu uleiuri esen\u021biale&#8221; title_text=&#8221;Stare de bine cu uleiuri esen\u021biale&#8221; force_fullwidth=&#8221;on&#8221; _builder_version=&#8221;4.16&#8243; background_image=&#8221;https:\/\/www.magnolioworld.com\/green-ro\/wp-content\/uploads\/Frau-Baby_29783937_original.jpg&#8221; height=&#8221;200px&#8221; border_width_all=&#8221;10px&#8221; border_color_all=&#8221;#ffffff&#8221; box_shadow_style=&#8221;preset1&#8243; box_shadow_blur=&#8221;10px&#8221; box_shadow_color=&#8221;#9b9b9b&#8221; locked=&#8221;off&#8221; global_colors_info=&#8221;{}&#8221;][\/et_pb_image][\/et_pb_column][\/et_pb_row][et_pb_row _builder_version=&#8221;4.16&#8243; _module_preset=&#8221;default&#8221; background_color=&#8221;#e8e8e8&#8243; custom_margin=&#8221;|auto|24px|auto||&#8221; custom_margin_tablet=&#8221;&#8221; custom_margin_phone=&#8221;|auto|26px|auto|false|false&#8221; custom_margin_last_edited=&#8221;on|phone&#8221; custom_padding=&#8221;20px||20px||false|false&#8221; locked=&#8221;off&#8221; global_colors_info=&#8221;{}&#8221;][et_pb_column type=&#8221;4_4&#8243; _builder_version=&#8221;4.16&#8243; _module_preset=&#8221;default&#8221; global_colors_info=&#8221;{}&#8221;][et_pb_text _builder_version=&#8221;4.16&#8243; _module_preset=&#8221;default&#8221; text_font_size=&#8221;24px&#8221; text_orientation=&#8221;center&#8221; custom_margin=&#8221;||7px|||&#8221; global_colors_info=&#8221;{}&#8221;]<\/p>\n<p>Prezentare general\u0103<\/p>\n<p>[\/et_pb_text][et_pb_text _builder_version=&#8221;4.16&#8243; _module_preset=&#8221;default&#8221; text_orientation=&#8221;center&#8221; custom_margin=&#8221;||10px||false|false&#8221; global_colors_info=&#8221;{}&#8221;]<\/p>\n<p><a href=\"#wohlbefinden-ausgleich\">Echilibru<\/a> || <a href=\"#wohlbefinden-energetisierend\">energizant<\/a> || <a href=\"#wohlbefinden-energiebooster\">stimulator de energie<\/a> || <a href=\"#wohlbefinden-naehrstoff\">aport de nutrien\u021bi<\/a> || <a href=\"#wohlbefinden-stimmungsaufhellung\">\u00eembun\u0103t\u0103\u021birea st\u0103rii de spirit<\/a> ||| <a href=\"#wohlbefinden-zuhause\">bun\u0103stare<\/a> || <a href=\"#wohlbefinden-zellreg\">regenerare celular\u0103<\/a><\/p>\n<p>[\/et_pb_text][et_pb_text _builder_version=&#8221;4.16&#8243; _module_preset=&#8221;default&#8221; text_orientation=&#8221;center&#8221; global_colors_info=&#8221;{}&#8221;]<\/p>\n<p>Sfat: Folosi\u021bi s\u0103geata din dreapta jos pentru a v\u0103 \u00eentoarce la \u00eenceput.<\/p>\n<p>[\/et_pb_text][\/et_pb_column][\/et_pb_row][et_pb_row module_id=&#8221;wohlbefinden-ausgleich&#8221; _builder_version=&#8221;4.16&#8243; _module_preset=&#8221;default&#8221; custom_margin=&#8221;40px||||false|false&#8221; custom_padding=&#8221;0px||0px||false|false&#8221; global_colors_info=&#8221;{}&#8221;][et_pb_column type=&#8221;4_4&#8243; _builder_version=&#8221;4.16&#8243; _module_preset=&#8221;default&#8221; global_colors_info=&#8221;{}&#8221;][et_pb_text _builder_version=&#8221;4.16&#8243; _module_preset=&#8221;default&#8221; custom_margin=&#8221;||7px|||&#8221; global_colors_info=&#8221;{}&#8221;]<\/p>\n<h2>Echilibrul \u0219i echilibrul &#8211; bine \u00eenr\u0103d\u0103cinate pe tot parcursul zilei<\/h2>\n<p>[\/et_pb_text][et_pb_text _builder_version=&#8221;4.16&#8243; _module_preset=&#8221;default&#8221; global_colors_info=&#8221;{}&#8221;]<\/p>\n<p>Dac\u0103 ave\u021bi nevoie de stabilitate \u0219i sprijin \u00een via\u021ba de zi cu zi, amestecul echilibrant Balance este partenerul ideal pe tot parcursul zilei. Uleiul de lavand\u0103 are, de asemenea, un efect echilibrant \u0219i calmant asupra corpului \u0219i min\u021bii \u0219i v\u0103 ajut\u0103 s\u0103 v\u0103 relaxa\u021bi sau s\u0103 v\u0103 deconecta\u021bi. Mai ales dup\u0103 o zi lung\u0103 \u0219i obositoare. Amestecul de ulei de yoga doTERRA Yoga Anchor v\u0103 poate men\u021bine, de asemenea, ferm \u00eenr\u0103d\u0103cinat \u0219i ancorat \u00een p\u0103m\u00e2nt.<\/p>\n<p>Dac\u0103 o mie de g\u00e2nduri v\u0103 \u00eempiedic\u0103 s\u0103 v\u0103 deconecta\u021bi \u0219i s\u0103 adormi\u021bi noaptea, amestecul de uleiuri doTERRA Serenity v\u0103 poate ajuta s\u0103 v\u0103 relaxa\u021bi.<\/p>\n<p>Sfat: Pentru un \u00eenceput de zi echilibrat, aplica\u021bi 1-2 pic\u0103turi de Balance sub t\u0103lpile picioarelor.<\/p>\n<p>Sau amesteca\u021bi 3-6 pic\u0103turi din aceste uleiuri relaxante cu s\u0103ruri de baie \u0219i 1-2 linguri de lapte de migdale sau de ov\u0103z. Deci, ave\u021bi o oaz\u0103 de wellness acas\u0103.<\/p>\n<p>[\/et_pb_text][et_pb_shop type=&#8221;product_category&#8221; include_categories=&#8221;1948&#8243; columns_number=&#8221;4&#8243; orderby=&#8221;menu_order&#8221; _builder_version=&#8221;4.16&#8243; title_font_size=&#8221;22px&#8221; price_font_size=&#8221;14px&#8221; min_height=&#8221;504px&#8221; custom_margin=&#8221;||||false|false&#8221; custom_padding=&#8221;25px||0px||false|false&#8221; title_font_size_last_edited=&#8221;off|desktop&#8221; pac_drh_column_numbers_phone=&#8221;pac_drh_ph_col_two&#8221; locked=&#8221;off&#8221; global_colors_info=&#8221;{}&#8221;][\/et_pb_shop][\/et_pb_column][\/et_pb_row][et_pb_row module_id=&#8221;wohlbefinden-energetisierend&#8221; _builder_version=&#8221;4.16&#8243; _module_preset=&#8221;default&#8221; custom_margin_tablet=&#8221;&#8221; custom_margin_phone=&#8221;&#8221; custom_margin_last_edited=&#8221;on|phone&#8221; custom_padding=&#8221;0px||0px||false|false&#8221; global_colors_info=&#8221;{}&#8221;][et_pb_column type=&#8221;4_4&#8243; _builder_version=&#8221;4.16&#8243; _module_preset=&#8221;default&#8221; global_colors_info=&#8221;{}&#8221;][et_pb_text _builder_version=&#8221;4.16&#8243; _module_preset=&#8221;default&#8221; custom_margin=&#8221;||7px|||&#8221; header_font_size_phone=&#8221;42px&#8221; header_font_size_last_edited=&#8221;off|phone&#8221; header_2_font_size_tablet=&#8221;&#8221; header_2_font_size_phone=&#8221;34px&#8221; header_2_font_size_last_edited=&#8221;on|phone&#8221; global_colors_info=&#8221;{}&#8221;]<\/p>\n<h2>Energizant \u0219i revitalizant &#8211; oboseala nu are nicio \u0219ans\u0103<u><\/u><\/h2>\n<p>[\/et_pb_text][et_pb_text _builder_version=&#8221;4.16&#8243; _module_preset=&#8221;default&#8221; global_colors_info=&#8221;{}&#8221;]<\/p>\n<p>Uleiurile de ment\u0103 au un efect revigorant \u0219i revigorant, ajut\u0103 la limpezirea min\u021bii \u0219i la cre\u0219terea vigilen\u021bei. Uleiul de ment\u0103 \u0219i cel de ment\u0103 verde sunt deosebit de potrivite \u00een acest caz. Amestecul de uleiuri Motivate ofer\u0103, de asemenea, un impuls de energie \u0219i motiva\u021bie &#8211; \u00een special \u00een timpul fazelor mai lente ale zilei.<\/p>\n<p>SUGESTIE: Dac\u0103 v\u0103 sim\u021bi\u021bi obosit, ad\u0103uga\u021bi 1-2 pic\u0103turi de uleiuri \u00een difuzor sau freca\u021bi-v\u0103 t\u00e2mplele \u0219i g\u00e2tul cu ulei de ment\u0103. Minunat chiar \u0219i \u00een timpul c\u0103l\u0103toriilor lungi cu ma\u0219ina.<\/p>\n<p>Rollonii gata de utilizare de la Peppermint \u0219i Motivate sunt, de asemenea, ideali pentru c\u0103l\u0103torii.<\/p>\n<p>De asemenea, m\u0103rgelele de ment\u0103 au un puternic efect r\u0103coritor \u0219i revitalizant. Pur \u0219i simplu pune\u021bi 1-2 din aceste bile mici pe limb\u0103 \u0219i strivi\u021bi-le \u00een cerul gurii. Ve\u021bi avea imediat o respira\u021bie proasp\u0103t\u0103 \u0219i o minte alert\u0103.<\/p>\n<p>[\/et_pb_text][et_pb_shop type=&#8221;product_category&#8221; include_categories=&#8221;1950&#8243; columns_number=&#8221;4&#8243; orderby=&#8221;menu_order&#8221; _builder_version=&#8221;4.16&#8243; title_font_size=&#8221;22px&#8221; price_font_size=&#8221;14px&#8221; min_height=&#8221;504px&#8221; custom_margin=&#8221;||||false|false&#8221; custom_padding=&#8221;25px||0px||false|false&#8221; title_font_size_last_edited=&#8221;off|desktop&#8221; pac_drh_column_numbers_phone=&#8221;pac_drh_ph_col_two&#8221; locked=&#8221;off&#8221; global_colors_info=&#8221;{}&#8221;][\/et_pb_shop][\/et_pb_column][\/et_pb_row][et_pb_row module_id=&#8221;wohlbefinden-energiebooster&#8221; _builder_version=&#8221;4.16&#8243; _module_preset=&#8221;default&#8221; custom_padding=&#8221;0px||0px||false|false&#8221; global_colors_info=&#8221;{}&#8221;][et_pb_column type=&#8221;4_4&#8243; _builder_version=&#8221;4.16&#8243; _module_preset=&#8221;default&#8221; global_colors_info=&#8221;{}&#8221;][et_pb_text _builder_version=&#8221;4.16&#8243; _module_preset=&#8221;default&#8221; custom_margin=&#8221;||7px|||&#8221; global_colors_info=&#8221;{}&#8221;]<\/p>\n<h2>Stimulator de energie<\/h2>\n<p>[\/et_pb_text][et_pb_text _builder_version=&#8221;4.16&#8243; _module_preset=&#8221;default&#8221; global_colors_info=&#8221;{}&#8221;]<\/p>\n<p>Dac\u0103 \u00eenc\u0103 v\u0103 afla\u021bi \u00eentr-o gaur\u0103 \u0219i ave\u021bi nevoie de un impuls de energie mai mare, atunci Mito2Max energy booster este exact ceea ce v\u0103 trebuie. F\u0103r\u0103 cofein\u0103 \u0219i doar cu ingrediente naturale, ofer\u0103 organismului dumneavoastr\u0103 un impuls energetic vizibil. Ideal\u0103 dup\u0103 o noapte scurt\u0103, o pauz\u0103 la amiaz\u0103 sau o zi lung\u0103.<\/p>\n<p>Lua\u021bi pur \u0219i simplu 1 capsul\u0103 \u0219i la scurt timp dup\u0103 aceea ve\u021bi sim\u021bi noua energie.<\/p>\n<p>[\/et_pb_text][et_pb_shop type=&#8221;product_category&#8221; include_categories=&#8221;1949&#8243; columns_number=&#8221;4&#8243; orderby=&#8221;menu_order&#8221; _builder_version=&#8221;4.16&#8243; title_font_size=&#8221;22px&#8221; price_font_size=&#8221;14px&#8221; min_height=&#8221;504px&#8221; custom_margin=&#8221;||||false|false&#8221; custom_padding=&#8221;25px||0px||false|false&#8221; title_font_size_last_edited=&#8221;off|desktop&#8221; pac_drh_column_numbers_phone=&#8221;pac_drh_ph_col_two&#8221; locked=&#8221;off&#8221; global_colors_info=&#8221;{}&#8221;][\/et_pb_shop][\/et_pb_column][\/et_pb_row][et_pb_row disabled_on=&#8221;off|off|off&#8221; module_id=&#8221;wohlbefinden-naehrstoff&#8221; _builder_version=&#8221;4.16&#8243; _module_preset=&#8221;default&#8221; custom_padding=&#8221;0px||0px|||&#8221; global_colors_info=&#8221;{}&#8221;][et_pb_column type=&#8221;4_4&#8243; _builder_version=&#8221;4.16&#8243; _module_preset=&#8221;default&#8221; global_colors_info=&#8221;{}&#8221;][et_pb_text _builder_version=&#8221;4.16&#8243; _module_preset=&#8221;default&#8221; custom_margin=&#8221;||7px|||&#8221; global_colors_info=&#8221;{}&#8221;]<\/p>\n<h2>Aprovizionare optim\u0103 cu nutrien\u021bi<\/h2>\n<p>[\/et_pb_text][et_pb_text _builder_version=&#8221;4.16&#8243; _module_preset=&#8221;default&#8221; global_colors_info=&#8221;{}&#8221;]<\/p>\n<p>O diet\u0103 echilibrat\u0103 \u0219i aprovizionarea organismului cu nutrien\u021bi vitali este esen\u021bial\u0103 pentru un organism s\u0103n\u0103tos. Deoarece hrana noastr\u0103 contribuie din ce \u00een ce mai pu\u021bin la acest lucru, este necesar s\u0103 aprovizion\u0103m organismul cu minerale, vitamine \u0219i substan\u021be vitale.<\/p>\n<p>\u00cen plus, doTERRA ofer\u0103 pachetul Lifelong Vitality Pack. Acesta con\u021bine toate cele trei componente pentru s\u0103n\u0103tatea celular\u0103, complexul nutritiv (cu minerale \u0219i vitamine) \u0219i complexul omega esen\u021bial. Acestea se potrivesc \u00een mod ideal unul cu cel\u0103lalt. Acest lucru previne supradozajul.<\/p>\n<p>Bine\u00een\u021beles, exist\u0103 \u0219i o versiune vegan\u0103 a Omega Complex.<\/p>\n<p>Deoarece toate produsele sunt compuse din substan\u021be naturale, acestea sunt disponibile \u00een mod optim pentru organism, spre deosebire de suplimentele alimentare sintetice.<\/p>\n<p>Sfat: Lua\u021bi zilnic produsele din pachetul Lifelong Vitality Pack pentru a v\u0103 sus\u021bine s\u0103n\u0103tatea \u0219i bun\u0103starea.<\/p>\n<p>Produsele \u00een detaliu:<\/p>\n<p><span style=\"text-decoration: underline;\">xEO Mega\u2122 &#8211; Complex de uleiuri esen\u021biale \u0219i omega<\/span><br \/>Acest supliment alimentar combin\u0103 uleiurile esen\u021biale cu uleiuri marine naturale \u0219i cu uleiuri omega-3 de origine vegetal\u0103. Pe l\u00e2ng\u0103 faptul c\u0103 con\u021bin carotenoizi, care promoveaz\u0103 func\u021bionarea s\u0103n\u0103toas\u0103 a multor organe importante din organism. Lua\u021bi 2 capsule moi la micul dejun \u0219i 2 capsule moi la cin\u0103.<\/p>\n<p>Pentru copii: Omega Complex IQ Mega a fost dezvoltat special pentru a r\u0103spunde cerin\u021belor cresc\u00e2nde ale activit\u0103\u021bilor \u0219colare \u0219i de petrecere a timpului liber.<\/p>\n<p><span style=\"text-decoration: underline;\">Microplex VMz\u2122 &#8211; Complex nutritiv<\/span><br \/>Acest produs con\u021bine multe vitamine \u0219i minerale biodisponibile. Lua\u021bi 2 capsule la micul dejun \u0219i 2 capsule la cin\u0103.<\/p>\n<p>Pentru copii, sunt disponibile tabletele masticabile doTERRA AZZ cu arom\u0103 de pepene verde pentru un aport optim de vitamine.<br \/><strong><br \/><\/strong><span style=\"text-decoration: underline;\">Alpha CRS\u2122+ &#8211; Vitalitate celular\u0103<\/span><br \/>Acest complex de vitalitate celular\u0103 este \u00eembog\u0103\u021bit cu extracte naturale de plante pentru a sus\u021bine \u00een mod specific func\u021bia celular\u0103 s\u0103n\u0103toas\u0103. Lua\u021bi 2 capsule la micul dejun \u0219i 2 capsule la cin\u0103.<\/p>\n<p>[\/et_pb_text][et_pb_shop type=&#8221;product_category&#8221; include_categories=&#8221;2002&#8243; columns_number=&#8221;4&#8243; orderby=&#8221;menu_order&#8221; _builder_version=&#8221;4.16&#8243; title_font_size=&#8221;22px&#8221; price_font_size=&#8221;14px&#8221; min_height=&#8221;504px&#8221; custom_margin=&#8221;||||false|false&#8221; custom_padding=&#8221;25px||0px||false|false&#8221; title_font_size_last_edited=&#8221;off|desktop&#8221; pac_drh_column_numbers_tablet=&#8221;pac_drh_tab_col_three&#8221; pac_drh_column_numbers_phone=&#8221;pac_drh_ph_col_three&#8221; locked=&#8221;off&#8221; global_colors_info=&#8221;{}&#8221;][\/et_pb_shop][\/et_pb_column][\/et_pb_row][et_pb_row module_id=&#8221;wohlbefinden-stimmungsaufhellung&#8221; _builder_version=&#8221;4.16&#8243; _module_preset=&#8221;default&#8221; custom_margin=&#8221;0px|auto||auto|false|false&#8221; custom_padding=&#8221;0px||0px||false|false&#8221; global_colors_info=&#8221;{}&#8221;][et_pb_column type=&#8221;4_4&#8243; _builder_version=&#8221;4.16&#8243; _module_preset=&#8221;default&#8221; global_colors_info=&#8221;{}&#8221;][et_pb_text _builder_version=&#8221;4.16&#8243; _module_preset=&#8221;default&#8221; custom_margin=&#8221;||7px|||&#8221; global_colors_info=&#8221;{}&#8221;]<\/p>\n<h2>\u00cembun\u0103t\u0103\u021birea st\u0103rii de spirit &#8211; aduce\u021bi \u00eenapoi buna dispozi\u021bie<\/h2>\n<p>[\/et_pb_text][et_pb_text _builder_version=&#8221;4.16&#8243; _module_preset=&#8221;default&#8221; global_colors_info=&#8221;{}&#8221;]<\/p>\n<p>Uleiurile de citrice sunt minunate pentru a ridica starea de spirit \u0219i pentru a avea un efect vitalizant. Uleiul de l\u0103m\u00e2ie, uleiul de l\u0103m\u00e2ie verde, uleiul de portocale s\u0103lbatice \u0219i uleiul de mandarine sunt ideale pentru acest lucru. Dar amestecul de parfumuri r\u0103coritor Citrus Bliss \u0219i amestecul revigorant Cheer fac, de asemenea, ca lumea s\u0103 par\u0103 mai pozitiv\u0103.<\/p>\n<p>SUGESTIE: Ad\u0103uga\u021bi pur \u0219i simplu 1-2 pic\u0103turi din uleiurile dvs. preferate \u00een difuzor sau folosi\u021bi-le la \u00eenceputul dimine\u021bii pentru o arom\u0103 revigorant\u0103 la du\u0219.<\/p>\n<p>[\/et_pb_text][et_pb_shop type=&#8221;product_category&#8221; include_categories=&#8221;1951&#8243; columns_number=&#8221;4&#8243; orderby=&#8221;menu_order&#8221; _builder_version=&#8221;4.16&#8243; title_font_size=&#8221;22px&#8221; price_font_size=&#8221;14px&#8221; min_height=&#8221;504px&#8221; custom_margin=&#8221;||||false|false&#8221; custom_padding=&#8221;25px||0px||false|false&#8221; title_font_size_last_edited=&#8221;off|desktop&#8221; pac_drh_column_numbers_phone=&#8221;pac_drh_ph_col_two&#8221; locked=&#8221;off&#8221; global_colors_info=&#8221;{}&#8221;][\/et_pb_shop][\/et_pb_column][\/et_pb_row][et_pb_row module_id=&#8221;wohlbefinden-zuhause&#8221; _builder_version=&#8221;4.16&#8243; _module_preset=&#8221;default&#8221; custom_margin_tablet=&#8221;&#8221; custom_margin_phone=&#8221;&#8221; custom_margin_last_edited=&#8221;on|phone&#8221; custom_padding=&#8221;0px||0px||false|false&#8221; global_colors_info=&#8221;{}&#8221;][et_pb_column type=&#8221;4_4&#8243; _builder_version=&#8221;4.16&#8243; _module_preset=&#8221;default&#8221; global_colors_info=&#8221;{}&#8221;][et_pb_text _builder_version=&#8221;4.16&#8243; _module_preset=&#8221;default&#8221; custom_margin=&#8221;||7px|||&#8221; header_font_size_phone=&#8221;42px&#8221; header_font_size_last_edited=&#8221;off|phone&#8221; header_2_font_size_tablet=&#8221;&#8221; header_2_font_size_phone=&#8221;34px&#8221; header_2_font_size_last_edited=&#8221;on|phone&#8221; global_colors_info=&#8221;{}&#8221;]<\/p>\n<h2>Bun\u0103starea \u00een casa dumneavoastr\u0103<\/h2>\n<p>[\/et_pb_text][et_pb_text _builder_version=&#8221;4.16&#8243; _module_preset=&#8221;default&#8221; global_colors_info=&#8221;{}&#8221;]<\/p>\n<p>Folosi\u021bi doar puterea naturii cu produsele OnGuard pentru \u00eengrijirea corpului \u0219i a din\u021bilor \u0219i pentru cur\u0103\u021barea casei (\u0219i a rufelor).<\/p>\n<p>Aceste produse se bazeaz\u0103 pe amestecul de uleiuri protectoare OnGuard, care const\u0103 \u00een uleiuri esen\u021biale naturale, cum ar fi uleiul de portocale s\u0103lbatice, uleiul de cui\u0219oare (ulei de cui\u0219oare), uleiul din scoar\u021b\u0103 de scor\u021bi\u0219oar\u0103 (ulei de Cassia), uleiul de eucalipt (ulei de eucalipt) \u0219i uleiul de rozmarin (ulei de rozmarin). Este o protec\u021bie ideal\u0103 \u00eempotriva unei variet\u0103\u021bi de agen\u021bi patogeni \u0219i, prin urmare, sus\u021bine sistemul nostru imunitar.<\/p>\n<p>\u00cen plus, puterea de cur\u0103\u021bare \u0219i mirosul proasp\u0103t al uleiului de l\u0103m\u00e2ie poate fi un ajutor natural \u00een gospod\u0103rie.<\/p>\n<p>SUGESTIE: Ad\u0103uga\u021bi c\u00e2teva pic\u0103turi de ulei de l\u0103m\u00e2ie \u00een apa de sp\u0103lat \u0219i vasele vor str\u0103luci, iar buc\u0103t\u0103ria va mirosi ca o livad\u0103 de l\u0103m\u00e2i. De asemenea, pute\u021bi folosi uleiul de l\u0103m\u00e2ie \u00een ma\u0219ina de sp\u0103lat vase pentru a preveni mirosurile nepl\u0103cute.<\/p>\n<p>[\/et_pb_text][et_pb_shop type=&#8221;product_category&#8221; include_categories=&#8221;1952&#8243; columns_number=&#8221;4&#8243; orderby=&#8221;menu_order&#8221; _builder_version=&#8221;4.16&#8243; title_font_size=&#8221;22px&#8221; price_font_size=&#8221;14px&#8221; min_height=&#8221;504px&#8221; custom_margin=&#8221;||||false|false&#8221; custom_padding=&#8221;25px||0px||false|false&#8221; title_font_size_last_edited=&#8221;off|desktop&#8221; pac_drh_column_numbers_phone=&#8221;pac_drh_ph_col_two&#8221; locked=&#8221;off&#8221; global_colors_info=&#8221;{}&#8221;][\/et_pb_shop][\/et_pb_column][\/et_pb_row][et_pb_row module_id=&#8221;wohlbefinden-zellreg&#8221; _builder_version=&#8221;4.16&#8243; _module_preset=&#8221;default&#8221; custom_margin_tablet=&#8221;&#8221; custom_margin_phone=&#8221;&#8221; custom_margin_last_edited=&#8221;on|phone&#8221; custom_padding=&#8221;0px||0px||false|false&#8221; global_colors_info=&#8221;{}&#8221;][et_pb_column type=&#8221;4_4&#8243; _builder_version=&#8221;4.16&#8243; _module_preset=&#8221;default&#8221; global_colors_info=&#8221;{}&#8221;][et_pb_text _builder_version=&#8221;4.16&#8243; _module_preset=&#8221;default&#8221; custom_margin=&#8221;||7px|||&#8221; header_font_size_phone=&#8221;42px&#8221; header_font_size_last_edited=&#8221;off|phone&#8221; header_2_font_size_tablet=&#8221;&#8221; header_2_font_size_phone=&#8221;34px&#8221; header_2_font_size_last_edited=&#8221;on|phone&#8221; global_colors_info=&#8221;{}&#8221;]<\/p>\n<h2>Regenerare celular\u0103 &#8211; anti-\u00eemb\u0103tr\u00e2nire<u><\/u><\/h2>\n<p>[\/et_pb_text][et_pb_text _builder_version=&#8221;4.16&#8243; _module_preset=&#8221;default&#8221; global_colors_info=&#8221;{}&#8221;]<\/p>\n<p>Celulele mor \u00een corpul nostru \u00een fiecare zi. Prin urmare, este important s\u0103 sprijinim zilnic re\u00eennoirea celular\u0103 \u0219i energia celular\u0103 \u0219i s\u0103 protej\u0103m organismul de consecin\u021bele stresului oxidativ \u0219i s\u0103 prevenim semnele de \u00eemb\u0103tr\u00e2nire.<\/p>\n<p>Uleiul de t\u0103m\u00e2ie este ideal pentru acest lucru &#8211; pentru un corp s\u0103n\u0103tos \u0219i o minte odihnit\u0103.<\/p>\n<p>Amestecul de uleiuri doTERRA DDR Prime are, de asemenea, un puternic efect revitalizant \u0219i de regenerare celular\u0103. Este un amestec brevetat de uleiuri esen\u021biale de t\u0103m\u00e2ie, portocale s\u0103lbatice, cimbru, cui\u0219oare, cicoare, cicoare de var\u0103, niaouli \u0219i lemongrass.<\/p>\n<p>Acestea sus\u021bin celulele organismului, asigur\u0103 o stare de bine s\u0103n\u0103toas\u0103 \u0219i au un puternic efect anti-\u00eemb\u0103tr\u00e2nire.<br \/>DDR Prime Softgels poate fi, de asemenea, utilizat ca op\u021biune.<\/p>\n<p>SUGESTIE: Aplica\u021bi zilnic 1 pic\u0103tur\u0103 de ulei de t\u0103m\u00e2ie pe limb\u0103 \u0219i ap\u0103sa\u021bi-o pe cerul gurii. Aplica\u021bi DDR Prime zilnic pe coloana vertebral\u0103.<\/p>\n<p>[\/et_pb_text][et_pb_shop type=&#8221;product_category&#8221; include_categories=&#8221;1953&#8243; columns_number=&#8221;4&#8243; orderby=&#8221;menu_order&#8221; _builder_version=&#8221;4.16&#8243; title_font_size=&#8221;22px&#8221; price_font_size=&#8221;14px&#8221; min_height=&#8221;504px&#8221; custom_margin=&#8221;||||false|false&#8221; custom_padding=&#8221;25px||0px||false|false&#8221; title_font_size_last_edited=&#8221;off|desktop&#8221; pac_drh_column_numbers_phone=&#8221;pac_drh_ph_col_two&#8221; locked=&#8221;off&#8221; global_colors_info=&#8221;{}&#8221;][\/et_pb_shop][\/et_pb_column][\/et_pb_row][\/et_pb_section]<\/p>\n","protected":false},"excerpt":{"rendered":"<p>Cre\u0219te\u021bi starea general\u0103 de bine cu ajutorul uleiurilor esen\u021bialeUleiurile esen\u021biale v\u0103 pot oferi un sprijin minunat pentru a v\u0103 \u00eent\u0103ri bun\u0103starea fizic\u0103 \u0219i mental\u0103. \u00cencepe\u021bi ziua cu energie, for\u021b\u0103 \u0219i u\u0219urin\u021b\u0103. \u00cen timpul zilei, bucura\u021bi-v\u0103 de relaxare \u0219i revitalizare. Transforma\u021bi-v\u0103 casa \u00eentr-o oaz\u0103 de wellness \u0219i o pauz\u0103 valoroas\u0103 de spa ori de c\u00e2te ori [&hellip;]<\/p>\n","protected":false},"author":1,"featured_media":0,"parent":0,"menu_order":0,"comment_status":"closed","ping_status":"closed","template":"","meta":{"_et_pb_use_builder":"on","_et_pb_old_content":"","_et_gb_content_width":"","footnotes":""},"categories":[2061],"_links":{"self":[{"href":"https:\/\/www.magnolioworld.com\/green-ro\/wp-json\/wp\/v2\/pages\/2855"}],"collection":[{"href":"https:\/\/www.magnolioworld.com\/green-ro\/wp-json\/wp\/v2\/pages"}],"about":[{"href":"https:\/\/www.magnolioworld.com\/green-ro\/wp-json\/wp\/v2\/types\/page"}],"author":[{"embeddable":true,"href":"https:\/\/www.magnolioworld.com\/green-ro\/wp-json\/wp\/v2\/users\/1"}],"replies":[{"embeddable":true,"href":"https:\/\/www.magnolioworld.com\/green-ro\/wp-json\/wp\/v2\/comments?post=2855"}],"version-history":[{"count":1,"href":"https:\/\/www.magnolioworld.com\/green-ro\/wp-json\/wp\/v2\/pages\/2855\/revisions"}],"predecessor-version":[{"id":6396,"href":"https:\/\/www.magnolioworld.com\/green-ro\/wp-json\/wp\/v2\/pages\/2855\/revisions\/6396"}],"wp:attachment":[{"href":"https:\/\/www.magnolioworld.com\/green-ro\/wp-json\/wp\/v2\/media?parent=2855"}],"wp:term":[{"taxonomy":"category","embeddable":true,"href":"https:\/\/www.magnolioworld.com\/green-ro\/wp-json\/wp\/v2\/categories?post=2855"}],"curies":[{"name":"wp","href":"https:\/\/api.w.org\/{rel}","templated":true}]}}